{"id":105928,"date":"2026-05-04T15:28:04","date_gmt":"2026-05-04T18:28:04","guid":{"rendered":"https:\/\/www.hediyepazar.com\/?product=ally-mc-q9-gaming-headset-3-5mm-oyuncu-kulakligi-5775"},"modified":"2026-05-04T15:28:04","modified_gmt":"2026-05-04T18:28:04","slug":"ally-mc-q9-gaming-headset-3-5mm-oyuncu-kulakligi-5775","status":"publish","type":"product","link":"https:\/\/www.hediyepazar.com\/?product=ally-mc-q9-gaming-headset-3-5mm-oyuncu-kulakligi-5775","title":{"rendered":"ALLY MC Q9 Gaming Headset 3.5MM Oyuncu Kulakl\u0131\u011f\u0131-(5775)"},"content":{"rendered":"<p><strong>ALLY MC Q9&nbsp; Gaming Headset 3.5MM Oyuncu Kulakl&#305;&#287;&#305;<\/strong><\/p>\n<p><img decoding=\"async\" data-cke-saved-src=\"https:\/\/cdn.myikas.com\/images\/4b0890c4-46f7-49c5-9b0d-d8f3dae632d6\/2d795261-52ca-47c7-9b8d-a0476da027cb\/image_1950.webp\" src=\"https:\/\/hepsicdn.com.tr\/static\/product_detail\/hbnet83e3cfb4_5125411.webp\"><\/p>\n<p><img decoding=\"async\" data-cke-saved-src=\"https:\/\/cdn.myikas.com\/images\/4b0890c4-46f7-49c5-9b0d-d8f3dae632d6\/d2249699-c3e8-40f1-8892-e90284138217\/image_1950.webp\" src=\"https:\/\/hepsicdn.com.tr\/static\/product_detail\/hbnet83e3cfb4_5125412.webp\"><\/p>\n<p><img decoding=\"async\" data-cke-saved-src=\"https:\/\/cdn.myikas.com\/images\/4b0890c4-46f7-49c5-9b0d-d8f3dae632d6\/a91b0486-e90c-4a6b-8b0e-35e6de5e3fb2\/image_1950.webp\" src=\"https:\/\/hepsicdn.com.tr\/static\/product_detail\/hbnet83e3cfb4_5125413.webp\"><\/p>\n<p><img decoding=\"async\" data-cke-saved-src=\"https:\/\/cdn.myikas.com\/images\/4b0890c4-46f7-49c5-9b0d-d8f3dae632d6\/f96bce55-e52f-4a51-8d58-d3408f890736\/image_1950.webp\" src=\"https:\/\/hepsicdn.com.tr\/static\/product_detail\/hbnet83e3cfb4_5125414.webp\"><img decoding=\"async\" data-cke-saved-src=\"https:\/\/cdn.myikas.com\/images\/4b0890c4-46f7-49c5-9b0d-d8f3dae632d6\/ddb5f00d-75c3-4edd-8735-8974ae483a4a\/image_1950.webp\" src=\"https:\/\/hepsicdn.com.tr\/static\/product_detail\/hbnet83e3cfb4_5125415.webp\"><\/p>\n<p><img decoding=\"async\" data-cke-saved-src=\"https:\/\/cdn.myikas.com\/images\/4b0890c4-46f7-49c5-9b0d-d8f3dae632d6\/f96bce55-e52f-4a51-8d58-d3408f890736\/image_1950.webp\" src=\"https:\/\/hepsicdn.com.tr\/static\/product_detail\/hbnet83e3cfb4_5125414.webp\"><\/p>\n<p><img decoding=\"async\" data-cke-saved-src=\"https:\/\/cdn.myikas.com\/images\/4b0890c4-46f7-49c5-9b0d-d8f3dae632d6\/b28bf132-00b7-47a6-96fd-aae2a435d530\/image_1950.webp\" src=\"https:\/\/hepsicdn.com.tr\/static\/product_detail\/hbnet83e3cfb4_5125417.webp\"><\/p>\n<p><img decoding=\"async\" data-cke-saved-src=\"https:\/\/cdn.myikas.com\/images\/4b0890c4-46f7-49c5-9b0d-d8f3dae632d6\/276f01b8-ef95-4363-82b7-900e3246b79e\/image_1950.webp\" src=\"https:\/\/hepsicdn.com.tr\/static\/product_detail\/hbnet83e3cfb4_5125418.webp\"><\/p>\n<p><img decoding=\"async\" data-cke-saved-src=\"https:\/\/cdn.myikas.com\/images\/4b0890c4-46f7-49c5-9b0d-d8f3dae632d6\/42b304bc-5d3f-437c-a72e-5462d4001cb0\/image_1950.webp\" src=\"https:\/\/hepsicdn.com.tr\/static\/product_detail\/hbnet83e3cfb4_5125419.webp\">,<\/p>\n<p><strong>ALLY MC Q9 Gaming Headset 3.5MM Oyuncu Kulakl&#305;&#287;&#305;<\/strong><br \/>Oyun oynamak art&#305;k &ccedil;ok daha konforlu ve keyifli!<br \/>Oyuna daha rahat odaklanman&#305;z i&ccedil;in ses izolasyonu sa&#287;lar.<br \/>Y&uuml;ksek elastik kablo, uzun &ouml;m&uuml;rl&uuml; ve dayan&#305;kl&#305;d&#305;r.<br \/>360&deg; d&ouml;nebilen esnek tasar&#305;m&#305;yla dayan&#305;kl&#305; ve kullan&#305;&#351;l&#305;d&#305;r.<br \/>Ak&#305;ll&#305; telefon ve bilgisayar ile uyumlu yeni kablolu kontrol i&#351;levine sahiptir.<br \/>Sesi ve mikrofonu kolayca kontrol edebilirsiniz.<br \/>Frekans aral&#305;&#287;&#305;: 20-20000Hz<br \/>Empedans: 21&Omega; &plusmn; %15<br \/>Hassasiyet: 98 &plusmn; 3 dB<br \/>3.5mm giri&#351;e sahip t&uuml;m cihazlarla uyumludur.<\/p>\n<p><\/p>\n","protected":false},"excerpt":{"rendered":"<p>ALLY MC Q9&nbsp; Gaming Headset 3.5MM Oyuncu Kulakl&#305;&#287;&#305; , ALLY MC Q9 Gaming Headset 3.5MM Oyuncu Kulakl&#305;&#287;&#305;Oyun oynamak art&#305;k &ccedil;ok daha konforlu ve keyifli!Oyuna daha rahat odaklanman&#305;z i&ccedil;in ses izolasyonu sa&#287;lar.Y&uuml;ksek elastik kablo, uzun &ouml;m&uuml;rl&uuml; ve dayan&#305;kl&#305;d&#305;r.360&deg; d&ouml;nebilen esnek tasar&#305;m&#305;yla dayan&#305;kl&#305; ve kullan&#305;&#351;l&#305;d&#305;r.Ak&#305;ll&#305; telefon ve bilgisayar ile uyumlu yeni kablolu kontrol i&#351;levine sahiptir.Sesi ve mikrofonu&#8230;<\/p>\n","protected":false},"featured_media":105927,"comment_status":"open","ping_status":"closed","template":"","meta":{"_kad_post_transparent":"","_kad_post_title":"","_kad_post_layout":"","_kad_post_sidebar_id":"","_kad_post_content_style":"","_kad_post_vertical_padding":"","_kad_post_feature":"","_kad_post_feature_position":"","_kad_post_header":false,"_kad_post_footer":false,"_kad_post_classname":""},"product_brand":[],"product_cat":[14634],"product_tag":[],"class_list":{"0":"post-105928","1":"product","2":"type-product","3":"status-publish","4":"has-post-thumbnail","6":"product_cat-kulaklik-elektronik-kulaklik-elektronik","8":"first","9":"instock","10":"purchasable","11":"product-type-simple","12":"entry","13":"content-bg","14":"loop-entry"},"_links":{"self":[{"href":"https:\/\/www.hediyepazar.com\/index.php?rest_route=\/wp\/v2\/product\/105928","targetHints":{"allow":["GET"]}}],"collection":[{"href":"https:\/\/www.hediyepazar.com\/index.php?rest_route=\/wp\/v2\/product"}],"about":[{"href":"https:\/\/www.hediyepazar.com\/index.php?rest_route=\/wp\/v2\/types\/product"}],"replies":[{"embeddable":true,"href":"https:\/\/www.hediyepazar.com\/index.php?rest_route=%2Fwp%2Fv2%2Fcomments&post=105928"}],"wp:featuredmedia":[{"embeddable":true,"href":"https:\/\/www.hediyepazar.com\/index.php?rest_route=\/wp\/v2\/media\/105927"}],"wp:attachment":[{"href":"https:\/\/www.hediyepazar.com\/index.php?rest_route=%2Fwp%2Fv2%2Fmedia&parent=105928"}],"wp:term":[{"taxonomy":"product_brand","embeddable":true,"href":"https:\/\/www.hediyepazar.com\/index.php?rest_route=%2Fwp%2Fv2%2Fproduct_brand&post=105928"},{"taxonomy":"product_cat","embeddable":true,"href":"https:\/\/www.hediyepazar.com\/index.php?rest_route=%2Fwp%2Fv2%2Fproduct_cat&post=105928"},{"taxonomy":"product_tag","embeddable":true,"href":"https:\/\/www.hediyepazar.com\/index.php?rest_route=%2Fwp%2Fv2%2Fproduct_tag&post=105928"}],"curies":[{"name":"wp","href":"https:\/\/api.w.org\/{rel}","templated":true}]}}