{"id":105930,"date":"2026-05-04T15:28:08","date_gmt":"2026-05-04T18:28:08","guid":{"rendered":"https:\/\/www.hediyepazar.com\/?product=xiaomi-robot-supurge-icin-universal-manyetik-bant-2-metre-5775"},"modified":"2026-05-04T15:28:08","modified_gmt":"2026-05-04T18:28:08","slug":"xiaomi-robot-supurge-icin-universal-manyetik-bant-2-metre-5775","status":"publish","type":"product","link":"https:\/\/www.hediyepazar.com\/?product=xiaomi-robot-supurge-icin-universal-manyetik-bant-2-metre-5775","title":{"rendered":"Xiaomi Robot S\u00fcp\u00fcrge \u0130\u00e7in Universal Manyetik Bant &#8211; 2 Metre-(5775)"},"content":{"rendered":"<p><strong>Xiaomi Robot S&uuml;p&uuml;rge &#304;&ccedil;in Universal Manyetik Bant &#8211; 2 Metre<\/strong><\/p>\n<p><img decoding=\"async\" data-cke-saved-src=\"https:\/\/cdn.myikas.com\/images\/4b0890c4-46f7-49c5-9b0d-d8f3dae632d6\/ec784b8b-9079-4828-9cdb-31a38dd8e633\/image_1950.webp\" src=\"https:\/\/hepsicdn.com.tr\/static\/product_detail\/hbnete7b4b6cb_5125611.webp\"><\/p>\n<p><img decoding=\"async\" data-cke-saved-src=\"https:\/\/cdn.myikas.com\/images\/4b0890c4-46f7-49c5-9b0d-d8f3dae632d6\/cb59a5cc-3d9b-410f-a773-cfce723a22b2\/image_1950.webp\" src=\"https:\/\/hepsicdn.com.tr\/static\/product_detail\/hbnete7b4b6cb_5125612.webp\"><\/p>\n<p><img decoding=\"async\" data-cke-saved-src=\"https:\/\/cdn.myikas.com\/images\/4b0890c4-46f7-49c5-9b0d-d8f3dae632d6\/2ecad259-a719-49a4-b356-a5cc85949922\/image_1950.webp\" src=\"https:\/\/hepsicdn.com.tr\/static\/product_detail\/hbnete7b4b6cb_5125613.webp\"><\/p>\n<p><img decoding=\"async\" data-cke-saved-src=\"https:\/\/cdn.myikas.com\/images\/4b0890c4-46f7-49c5-9b0d-d8f3dae632d6\/8ab2c1f6-e6c9-4e7c-94e9-cb5994ced7cf\/image_1950.webp\" src=\"https:\/\/hepsicdn.com.tr\/static\/product_detail\/hbnete7b4b6cb_5125614.webp\"><\/p>\n<p><img decoding=\"async\" data-cke-saved-src=\"https:\/\/cdn.myikas.com\/images\/4b0890c4-46f7-49c5-9b0d-d8f3dae632d6\/ffe5f3c9-d9b7-4c8b-9984-7d34d6a709ba\/image_1950.webp\" src=\"https:\/\/hepsicdn.com.tr\/static\/product_detail\/hbnete7b4b6cb_5125615.webp\"><\/p>\n<p><strong>Xiaomi Robot S&uuml;p&uuml;rge &#304;&ccedil;in Universal Manyetik Bant &#8211; 2 Metre<\/strong><br \/>Robot s&uuml;p&uuml;rgelerin par&ccedil;alar&#305;n d&uuml;zenli de&#287;i&#351;tirilmesi, makinenizin en y&uuml;ksek verimlilikte &ccedil;al&#305;&#351;mas&#305;na yard&#305;mc&#305; olur.<br \/>Par&ccedil;ay&#305; her 3 ila 6 ayda bir de&#287;i&#351;tirmenizi &ouml;neririz.<br \/>Xiaomi Robot S&uuml;p&uuml;rge ile uyumlu manyetik bant<br \/>Uzunluk: 2 metre<\/p>\n<p><\/p>\n","protected":false},"excerpt":{"rendered":"<p>Xiaomi Robot S&uuml;p&uuml;rge &#304;&ccedil;in Universal Manyetik Bant &#8211; 2 Metre Xiaomi Robot S&uuml;p&uuml;rge &#304;&ccedil;in Universal Manyetik Bant &#8211; 2 MetreRobot s&uuml;p&uuml;rgelerin par&ccedil;alar&#305;n d&uuml;zenli de&#287;i&#351;tirilmesi, makinenizin en y&uuml;ksek verimlilikte &ccedil;al&#305;&#351;mas&#305;na yard&#305;mc&#305; olur.Par&ccedil;ay&#305; her 3 ila 6 ayda bir de&#287;i&#351;tirmenizi &ouml;neririz.Xiaomi Robot S&uuml;p&uuml;rge ile uyumlu manyetik bantUzunluk: 2 metre<\/p>\n","protected":false},"featured_media":105929,"comment_status":"open","ping_status":"closed","template":"","meta":{"_kad_post_transparent":"","_kad_post_title":"","_kad_post_layout":"","_kad_post_sidebar_id":"","_kad_post_content_style":"","_kad_post_vertical_padding":"","_kad_post_feature":"","_kad_post_feature_position":"","_kad_post_header":false,"_kad_post_footer":false,"_kad_post_classname":""},"product_brand":[],"product_cat":[14452],"product_tag":[],"class_list":{"0":"post-105930","1":"product","2":"type-product","3":"status-publish","4":"has-post-thumbnail","6":"product_cat-temizlik-fircasi-ve-supurge-temizlik-gerecleri-ev-bakim-ve-temizlik-supermarket-temizlik-fircasi-ve-supurge","8":"first","9":"instock","10":"purchasable","11":"product-type-simple","12":"entry","13":"content-bg","14":"loop-entry"},"_links":{"self":[{"href":"https:\/\/www.hediyepazar.com\/index.php?rest_route=\/wp\/v2\/product\/105930","targetHints":{"allow":["GET"]}}],"collection":[{"href":"https:\/\/www.hediyepazar.com\/index.php?rest_route=\/wp\/v2\/product"}],"about":[{"href":"https:\/\/www.hediyepazar.com\/index.php?rest_route=\/wp\/v2\/types\/product"}],"replies":[{"embeddable":true,"href":"https:\/\/www.hediyepazar.com\/index.php?rest_route=%2Fwp%2Fv2%2Fcomments&post=105930"}],"wp:featuredmedia":[{"embeddable":true,"href":"https:\/\/www.hediyepazar.com\/index.php?rest_route=\/wp\/v2\/media\/105929"}],"wp:attachment":[{"href":"https:\/\/www.hediyepazar.com\/index.php?rest_route=%2Fwp%2Fv2%2Fmedia&parent=105930"}],"wp:term":[{"taxonomy":"product_brand","embeddable":true,"href":"https:\/\/www.hediyepazar.com\/index.php?rest_route=%2Fwp%2Fv2%2Fproduct_brand&post=105930"},{"taxonomy":"product_cat","embeddable":true,"href":"https:\/\/www.hediyepazar.com\/index.php?rest_route=%2Fwp%2Fv2%2Fproduct_cat&post=105930"},{"taxonomy":"product_tag","embeddable":true,"href":"https:\/\/www.hediyepazar.com\/index.php?rest_route=%2Fwp%2Fv2%2Fproduct_tag&post=105930"}],"curies":[{"name":"wp","href":"https:\/\/api.w.org\/{rel}","templated":true}]}}