{"id":105954,"date":"2026-05-04T15:30:14","date_gmt":"2026-05-04T18:30:14","guid":{"rendered":"https:\/\/www.hediyepazar.com\/?product=floveme-manyetik-dashboard-mikantisli-arac-telefon-tutucu-5775"},"modified":"2026-05-04T15:30:14","modified_gmt":"2026-05-04T18:30:14","slug":"floveme-manyetik-dashboard-mikantisli-arac-telefon-tutucu-5775","status":"publish","type":"product","link":"https:\/\/www.hediyepazar.com\/?product=floveme-manyetik-dashboard-mikantisli-arac-telefon-tutucu-5775","title":{"rendered":"FLOVEME Manyetik Dashboard M\u0131kant\u0131sl\u0131 Ara\u00e7 Telefon Tutucu-(5775)"},"content":{"rendered":"<p><strong>FLOVEME Manyetik Dashboard M&#305;kant&#305;sl&#305; Ara&ccedil; Telefon Tutucu<\/strong><\/p>\n<p><img decoding=\"async\" data-cke-saved-src=\"https:\/\/cdn.myikas.com\/images\/4b0890c4-46f7-49c5-9b0d-d8f3dae632d6\/ccbfb8e1-da07-4b3b-9c9d-dec46a74785e\/image_1950.webp\" src=\"https:\/\/hepsicdn.com.tr\/static\/product_detail\/hbnet9d98bee3_5127511.webp\"><\/p>\n<p><img decoding=\"async\" data-cke-saved-src=\"https:\/\/cdn.myikas.com\/images\/4b0890c4-46f7-49c5-9b0d-d8f3dae632d6\/08843101-d804-4c6e-8741-bb7c9979dc7e\/image_1950.webp\" src=\"https:\/\/hepsicdn.com.tr\/static\/product_detail\/hbnet9d98bee3_5127512.webp\"><\/p>\n<p><img decoding=\"async\" data-cke-saved-src=\"https:\/\/cdn.myikas.com\/images\/4b0890c4-46f7-49c5-9b0d-d8f3dae632d6\/72a66048-9392-4778-a597-f90e5558d3c2\/image_1950.webp\" src=\"https:\/\/hepsicdn.com.tr\/static\/product_detail\/hbnet9d98bee3_5127513.webp\"><\/p>\n<p><img decoding=\"async\" data-cke-saved-src=\"https:\/\/cdn.myikas.com\/images\/4b0890c4-46f7-49c5-9b0d-d8f3dae632d6\/765b7b7a-441d-4de5-a1e3-828ac82dbb18\/image_1950.webp\" src=\"https:\/\/hepsicdn.com.tr\/static\/product_detail\/hbnet9d98bee3_5127514.webp\"><\/p>\n<p><img decoding=\"async\" data-cke-saved-src=\"https:\/\/cdn.myikas.com\/images\/4b0890c4-46f7-49c5-9b0d-d8f3dae632d6\/8b5c24ba-1684-4990-b391-0e6ab3e2831c\/image_1950.webp\" src=\"https:\/\/hepsicdn.com.tr\/static\/product_detail\/hbnet9d98bee3_5127515.webp\"><\/p>\n<p><img decoding=\"async\" data-cke-saved-src=\"https:\/\/cdn.myikas.com\/images\/4b0890c4-46f7-49c5-9b0d-d8f3dae632d6\/34d9c769-ee38-4f26-8c77-b44e801e7051\/image_1950.webp\" src=\"https:\/\/hepsicdn.com.tr\/static\/product_detail\/hbnet9d98bee3_5127516.webp\"><\/p>\n<p><img decoding=\"async\" data-cke-saved-src=\"https:\/\/cdn.myikas.com\/images\/4b0890c4-46f7-49c5-9b0d-d8f3dae632d6\/d844388a-a09d-4dba-8801-884d0efe0c06\/image_1950.webp\" src=\"https:\/\/hepsicdn.com.tr\/static\/product_detail\/hbnet9d98bee3_5127517.webp\"><\/p>\n<p><img decoding=\"async\" data-cke-saved-src=\"https:\/\/cdn.myikas.com\/images\/4b0890c4-46f7-49c5-9b0d-d8f3dae632d6\/cede8273-c317-473f-bac8-2a2562b36fc5\/image_1950.webp\" src=\"https:\/\/hepsicdn.com.tr\/static\/product_detail\/hbnet9d98bee3_5127518.webp\"><\/p>\n<p><strong>FLOVEME Manyetik Dashboard M&#305;kant&#305;sl&#305; Ara&ccedil; Telefon Tutucu<\/strong><br \/>G&ouml;r&uuml;&#351; alan&#305;n&#305;z&#305; s&#305;n&#305;rlamayaca&#287;&#305;n&#305;z &#351;ekilde dizayn edilmi&#351;tir.<br \/>360&deg; d&ouml;nebilen tasar&#305;m&#305;yla diledi&#287;iniz konumda kullan&#305;ma izin verir.<br \/>G&uuml;&ccedil;l&uuml; manyetik&nbsp;sistemiyle cihaz&#305; s&#305;k&#305;ca sararken g&uuml;r&uuml;lt&uuml; ve titre&#351;imi minimize eder.<br \/>Telefonunuzu tek elle tak&#305;p ve &ccedil;&#305;karabilirsiniz.<br \/>Dayan&#305;kl&#305; ve uzun &ouml;m&uuml;rl&uuml;d&uuml;r.<br \/>Cihaz&#305;n&#305;z&#305; her t&uuml;rl&uuml; engebeli yol ko&#351;ulunda bile g&uuml;venle tutar.<br \/>Saniyeler i&ccedil;inde montaj&#305;n&#305; yaparak kullan&#305;ma ba&#351;layabilirsiniz..<br \/>360&deg; d&ouml;nebilen tasar&#305;m sayesinde g&ouml;r&uuml;&#351; alan&#305;n&#305;z&#305; daraltmaz.<br \/>Kolay kurulumu sayesinde saniyeler i&ccedil;inde kullan&#305;ma ba&#351;layabilirsiniz.<\/p>\n<p><\/p>\n","protected":false},"excerpt":{"rendered":"<p>FLOVEME Manyetik Dashboard M&#305;kant&#305;sl&#305; Ara&ccedil; Telefon Tutucu FLOVEME Manyetik Dashboard M&#305;kant&#305;sl&#305; Ara&ccedil; Telefon TutucuG&ouml;r&uuml;&#351; alan&#305;n&#305;z&#305; s&#305;n&#305;rlamayaca&#287;&#305;n&#305;z &#351;ekilde dizayn edilmi&#351;tir.360&deg; d&ouml;nebilen tasar&#305;m&#305;yla diledi&#287;iniz konumda kullan&#305;ma izin verir.G&uuml;&ccedil;l&uuml; manyetik&nbsp;sistemiyle cihaz&#305; s&#305;k&#305;ca sararken g&uuml;r&uuml;lt&uuml; ve titre&#351;imi minimize eder.Telefonunuzu tek elle tak&#305;p ve &ccedil;&#305;karabilirsiniz.Dayan&#305;kl&#305; ve uzun &ouml;m&uuml;rl&uuml;d&uuml;r.Cihaz&#305;n&#305;z&#305; her t&uuml;rl&uuml; engebeli yol ko&#351;ulunda bile g&uuml;venle tutar.Saniyeler i&ccedil;inde montaj&#305;n&#305; yaparak kullan&#305;ma&#8230;<\/p>\n","protected":false},"featured_media":105953,"comment_status":"open","ping_status":"closed","template":"","meta":{"_kad_post_transparent":"","_kad_post_title":"","_kad_post_layout":"","_kad_post_sidebar_id":"","_kad_post_content_style":"","_kad_post_vertical_padding":"","_kad_post_feature":"","_kad_post_feature_position":"","_kad_post_header":false,"_kad_post_footer":false,"_kad_post_classname":""},"product_brand":[],"product_cat":[14532],"product_tag":[],"class_list":{"0":"post-105954","1":"product","2":"type-product","3":"status-publish","4":"has-post-thumbnail","6":"product_cat-oto-aksesuarlari-cep-telefonu-elektronik-oto-aksesuarlari","8":"first","9":"instock","10":"purchasable","11":"product-type-simple","12":"entry","13":"content-bg","14":"loop-entry"},"_links":{"self":[{"href":"https:\/\/www.hediyepazar.com\/index.php?rest_route=\/wp\/v2\/product\/105954","targetHints":{"allow":["GET"]}}],"collection":[{"href":"https:\/\/www.hediyepazar.com\/index.php?rest_route=\/wp\/v2\/product"}],"about":[{"href":"https:\/\/www.hediyepazar.com\/index.php?rest_route=\/wp\/v2\/types\/product"}],"replies":[{"embeddable":true,"href":"https:\/\/www.hediyepazar.com\/index.php?rest_route=%2Fwp%2Fv2%2Fcomments&post=105954"}],"wp:featuredmedia":[{"embeddable":true,"href":"https:\/\/www.hediyepazar.com\/index.php?rest_route=\/wp\/v2\/media\/105953"}],"wp:attachment":[{"href":"https:\/\/www.hediyepazar.com\/index.php?rest_route=%2Fwp%2Fv2%2Fmedia&parent=105954"}],"wp:term":[{"taxonomy":"product_brand","embeddable":true,"href":"https:\/\/www.hediyepazar.com\/index.php?rest_route=%2Fwp%2Fv2%2Fproduct_brand&post=105954"},{"taxonomy":"product_cat","embeddable":true,"href":"https:\/\/www.hediyepazar.com\/index.php?rest_route=%2Fwp%2Fv2%2Fproduct_cat&post=105954"},{"taxonomy":"product_tag","embeddable":true,"href":"https:\/\/www.hediyepazar.com\/index.php?rest_route=%2Fwp%2Fv2%2Fproduct_tag&post=105954"}],"curies":[{"name":"wp","href":"https:\/\/api.w.org\/{rel}","templated":true}]}}