{"id":105968,"date":"2026-05-04T15:32:57","date_gmt":"2026-05-04T18:32:57","guid":{"rendered":"https:\/\/www.hediyepazar.com\/?product=xmowi-rx3-35mm-cift-mikrofonlu-oyuncu-kulaklik-gaming-kulakligi-5775"},"modified":"2026-05-04T15:32:57","modified_gmt":"2026-05-04T18:32:57","slug":"xmowi-rx3-35mm-cift-mikrofonlu-oyuncu-kulaklik-gaming-kulakligi-5775","status":"publish","type":"product","link":"https:\/\/www.hediyepazar.com\/?product=xmowi-rx3-35mm-cift-mikrofonlu-oyuncu-kulaklik-gaming-kulakligi-5775","title":{"rendered":"XMOW\u0130 RX3 35mm \u00c7ift Mikrofonlu Oyuncu Kulakl\u0131k Gaming Kulakl\u0131\u011f\u0131-(5775)"},"content":{"rendered":"<p><strong>XMOW&#304; RX3 3,5mm &Ccedil;ift Mikrofonlu Oyuncu Kulakl&#305;k Gaming Kulakl&#305;&#287;&#305;<\/strong><\/p>\n<p><img decoding=\"async\" data-cke-saved-src=\"https:\/\/cdn.myikas.com\/images\/4b0890c4-46f7-49c5-9b0d-d8f3dae632d6\/4df41994-9481-4aaf-b977-423665e387fb\/image_1950.webp\" src=\"https:\/\/hepsicdn.com.tr\/static\/product_detail\/hbnet89c1bf9b_5128411.webp\"><\/p>\n<p><img decoding=\"async\" data-cke-saved-src=\"https:\/\/cdn.myikas.com\/images\/4b0890c4-46f7-49c5-9b0d-d8f3dae632d6\/a07036a0-0408-4509-a9b6-55ef175256c6\/image_1950.webp\" src=\"https:\/\/hepsicdn.com.tr\/static\/product_detail\/hbnet89c1bf9b_5128412.webp\"><\/p>\n<p><img decoding=\"async\" data-cke-saved-src=\"https:\/\/cdn.myikas.com\/images\/4b0890c4-46f7-49c5-9b0d-d8f3dae632d6\/d1b754e0-1b8d-46f2-8cff-515dfa950d6a\/image_1950.webp\" src=\"https:\/\/hepsicdn.com.tr\/static\/product_detail\/hbnet89c1bf9b_5128413.webp\"><\/p>\n<p><img decoding=\"async\" data-cke-saved-src=\"https:\/\/cdn.myikas.com\/images\/4b0890c4-46f7-49c5-9b0d-d8f3dae632d6\/d34dfaf6-8818-4760-88b2-ed1f2647fd82\/image_1950.webp\" src=\"https:\/\/hepsicdn.com.tr\/static\/product_detail\/hbnet89c1bf9b_5128414.webp\"><\/p>\n<p><img decoding=\"async\" data-cke-saved-src=\"https:\/\/cdn.myikas.com\/images\/4b0890c4-46f7-49c5-9b0d-d8f3dae632d6\/98ac09cc-f26f-4c44-b953-4e87f50e025e\/image_1950.webp\" src=\"https:\/\/hepsicdn.com.tr\/static\/product_detail\/hbnet89c1bf9b_5128415.webp\"><\/p>\n<p><img decoding=\"async\" data-cke-saved-src=\"https:\/\/cdn.myikas.com\/images\/4b0890c4-46f7-49c5-9b0d-d8f3dae632d6\/e231b744-ffc9-4ae2-9752-1291fccd6611\/image_1950.webp\" src=\"https:\/\/hepsicdn.com.tr\/static\/product_detail\/hbnet89c1bf9b_5128416.webp\"><\/p>\n<p><img decoding=\"async\" data-cke-saved-src=\"https:\/\/cdn.myikas.com\/images\/4b0890c4-46f7-49c5-9b0d-d8f3dae632d6\/808d2a20-e679-495b-bf47-566f2082be71\/image_1950.webp\" src=\"https:\/\/hepsicdn.com.tr\/static\/product_detail\/hbnet89c1bf9b_5128417.webp\"><\/p>\n<p><img decoding=\"async\" data-cke-saved-src=\"https:\/\/cdn.myikas.com\/images\/4b0890c4-46f7-49c5-9b0d-d8f3dae632d6\/bcd8579c-b214-4bb0-bb7a-ecb6dbfbf6fe\/image_1950.webp\" src=\"https:\/\/hepsicdn.com.tr\/static\/product_detail\/hbnet89c1bf9b_5128418.webp\"><\/p>\n<p><img decoding=\"async\" data-cke-saved-src=\"https:\/\/cdn.myikas.com\/images\/4b0890c4-46f7-49c5-9b0d-d8f3dae632d6\/8ab88e43-c393-45c7-83eb-aceebc3f77ba\/image_1950.webp\" src=\"https:\/\/hepsicdn.com.tr\/static\/product_detail\/hbnet89c1bf9b_5128419.webp\"><\/p>\n<p><strong>XMOW&#304; RX3 3,5mm &Ccedil;ift Mikrofonlu Oyuncu Kulakl&#305;k Gaming Kulakl&#305;&#287;&#305;<\/strong><br \/>Oyun oynamak art&#305;k &ccedil;ok daha konforlu ve keyifli!<br \/>Oyuna daha rahat odaklanman&#305;z i&ccedil;in ses izolasyonu sa&#287;lar.<br \/>Y&uuml;ksek elastik kablo, uzun &ouml;m&uuml;rl&uuml; ve dayan&#305;kl&#305;d&#305;r.<br \/>Ak&#305;ll&#305; telefon ve bilgisayar ile uyumlu yeni kablolu kontrol i&#351;levine sahiptir.<br \/>Sesi ve mikrofonu kolayca kontrol edebilirsiniz.<br \/>Dinamik hoparl&ouml;r, &ccedil;ift bas efekti bar&#305;nd&#305;r&#305;r. Bu sayede &uuml;st&uuml;n ger&ccedil;eklik sunar.<br \/>Konforlu &#351;ekilde oyun oynaman&#305;z i&ccedil;in uzayabilen kablo tasar&#305;m&#305;na sahiptir.<br \/>&Ccedil;ift mikrofon ile 360&deg; &uuml;st&uuml;n ses deneyimi sunar.<br \/>3 farkl&#305; boyutta silikon ba&#351;l&#305;klara sahiptir, bu tasar&#305;mla kulakl&#305;&#287;&#305;n kula&#287;&#305;n&#305;za fit &#351;ekilde uyum sa&#287;lamas&#305; hedeflenmi&#351;tir.<br \/>Malzeme: Metal, PC<br \/>3,5 mm ses jak&#305;<br \/>Frekans aral&#305;&#287;&#305;: 20-20000Hz<br \/>Empedans: 16&Omega;<br \/>Hassasiyet: 100 &plusmn; 3 dB<br \/>Toplam uzunluk:2.2m<br \/>Paket i&ccedil;eri&#287;i:&nbsp;<br \/>RX3 oyun kulakl&#305;&#287;&#305;<br \/>Mikrofon<br \/>3,5 mm ses adapt&ouml;r&uuml;<br \/>Kablo ba&#287;&#305;<br \/>Kulak i&ccedil;i silikon ba&#351;l&#305;klar (3 farkl&#305; boyutta)<\/p>\n<p><\/p>\n","protected":false},"excerpt":{"rendered":"<p>XMOW&#304; RX3 3,5mm &Ccedil;ift Mikrofonlu Oyuncu Kulakl&#305;k Gaming Kulakl&#305;&#287;&#305; XMOW&#304; RX3 3,5mm &Ccedil;ift Mikrofonlu Oyuncu Kulakl&#305;k Gaming Kulakl&#305;&#287;&#305;Oyun oynamak art&#305;k &ccedil;ok daha konforlu ve keyifli!Oyuna daha rahat odaklanman&#305;z i&ccedil;in ses izolasyonu sa&#287;lar.Y&uuml;ksek elastik kablo, uzun &ouml;m&uuml;rl&uuml; ve dayan&#305;kl&#305;d&#305;r.Ak&#305;ll&#305; telefon ve bilgisayar ile uyumlu yeni kablolu kontrol i&#351;levine sahiptir.Sesi ve mikrofonu kolayca kontrol edebilirsiniz.Dinamik hoparl&ouml;r, &ccedil;ift&#8230;<\/p>\n","protected":false},"featured_media":105967,"comment_status":"open","ping_status":"closed","template":"","meta":{"_kad_post_transparent":"","_kad_post_title":"","_kad_post_layout":"","_kad_post_sidebar_id":"","_kad_post_content_style":"","_kad_post_vertical_padding":"","_kad_post_feature":"","_kad_post_feature_position":"","_kad_post_header":false,"_kad_post_footer":false,"_kad_post_classname":""},"product_brand":[],"product_cat":[14634],"product_tag":[],"class_list":{"0":"post-105968","1":"product","2":"type-product","3":"status-publish","4":"has-post-thumbnail","6":"product_cat-kulaklik-elektronik-kulaklik-elektronik","8":"first","9":"instock","10":"purchasable","11":"product-type-simple","12":"entry","13":"content-bg","14":"loop-entry"},"_links":{"self":[{"href":"https:\/\/www.hediyepazar.com\/index.php?rest_route=\/wp\/v2\/product\/105968","targetHints":{"allow":["GET"]}}],"collection":[{"href":"https:\/\/www.hediyepazar.com\/index.php?rest_route=\/wp\/v2\/product"}],"about":[{"href":"https:\/\/www.hediyepazar.com\/index.php?rest_route=\/wp\/v2\/types\/product"}],"replies":[{"embeddable":true,"href":"https:\/\/www.hediyepazar.com\/index.php?rest_route=%2Fwp%2Fv2%2Fcomments&post=105968"}],"wp:featuredmedia":[{"embeddable":true,"href":"https:\/\/www.hediyepazar.com\/index.php?rest_route=\/wp\/v2\/media\/105967"}],"wp:attachment":[{"href":"https:\/\/www.hediyepazar.com\/index.php?rest_route=%2Fwp%2Fv2%2Fmedia&parent=105968"}],"wp:term":[{"taxonomy":"product_brand","embeddable":true,"href":"https:\/\/www.hediyepazar.com\/index.php?rest_route=%2Fwp%2Fv2%2Fproduct_brand&post=105968"},{"taxonomy":"product_cat","embeddable":true,"href":"https:\/\/www.hediyepazar.com\/index.php?rest_route=%2Fwp%2Fv2%2Fproduct_cat&post=105968"},{"taxonomy":"product_tag","embeddable":true,"href":"https:\/\/www.hediyepazar.com\/index.php?rest_route=%2Fwp%2Fv2%2Fproduct_tag&post=105968"}],"curies":[{"name":"wp","href":"https:\/\/api.w.org\/{rel}","templated":true}]}}