{"id":106040,"date":"2026-05-04T15:42:11","date_gmt":"2026-05-04T18:42:11","guid":{"rendered":"https:\/\/www.hediyepazar.com\/?product=xiaomi-m365-elektrikli-scooter-icin-arka-camurluk-5775"},"modified":"2026-05-04T15:42:11","modified_gmt":"2026-05-04T18:42:11","slug":"xiaomi-m365-elektrikli-scooter-icin-arka-camurluk-5775","status":"publish","type":"product","link":"https:\/\/www.hediyepazar.com\/?product=xiaomi-m365-elektrikli-scooter-icin-arka-camurluk-5775","title":{"rendered":"Xiaomi M365 Elektrikli Scooter \u0130\u00e7in Arka \u00c7amurluk-(5775)"},"content":{"rendered":"<p><strong>Xiaomi M365 Elektrikli Scooter &#304;&ccedil;in Arka &Ccedil;amurluk<\/strong><\/p>\n<\/p>\n<\/p>\n<\/p>\n<\/p>\n<p><\/p>\n<div><strong><span style=\"font-size: 13px;\">Xiaomi M365 Elektrikli Scooter &#304;&ccedil;in Arka &Ccedil;amurluk<\/span><\/strong><\/div>\n<div><span style=\"font-size: 13px;\">&Ouml;zellikle ya&#287;murlu havalarda ve kirli yollarda kullan&#305;m esnas&#305;nda s&#305;&ccedil;ramalar&#305; ciddi oranda engeller.<\/span><\/div>\n<div><span style=\"font-size: 13px;\">&Ccedil;amurluk deste&#287;i, arka led &#305;&#351;&#305;k kablosunu korur ve k&#305;r&#305;lmas&#305;n&#305; &ouml;nler.<\/span><\/div>\n<div><span style=\"font-size: 13px;\">A&#351;&#305;nmaya kar&#351;&#305; dayan&#305;kl&#305;l&#305;k sa&#287;lamak amac&#305;yla y&uuml;ksek yo&#287;unlu&#287;a sahip materyalden &uuml;retilmi&#351;tir.<\/span><\/div>\n<div><span style=\"font-size: 13px;\">Renkler: Siyah | Beyaz<\/span><\/div>\n<div><span style=\"font-size: 13px;\">Miktar: 1 adet<\/span><\/div>\n<div><span style=\"font-size: 13px;\">Boyut: 8.5&#215;1.3cm<\/span><\/div>\n<div><span style=\"font-size: 13px;\">A&#287;&#305;rl&#305;k: 30g<\/span><\/div>\n<div><span style=\"font-size: 13px;\">Uyumluluk: Xiaomi M365 Elektrikli Scooter<\/span><\/div>\n","protected":false},"excerpt":{"rendered":"<p>Xiaomi M365 Elektrikli Scooter &#304;&ccedil;in Arka &Ccedil;amurluk Xiaomi M365 Elektrikli Scooter &#304;&ccedil;in Arka &Ccedil;amurluk &Ouml;zellikle ya&#287;murlu havalarda ve kirli yollarda kullan&#305;m esnas&#305;nda s&#305;&ccedil;ramalar&#305; ciddi oranda engeller. &Ccedil;amurluk deste&#287;i, arka led &#305;&#351;&#305;k kablosunu korur ve k&#305;r&#305;lmas&#305;n&#305; &ouml;nler. A&#351;&#305;nmaya kar&#351;&#305; dayan&#305;kl&#305;l&#305;k sa&#287;lamak amac&#305;yla y&uuml;ksek yo&#287;unlu&#287;a sahip materyalden &uuml;retilmi&#351;tir. Renkler: Siyah | Beyaz Miktar: 1 adet Boyut: 8.5&#215;1.3cm&#8230;<\/p>\n","protected":false},"featured_media":106039,"comment_status":"open","ping_status":"closed","template":"","meta":{"_kad_post_transparent":"","_kad_post_title":"","_kad_post_layout":"","_kad_post_sidebar_id":"","_kad_post_content_style":"","_kad_post_vertical_padding":"","_kad_post_feature":"","_kad_post_feature_position":"","_kad_post_header":false,"_kad_post_footer":false,"_kad_post_classname":""},"product_brand":[],"product_cat":[7878],"product_tag":[],"class_list":{"0":"post-106040","1":"product","2":"type-product","3":"status-publish","4":"has-post-thumbnail","6":"product_cat-oto-aksesuarlari-oto-aksesuarlari-cep-telefonu-elektronik-arac-disi-aksesuar","8":"first","9":"instock","10":"purchasable","11":"product-type-simple","12":"entry","13":"content-bg","14":"loop-entry"},"_links":{"self":[{"href":"https:\/\/www.hediyepazar.com\/index.php?rest_route=\/wp\/v2\/product\/106040","targetHints":{"allow":["GET"]}}],"collection":[{"href":"https:\/\/www.hediyepazar.com\/index.php?rest_route=\/wp\/v2\/product"}],"about":[{"href":"https:\/\/www.hediyepazar.com\/index.php?rest_route=\/wp\/v2\/types\/product"}],"replies":[{"embeddable":true,"href":"https:\/\/www.hediyepazar.com\/index.php?rest_route=%2Fwp%2Fv2%2Fcomments&post=106040"}],"wp:featuredmedia":[{"embeddable":true,"href":"https:\/\/www.hediyepazar.com\/index.php?rest_route=\/wp\/v2\/media\/106039"}],"wp:attachment":[{"href":"https:\/\/www.hediyepazar.com\/index.php?rest_route=%2Fwp%2Fv2%2Fmedia&parent=106040"}],"wp:term":[{"taxonomy":"product_brand","embeddable":true,"href":"https:\/\/www.hediyepazar.com\/index.php?rest_route=%2Fwp%2Fv2%2Fproduct_brand&post=106040"},{"taxonomy":"product_cat","embeddable":true,"href":"https:\/\/www.hediyepazar.com\/index.php?rest_route=%2Fwp%2Fv2%2Fproduct_cat&post=106040"},{"taxonomy":"product_tag","embeddable":true,"href":"https:\/\/www.hediyepazar.com\/index.php?rest_route=%2Fwp%2Fv2%2Fproduct_tag&post=106040"}],"curies":[{"name":"wp","href":"https:\/\/api.w.org\/{rel}","templated":true}]}}