{"id":106114,"date":"2026-05-04T15:54:00","date_gmt":"2026-05-04T18:54:00","guid":{"rendered":"https:\/\/www.hediyepazar.com\/?product=ally-portatif-360-masaustu-cep-telefonu-standi-tutucu-5775"},"modified":"2026-05-04T15:54:00","modified_gmt":"2026-05-04T18:54:00","slug":"ally-portatif-360-masaustu-cep-telefonu-standi-tutucu-5775","status":"publish","type":"product","link":"https:\/\/www.hediyepazar.com\/?product=ally-portatif-360-masaustu-cep-telefonu-standi-tutucu-5775","title":{"rendered":"ALLY Portatif 360 \u00b0 Masa\u00fcst\u00fc Cep Telefonu Stand\u0131 &#8211; Tutucu-(5775)"},"content":{"rendered":"<p><strong>ALLY Portatif 360 &deg; Masa&uuml;st&uuml; Cep Telefonu Stand&#305; &#8211; Tutucu<\/strong><\/p>\n<p><img decoding=\"async\" data-cke-saved-src=\"https:\/\/cdn.myikas.com\/images\/4b0890c4-46f7-49c5-9b0d-d8f3dae632d6\/aae9a344-b386-44e9-8302-3874cec4c540\/image_1950.webp\" src=\"https:\/\/hepsicdn.com.tr\/static\/product_detail\/hbnete7a36be8_5140811.webp\"><\/p>\n<p><img decoding=\"async\" data-cke-saved-src=\"https:\/\/cdn.myikas.com\/images\/4b0890c4-46f7-49c5-9b0d-d8f3dae632d6\/3f3a738e-2411-4921-ae1d-a1d420db66bc\/image_1950.webp\" src=\"https:\/\/hepsicdn.com.tr\/static\/product_detail\/hbnete7a36be8_5140812.webp\"><img decoding=\"async\" data-cke-saved-src=\"https:\/\/cdn.myikas.com\/images\/4b0890c4-46f7-49c5-9b0d-d8f3dae632d6\/be7fd130-5030-4c36-a46c-90c40d42cb75\/image_1950.webp\" src=\"https:\/\/hepsicdn.com.tr\/static\/product_detail\/hbnete7a36be8_5140813.webp\"><\/p>\n<p><img decoding=\"async\" data-cke-saved-src=\"https:\/\/cdn.myikas.com\/images\/4b0890c4-46f7-49c5-9b0d-d8f3dae632d6\/98b77af8-65e2-46fd-83c3-95e8200d64c8\/image_1950.webp\" src=\"https:\/\/hepsicdn.com.tr\/static\/product_detail\/hbnete7a36be8_5140814.webp\"><\/p>\n<p><img decoding=\"async\" data-cke-saved-src=\"https:\/\/cdn.myikas.com\/images\/4b0890c4-46f7-49c5-9b0d-d8f3dae632d6\/40ee1395-7735-4d9a-91fd-53d13e719392\/image_1950.webp\" src=\"https:\/\/hepsicdn.com.tr\/static\/product_detail\/hbnete7a36be8_5140815.webp\"><\/p>\n<p><strong>ALLY Portatif 360 &deg; Masa&uuml;st&uuml; Cep Telefonu Stand&#305; &#8211; Tutucu<\/strong><br \/>Stand&#305;n y&uuml;ksekli&#287;ini ve y&ouml;n&uuml;n&uuml; kendinize en uygun &#351;ekilde ayarlayabilirsiniz<br \/>Telefonunuzu ister yatay ister dikey kullanabilirsiniz.<br \/>Y&uuml;ksekli&#287;i 18 cm ile 30 cm aras&#305;nda ayarlanabilir.<br \/>Video &ccedil;ekmek, g&ouml;r&uuml;nt&uuml;l&uuml; konu&#351;mak, online toplant&#305;lara kat&#305;lmak i&ccedil;in idealdir.<br \/>Telefon stand&#305;n&#305; mutfa&#287;a koyup yemek tarifi alan&#305;na bakarken tableti kirletmeden yemek pi&#351;irebilirsiniz.<\/p>\n","protected":false},"excerpt":{"rendered":"<p>ALLY Portatif 360 &deg; Masa&uuml;st&uuml; Cep Telefonu Stand&#305; &#8211; Tutucu ALLY Portatif 360 &deg; Masa&uuml;st&uuml; Cep Telefonu Stand&#305; &#8211; TutucuStand&#305;n y&uuml;ksekli&#287;ini ve y&ouml;n&uuml;n&uuml; kendinize en uygun &#351;ekilde ayarlayabilirsinizTelefonunuzu ister yatay ister dikey kullanabilirsiniz.Y&uuml;ksekli&#287;i 18 cm ile 30 cm aras&#305;nda ayarlanabilir.Video &ccedil;ekmek, g&ouml;r&uuml;nt&uuml;l&uuml; konu&#351;mak, online toplant&#305;lara kat&#305;lmak i&ccedil;in idealdir.Telefon stand&#305;n&#305; mutfa&#287;a koyup yemek tarifi alan&#305;na bakarken&#8230;<\/p>\n","protected":false},"featured_media":106113,"comment_status":"open","ping_status":"closed","template":"","meta":{"_kad_post_transparent":"","_kad_post_title":"","_kad_post_layout":"","_kad_post_sidebar_id":"","_kad_post_content_style":"","_kad_post_vertical_padding":"","_kad_post_feature":"","_kad_post_feature_position":"","_kad_post_header":false,"_kad_post_footer":false,"_kad_post_classname":""},"product_brand":[],"product_cat":[14537],"product_tag":[],"class_list":{"0":"post-106114","1":"product","2":"type-product","3":"status-publish","4":"has-post-thumbnail","6":"product_cat-selfie-cubugu-cep-telefonu-aksesuarlari-cep-telefonu-elektronik-selfie-cubugu","8":"first","9":"instock","10":"purchasable","11":"product-type-simple","12":"entry","13":"content-bg","14":"loop-entry"},"_links":{"self":[{"href":"https:\/\/www.hediyepazar.com\/index.php?rest_route=\/wp\/v2\/product\/106114","targetHints":{"allow":["GET"]}}],"collection":[{"href":"https:\/\/www.hediyepazar.com\/index.php?rest_route=\/wp\/v2\/product"}],"about":[{"href":"https:\/\/www.hediyepazar.com\/index.php?rest_route=\/wp\/v2\/types\/product"}],"replies":[{"embeddable":true,"href":"https:\/\/www.hediyepazar.com\/index.php?rest_route=%2Fwp%2Fv2%2Fcomments&post=106114"}],"wp:featuredmedia":[{"embeddable":true,"href":"https:\/\/www.hediyepazar.com\/index.php?rest_route=\/wp\/v2\/media\/106113"}],"wp:attachment":[{"href":"https:\/\/www.hediyepazar.com\/index.php?rest_route=%2Fwp%2Fv2%2Fmedia&parent=106114"}],"wp:term":[{"taxonomy":"product_brand","embeddable":true,"href":"https:\/\/www.hediyepazar.com\/index.php?rest_route=%2Fwp%2Fv2%2Fproduct_brand&post=106114"},{"taxonomy":"product_cat","embeddable":true,"href":"https:\/\/www.hediyepazar.com\/index.php?rest_route=%2Fwp%2Fv2%2Fproduct_cat&post=106114"},{"taxonomy":"product_tag","embeddable":true,"href":"https:\/\/www.hediyepazar.com\/index.php?rest_route=%2Fwp%2Fv2%2Fproduct_tag&post=106114"}],"curies":[{"name":"wp","href":"https:\/\/api.w.org\/{rel}","templated":true}]}}