{"id":106116,"date":"2026-05-04T15:54:05","date_gmt":"2026-05-04T18:54:05","guid":{"rendered":"https:\/\/www.hediyepazar.com\/?product=ally-portatif-360-masaustu-tablet-standi-tutucu-5775"},"modified":"2026-05-04T15:54:05","modified_gmt":"2026-05-04T18:54:05","slug":"ally-portatif-360-masaustu-tablet-standi-tutucu-5775","status":"publish","type":"product","link":"https:\/\/www.hediyepazar.com\/?product=ally-portatif-360-masaustu-tablet-standi-tutucu-5775","title":{"rendered":"ALLY Portatif 360 \u00b0 Masa\u00fcst\u00fc Tablet Stand\u0131 Tutucu-(5775)"},"content":{"rendered":"<p><strong>ALLY&nbsp; Portatif 360 &deg; Masa&uuml;st&uuml; Tablet Stand&#305; Tutucu<\/strong><\/p>\n<p><img decoding=\"async\" data-cke-saved-src=\"https:\/\/cdn.myikas.com\/images\/4b0890c4-46f7-49c5-9b0d-d8f3dae632d6\/d1bbf87f-6977-4962-8564-ba01d3ae3040\/image_1950.webp\" src=\"https:\/\/hepsicdn.com.tr\/static\/product_detail\/hbnet4600c576_5140911.webp\"><\/p>\n<p><img decoding=\"async\" data-cke-saved-src=\"https:\/\/cdn.myikas.com\/images\/4b0890c4-46f7-49c5-9b0d-d8f3dae632d6\/67b9edef-38f3-4b82-9781-8adbc3b51fc0\/image_1950.webp\" src=\"https:\/\/hepsicdn.com.tr\/static\/product_detail\/hbnet4600c576_5140912.webp\"><\/p>\n<p><img decoding=\"async\" data-cke-saved-src=\"https:\/\/cdn.myikas.com\/images\/4b0890c4-46f7-49c5-9b0d-d8f3dae632d6\/0abe9d42-969f-40a0-8e5f-1d6ca0af91bb\/image_1950.webp\" src=\"https:\/\/hepsicdn.com.tr\/static\/product_detail\/hbnet4600c576_5140913.webp\"><\/p>\n<p><img decoding=\"async\" data-cke-saved-src=\"https:\/\/cdn.myikas.com\/images\/4b0890c4-46f7-49c5-9b0d-d8f3dae632d6\/daa4bcae-33aa-4975-aca3-b93890d4ec0c\/image_1950.webp\" src=\"https:\/\/hepsicdn.com.tr\/static\/product_detail\/hbnet4600c576_5140914.webp\"><\/p>\n<p><strong>ALLY Portatif 360 &deg; Masa&uuml;st&uuml; Tablet Stand&#305; Tutucu<\/strong><br \/>Stand&#305;n y&uuml;ksekli&#287;ini ve y&ouml;n&uuml;n&uuml; kendinize en uygun &#351;ekilde ayarlayabilirsiniz<br \/>Tabletinizi ister yatay ister dikey kullanabilirsiniz.<br \/>Y&uuml;ksekli&#287;i 18 cm ile 30 cm aras&#305;nda ayarlanabilir.<br \/>Video &ccedil;ekmek, g&ouml;r&uuml;nt&uuml;l&uuml; konu&#351;mak, online toplant&#305;lara kat&#305;lmak i&ccedil;in idealdir.<br \/>Tablet stand&#305;n&#305; mutfa&#287;a koyup yemek tarifi alan&#305;na bakarken tableti kirletmeden yemek pi&#351;irebilirsiniz.<\/p>\n","protected":false},"excerpt":{"rendered":"<p>ALLY&nbsp; Portatif 360 &deg; Masa&uuml;st&uuml; Tablet Stand&#305; Tutucu ALLY Portatif 360 &deg; Masa&uuml;st&uuml; Tablet Stand&#305; TutucuStand&#305;n y&uuml;ksekli&#287;ini ve y&ouml;n&uuml;n&uuml; kendinize en uygun &#351;ekilde ayarlayabilirsinizTabletinizi ister yatay ister dikey kullanabilirsiniz.Y&uuml;ksekli&#287;i 18 cm ile 30 cm aras&#305;nda ayarlanabilir.Video &ccedil;ekmek, g&ouml;r&uuml;nt&uuml;l&uuml; konu&#351;mak, online toplant&#305;lara kat&#305;lmak i&ccedil;in idealdir.Tablet stand&#305;n&#305; mutfa&#287;a koyup yemek tarifi alan&#305;na bakarken tableti kirletmeden yemek pi&#351;irebilirsiniz.<\/p>\n","protected":false},"featured_media":106115,"comment_status":"open","ping_status":"closed","template":"","meta":{"_kad_post_transparent":"","_kad_post_title":"","_kad_post_layout":"","_kad_post_sidebar_id":"","_kad_post_content_style":"","_kad_post_vertical_padding":"","_kad_post_feature":"","_kad_post_feature_position":"","_kad_post_header":false,"_kad_post_footer":false,"_kad_post_classname":""},"product_brand":[],"product_cat":[14646],"product_tag":[],"class_list":{"0":"post-106116","1":"product","2":"type-product","3":"status-publish","4":"has-post-thumbnail","6":"product_cat-tablet-standi-bilgisayar-tablet-aksesuar-bilgisayar-tablet-elektronik-tablet-standi","8":"first","9":"instock","10":"purchasable","11":"product-type-simple","12":"entry","13":"content-bg","14":"loop-entry"},"_links":{"self":[{"href":"https:\/\/www.hediyepazar.com\/index.php?rest_route=\/wp\/v2\/product\/106116","targetHints":{"allow":["GET"]}}],"collection":[{"href":"https:\/\/www.hediyepazar.com\/index.php?rest_route=\/wp\/v2\/product"}],"about":[{"href":"https:\/\/www.hediyepazar.com\/index.php?rest_route=\/wp\/v2\/types\/product"}],"replies":[{"embeddable":true,"href":"https:\/\/www.hediyepazar.com\/index.php?rest_route=%2Fwp%2Fv2%2Fcomments&post=106116"}],"wp:featuredmedia":[{"embeddable":true,"href":"https:\/\/www.hediyepazar.com\/index.php?rest_route=\/wp\/v2\/media\/106115"}],"wp:attachment":[{"href":"https:\/\/www.hediyepazar.com\/index.php?rest_route=%2Fwp%2Fv2%2Fmedia&parent=106116"}],"wp:term":[{"taxonomy":"product_brand","embeddable":true,"href":"https:\/\/www.hediyepazar.com\/index.php?rest_route=%2Fwp%2Fv2%2Fproduct_brand&post=106116"},{"taxonomy":"product_cat","embeddable":true,"href":"https:\/\/www.hediyepazar.com\/index.php?rest_route=%2Fwp%2Fv2%2Fproduct_cat&post=106116"},{"taxonomy":"product_tag","embeddable":true,"href":"https:\/\/www.hediyepazar.com\/index.php?rest_route=%2Fwp%2Fv2%2Fproduct_tag&post=106116"}],"curies":[{"name":"wp","href":"https:\/\/api.w.org\/{rel}","templated":true}]}}