{"id":106120,"date":"2026-05-04T15:54:15","date_gmt":"2026-05-04T18:54:15","guid":{"rendered":"https:\/\/www.hediyepazar.com\/?product=ally-portatif-cok-fonksiyonlu-arac-cop-kutusu-5775"},"modified":"2026-05-04T15:54:15","modified_gmt":"2026-05-04T18:54:15","slug":"ally-portatif-cok-fonksiyonlu-arac-cop-kutusu-5775","status":"publish","type":"product","link":"https:\/\/www.hediyepazar.com\/?product=ally-portatif-cok-fonksiyonlu-arac-cop-kutusu-5775","title":{"rendered":"ALLY Portatif \u00c7ok Fonksiyonlu Ara\u00e7 \u00c7op Kutusu-(5775)"},"content":{"rendered":"<p><strong>ALLY Portatif &Ccedil;ok Fonksiyonlu Ara&ccedil; &Ccedil;op Kutusu<\/strong><\/p>\n<p><img decoding=\"async\" data-cke-saved-src=\"https:\/\/cdn.myikas.com\/images\/4b0890c4-46f7-49c5-9b0d-d8f3dae632d6\/468a71da-8776-47dd-83ee-d59bc1009030\/image_1950.webp\" src=\"https:\/\/hepsicdn.com.tr\/static\/product_detail\/hbnetf096c8b7_5141111.webp\"><\/p>\n<p><img decoding=\"async\" data-cke-saved-src=\"https:\/\/cdn.myikas.com\/images\/4b0890c4-46f7-49c5-9b0d-d8f3dae632d6\/72031fe6-6ac5-4087-ad8f-b8c29c70f43e\/image_1950.webp\" src=\"https:\/\/hepsicdn.com.tr\/static\/product_detail\/hbnetf096c8b7_5141112.webp\"><\/p>\n<p><img decoding=\"async\" data-cke-saved-src=\"https:\/\/cdn.myikas.com\/images\/4b0890c4-46f7-49c5-9b0d-d8f3dae632d6\/dd24588d-faff-4146-a68d-cdf4538d0c2c\/image_1950.webp\" src=\"https:\/\/hepsicdn.com.tr\/static\/product_detail\/hbnetf096c8b7_5141113.webp\"><\/p>\n<p><img decoding=\"async\" data-cke-saved-src=\"https:\/\/cdn.myikas.com\/images\/4b0890c4-46f7-49c5-9b0d-d8f3dae632d6\/52c5ed9f-e956-43f7-85ac-d5866622c7bd\/image_1950.webp\" src=\"https:\/\/hepsicdn.com.tr\/static\/product_detail\/hbnetf096c8b7_5141114.webp\"><\/p>\n<p><img decoding=\"async\" data-cke-saved-src=\"https:\/\/cdn.myikas.com\/images\/4b0890c4-46f7-49c5-9b0d-d8f3dae632d6\/e1dfde11-d9b9-4356-86c7-6aeafe259ad8\/image_1950.webp\" src=\"https:\/\/hepsicdn.com.tr\/static\/product_detail\/hbnetf096c8b7_5141115.webp\"><\/p>\n<p><strong>ALLY Portatif &Ccedil;ok Fonksiyonlu Ara&ccedil; &Ccedil;op Kutusu<\/strong><br \/>T&uuml;m ara&ccedil;larda bulunan yan cebe pratik bir &#351;ekilde tak&#305;l&#305;r<br \/>&#350;&#305;k tasar&#305;m&#305; ve ergonomik kullan&#305;m<br \/>Dayan&#305;kl&#305; ve uzun &ouml;m&uuml;rl&uuml;<br \/>Kolayca ta&#351;&#305;nabilir<\/p>\n","protected":false},"excerpt":{"rendered":"<p>ALLY Portatif &Ccedil;ok Fonksiyonlu Ara&ccedil; &Ccedil;op Kutusu ALLY Portatif &Ccedil;ok Fonksiyonlu Ara&ccedil; &Ccedil;op KutusuT&uuml;m ara&ccedil;larda bulunan yan cebe pratik bir &#351;ekilde tak&#305;l&#305;r&#350;&#305;k tasar&#305;m&#305; ve ergonomik kullan&#305;mDayan&#305;kl&#305; ve uzun &ouml;m&uuml;rl&uuml;Kolayca ta&#351;&#305;nabilir<\/p>\n","protected":false},"featured_media":106119,"comment_status":"open","ping_status":"closed","template":"","meta":{"_kad_post_transparent":"","_kad_post_title":"","_kad_post_layout":"","_kad_post_sidebar_id":"","_kad_post_content_style":"","_kad_post_vertical_padding":"","_kad_post_feature":"","_kad_post_feature_position":"","_kad_post_header":false,"_kad_post_footer":false,"_kad_post_classname":""},"product_brand":[],"product_cat":[14505],"product_tag":[],"class_list":{"0":"post-106120","1":"product","2":"type-product","3":"status-publish","4":"has-post-thumbnail","6":"product_cat-oto-aksesuarlari-oto-aksesuarlari-cep-telefonu-elektronik-torpido-aksesuarlari","8":"first","9":"instock","10":"purchasable","11":"product-type-simple","12":"entry","13":"content-bg","14":"loop-entry"},"_links":{"self":[{"href":"https:\/\/www.hediyepazar.com\/index.php?rest_route=\/wp\/v2\/product\/106120","targetHints":{"allow":["GET"]}}],"collection":[{"href":"https:\/\/www.hediyepazar.com\/index.php?rest_route=\/wp\/v2\/product"}],"about":[{"href":"https:\/\/www.hediyepazar.com\/index.php?rest_route=\/wp\/v2\/types\/product"}],"replies":[{"embeddable":true,"href":"https:\/\/www.hediyepazar.com\/index.php?rest_route=%2Fwp%2Fv2%2Fcomments&post=106120"}],"wp:featuredmedia":[{"embeddable":true,"href":"https:\/\/www.hediyepazar.com\/index.php?rest_route=\/wp\/v2\/media\/106119"}],"wp:attachment":[{"href":"https:\/\/www.hediyepazar.com\/index.php?rest_route=%2Fwp%2Fv2%2Fmedia&parent=106120"}],"wp:term":[{"taxonomy":"product_brand","embeddable":true,"href":"https:\/\/www.hediyepazar.com\/index.php?rest_route=%2Fwp%2Fv2%2Fproduct_brand&post=106120"},{"taxonomy":"product_cat","embeddable":true,"href":"https:\/\/www.hediyepazar.com\/index.php?rest_route=%2Fwp%2Fv2%2Fproduct_cat&post=106120"},{"taxonomy":"product_tag","embeddable":true,"href":"https:\/\/www.hediyepazar.com\/index.php?rest_route=%2Fwp%2Fv2%2Fproduct_tag&post=106120"}],"curies":[{"name":"wp","href":"https:\/\/api.w.org\/{rel}","templated":true}]}}