{"id":106122,"date":"2026-05-04T15:54:20","date_gmt":"2026-05-04T18:54:20","guid":{"rendered":"https:\/\/www.hediyepazar.com\/?product=aq210-condenser-studyo-profesyonel-kayit-ve-yayin-mikrofonu-studio-5775"},"modified":"2026-05-04T15:54:20","modified_gmt":"2026-05-04T18:54:20","slug":"aq210-condenser-studyo-profesyonel-kayit-ve-yayin-mikrofonu-studio-5775","status":"publish","type":"product","link":"https:\/\/www.hediyepazar.com\/?product=aq210-condenser-studyo-profesyonel-kayit-ve-yayin-mikrofonu-studio-5775","title":{"rendered":"AQ210 Condenser St\u00fcdyo Profesyonel Kay\u0131t ve Yay\u0131n Mikrofonu Studio-(5775)"},"content":{"rendered":"<p><strong>AQ210 Condenser St&uuml;dyo Profesyonel Kay&#305;t ve Yay&#305;n Mikrofonu Studio<\/strong><\/p>\n<p><img decoding=\"async\" data-cke-saved-src=\"https:\/\/cdn.myikas.com\/images\/4b0890c4-46f7-49c5-9b0d-d8f3dae632d6\/cbd8b63a-f6d7-4689-962c-8789e01b1646\/image_1950.webp\" src=\"https:\/\/hepsicdn.com.tr\/static\/product_detail\/hbnet60d306f8_5141411.webp\"><\/p>\n<p><img decoding=\"async\" data-cke-saved-src=\"https:\/\/cdn.myikas.com\/images\/4b0890c4-46f7-49c5-9b0d-d8f3dae632d6\/a51505a2-b042-496c-9d04-e418a75d1f93\/image_1950.webp\" src=\"https:\/\/hepsicdn.com.tr\/static\/product_detail\/hbnet60d306f8_5141412.webp\"><\/p>\n<p><img decoding=\"async\" data-cke-saved-src=\"https:\/\/cdn.myikas.com\/images\/4b0890c4-46f7-49c5-9b0d-d8f3dae632d6\/5db54fdc-cf72-431f-8cd0-f46bc0da3a84\/image_1950.webp\" src=\"https:\/\/hepsicdn.com.tr\/static\/product_detail\/hbnet60d306f8_5141413.webp\"><\/p>\n<p><img decoding=\"async\" data-cke-saved-src=\"https:\/\/cdn.myikas.com\/images\/4b0890c4-46f7-49c5-9b0d-d8f3dae632d6\/9548918e-9a8c-4017-aac9-9a114c165007\/image_1950.webp\" src=\"https:\/\/hepsicdn.com.tr\/static\/product_detail\/hbnet60d306f8_5141414.webp\"><\/p>\n<p><img decoding=\"async\" data-cke-saved-src=\"https:\/\/cdn.myikas.com\/images\/4b0890c4-46f7-49c5-9b0d-d8f3dae632d6\/da96708d-a0a6-4da3-806e-84aafc28adfc\/image_1950.webp\" src=\"https:\/\/hepsicdn.com.tr\/static\/product_detail\/hbnet60d306f8_5141415.webp\"><\/p>\n<p><img decoding=\"async\" data-cke-saved-src=\"https:\/\/cdn.myikas.com\/images\/4b0890c4-46f7-49c5-9b0d-d8f3dae632d6\/5fc8ae91-f1f9-4fad-8338-c6248d04bde0\/image_1950.webp\" src=\"https:\/\/hepsicdn.com.tr\/static\/product_detail\/hbnet60d306f8_5141416.webp\"><\/p>\n<p><\/p>\n<p><img decoding=\"async\" data-cke-saved-src=\"https:\/\/cdn.myikas.com\/images\/4b0890c4-46f7-49c5-9b0d-d8f3dae632d6\/b6289658-861f-4960-a96b-d8ac0c30ec57\/image_1950.webp\" src=\"https:\/\/hepsicdn.com.tr\/static\/product_detail\/hbnet60d306f8_5141417.webp\"><\/p>\n<p><strong>AQ210 Condenser St&uuml;dyo Profesyonel Kay&#305;t ve Yay&#305;n Mikrofonu Studio<\/strong><br \/>Frekans Tepkisi: 20hz-20khz<br \/>Hassasiyet:78dB<br \/>&Ccedil;&#305;k&#305;&#351; empedans&#305;: 252<br \/>Y&uuml;k empedans&#305;: &gt; 10002<br \/>G&uuml;r&uuml;lt&uuml; seviyesi: 16dBA<\/p>\n","protected":false},"excerpt":{"rendered":"<p>AQ210 Condenser St&uuml;dyo Profesyonel Kay&#305;t ve Yay&#305;n Mikrofonu Studio AQ210 Condenser St&uuml;dyo Profesyonel Kay&#305;t ve Yay&#305;n Mikrofonu StudioFrekans Tepkisi: 20hz-20khzHassasiyet:78dB&Ccedil;&#305;k&#305;&#351; empedans&#305;: 252Y&uuml;k empedans&#305;: &gt; 10002G&uuml;r&uuml;lt&uuml; seviyesi: 16dBA<\/p>\n","protected":false},"featured_media":106121,"comment_status":"open","ping_status":"closed","template":"","meta":{"_kad_post_transparent":"","_kad_post_title":"","_kad_post_layout":"","_kad_post_sidebar_id":"","_kad_post_content_style":"","_kad_post_vertical_padding":"","_kad_post_feature":"","_kad_post_feature_position":"","_kad_post_header":false,"_kad_post_footer":false,"_kad_post_classname":""},"product_brand":[],"product_cat":[14550],"product_tag":[],"class_list":{"0":"post-106122","1":"product","2":"type-product","3":"status-publish","4":"has-post-thumbnail","6":"product_cat-mikrofon-bilgisayar-tablet-elektronik-mikrofon-bilgisayar-tablet-elektronik","8":"first","9":"instock","10":"purchasable","11":"product-type-simple","12":"entry","13":"content-bg","14":"loop-entry"},"_links":{"self":[{"href":"https:\/\/www.hediyepazar.com\/index.php?rest_route=\/wp\/v2\/product\/106122","targetHints":{"allow":["GET"]}}],"collection":[{"href":"https:\/\/www.hediyepazar.com\/index.php?rest_route=\/wp\/v2\/product"}],"about":[{"href":"https:\/\/www.hediyepazar.com\/index.php?rest_route=\/wp\/v2\/types\/product"}],"replies":[{"embeddable":true,"href":"https:\/\/www.hediyepazar.com\/index.php?rest_route=%2Fwp%2Fv2%2Fcomments&post=106122"}],"wp:featuredmedia":[{"embeddable":true,"href":"https:\/\/www.hediyepazar.com\/index.php?rest_route=\/wp\/v2\/media\/106121"}],"wp:attachment":[{"href":"https:\/\/www.hediyepazar.com\/index.php?rest_route=%2Fwp%2Fv2%2Fmedia&parent=106122"}],"wp:term":[{"taxonomy":"product_brand","embeddable":true,"href":"https:\/\/www.hediyepazar.com\/index.php?rest_route=%2Fwp%2Fv2%2Fproduct_brand&post=106122"},{"taxonomy":"product_cat","embeddable":true,"href":"https:\/\/www.hediyepazar.com\/index.php?rest_route=%2Fwp%2Fv2%2Fproduct_cat&post=106122"},{"taxonomy":"product_tag","embeddable":true,"href":"https:\/\/www.hediyepazar.com\/index.php?rest_route=%2Fwp%2Fv2%2Fproduct_tag&post=106122"}],"curies":[{"name":"wp","href":"https:\/\/api.w.org\/{rel}","templated":true}]}}