{"id":106298,"date":"2026-05-04T16:21:16","date_gmt":"2026-05-04T19:21:16","guid":{"rendered":"https:\/\/www.hediyepazar.com\/?product=puluz-pu428b-gopro-hero8-icin-silikon-koruma-kilifiwrist-strap-5775"},"modified":"2026-05-04T16:21:16","modified_gmt":"2026-05-04T19:21:16","slug":"puluz-pu428b-gopro-hero8-icin-silikon-koruma-kilifiwrist-strap-5775","status":"publish","type":"product","link":"https:\/\/www.hediyepazar.com\/?product=puluz-pu428b-gopro-hero8-icin-silikon-koruma-kilifiwrist-strap-5775","title":{"rendered":"PULUZ PU428B GoPro HERO8 \u0130\u00e7in Silikon Koruma K\u0131l\u0131f\u0131+Wrist Strap-(5775)"},"content":{"rendered":"<p><strong>PULUZ PU428B GoPro HERO8 &#304;&ccedil;in Silikon Koruma K&#305;l&#305;f&#305;+Wrist Strap<\/strong><\/p>\n<p><img decoding=\"async\" data-cke-saved-src=\"https:\/\/cdn.myikas.com\/images\/4b0890c4-46f7-49c5-9b0d-d8f3dae632d6\/52501a13-b14f-4b01-935e-c8b31bc1572d\/image_1950.webp\" src=\"https:\/\/hepsicdn.com.tr\/static\/product_detail\/hbnet2f745fcd_5156311.webp\"><\/p>\n<p><img decoding=\"async\" data-cke-saved-src=\"https:\/\/cdn.myikas.com\/images\/4b0890c4-46f7-49c5-9b0d-d8f3dae632d6\/fc80fb69-da3d-4e3c-96d4-f9bcc1926279\/image_1950.webp\" src=\"https:\/\/hepsicdn.com.tr\/static\/product_detail\/hbnet2f745fcd_5156312.webp\"><\/p>\n<p><img decoding=\"async\" data-cke-saved-src=\"https:\/\/cdn.myikas.com\/images\/4b0890c4-46f7-49c5-9b0d-d8f3dae632d6\/807ac037-4e5d-4bd8-8b8b-98b30d613479\/image_1950.webp\" src=\"https:\/\/hepsicdn.com.tr\/static\/product_detail\/hbnet2f745fcd_5156313.webp\"><\/p>\n<p><img decoding=\"async\" data-cke-saved-src=\"https:\/\/cdn.myikas.com\/images\/4b0890c4-46f7-49c5-9b0d-d8f3dae632d6\/c9de005c-121b-4221-9ffd-7914bcad0351\/image_1950.webp\" src=\"https:\/\/hepsicdn.com.tr\/static\/product_detail\/hbnet2f745fcd_5156314.webp\"><\/p>\n<p><img decoding=\"async\" data-cke-saved-src=\"https:\/\/cdn.myikas.com\/images\/4b0890c4-46f7-49c5-9b0d-d8f3dae632d6\/cd2e6c0d-8fee-4247-ba1b-311f62ed071e\/image_1950.webp\" src=\"https:\/\/hepsicdn.com.tr\/static\/product_detail\/hbnet2f745fcd_5156315.webp\"><\/p>\n<p><img decoding=\"async\" data-cke-saved-src=\"https:\/\/cdn.myikas.com\/images\/4b0890c4-46f7-49c5-9b0d-d8f3dae632d6\/168f70d4-b625-46d7-b767-49ad51a026dc\/image_1950.webp\" src=\"https:\/\/hepsicdn.com.tr\/static\/product_detail\/hbnet2f745fcd_5156316.webp\"><\/p>\n<p><img decoding=\"async\" data-cke-saved-src=\"https:\/\/cdn.myikas.com\/images\/4b0890c4-46f7-49c5-9b0d-d8f3dae632d6\/481b8d3d-1102-40cf-8127-3266e2b3a3d6\/image_1950.webp\" src=\"https:\/\/hepsicdn.com.tr\/static\/product_detail\/hbnet2f745fcd_5156317.webp\"><\/p>\n<p dir=\"ltr\" style=\"line-height:1.38;margin-top:0pt;margin-bottom:0pt;\"><span id=\"docs-internal-guid-4369d04a-7fff-d49a-4376-ac9493c28eb8\"><span style=\"font-size: 11pt; font-family: Arial; color: rgb(0, 0, 0); background-color: transparent; font-variant-numeric: normal; font-variant-east-asian: normal; vertical-align: baseline; white-space: pre-wrap;\">PULUZ PU428B GoPro HERO8 &#304;&ccedil;in Silikon Koruma K&#305;l&#305;f&#305;+Wrist Strap<\/span><\/span><\/p>\n<p dir=\"ltr\" style=\"line-height:1.38;margin-top:0pt;margin-bottom:0pt;\"><span id=\"docs-internal-guid-4369d04a-7fff-d49a-4376-ac9493c28eb8\"><span style=\"font-size: 11pt; font-family: Arial; color: rgb(0, 0, 0); background-color: transparent; font-variant-numeric: normal; font-variant-east-asian: normal; vertical-align: baseline; white-space: pre-wrap;\">Foto&#287;raf&ccedil;&#305;lar ve do&#287;a sporu merakl&#305;lar&#305; i&ccedil;in kurtar&#305;c&#305; bir &uuml;r&uuml;nd&uuml;r<\/span><\/span><\/p>\n<p dir=\"ltr\" style=\"line-height:1.38;margin-top:0pt;margin-bottom:0pt;\"><span id=\"docs-internal-guid-4369d04a-7fff-d49a-4376-ac9493c28eb8\"><span style=\"font-size: 11pt; font-family: Arial; color: rgb(0, 0, 0); background-color: transparent; font-variant-numeric: normal; font-variant-east-asian: normal; vertical-align: baseline; white-space: pre-wrap;\">Kameran&#305;z&#305; toz, leke ve &ccedil;iziklerden uzak tutman&#305;za yard&#305;mc&#305; olur<\/span><\/span><\/p>\n<p dir=\"ltr\" style=\"line-height:1.38;margin-top:0pt;margin-bottom:0pt;\"><span id=\"docs-internal-guid-4369d04a-7fff-d49a-4376-ac9493c28eb8\"><span style=\"font-size: 11pt; font-family: Arial; color: rgb(0, 0, 0); background-color: transparent; font-variant-numeric: normal; font-variant-east-asian: normal; vertical-align: baseline; white-space: pre-wrap;\">GoPro HERO8 Black i&ccedil;in &ouml;zel tasarlanm&#305;&#351;t&#305;r<\/span><\/span><\/p>\n<p dir=\"ltr\" style=\"line-height:1.38;margin-top:0pt;margin-bottom:0pt;\"><span id=\"docs-internal-guid-4369d04a-7fff-d49a-4376-ac9493c28eb8\"><span style=\"font-size: 11pt; font-family: Arial; color: rgb(0, 0, 0); background-color: transparent; font-variant-numeric: normal; font-variant-east-asian: normal; vertical-align: baseline; white-space: pre-wrap;\">Kullan&#305;&#351;l&#305; ve dayan&#305;kl&#305; bir &uuml;r&uuml;nd&uuml;r<\/span><\/span><\/p>\n<p dir=\"ltr\" style=\"line-height:1.38;margin-top:0pt;margin-bottom:0pt;\"><span id=\"docs-internal-guid-4369d04a-7fff-d49a-4376-ac9493c28eb8\"><span style=\"font-size: 11pt; font-family: Arial; color: rgb(0, 0, 0); background-color: transparent; font-variant-numeric: normal; font-variant-east-asian: normal; vertical-align: baseline; white-space: pre-wrap;\">Esnek, yumu&#351;ak ve kaliteli silikondan &uuml;retilmi&#351;tir<\/span><\/span><\/p>\n<p dir=\"ltr\" style=\"line-height:1.38;margin-top:0pt;margin-bottom:0pt;\"><span id=\"docs-internal-guid-4369d04a-7fff-d49a-4376-ac9493c28eb8\"><span style=\"font-size: 11pt; font-family: Arial; color: rgb(0, 0, 0); background-color: transparent; font-variant-numeric: normal; font-variant-east-asian: normal; vertical-align: baseline; white-space: pre-wrap;\">Uyumluluk: HERO8 Black i&ccedil;in tasarlanm&#305;&#351;t&#305;r<\/span><\/span><\/p>\n<p dir=\"ltr\" style=\"line-height:1.38;margin-top:0pt;margin-bottom:0pt;\"><span id=\"docs-internal-guid-4369d04a-7fff-d49a-4376-ac9493c28eb8\"><span style=\"font-size: 11pt; font-family: Arial; color: rgb(0, 0, 0); background-color: transparent; font-variant-numeric: normal; font-variant-east-asian: normal; vertical-align: baseline; white-space: pre-wrap;\">A&#287;&#305;rl&#305;k: 30g<\/span><\/span><\/p>\n<p dir=\"ltr\" style=\"line-height:1.38;margin-top:0pt;margin-bottom:0pt;\"><span id=\"docs-internal-guid-4369d04a-7fff-d49a-4376-ac9493c28eb8\"><span style=\"font-size: 11pt; font-family: Arial; color: rgb(0, 0, 0); background-color: transparent; font-variant-numeric: normal; font-variant-east-asian: normal; vertical-align: baseline; white-space: pre-wrap;\">Not: Kamera dahil de&#287;ildir<\/span><\/span><\/p>\n<div><\/div>\n","protected":false},"excerpt":{"rendered":"<p>PULUZ PU428B GoPro HERO8 &#304;&ccedil;in Silikon Koruma K&#305;l&#305;f&#305;+Wrist Strap PULUZ PU428B GoPro HERO8 &#304;&ccedil;in Silikon Koruma K&#305;l&#305;f&#305;+Wrist Strap Foto&#287;raf&ccedil;&#305;lar ve do&#287;a sporu merakl&#305;lar&#305; i&ccedil;in kurtar&#305;c&#305; bir &uuml;r&uuml;nd&uuml;r Kameran&#305;z&#305; toz, leke ve &ccedil;iziklerden uzak tutman&#305;za yard&#305;mc&#305; olur GoPro HERO8 Black i&ccedil;in &ouml;zel tasarlanm&#305;&#351;t&#305;r Kullan&#305;&#351;l&#305; ve dayan&#305;kl&#305; bir &uuml;r&uuml;nd&uuml;r Esnek, yumu&#351;ak ve kaliteli silikondan &uuml;retilmi&#351;tir Uyumluluk: HERO8&#8230;<\/p>\n","protected":false},"featured_media":106297,"comment_status":"open","ping_status":"closed","template":"","meta":{"_kad_post_transparent":"","_kad_post_title":"","_kad_post_layout":"","_kad_post_sidebar_id":"","_kad_post_content_style":"","_kad_post_vertical_padding":"","_kad_post_feature":"","_kad_post_feature_position":"","_kad_post_header":false,"_kad_post_footer":false,"_kad_post_classname":""},"product_brand":[],"product_cat":[14599],"product_tag":[],"class_list":{"0":"post-106298","1":"product","2":"type-product","3":"status-publish","4":"has-post-thumbnail","6":"product_cat-foto-kamera-aksesuarlari-foto-kamera-elektronik-foto-kamera-aksesuarlari","8":"first","9":"instock","10":"purchasable","11":"product-type-simple","12":"entry","13":"content-bg","14":"loop-entry"},"_links":{"self":[{"href":"https:\/\/www.hediyepazar.com\/index.php?rest_route=\/wp\/v2\/product\/106298","targetHints":{"allow":["GET"]}}],"collection":[{"href":"https:\/\/www.hediyepazar.com\/index.php?rest_route=\/wp\/v2\/product"}],"about":[{"href":"https:\/\/www.hediyepazar.com\/index.php?rest_route=\/wp\/v2\/types\/product"}],"replies":[{"embeddable":true,"href":"https:\/\/www.hediyepazar.com\/index.php?rest_route=%2Fwp%2Fv2%2Fcomments&post=106298"}],"wp:featuredmedia":[{"embeddable":true,"href":"https:\/\/www.hediyepazar.com\/index.php?rest_route=\/wp\/v2\/media\/106297"}],"wp:attachment":[{"href":"https:\/\/www.hediyepazar.com\/index.php?rest_route=%2Fwp%2Fv2%2Fmedia&parent=106298"}],"wp:term":[{"taxonomy":"product_brand","embeddable":true,"href":"https:\/\/www.hediyepazar.com\/index.php?rest_route=%2Fwp%2Fv2%2Fproduct_brand&post=106298"},{"taxonomy":"product_cat","embeddable":true,"href":"https:\/\/www.hediyepazar.com\/index.php?rest_route=%2Fwp%2Fv2%2Fproduct_cat&post=106298"},{"taxonomy":"product_tag","embeddable":true,"href":"https:\/\/www.hediyepazar.com\/index.php?rest_route=%2Fwp%2Fv2%2Fproduct_tag&post=106298"}],"curies":[{"name":"wp","href":"https:\/\/api.w.org\/{rel}","templated":true}]}}