{"id":106306,"date":"2026-05-04T16:22:13","date_gmt":"2026-05-04T19:22:13","guid":{"rendered":"https:\/\/www.hediyepazar.com\/?product=ally-9892b2-yedek-lensli-led-isikli-kafa-buyuteci-5775"},"modified":"2026-05-04T16:22:13","modified_gmt":"2026-05-04T19:22:13","slug":"ally-9892b2-yedek-lensli-led-isikli-kafa-buyuteci-5775","status":"publish","type":"product","link":"https:\/\/www.hediyepazar.com\/?product=ally-9892b2-yedek-lensli-led-isikli-kafa-buyuteci-5775","title":{"rendered":"ALLY 9892B2 Yedek Lensli Led I\u015f\u0131kl\u0131 Kafa B\u00fcy\u00fcte\u00e7i-(5775)"},"content":{"rendered":"<p><strong>ALLY 9892B2 Yedek Lensli Led I&#351;&#305;kl&#305; Kafa B&uuml;y&uuml;te&ccedil;i<\/strong><\/p>\n<p><img decoding=\"async\" data-cke-saved-src=\"https:\/\/cdn.myikas.com\/images\/4b0890c4-46f7-49c5-9b0d-d8f3dae632d6\/2ab2c2d5-9b22-4a20-91b1-856698f69954\/image_1950.webp\" src=\"https:\/\/hepsicdn.com.tr\/static\/product_detail\/hbnetbcf2a47f_5157011.webp\"><\/p>\n<p><img decoding=\"async\" data-cke-saved-src=\"https:\/\/cdn.myikas.com\/images\/4b0890c4-46f7-49c5-9b0d-d8f3dae632d6\/12c33bb8-9e05-46d6-92f8-90f3314d538a\/image_1950.webp\" src=\"https:\/\/hepsicdn.com.tr\/static\/product_detail\/hbnetbcf2a47f_5157012.webp\"><\/p>\n<p><img decoding=\"async\" data-cke-saved-src=\"https:\/\/cdn.myikas.com\/images\/4b0890c4-46f7-49c5-9b0d-d8f3dae632d6\/f7aba3d8-4bb5-4c84-9cc3-d16ee1764556\/image_1950.webp\" src=\"https:\/\/hepsicdn.com.tr\/static\/product_detail\/hbnetbcf2a47f_5157013.webp\"><\/p>\n<p><img decoding=\"async\" data-cke-saved-src=\"https:\/\/cdn.myikas.com\/images\/4b0890c4-46f7-49c5-9b0d-d8f3dae632d6\/26dbc3fc-b95a-49c6-b477-9bc61c65eab5\/image_1950.webp\" src=\"https:\/\/hepsicdn.com.tr\/static\/product_detail\/hbnetbcf2a47f_5157014.webp\"><\/p>\n<p><img decoding=\"async\" data-cke-saved-src=\"https:\/\/cdn.myikas.com\/images\/4b0890c4-46f7-49c5-9b0d-d8f3dae632d6\/ec27588e-fc94-43be-8467-179ee6be4e80\/image_1950.webp\" src=\"https:\/\/hepsicdn.com.tr\/static\/product_detail\/hbnetbcf2a47f_5157015.webp\"><\/p>\n<p><img decoding=\"async\" data-cke-saved-src=\"https:\/\/cdn.myikas.com\/images\/4b0890c4-46f7-49c5-9b0d-d8f3dae632d6\/c82224fd-c623-4cae-be18-fc429354bda1\/image_1950.webp\" src=\"https:\/\/hepsicdn.com.tr\/static\/product_detail\/hbnetbcf2a47f_5157016.webp\"><\/p>\n<p><img decoding=\"async\" data-cke-saved-src=\"https:\/\/cdn.myikas.com\/images\/4b0890c4-46f7-49c5-9b0d-d8f3dae632d6\/651e1432-6396-4d86-b840-341ddfbb5cc7\/image_1950.webp\" src=\"https:\/\/hepsicdn.com.tr\/static\/product_detail\/hbnetbcf2a47f_5157017.webp\"><\/p>\n<p><img decoding=\"async\" data-cke-saved-src=\"https:\/\/cdn.myikas.com\/images\/4b0890c4-46f7-49c5-9b0d-d8f3dae632d6\/9ee1e68f-8140-433d-8218-d21dfff16ef4\/image_1950.webp\" src=\"https:\/\/hepsicdn.com.tr\/static\/product_detail\/hbnetbcf2a47f_5157018.webp\"><\/p>\n<p dir=\"ltr\" style=\"line-height:1.38;margin-top:0pt;margin-bottom:0pt;\"><span id=\"docs-internal-guid-39aa4288-7fff-8b7f-3eed-00fef0d526e2\"><span style=\"font-size: 11pt; font-family: Arial; color: rgb(0, 0, 0); background-color: transparent; font-variant-numeric: normal; font-variant-east-asian: normal; vertical-align: baseline; white-space: pre-wrap;\">ALLY 9892B2 Yedek Lensli Led I&#351;&#305;kl&#305; Kafa B&uuml;y&uuml;te&ccedil;i<\/span><\/span><\/p>\n<p dir=\"ltr\" style=\"line-height:1.38;margin-top:0pt;margin-bottom:0pt;\"><span id=\"docs-internal-guid-39aa4288-7fff-8b7f-3eed-00fef0d526e2\"><span style=\"font-size: 11pt; font-family: Arial; color: rgb(0, 0, 0); background-color: transparent; font-variant-numeric: normal; font-variant-east-asian: normal; vertical-align: baseline; white-space: pre-wrap;\">5 adet &ccedil;izilmeye dayan&#305;kl&#305; akrilik lens bulunur: 1.0X, 1.5X, 2.0X, 2.5X, 3.5X<\/span><\/span><\/p>\n<p dir=\"ltr\" style=\"line-height:1.38;margin-top:0pt;margin-bottom:0pt;\"><span id=\"docs-internal-guid-39aa4288-7fff-8b7f-3eed-00fef0d526e2\"><span style=\"font-size: 11pt; font-family: Arial; color: rgb(0, 0, 0); background-color: transparent; font-variant-numeric: normal; font-variant-east-asian: normal; vertical-align: baseline; white-space: pre-wrap;\">Kullan&#305;m&#305;n&#305;z&#305; konforlu hale getirmeniz i&ccedil;in kau&ccedil;uk burun yast&#305;klar&#305; ve kafa band&#305; mevcuttur<\/span><\/span><\/p>\n<p dir=\"ltr\" style=\"line-height:1.38;margin-top:0pt;margin-bottom:0pt;\"><span id=\"docs-internal-guid-39aa4288-7fff-8b7f-3eed-00fef0d526e2\"><span style=\"font-size: 11pt; font-family: Arial; color: rgb(0, 0, 0); background-color: transparent; font-variant-numeric: normal; font-variant-east-asian: normal; vertical-align: baseline; white-space: pre-wrap;\">Tamir, el sanatlar&#305;, okuma, minyat&uuml;r &ccedil;izim gibi detayl&#305; i&#351;ler i&ccedil;in m&uuml;thi&#351; bir yard&#305;mc&#305;d&#305;r<\/span><\/span><\/p>\n<p dir=\"ltr\" style=\"line-height:1.38;margin-top:0pt;margin-bottom:0pt;\"><span id=\"docs-internal-guid-39aa4288-7fff-8b7f-3eed-00fef0d526e2\"><span style=\"font-size: 11pt; font-family: Arial; color: rgb(0, 0, 0); background-color: transparent; font-variant-numeric: normal; font-variant-east-asian: normal; vertical-align: baseline; white-space: pre-wrap;\">G&ouml;r&uuml;nt&uuml;lenen nesnenin y&uuml;zeyini do&#287;ru bir &#351;ekilde alg&#305;lanmas&#305; i&ccedil;in 45&deg; ayarlanabilir 2 s&uuml;per parlak LED farl&#305; brakete sahiptir&nbsp;<\/span><\/span><\/p>\n<p dir=\"ltr\" style=\"line-height:1.38;margin-top:0pt;margin-bottom:0pt;\"><span id=\"docs-internal-guid-39aa4288-7fff-8b7f-3eed-00fef0d526e2\"><span style=\"font-size: 11pt; font-family: Arial; color: rgb(0, 0, 0); background-color: transparent; font-variant-numeric: normal; font-variant-east-asian: normal; vertical-align: baseline; white-space: pre-wrap;\">Led &#305;&#351;&#305;k 3 adet AAA pil ile &ccedil;al&#305;&#351;&#305;r (dahil de&#287;ildir)<\/span><\/span><\/p>\n<p dir=\"ltr\" style=\"line-height:1.38;margin-top:0pt;margin-bottom:0pt;\"><span id=\"docs-internal-guid-39aa4288-7fff-8b7f-3eed-00fef0d526e2\"><span style=\"font-size: 11pt; font-family: Arial; color: rgb(0, 0, 0); background-color: transparent; font-variant-numeric: normal; font-variant-east-asian: normal; vertical-align: baseline; white-space: pre-wrap;\">Malzeme: ABS + akrilik lens<\/span><\/span><\/p>\n<p dir=\"ltr\" style=\"line-height:1.38;margin-top:0pt;margin-bottom:0pt;\"><span id=\"docs-internal-guid-39aa4288-7fff-8b7f-3eed-00fef0d526e2\"><span style=\"font-size: 11pt; font-family: Arial; color: rgb(0, 0, 0); background-color: transparent; font-variant-numeric: normal; font-variant-east-asian: normal; vertical-align: baseline; white-space: pre-wrap;\">Renk: Siyah<\/span><\/span><\/p>\n<p dir=\"ltr\" style=\"line-height:1.38;margin-top:0pt;margin-bottom:0pt;\"><span id=\"docs-internal-guid-39aa4288-7fff-8b7f-3eed-00fef0d526e2\"><span style=\"font-size: 11pt; font-family: Arial; color: rgb(0, 0, 0); background-color: transparent; font-variant-numeric: normal; font-variant-east-asian: normal; vertical-align: baseline; white-space: pre-wrap;\">Lensler: 1.0X: 555mm, 1.5X: 381mm, 2.0X: 278mm, 2.5X: 183mm, 3.5X: 156mm<\/span><\/span><\/p>\n<p dir=\"ltr\" style=\"line-height:1.38;margin-top:0pt;margin-bottom:0pt;\"><span id=\"docs-internal-guid-39aa4288-7fff-8b7f-3eed-00fef0d526e2\"><span style=\"font-size: 11pt; font-family: Arial; color: rgb(0, 0, 0); background-color: transparent; font-variant-numeric: normal; font-variant-east-asian: normal; vertical-align: baseline; white-space: pre-wrap;\">Pil: 3*AAA pil (dahil de&#287;ildir)<\/span><\/span><\/p>\n<p dir=\"ltr\" style=\"line-height:1.38;margin-top:0pt;margin-bottom:0pt;\"><span id=\"docs-internal-guid-39aa4288-7fff-8b7f-3eed-00fef0d526e2\"><span style=\"font-size: 11pt; font-family: Arial; color: rgb(0, 0, 0); background-color: transparent; font-variant-numeric: normal; font-variant-east-asian: normal; vertical-align: baseline; white-space: pre-wrap;\">Lens boyutu: 8.5*2.8cm<\/span><\/span><\/p>\n<p dir=\"ltr\" style=\"line-height:1.38;margin-top:0pt;margin-bottom:0pt;\"><span id=\"docs-internal-guid-39aa4288-7fff-8b7f-3eed-00fef0d526e2\"><span style=\"font-size: 11pt; font-family: Arial; color: rgb(0, 0, 0); background-color: transparent; font-variant-numeric: normal; font-variant-east-asian: normal; vertical-align: baseline; white-space: pre-wrap;\">Braket boyutu: 14.5*21*6.5cm<\/span><\/span><\/p>\n<p dir=\"ltr\" style=\"line-height:1.38;margin-top:0pt;margin-bottom:0pt;\"><span id=\"docs-internal-guid-39aa4288-7fff-8b7f-3eed-00fef0d526e2\"><span style=\"font-size: 11pt; font-family: Arial; color: rgb(0, 0, 0); background-color: transparent; font-variant-numeric: normal; font-variant-east-asian: normal; vertical-align: baseline; white-space: pre-wrap;\">Net a&#287;&#305;rl&#305;k: 180g<\/span><\/span><\/p>\n<p dir=\"ltr\" style=\"line-height:1.38;margin-top:0pt;margin-bottom:0pt;\"><span id=\"docs-internal-guid-39aa4288-7fff-8b7f-3eed-00fef0d526e2\"><span style=\"font-size: 11pt; font-family: Arial; color: rgb(0, 0, 0); background-color: transparent; font-variant-numeric: normal; font-variant-east-asian: normal; vertical-align: baseline; white-space: pre-wrap;\">Paket i&ccedil;eri&#287;i:<\/span><\/span><\/p>\n<p dir=\"ltr\" style=\"line-height:1.38;margin-top:0pt;margin-bottom:0pt;\"><span id=\"docs-internal-guid-39aa4288-7fff-8b7f-3eed-00fef0d526e2\"><span style=\"font-size: 11pt; font-family: Arial; color: rgb(0, 0, 0); background-color: transparent; font-variant-numeric: normal; font-variant-east-asian: normal; vertical-align: baseline; white-space: pre-wrap;\">Kafa b&uuml;y&uuml;teci<\/span><\/span><\/p>\n<p dir=\"ltr\" style=\"line-height:1.38;margin-top:0pt;margin-bottom:0pt;\"><span id=\"docs-internal-guid-39aa4288-7fff-8b7f-3eed-00fef0d526e2\"><span style=\"font-size: 11pt; font-family: Arial; color: rgb(0, 0, 0); background-color: transparent; font-variant-numeric: normal; font-variant-east-asian: normal; vertical-align: baseline; white-space: pre-wrap;\">Lens (5 adet)<\/span><\/span><\/p>\n<p dir=\"ltr\" style=\"line-height:1.38;margin-top:0pt;margin-bottom:0pt;\"><span id=\"docs-internal-guid-39aa4288-7fff-8b7f-3eed-00fef0d526e2\"><span style=\"font-size: 11pt; font-family: Arial; color: rgb(0, 0, 0); background-color: transparent; font-variant-numeric: normal; font-variant-east-asian: normal; vertical-align: baseline; white-space: pre-wrap;\">Kafa band&#305;<\/span><\/span><\/p>\n<p dir=\"ltr\" style=\"line-height:1.38;margin-top:0pt;margin-bottom:0pt;\"><span id=\"docs-internal-guid-39aa4288-7fff-8b7f-3eed-00fef0d526e2\"><span style=\"font-size: 11pt; font-family: Arial; color: rgb(0, 0, 0); background-color: transparent; font-variant-numeric: normal; font-variant-east-asian: normal; vertical-align: baseline; white-space: pre-wrap;\">Saklama Kab&#305;<\/span><\/span><\/p>\n<div><\/div>\n","protected":false},"excerpt":{"rendered":"<p>ALLY 9892B2 Yedek Lensli Led I&#351;&#305;kl&#305; Kafa B&uuml;y&uuml;te&ccedil;i ALLY 9892B2 Yedek Lensli Led I&#351;&#305;kl&#305; Kafa B&uuml;y&uuml;te&ccedil;i 5 adet &ccedil;izilmeye dayan&#305;kl&#305; akrilik lens bulunur: 1.0X, 1.5X, 2.0X, 2.5X, 3.5X Kullan&#305;m&#305;n&#305;z&#305; konforlu hale getirmeniz i&ccedil;in kau&ccedil;uk burun yast&#305;klar&#305; ve kafa band&#305; mevcuttur Tamir, el sanatlar&#305;, okuma, minyat&uuml;r &ccedil;izim gibi detayl&#305; i&#351;ler i&ccedil;in m&uuml;thi&#351; bir yard&#305;mc&#305;d&#305;r G&ouml;r&uuml;nt&uuml;lenen nesnenin&#8230;<\/p>\n","protected":false},"featured_media":106305,"comment_status":"open","ping_status":"closed","template":"","meta":{"_kad_post_transparent":"","_kad_post_title":"","_kad_post_layout":"","_kad_post_sidebar_id":"","_kad_post_content_style":"","_kad_post_vertical_padding":"","_kad_post_feature":"","_kad_post_feature_position":"","_kad_post_header":false,"_kad_post_footer":false,"_kad_post_classname":""},"product_brand":[],"product_cat":[14715],"product_tag":[],"class_list":{"0":"post-106306","1":"product","2":"type-product","3":"status-publish","4":"has-post-thumbnail","6":"product_cat-buyutec-masaustu-gerecleri-kirtasiye-ofis-buyutec","8":"first","9":"instock","10":"purchasable","11":"product-type-simple","12":"entry","13":"content-bg","14":"loop-entry"},"_links":{"self":[{"href":"https:\/\/www.hediyepazar.com\/index.php?rest_route=\/wp\/v2\/product\/106306","targetHints":{"allow":["GET"]}}],"collection":[{"href":"https:\/\/www.hediyepazar.com\/index.php?rest_route=\/wp\/v2\/product"}],"about":[{"href":"https:\/\/www.hediyepazar.com\/index.php?rest_route=\/wp\/v2\/types\/product"}],"replies":[{"embeddable":true,"href":"https:\/\/www.hediyepazar.com\/index.php?rest_route=%2Fwp%2Fv2%2Fcomments&post=106306"}],"wp:featuredmedia":[{"embeddable":true,"href":"https:\/\/www.hediyepazar.com\/index.php?rest_route=\/wp\/v2\/media\/106305"}],"wp:attachment":[{"href":"https:\/\/www.hediyepazar.com\/index.php?rest_route=%2Fwp%2Fv2%2Fmedia&parent=106306"}],"wp:term":[{"taxonomy":"product_brand","embeddable":true,"href":"https:\/\/www.hediyepazar.com\/index.php?rest_route=%2Fwp%2Fv2%2Fproduct_brand&post=106306"},{"taxonomy":"product_cat","embeddable":true,"href":"https:\/\/www.hediyepazar.com\/index.php?rest_route=%2Fwp%2Fv2%2Fproduct_cat&post=106306"},{"taxonomy":"product_tag","embeddable":true,"href":"https:\/\/www.hediyepazar.com\/index.php?rest_route=%2Fwp%2Fv2%2Fproduct_tag&post=106306"}],"curies":[{"name":"wp","href":"https:\/\/api.w.org\/{rel}","templated":true}]}}