{"id":106400,"date":"2026-05-04T16:33:04","date_gmt":"2026-05-04T19:33:04","guid":{"rendered":"https:\/\/www.hediyepazar.com\/?product=ally-kedi-kulak-kulakustu-bluetooth-5-0-kablosuz-kulaklik-5775"},"modified":"2026-05-04T16:33:04","modified_gmt":"2026-05-04T19:33:04","slug":"ally-kedi-kulak-kulakustu-bluetooth-5-0-kablosuz-kulaklik-5775","status":"publish","type":"product","link":"https:\/\/www.hediyepazar.com\/?product=ally-kedi-kulak-kulakustu-bluetooth-5-0-kablosuz-kulaklik-5775","title":{"rendered":"ALLY Kedi Kulak Kulak\u00fcst\u00fc Bluetooth 5.0 Kablosuz Kulakl\u0131k-(5775)"},"content":{"rendered":"<p><strong>ALLY Kedi Kulak Kulak&uuml;st&uuml; Bluetooth 5.0 Kablosuz Kulakl&#305;k<\/strong><\/p>\n<p><img decoding=\"async\" data-cke-saved-src=\"https:\/\/cdn.myikas.com\/images\/4b0890c4-46f7-49c5-9b0d-d8f3dae632d6\/ce72272e-6d98-42a1-850a-e6771f039b75\/image_1950.webp\" src=\"https:\/\/hepsicdn.com.tr\/static\/product_detail\/hbneted32e911_5164411.webp\"><\/p>\n<p><img decoding=\"async\" data-cke-saved-src=\"https:\/\/cdn.myikas.com\/images\/4b0890c4-46f7-49c5-9b0d-d8f3dae632d6\/d6af3f9a-1c7b-4a20-aada-f658591b0ad3\/image_1950.webp\" src=\"https:\/\/hepsicdn.com.tr\/static\/product_detail\/hbneted32e911_5164412.webp\"><\/p>\n<p><img decoding=\"async\" data-cke-saved-src=\"https:\/\/cdn.myikas.com\/images\/4b0890c4-46f7-49c5-9b0d-d8f3dae632d6\/41b828c4-383d-4276-9f14-18ce9653a4a5\/image_1950.webp\" src=\"https:\/\/hepsicdn.com.tr\/static\/product_detail\/hbneted32e911_5164413.webp\"><\/p>\n<p><img decoding=\"async\" data-cke-saved-src=\"https:\/\/cdn.myikas.com\/images\/4b0890c4-46f7-49c5-9b0d-d8f3dae632d6\/c9544c68-d3ef-4049-936d-efe35ae051ad\/image_1950.webp\" src=\"https:\/\/hepsicdn.com.tr\/static\/product_detail\/hbneted32e911_5164414.webp\"><\/p>\n<p><img decoding=\"async\" data-cke-saved-src=\"https:\/\/cdn.myikas.com\/images\/4b0890c4-46f7-49c5-9b0d-d8f3dae632d6\/d3f4bf7f-67f2-4f35-b616-652b701fb256\/image_1950.webp\" src=\"https:\/\/hepsicdn.com.tr\/static\/product_detail\/hbneted32e911_5164415.webp\"><\/p>\n<p><img decoding=\"async\" data-cke-saved-src=\"https:\/\/cdn.myikas.com\/images\/4b0890c4-46f7-49c5-9b0d-d8f3dae632d6\/cf6080ad-06af-4ff3-8d04-107d0039d033\/image_1950.webp\" src=\"https:\/\/hepsicdn.com.tr\/static\/product_detail\/hbneted32e911_5164416.webp\"><\/p>\n<p><img decoding=\"async\" data-cke-saved-src=\"https:\/\/cdn.myikas.com\/images\/4b0890c4-46f7-49c5-9b0d-d8f3dae632d6\/6694bc93-7bd6-465e-84fe-4dcd7201ef4d\/image_1950.webp\" src=\"https:\/\/hepsicdn.com.tr\/static\/product_detail\/hbneted32e911_5164417.webp\"><\/p>\n<p><img decoding=\"async\" data-cke-saved-src=\"https:\/\/cdn.myikas.com\/images\/4b0890c4-46f7-49c5-9b0d-d8f3dae632d6\/0bedf705-0a0d-4abd-ac4b-f08ea9d933b3\/image_1950.webp\" src=\"https:\/\/hepsicdn.com.tr\/static\/product_detail\/hbneted32e911_5164418.webp\"><\/p>\n<p><img decoding=\"async\" data-cke-saved-src=\"https:\/\/cdn.myikas.com\/images\/4b0890c4-46f7-49c5-9b0d-d8f3dae632d6\/25e06419-1ba5-4e76-8e5c-6996ffa880ce\/image_1950.webp\" src=\"https:\/\/hepsicdn.com.tr\/static\/product_detail\/hbneted32e911_5164419.webp\"><\/p>\n<p><img decoding=\"async\" data-cke-saved-src=\"https:\/\/cdn.myikas.com\/images\/4b0890c4-46f7-49c5-9b0d-d8f3dae632d6\/de2942fe-a61f-42f3-bc0f-203357a0d6ba\/image_1950.webp\" src=\"https:\/\/hepsicdn.com.tr\/static\/product_detail\/hbneted32e911_5164420.webp\"><\/p>\n<p>Son derece sevimli kedi bluetooth kulakl&#305;klar ile tarz&#305;n&#305;z&#305; yans&#305;t&#305;rken ayn&#305; zamanda m&uuml;zi&#287;in keyfini &ccedil;&#305;kar&#305;n!<br \/>RGB &uuml;&ccedil; renkli LED ayd&#305;nlatma<br \/>M&uuml;zi&#287;inizi g&ouml;rsel olarak da destekleyebilirsiniz<br \/>HD ve orijinal ses kalitesi i&ccedil;in tasarlanm&#305;&#351;t&#305;r<br \/>Ak&#305;ll&#305; g&uuml;r&uuml;lt&uuml; azaltma &ouml;zelli&#287;i bulunmaktad&#305;r<br \/>Subwoofer sayesinde her ayr&#305;nt&#305;y&#305; kaliteli &#351;ekilde duyabilirsiniz<br \/>Apple ve android sistemi uyumludur, bluetooth &ouml;zelli&#287;i olan t&uuml;m cihazlarla kullan&#305;labilir<br \/>Kullan&#305;m&#305; kolay<br \/>Y&uuml;ksek kapasiteli pili sayesinde kesintisiz 10 saat kullanabilirsiniz<br \/>Y&uuml;ksek kaliteli yumu&#351;ak PU kulakl&#305;klar<br \/>Ergonomik yay yap&#305;s&#305; tasar&#305;m&#305; ile diledi&#287;iniz &#351;ekilde ayarlanabilir<br \/>Y&uuml;ksek kaliteli yumu&#351;ak materyali sayesinde kula&#287;&#305;n&#305;z i&ccedil;in m&uuml;thi&#351; bir konfor sa&#287;lar<br \/>Katlanabilir tasar&#305;m&#305;yla diledi&#287;iniz yere rahat&ccedil;a g&ouml;t&uuml;rebilirsiniz<br \/>Etki alan&#305;: 15 metre<br \/>Bluetooth 5.0<br \/>V5.0 &ccedil;ip<\/p>\n","protected":false},"excerpt":{"rendered":"<p>ALLY Kedi Kulak Kulak&uuml;st&uuml; Bluetooth 5.0 Kablosuz Kulakl&#305;k Son derece sevimli kedi bluetooth kulakl&#305;klar ile tarz&#305;n&#305;z&#305; yans&#305;t&#305;rken ayn&#305; zamanda m&uuml;zi&#287;in keyfini &ccedil;&#305;kar&#305;n!RGB &uuml;&ccedil; renkli LED ayd&#305;nlatmaM&uuml;zi&#287;inizi g&ouml;rsel olarak da destekleyebilirsinizHD ve orijinal ses kalitesi i&ccedil;in tasarlanm&#305;&#351;t&#305;rAk&#305;ll&#305; g&uuml;r&uuml;lt&uuml; azaltma &ouml;zelli&#287;i bulunmaktad&#305;rSubwoofer sayesinde her ayr&#305;nt&#305;y&#305; kaliteli &#351;ekilde duyabilirsinizApple ve android sistemi uyumludur, bluetooth &ouml;zelli&#287;i olan t&uuml;m cihazlarla&#8230;<\/p>\n","protected":false},"featured_media":106399,"comment_status":"open","ping_status":"closed","template":"","meta":{"_kad_post_transparent":"","_kad_post_title":"","_kad_post_layout":"","_kad_post_sidebar_id":"","_kad_post_content_style":"","_kad_post_vertical_padding":"","_kad_post_feature":"","_kad_post_feature_position":"","_kad_post_header":false,"_kad_post_footer":false,"_kad_post_classname":""},"product_brand":[],"product_cat":[14632],"product_tag":[],"class_list":{"0":"post-106400","1":"product","2":"type-product","3":"status-publish","4":"has-post-thumbnail","6":"product_cat-bluetooth-kulaklik-kulaklik-elektronik-bluetooth-kulaklik-kulaklik-elektronik","8":"first","9":"instock","10":"purchasable","11":"product-type-simple","12":"entry","13":"content-bg","14":"loop-entry"},"_links":{"self":[{"href":"https:\/\/www.hediyepazar.com\/index.php?rest_route=\/wp\/v2\/product\/106400","targetHints":{"allow":["GET"]}}],"collection":[{"href":"https:\/\/www.hediyepazar.com\/index.php?rest_route=\/wp\/v2\/product"}],"about":[{"href":"https:\/\/www.hediyepazar.com\/index.php?rest_route=\/wp\/v2\/types\/product"}],"replies":[{"embeddable":true,"href":"https:\/\/www.hediyepazar.com\/index.php?rest_route=%2Fwp%2Fv2%2Fcomments&post=106400"}],"wp:featuredmedia":[{"embeddable":true,"href":"https:\/\/www.hediyepazar.com\/index.php?rest_route=\/wp\/v2\/media\/106399"}],"wp:attachment":[{"href":"https:\/\/www.hediyepazar.com\/index.php?rest_route=%2Fwp%2Fv2%2Fmedia&parent=106400"}],"wp:term":[{"taxonomy":"product_brand","embeddable":true,"href":"https:\/\/www.hediyepazar.com\/index.php?rest_route=%2Fwp%2Fv2%2Fproduct_brand&post=106400"},{"taxonomy":"product_cat","embeddable":true,"href":"https:\/\/www.hediyepazar.com\/index.php?rest_route=%2Fwp%2Fv2%2Fproduct_cat&post=106400"},{"taxonomy":"product_tag","embeddable":true,"href":"https:\/\/www.hediyepazar.com\/index.php?rest_route=%2Fwp%2Fv2%2Fproduct_tag&post=106400"}],"curies":[{"name":"wp","href":"https:\/\/api.w.org\/{rel}","templated":true}]}}