{"id":106410,"date":"2026-05-04T16:33:56","date_gmt":"2026-05-04T19:33:56","guid":{"rendered":"https:\/\/www.hediyepazar.com\/?product=ally-pb-45s-portatif-360-masaustu-tablet-standi-tutucu-5775"},"modified":"2026-05-04T16:33:56","modified_gmt":"2026-05-04T19:33:56","slug":"ally-pb-45s-portatif-360-masaustu-tablet-standi-tutucu-5775","status":"publish","type":"product","link":"https:\/\/www.hediyepazar.com\/?product=ally-pb-45s-portatif-360-masaustu-tablet-standi-tutucu-5775","title":{"rendered":"ALLY PB-45S Portatif 360 \u00b0 Masa\u00fcst\u00fc Tablet Stand\u0131 Tutucu-(5775)"},"content":{"rendered":"<p>&#8203;<\/p>\n<p><iframe allow=\"accelerometer; autoplay; clipboard-write; encrypted-media; gyroscope; picture-in-picture\" allowfullscreen=\"\" frameborder=\"0\" height=\"315\" src=\"https:\/\/www.youtube.com\/embed\/tTamcGkx7Vs\" title=\"YouTube video player\" width=\"560\"><\/iframe><\/p>\n<p><strong>ALLY PB-45S Portatif 360 &deg; Masa&uuml;st&uuml; Tablet Stand&#305; Tutucu<\/strong><\/p>\n<p><img decoding=\"async\" data-cke-saved-src=\"https:\/\/cdn.myikas.com\/images\/4b0890c4-46f7-49c5-9b0d-d8f3dae632d6\/5de8bce6-88c6-4521-b72d-f0cf8e2c1ef3\/image_1950.webp\" src=\"https:\/\/hepsicdn.com.tr\/static\/product_detail\/hbnet4dd0b9e1_5165011.webp\"><\/p>\n<p><img decoding=\"async\" data-cke-saved-src=\"https:\/\/cdn.myikas.com\/images\/4b0890c4-46f7-49c5-9b0d-d8f3dae632d6\/bbceb25a-c7ac-4e65-a3f4-acd711ad3960\/image_1950.webp\" src=\"https:\/\/hepsicdn.com.tr\/static\/product_detail\/hbnet4dd0b9e1_5165012.webp\"><\/p>\n<p><img decoding=\"async\" data-cke-saved-src=\"https:\/\/cdn.myikas.com\/images\/4b0890c4-46f7-49c5-9b0d-d8f3dae632d6\/5125aacd-59b4-4f1e-a87d-b60345b1fef8\/image_1950.webp\" src=\"https:\/\/hepsicdn.com.tr\/static\/product_detail\/hbnet4dd0b9e1_5165013.webp\"><\/p>\n<p><img decoding=\"async\" data-cke-saved-src=\"https:\/\/cdn.myikas.com\/images\/4b0890c4-46f7-49c5-9b0d-d8f3dae632d6\/287c2842-deca-4553-ba49-9e80bd89835a\/image_1950.webp\" src=\"https:\/\/hepsicdn.com.tr\/static\/product_detail\/hbnet4dd0b9e1_5165014.webp\"><\/p>\n<p><span font-size:=\"\" helvetica=\"\" style=\"color: rgb(73, 83, 94); font-family: \" text-align:=\"\">TEK ELLE RAHAT KULLANIM<\/span><br font-size:=\"\" helvetica=\"\" style=\"box-sizing: border-box; color: rgb(73, 83, 94); font-family: \" text-align:=\"\"\/><span font-size:=\"\" helvetica=\"\" style=\"color: rgb(73, 83, 94); font-family: \" text-align:=\"\">&#350;IK TASARIM<\/span><br font-size:=\"\" helvetica=\"\" style=\"box-sizing: border-box; color: rgb(73, 83, 94); font-family: \" text-align:=\"\"\/><span font-size:=\"\" helvetica=\"\" style=\"color: rgb(73, 83, 94); font-family: \" text-align:=\"\">HAF&#304;F VE RAHAT TA&#350;INAB&#304;L&#304;R<\/span><\/p>\n","protected":false},"excerpt":{"rendered":"<p>&#8203; ALLY PB-45S Portatif 360 &deg; Masa&uuml;st&uuml; Tablet Stand&#305; Tutucu TEK ELLE RAHAT KULLANIM&#350;IK TASARIMHAF&#304;F VE RAHAT TA&#350;INAB&#304;L&#304;R<\/p>\n","protected":false},"featured_media":106409,"comment_status":"open","ping_status":"closed","template":"","meta":{"_kad_post_transparent":"","_kad_post_title":"","_kad_post_layout":"","_kad_post_sidebar_id":"","_kad_post_content_style":"","_kad_post_vertical_padding":"","_kad_post_feature":"","_kad_post_feature_position":"","_kad_post_header":false,"_kad_post_footer":false,"_kad_post_classname":""},"product_brand":[],"product_cat":[14646],"product_tag":[],"class_list":{"0":"post-106410","1":"product","2":"type-product","3":"status-publish","4":"has-post-thumbnail","6":"product_cat-tablet-standi-bilgisayar-tablet-aksesuar-bilgisayar-tablet-elektronik-tablet-standi","8":"first","9":"instock","10":"purchasable","11":"product-type-simple","12":"entry","13":"content-bg","14":"loop-entry"},"_links":{"self":[{"href":"https:\/\/www.hediyepazar.com\/index.php?rest_route=\/wp\/v2\/product\/106410","targetHints":{"allow":["GET"]}}],"collection":[{"href":"https:\/\/www.hediyepazar.com\/index.php?rest_route=\/wp\/v2\/product"}],"about":[{"href":"https:\/\/www.hediyepazar.com\/index.php?rest_route=\/wp\/v2\/types\/product"}],"replies":[{"embeddable":true,"href":"https:\/\/www.hediyepazar.com\/index.php?rest_route=%2Fwp%2Fv2%2Fcomments&post=106410"}],"wp:featuredmedia":[{"embeddable":true,"href":"https:\/\/www.hediyepazar.com\/index.php?rest_route=\/wp\/v2\/media\/106409"}],"wp:attachment":[{"href":"https:\/\/www.hediyepazar.com\/index.php?rest_route=%2Fwp%2Fv2%2Fmedia&parent=106410"}],"wp:term":[{"taxonomy":"product_brand","embeddable":true,"href":"https:\/\/www.hediyepazar.com\/index.php?rest_route=%2Fwp%2Fv2%2Fproduct_brand&post=106410"},{"taxonomy":"product_cat","embeddable":true,"href":"https:\/\/www.hediyepazar.com\/index.php?rest_route=%2Fwp%2Fv2%2Fproduct_cat&post=106410"},{"taxonomy":"product_tag","embeddable":true,"href":"https:\/\/www.hediyepazar.com\/index.php?rest_route=%2Fwp%2Fv2%2Fproduct_tag&post=106410"}],"curies":[{"name":"wp","href":"https:\/\/api.w.org\/{rel}","templated":true}]}}