{"id":106428,"date":"2026-05-04T16:35:21","date_gmt":"2026-05-04T19:35:21","guid":{"rendered":"https:\/\/www.hediyepazar.com\/?product=gor-huawei-p40-kamera-korumali-ultra-slim-silikon-kilif-5775"},"modified":"2026-05-04T16:35:21","modified_gmt":"2026-05-04T19:35:21","slug":"gor-huawei-p40-kamera-korumali-ultra-slim-silikon-kilif-5775","status":"publish","type":"product","link":"https:\/\/www.hediyepazar.com\/?product=gor-huawei-p40-kamera-korumali-ultra-slim-silikon-kilif-5775","title":{"rendered":"GOR Huawei P40 Kamera Korumal\u0131 Ultra Slim Silikon K\u0131l\u0131f-(5775)"},"content":{"rendered":"<p><strong>GOR Huawei P40 Kamera Korumal&#305; Ultra Slim Silikon K&#305;l&#305;f<\/strong><\/p>\n<p><img decoding=\"async\" data-cke-saved-src=\"https:\/\/cdn.myikas.com\/images\/4b0890c4-46f7-49c5-9b0d-d8f3dae632d6\/0e33630c-671a-464d-b77b-e96ddba45a41\/image_1950.webp\" src=\"https:\/\/hepsicdn.com.tr\/static\/product_detail\/hbnete18ab417_5166511.webp\"><\/p>\n<p><img decoding=\"async\" data-cke-saved-src=\"https:\/\/cdn.myikas.com\/images\/4b0890c4-46f7-49c5-9b0d-d8f3dae632d6\/77090cb3-d560-455d-b321-e4998fe197df\/image_1950.webp\" src=\"https:\/\/hepsicdn.com.tr\/static\/product_detail\/hbnete18ab417_5166512.webp\"><\/p>\n<p><img decoding=\"async\" data-cke-saved-src=\"https:\/\/cdn.myikas.com\/images\/4b0890c4-46f7-49c5-9b0d-d8f3dae632d6\/c083b595-c79d-47f6-b45e-12163287f7b8\/image_1950.webp\" src=\"https:\/\/hepsicdn.com.tr\/static\/product_detail\/hbnete18ab417_5166513.webp\"><\/p>\n<p><img decoding=\"async\" data-cke-saved-src=\"https:\/\/cdn.myikas.com\/images\/4b0890c4-46f7-49c5-9b0d-d8f3dae632d6\/73849e50-e039-4352-aa00-e0144af20164\/image_1950.webp\" src=\"https:\/\/hepsicdn.com.tr\/static\/product_detail\/hbnete18ab417_5166514.webp\"><\/p>\n<p><img decoding=\"async\" data-cke-saved-src=\"https:\/\/cdn.myikas.com\/images\/4b0890c4-46f7-49c5-9b0d-d8f3dae632d6\/1eaf9656-30cd-4a84-96c8-a52321b195fa\/image_1950.webp\" src=\"https:\/\/hepsicdn.com.tr\/static\/product_detail\/hbnete18ab417_5166515.webp\"><\/p>\n<p helvetica=\"\" style=\"box-sizing: border-box; margin: 0px 0px 10px; font-size: 11px; color: rgb(73, 83, 94); text-align: center;\"><strong>GOR Huawei P40 Kamera Korumal&#305; Ultra Slim Silikon K&#305;l&#305;f<\/strong><\/p>\n<p helvetica=\"\" style=\"box-sizing: border-box; margin: 0px 0px 10px; font-size: 11px; color: rgb(73, 83, 94); text-align: center;\"><span font-size:=\"\" helvetica=\"\" style=\"box-sizing: border-box;\" text-align:=\"\">Kaliteli i&#351;&ccedil;ili&#287;e sahip olan silikon k&#305;l&#305;f cihaz&#305; sadece korumakla kalmaz, zarif tasar&#305;m&#305; sayesinde de daha g&uuml;zel bir g&ouml;r&uuml;n&uuml;m kazand&#305;r&#305;r.<\/span><br font-size:=\"\" helvetica=\"\" style=\"box-sizing: border-box;\" text-align:=\"\"\/><span font-size:=\"\" helvetica=\"\" style=\"box-sizing: border-box;\" text-align:=\"\">&Ouml;zellikler<\/span><br font-size:=\"\" helvetica=\"\" style=\"box-sizing: border-box;\" text-align:=\"\"\/><span font-size:=\"\" helvetica=\"\" style=\"box-sizing: border-box;\" text-align:=\"\">Y&uuml;ksek kalite silikon materyalden &uuml;retilmi&#351;tir.<\/span><br font-size:=\"\" helvetica=\"\" style=\"box-sizing: border-box;\" text-align:=\"\"\/><span font-size:=\"\" helvetica=\"\" style=\"box-sizing: border-box;\" text-align:=\"\">Cihaz&#305;n&#305;z&#305;n arka, yan taraflar&#305;n&#305; ve &ouml;n &ccedil;er&ccedil;evesini &ccedil;iziklerden, kirden, darbelerden korur.<\/span><br font-size:=\"\" helvetica=\"\" style=\"box-sizing: border-box;\" text-align:=\"\"\/><span font-size:=\"\" helvetica=\"\" style=\"box-sizing: border-box;\" text-align:=\"\">K&#305;l&#305;f cihaz &uuml;zerindeyken &#351;arj, kulakl&#305;k, kamera veya ses kontrol tu&#351;lar&#305; kullan&#305;labilir.<\/span><br font-size:=\"\" helvetica=\"\" style=\"box-sizing: border-box;\" text-align:=\"\"\/><span font-size:=\"\" helvetica=\"\" style=\"box-sizing: border-box;\" text-align:=\"\">Harika kal&#305;p kesimi ve esnekli&#287;i sayesinde cihaza m&uuml;kemmel uyar.<\/span><br font-size:=\"\" helvetica=\"\" style=\"box-sizing: border-box;\" text-align:=\"\"\/><span font-size:=\"\" helvetica=\"\" style=\"box-sizing: border-box;\" text-align:=\"\">Kolayca tak&#305;l&#305;p &ccedil;&#305;kart&#305;labilir.<\/span><\/p>\n","protected":false},"excerpt":{"rendered":"<p>GOR Huawei P40 Kamera Korumal&#305; Ultra Slim Silikon K&#305;l&#305;f GOR Huawei P40 Kamera Korumal&#305; Ultra Slim Silikon K&#305;l&#305;f Kaliteli i&#351;&ccedil;ili&#287;e sahip olan silikon k&#305;l&#305;f cihaz&#305; sadece korumakla kalmaz, zarif tasar&#305;m&#305; sayesinde de daha g&uuml;zel bir g&ouml;r&uuml;n&uuml;m kazand&#305;r&#305;r.&Ouml;zelliklerY&uuml;ksek kalite silikon materyalden &uuml;retilmi&#351;tir.Cihaz&#305;n&#305;z&#305;n arka, yan taraflar&#305;n&#305; ve &ouml;n &ccedil;er&ccedil;evesini &ccedil;iziklerden, kirden, darbelerden korur.K&#305;l&#305;f cihaz &uuml;zerindeyken &#351;arj, kulakl&#305;k,&#8230;<\/p>\n","protected":false},"featured_media":106427,"comment_status":"open","ping_status":"closed","template":"","meta":{"_kad_post_transparent":"","_kad_post_title":"","_kad_post_layout":"","_kad_post_sidebar_id":"","_kad_post_content_style":"","_kad_post_vertical_padding":"","_kad_post_feature":"","_kad_post_feature_position":"","_kad_post_header":false,"_kad_post_footer":false,"_kad_post_classname":""},"product_brand":[],"product_cat":[14520],"product_tag":[],"class_list":{"0":"post-106428","1":"product","2":"type-product","3":"status-publish","4":"has-post-thumbnail","6":"product_cat-telefon-kilifi-cep-telefonu-aksesuarlari-cep-telefonu-elektronik-telefon-kilifi","8":"first","9":"instock","10":"purchasable","11":"product-type-simple","12":"entry","13":"content-bg","14":"loop-entry"},"_links":{"self":[{"href":"https:\/\/www.hediyepazar.com\/index.php?rest_route=\/wp\/v2\/product\/106428","targetHints":{"allow":["GET"]}}],"collection":[{"href":"https:\/\/www.hediyepazar.com\/index.php?rest_route=\/wp\/v2\/product"}],"about":[{"href":"https:\/\/www.hediyepazar.com\/index.php?rest_route=\/wp\/v2\/types\/product"}],"replies":[{"embeddable":true,"href":"https:\/\/www.hediyepazar.com\/index.php?rest_route=%2Fwp%2Fv2%2Fcomments&post=106428"}],"wp:featuredmedia":[{"embeddable":true,"href":"https:\/\/www.hediyepazar.com\/index.php?rest_route=\/wp\/v2\/media\/106427"}],"wp:attachment":[{"href":"https:\/\/www.hediyepazar.com\/index.php?rest_route=%2Fwp%2Fv2%2Fmedia&parent=106428"}],"wp:term":[{"taxonomy":"product_brand","embeddable":true,"href":"https:\/\/www.hediyepazar.com\/index.php?rest_route=%2Fwp%2Fv2%2Fproduct_brand&post=106428"},{"taxonomy":"product_cat","embeddable":true,"href":"https:\/\/www.hediyepazar.com\/index.php?rest_route=%2Fwp%2Fv2%2Fproduct_cat&post=106428"},{"taxonomy":"product_tag","embeddable":true,"href":"https:\/\/www.hediyepazar.com\/index.php?rest_route=%2Fwp%2Fv2%2Fproduct_tag&post=106428"}],"curies":[{"name":"wp","href":"https:\/\/api.w.org\/{rel}","templated":true}]}}