{"id":106442,"date":"2026-05-04T16:37:55","date_gmt":"2026-05-04T19:37:55","guid":{"rendered":"https:\/\/www.hediyepazar.com\/?product=ally-15w-hizli-kablosuz-wireless-sarjultraviyole-sterilizer-uv-box-5775"},"modified":"2026-05-04T16:37:55","modified_gmt":"2026-05-04T19:37:55","slug":"ally-15w-hizli-kablosuz-wireless-sarjultraviyole-sterilizer-uv-box-5775","status":"publish","type":"product","link":"https:\/\/www.hediyepazar.com\/?product=ally-15w-hizli-kablosuz-wireless-sarjultraviyole-sterilizer-uv-box-5775","title":{"rendered":"ALLY 15W H\u0131zl\u0131 Kablosuz Wireless \u015earj+Ultraviyole Sterilizer- Uv box-(5775)"},"content":{"rendered":"<p><iframe allow=\"accelerometer; autoplay; encrypted-media; gyroscope; picture-in-picture\" allowfullscreen=\"\" frameborder=\"0\" height=\"315\" src=\"https:\/\/www.youtube.com\/embed\/dXyy0wEdteg\" width=\"560\"><\/iframe><\/p>\n<p><strong>ALLY 15W Kablosuz Wireless H&#305;zl&#305; &#350;arj+Ultraviyole Sterilizer &#8211; Uv box<\/strong><\/p>\n<p><img decoding=\"async\" alt=\"\" data-cke-saved-src=\"https:\/\/cdn.myikas.com\/images\/4b0890c4-46f7-49c5-9b0d-d8f3dae632d6\/6fd8156e-dd13-4823-93ac-c897a857f914\/image_1950.webp\" src=\"https:\/\/cdn.myikas.com\/images\/4b0890c4-46f7-49c5-9b0d-d8f3dae632d6\/6fd8156e-dd13-4823-93ac-c897a857f914\/image_1950.webp\"\/><\/p>\n<p><img decoding=\"async\" data-cke-saved-src=\"https:\/\/cdn.myikas.com\/images\/4b0890c4-46f7-49c5-9b0d-d8f3dae632d6\/10429e0d-f457-40d7-a645-95563fb5879b\/image_1950.webp\" src=\"https:\/\/hepsicdn.com.tr\/static\/product_detail\/hbnete83bea41_5167511.webp\"><\/p>\n<p><img decoding=\"async\" data-cke-saved-src=\"https:\/\/cdn.myikas.com\/images\/4b0890c4-46f7-49c5-9b0d-d8f3dae632d6\/8b1e62a8-3319-4d51-b53f-55f774dd62b1\/image_1950.webp\" src=\"https:\/\/hepsicdn.com.tr\/static\/product_detail\/hbnete83bea41_5167512.webp\"><\/p>\n<p><img decoding=\"async\" data-cke-saved-src=\"https:\/\/cdn.myikas.com\/images\/4b0890c4-46f7-49c5-9b0d-d8f3dae632d6\/f615a631-b536-47af-97bc-93173d92d9ee\/image_1950.webp\" src=\"https:\/\/hepsicdn.com.tr\/static\/product_detail\/hbnete83bea41_5167513.webp\"><\/p>\n<p><img decoding=\"async\" data-cke-saved-src=\"https:\/\/cdn.myikas.com\/images\/4b0890c4-46f7-49c5-9b0d-d8f3dae632d6\/ae8f9448-9ab8-4fda-8aec-a6e09578276a\/image_1950.webp\" src=\"https:\/\/hepsicdn.com.tr\/static\/product_detail\/hbnete83bea41_5167514.webp\"><\/p>\n<p><img decoding=\"async\" data-cke-saved-src=\"https:\/\/cdn.myikas.com\/images\/4b0890c4-46f7-49c5-9b0d-d8f3dae632d6\/438d64a0-a060-4336-baee-7a45e735cba6\/image_1950.webp\" src=\"https:\/\/hepsicdn.com.tr\/static\/product_detail\/hbnete83bea41_5167515.webp\"><\/p>\n<p><img decoding=\"async\" data-cke-saved-src=\"https:\/\/cdn.myikas.com\/images\/4b0890c4-46f7-49c5-9b0d-d8f3dae632d6\/a389343f-ec34-4861-947e-6c006b97b82e\/image_1950.webp\" src=\"https:\/\/hepsicdn.com.tr\/static\/product_detail\/hbnete83bea41_5167516.webp\"><\/p>\n<p><img decoding=\"async\" data-cke-saved-src=\"https:\/\/cdn.myikas.com\/images\/4b0890c4-46f7-49c5-9b0d-d8f3dae632d6\/7355093d-1cb1-41c3-8d58-071b4a8a034a\/image_1950.webp\" src=\"https:\/\/hepsicdn.com.tr\/static\/product_detail\/hbnete83bea41_5167517.webp\"><\/p>\n<\/p>\n<\/p>\n<\/p>\n<p dir=\"ltr\" style=\"line-height:1.38;margin-top:0pt;margin-bottom:0pt;\"><span id=\"docs-internal-guid-41063ab1-7fff-acc4-bbac-297cc8584b18\"><span style=\"font-size: 11pt; font-family: Arial; color: rgb(59, 59, 59); background-color: transparent; font-variant-numeric: normal; font-variant-east-asian: normal; vertical-align: baseline; white-space: pre-wrap;\">&Ccedil;ift UV &#305;&#351;&#305;klar&#305; ile donat&#305;lm&#305;&#351;, ta&#351;&#305;nabilir UV sterilizasyon kutusu ile hem cihaz&#305;n&#305;z&#305; &#351;arj edin hem sterilize edin<\/span><\/span><\/p>\n<p dir=\"ltr\" style=\"line-height:1.38;margin-top:0pt;margin-bottom:0pt;\"><span id=\"docs-internal-guid-41063ab1-7fff-acc4-bbac-297cc8584b18\"><span style=\"font-size: 11pt; font-family: Arial; color: rgb(59, 59, 59); background-color: transparent; font-variant-numeric: normal; font-variant-east-asian: normal; vertical-align: baseline; white-space: pre-wrap;\">30 dakikada bakteri ve vir&uuml;sleri % 99.9 oran&#305;nda yok eder<\/span><\/span><\/p>\n<p dir=\"ltr\" style=\"line-height:1.38;margin-top:0pt;margin-bottom:0pt;\"><span id=\"docs-internal-guid-41063ab1-7fff-acc4-bbac-297cc8584b18\"><span style=\"font-size: 11pt; font-family: Arial; color: rgb(59, 59, 59); background-color: transparent; font-variant-numeric: normal; font-variant-east-asian: normal; vertical-align: baseline; white-space: pre-wrap;\">Diledi&#287;iniz esans ya&#287;&#305;n&#305; cihaza damlatarak ya&#351;am alan&#305;n&#305;z&#305; bir anda tazeleyebilirsiniz<\/span><\/span><\/p>\n<p dir=\"ltr\" style=\"line-height:1.38;margin-top:0pt;margin-bottom:0pt;\"><span id=\"docs-internal-guid-41063ab1-7fff-acc4-bbac-297cc8584b18\"><span style=\"font-size: 11pt; font-family: Arial; color: rgb(59, 59, 59); background-color: transparent; font-variant-numeric: normal; font-variant-east-asian: normal; vertical-align: baseline; white-space: pre-wrap;\">&Ccedil;ift UV &#305;&#351;&#305;klar&#305; ile donat&#305;lm&#305;&#351;, ta&#351;&#305;nabilir UV sterilizasyon kutusu<\/span><\/span><\/p>\n<p dir=\"ltr\" style=\"line-height:1.38;margin-top:0pt;margin-bottom:0pt;\"><span id=\"docs-internal-guid-41063ab1-7fff-acc4-bbac-297cc8584b18\"><span style=\"font-size: 11pt; font-family: Arial; color: rgb(59, 59, 59); background-color: transparent; font-variant-numeric: normal; font-variant-east-asian: normal; vertical-align: baseline; white-space: pre-wrap;\">30 dakikada bakteri ve vir&uuml;sleri % 99.9 oran&#305;nda yok eder<\/span><\/span><\/p>\n<p dir=\"ltr\" style=\"line-height:1.38;margin-top:0pt;margin-bottom:0pt;\"><span id=\"docs-internal-guid-41063ab1-7fff-acc4-bbac-297cc8584b18\"><span style=\"font-size: 11pt; font-family: Arial; color: rgb(59, 59, 59); background-color: transparent; font-variant-numeric: normal; font-variant-east-asian: normal; vertical-align: baseline; white-space: pre-wrap;\">Maskelerinizi, g&ouml;zl&uuml;klerinizi, m&uuml;cevherlerinizi, saatlerinizi, araba anahtarlar&#305;n&#305;z&#305; g&uuml;venle dezenfekte edebilirsiniz<\/span><\/span><\/p>\n<p dir=\"ltr\" style=\"line-height:1.38;margin-top:0pt;margin-bottom:0pt;\"><span id=\"docs-internal-guid-41063ab1-7fff-acc4-bbac-297cc8584b18\"><span style=\"font-size: 11pt; font-family: Arial; color: rgb(59, 59, 59); background-color: transparent; font-variant-numeric: normal; font-variant-east-asian: normal; vertical-align: baseline; white-space: pre-wrap;\">6.2 inch&rsquo;e kadar t&uuml;m telefonlar&#305; sterilize edebilirsiniz<\/span><\/span><\/p>\n<p dir=\"ltr\" style=\"line-height:1.38;margin-top:0pt;margin-bottom:0pt;\"><span id=\"docs-internal-guid-41063ab1-7fff-acc4-bbac-297cc8584b18\"><span style=\"font-size: 11pt; font-family: Arial; color: rgb(59, 59, 59); background-color: transparent; font-variant-numeric: normal; font-variant-east-asian: normal; vertical-align: baseline; white-space: pre-wrap;\">Kablosuz &#351;arj &ouml;zelli&#287;i bulunan cihazlar&#305;n&#305;z&#305; h&#305;zl&#305; &#351;ekilde &#351;arj edebilirsiniz<\/span><\/span><\/p>\n<p dir=\"ltr\" style=\"line-height:1.38;margin-top:0pt;margin-bottom:0pt;\"><span id=\"docs-internal-guid-41063ab1-7fff-acc4-bbac-297cc8584b18\"><span style=\"font-size: 11pt; font-family: Arial; color: rgb(59, 59, 59); background-color: transparent; font-variant-numeric: normal; font-variant-east-asian: normal; vertical-align: baseline; white-space: pre-wrap;\">&#350;&#305;k tasar&#305;m&#305;yla evinize kolayl&#305;kla uyum sa&#287;lar<\/span><\/span><\/p>\n<p dir=\"ltr\" style=\"line-height:1.38;margin-top:0pt;margin-bottom:0pt;\"><span id=\"docs-internal-guid-41063ab1-7fff-acc4-bbac-297cc8584b18\"><span style=\"font-size: 11pt; font-family: Arial; color: rgb(59, 59, 59); background-color: transparent; font-variant-numeric: normal; font-variant-east-asian: normal; vertical-align: baseline; white-space: pre-wrap;\">Kutunun i&ccedil;indeki UV lambalar&#305;, manyetik anahtar kapa&#287;&#305;n&#305; a&ccedil;t&#305;&#287;&#305;n&#305;z an otomatik olarak kapanacakt&#305;r<\/span><\/span><\/p>\n<p dir=\"ltr\" style=\"line-height:1.38;margin-top:0pt;margin-bottom:0pt;\"><span id=\"docs-internal-guid-41063ab1-7fff-acc4-bbac-297cc8584b18\"><span style=\"font-size: 11pt; font-family: Arial; color: rgb(59, 59, 59); background-color: transparent; font-variant-numeric: normal; font-variant-east-asian: normal; vertical-align: baseline; white-space: pre-wrap;\">Kablosuz &#351;arj ve UV dezenfektan istasyonu bir arada<\/span><\/span><\/p>\n<p><\/p>\n<p dir=\"ltr\" style=\"line-height:1.38;margin-top:0pt;margin-bottom:0pt;\"><span id=\"docs-internal-guid-41063ab1-7fff-acc4-bbac-297cc8584b18\"><span style=\"font-size: 11pt; font-family: Arial; color: rgb(59, 59, 59); background-color: transparent; font-variant-numeric: normal; font-variant-east-asian: normal; vertical-align: baseline; white-space: pre-wrap;\">Giri&#351; voltaj&#305;: 5V-2A 9V-2A<\/span><\/span><\/p>\n<p dir=\"ltr\" style=\"line-height:1.38;margin-top:0pt;margin-bottom:0pt;\"><span id=\"docs-internal-guid-41063ab1-7fff-acc4-bbac-297cc8584b18\"><span style=\"font-size: 11pt; font-family: Arial; color: rgb(59, 59, 59); background-color: transparent; font-variant-numeric: normal; font-variant-east-asian: normal; vertical-align: baseline; white-space: pre-wrap;\">Kablosuz &#351;arj &ccedil;&#305;k&#305;&#351;&#305;: 15W<\/span><\/span><\/p>\n<p dir=\"ltr\" style=\"line-height:1.38;margin-top:0pt;margin-bottom:0pt;\"><span id=\"docs-internal-guid-41063ab1-7fff-acc4-bbac-297cc8584b18\"><span style=\"font-size: 11pt; font-family: Arial; color: rgb(59, 59, 59); background-color: transparent; font-variant-numeric: normal; font-variant-east-asian: normal; vertical-align: baseline; white-space: pre-wrap;\">UV &ccedil;&#305;k&#305;&#351;&#305;: 2W (Maks.)<\/span><\/span><\/p>\n<p dir=\"ltr\" style=\"line-height:1.38;margin-top:0pt;margin-bottom:0pt;\"><span id=\"docs-internal-guid-41063ab1-7fff-acc4-bbac-297cc8584b18\"><span style=\"font-size: 11pt; font-family: Arial; color: rgb(59, 59, 59); background-color: transparent; font-variant-numeric: normal; font-variant-east-asian: normal; vertical-align: baseline; white-space: pre-wrap;\">Ultraviyole LED: 6 (UVC) SMD 3535 280nm dalga boyu<\/span><\/span><\/p>\n<div><\/div>\n","protected":false},"excerpt":{"rendered":"<p>ALLY 15W Kablosuz Wireless H&#305;zl&#305; &#350;arj+Ultraviyole Sterilizer &#8211; Uv box &Ccedil;ift UV &#305;&#351;&#305;klar&#305; ile donat&#305;lm&#305;&#351;, ta&#351;&#305;nabilir UV sterilizasyon kutusu ile hem cihaz&#305;n&#305;z&#305; &#351;arj edin hem sterilize edin 30 dakikada bakteri ve vir&uuml;sleri % 99.9 oran&#305;nda yok eder Diledi&#287;iniz esans ya&#287;&#305;n&#305; cihaza damlatarak ya&#351;am alan&#305;n&#305;z&#305; bir anda tazeleyebilirsiniz &Ccedil;ift UV &#305;&#351;&#305;klar&#305; ile donat&#305;lm&#305;&#351;, ta&#351;&#305;nabilir UV sterilizasyon&#8230;<\/p>\n","protected":false},"featured_media":106441,"comment_status":"open","ping_status":"closed","template":"","meta":{"_kad_post_transparent":"","_kad_post_title":"","_kad_post_layout":"","_kad_post_sidebar_id":"","_kad_post_content_style":"","_kad_post_vertical_padding":"","_kad_post_feature":"","_kad_post_feature_position":"","_kad_post_header":false,"_kad_post_footer":false,"_kad_post_classname":""},"product_brand":[],"product_cat":[14496],"product_tag":[],"class_list":{"0":"post-106442","1":"product","2":"type-product","3":"status-publish","4":"has-post-thumbnail","6":"product_cat-sarj-cihazlarikablolari-cep-telefonu-aksesuarlari-cep-telefonu-elektronik-sarj-cihazlarikablolari","8":"first","9":"instock","10":"purchasable","11":"product-type-simple","12":"entry","13":"content-bg","14":"loop-entry"},"_links":{"self":[{"href":"https:\/\/www.hediyepazar.com\/index.php?rest_route=\/wp\/v2\/product\/106442","targetHints":{"allow":["GET"]}}],"collection":[{"href":"https:\/\/www.hediyepazar.com\/index.php?rest_route=\/wp\/v2\/product"}],"about":[{"href":"https:\/\/www.hediyepazar.com\/index.php?rest_route=\/wp\/v2\/types\/product"}],"replies":[{"embeddable":true,"href":"https:\/\/www.hediyepazar.com\/index.php?rest_route=%2Fwp%2Fv2%2Fcomments&post=106442"}],"wp:featuredmedia":[{"embeddable":true,"href":"https:\/\/www.hediyepazar.com\/index.php?rest_route=\/wp\/v2\/media\/106441"}],"wp:attachment":[{"href":"https:\/\/www.hediyepazar.com\/index.php?rest_route=%2Fwp%2Fv2%2Fmedia&parent=106442"}],"wp:term":[{"taxonomy":"product_brand","embeddable":true,"href":"https:\/\/www.hediyepazar.com\/index.php?rest_route=%2Fwp%2Fv2%2Fproduct_brand&post=106442"},{"taxonomy":"product_cat","embeddable":true,"href":"https:\/\/www.hediyepazar.com\/index.php?rest_route=%2Fwp%2Fv2%2Fproduct_cat&post=106442"},{"taxonomy":"product_tag","embeddable":true,"href":"https:\/\/www.hediyepazar.com\/index.php?rest_route=%2Fwp%2Fv2%2Fproduct_tag&post=106442"}],"curies":[{"name":"wp","href":"https:\/\/api.w.org\/{rel}","templated":true}]}}