{"id":106448,"date":"2026-05-04T16:38:09","date_gmt":"2026-05-04T19:38:09","guid":{"rendered":"https:\/\/www.hediyepazar.com\/?product=ally-xb380-bt5-0-kablosuz-kulak-ustu-bluetooth-kulaklik-5775"},"modified":"2026-05-04T16:38:09","modified_gmt":"2026-05-04T19:38:09","slug":"ally-xb380-bt5-0-kablosuz-kulak-ustu-bluetooth-kulaklik-5775","status":"publish","type":"product","link":"https:\/\/www.hediyepazar.com\/?product=ally-xb380-bt5-0-kablosuz-kulak-ustu-bluetooth-kulaklik-5775","title":{"rendered":"Ally XB380 BT5.0 Kablosuz Kulak \u00dcst\u00fc Bluetooth Kulakl\u0131k-(5775)"},"content":{"rendered":"<p><strong>Ally XB380 BT5.0 Kablosuz Kulak &Uuml;st&uuml; Bluetooth Kulakl&#305;k<\/strong><\/p>\n<p><img decoding=\"async\" alt=\"\" data-cke-saved-src=\"https:\/\/cdn.myikas.com\/images\/4b0890c4-46f7-49c5-9b0d-d8f3dae632d6\/c6273e46-7d32-4bc4-b4de-e30da31c2668\/image_1950.webp\" src=\"https:\/\/cdn.myikas.com\/images\/4b0890c4-46f7-49c5-9b0d-d8f3dae632d6\/c6273e46-7d32-4bc4-b4de-e30da31c2668\/image_1950.webp\"\/><\/p>\n<p><img decoding=\"async\" data-cke-saved-src=\"https:\/\/cdn.myikas.com\/images\/4b0890c4-46f7-49c5-9b0d-d8f3dae632d6\/e7bdf4df-39df-4a78-a10a-5ba82179a5eb\/image_1950.webp\" src=\"https:\/\/hepsicdn.com.tr\/static\/product_detail\/hbnet8f408952_5167811.webp\"><\/p>\n<p><img decoding=\"async\" data-cke-saved-src=\"https:\/\/cdn.myikas.com\/images\/4b0890c4-46f7-49c5-9b0d-d8f3dae632d6\/80df5302-6272-4f4e-8302-f80dee69c29a\/image_1950.webp\" src=\"https:\/\/hepsicdn.com.tr\/static\/product_detail\/hbnet8f408952_5167812.webp\"><\/p>\n<p><img decoding=\"async\" data-cke-saved-src=\"https:\/\/cdn.myikas.com\/images\/4b0890c4-46f7-49c5-9b0d-d8f3dae632d6\/26afda8f-c8b9-48af-bfc5-af97585666fd\/image_1950.webp\" src=\"https:\/\/hepsicdn.com.tr\/static\/product_detail\/hbnet8f408952_5167813.webp\"><\/p>\n<p><img decoding=\"async\" data-cke-saved-src=\"https:\/\/cdn.myikas.com\/images\/4b0890c4-46f7-49c5-9b0d-d8f3dae632d6\/05a2c6d3-ead8-49b2-8117-c6cb41a39ddd\/image_1950.webp\" src=\"https:\/\/hepsicdn.com.tr\/static\/product_detail\/hbnet8f408952_5167814.webp\"><\/p>\n<p><img decoding=\"async\" data-cke-saved-src=\"https:\/\/cdn.myikas.com\/images\/4b0890c4-46f7-49c5-9b0d-d8f3dae632d6\/eae0cc73-cc7f-40a4-835d-36709a838abb\/image_1950.webp\" src=\"https:\/\/hepsicdn.com.tr\/static\/product_detail\/hbnet8f408952_5167815.webp\"><\/p>\n<p><img decoding=\"async\" data-cke-saved-src=\"https:\/\/cdn.myikas.com\/images\/4b0890c4-46f7-49c5-9b0d-d8f3dae632d6\/28edadb3-1259-437a-bcc1-e115631539d0\/image_1950.webp\" src=\"https:\/\/hepsicdn.com.tr\/static\/product_detail\/hbnet8f408952_5167816.webp\"><\/p>\n<p><img decoding=\"async\" data-cke-saved-src=\"https:\/\/cdn.myikas.com\/images\/4b0890c4-46f7-49c5-9b0d-d8f3dae632d6\/47c67f23-232d-456d-82a3-f82b25e7acda\/image_1950.webp\" src=\"https:\/\/hepsicdn.com.tr\/static\/product_detail\/hbnet8f408952_5167817.webp\"><\/p>\n<\/p>\n<\/p>\n<ul font-size:=\"\" helvetica=\"\" style=\"box-sizing: border-box; margin: 0px; padding-right: 0px; padding-left: 0px; color: rgb(102, 102, 102); font-family: \">\n<li style=\"box-sizing: border-box; list-style: none;\">Y&uuml;ksek kaliteli kablosuz Bluetooth 5.0 stereo kulakl&#305;k, size ola&#287;an&uuml;st&uuml; bir ses kalitesi sunar<\/li>\n<li style=\"box-sizing: border-box; list-style: none;\">M&uuml;zik dinlemek, film izlemek, telefona cevap vermek vb. i&ccedil;in iyi&nbsp;se&ccedil;im<\/li>\n<li style=\"box-sizing: border-box; list-style: none;\">Dahili mikrofon ahizesiz g&ouml;r&uuml;&#351;meleri kolayla&#351;t&#305;r&#305;r<\/li>\n<li style=\"box-sizing: border-box; list-style: none;\">Sesi do&#287;ru &#351;ekilde yakalar<\/li>\n<li style=\"box-sizing: border-box; list-style: none;\">Uzun s&uuml;re kullan&#305;m i&ccedil;in olduk&ccedil;a rahat, cilt dostu&nbsp;kulak &uuml;st&uuml; tasar&#305;m&#305;<\/li>\n<\/ul>\n<p><\/p>\n","protected":false},"excerpt":{"rendered":"<p>Ally XB380 BT5.0 Kablosuz Kulak &Uuml;st&uuml; Bluetooth Kulakl&#305;k Y&uuml;ksek kaliteli kablosuz Bluetooth 5.0 stereo kulakl&#305;k, size ola&#287;an&uuml;st&uuml; bir ses kalitesi sunar M&uuml;zik dinlemek, film izlemek, telefona cevap vermek vb. i&ccedil;in iyi&nbsp;se&ccedil;im Dahili mikrofon ahizesiz g&ouml;r&uuml;&#351;meleri kolayla&#351;t&#305;r&#305;r Sesi do&#287;ru &#351;ekilde yakalar Uzun s&uuml;re kullan&#305;m i&ccedil;in olduk&ccedil;a rahat, cilt dostu&nbsp;kulak &uuml;st&uuml; tasar&#305;m&#305;<\/p>\n","protected":false},"featured_media":106447,"comment_status":"open","ping_status":"closed","template":"","meta":{"_kad_post_transparent":"","_kad_post_title":"","_kad_post_layout":"","_kad_post_sidebar_id":"","_kad_post_content_style":"","_kad_post_vertical_padding":"","_kad_post_feature":"","_kad_post_feature_position":"","_kad_post_header":false,"_kad_post_footer":false,"_kad_post_classname":""},"product_brand":[],"product_cat":[14632],"product_tag":[],"class_list":{"0":"post-106448","1":"product","2":"type-product","3":"status-publish","4":"has-post-thumbnail","6":"product_cat-bluetooth-kulaklik-kulaklik-elektronik-bluetooth-kulaklik-kulaklik-elektronik","8":"first","9":"instock","10":"purchasable","11":"product-type-simple","12":"entry","13":"content-bg","14":"loop-entry"},"_links":{"self":[{"href":"https:\/\/www.hediyepazar.com\/index.php?rest_route=\/wp\/v2\/product\/106448","targetHints":{"allow":["GET"]}}],"collection":[{"href":"https:\/\/www.hediyepazar.com\/index.php?rest_route=\/wp\/v2\/product"}],"about":[{"href":"https:\/\/www.hediyepazar.com\/index.php?rest_route=\/wp\/v2\/types\/product"}],"replies":[{"embeddable":true,"href":"https:\/\/www.hediyepazar.com\/index.php?rest_route=%2Fwp%2Fv2%2Fcomments&post=106448"}],"wp:featuredmedia":[{"embeddable":true,"href":"https:\/\/www.hediyepazar.com\/index.php?rest_route=\/wp\/v2\/media\/106447"}],"wp:attachment":[{"href":"https:\/\/www.hediyepazar.com\/index.php?rest_route=%2Fwp%2Fv2%2Fmedia&parent=106448"}],"wp:term":[{"taxonomy":"product_brand","embeddable":true,"href":"https:\/\/www.hediyepazar.com\/index.php?rest_route=%2Fwp%2Fv2%2Fproduct_brand&post=106448"},{"taxonomy":"product_cat","embeddable":true,"href":"https:\/\/www.hediyepazar.com\/index.php?rest_route=%2Fwp%2Fv2%2Fproduct_cat&post=106448"},{"taxonomy":"product_tag","embeddable":true,"href":"https:\/\/www.hediyepazar.com\/index.php?rest_route=%2Fwp%2Fv2%2Fproduct_tag&post=106448"}],"curies":[{"name":"wp","href":"https:\/\/api.w.org\/{rel}","templated":true}]}}