{"id":106460,"date":"2026-05-04T16:38:38","date_gmt":"2026-05-04T19:38:38","guid":{"rendered":"https:\/\/www.hediyepazar.com\/?product=puluz-cep-telefonu-tripod-baglanti-aparati-tutucu-5775"},"modified":"2026-05-04T16:38:38","modified_gmt":"2026-05-04T19:38:38","slug":"puluz-cep-telefonu-tripod-baglanti-aparati-tutucu-5775","status":"publish","type":"product","link":"https:\/\/www.hediyepazar.com\/?product=puluz-cep-telefonu-tripod-baglanti-aparati-tutucu-5775","title":{"rendered":"PULUZ Cep Telefonu Tripod Ba\u011flant\u0131 Aparat\u0131 Tutucu-(5775)"},"content":{"rendered":"<p><strong>ALLY Cep Telefonu Tripod Ba&#287;lant&#305; Aparat&#305; Tutucu<\/strong><br \/><img decoding=\"async\" data-cke-saved-src=\"https:\/\/cdn.myikas.com\/images\/4b0890c4-46f7-49c5-9b0d-d8f3dae632d6\/2b274069-d65b-4158-9d95-d5e81736ad44\/image_1950.webp\" src=\"https:\/\/hepsicdn.com.tr\/static\/product_detail\/hbnet58026387_5168611.webp\"><\/p>\n<p><img decoding=\"async\" data-cke-saved-src=\"https:\/\/cdn.myikas.com\/images\/4b0890c4-46f7-49c5-9b0d-d8f3dae632d6\/5d74604b-c2aa-4b33-a64f-e2aacc9cf695\/image_1950.webp\" src=\"https:\/\/hepsicdn.com.tr\/static\/product_detail\/hbnet58026387_5168612.webp\"><\/p>\n<p><img decoding=\"async\" data-cke-saved-src=\"https:\/\/cdn.myikas.com\/images\/4b0890c4-46f7-49c5-9b0d-d8f3dae632d6\/50b6553d-e822-4c23-8fe4-2cbc8f927772\/image_1950.webp\" src=\"https:\/\/hepsicdn.com.tr\/static\/product_detail\/hbnet58026387_5168613.webp\"><\/p>\n<p><img decoding=\"async\" data-cke-saved-src=\"https:\/\/cdn.myikas.com\/images\/4b0890c4-46f7-49c5-9b0d-d8f3dae632d6\/3f99b7bd-5310-47f1-ae05-4bf17aff714a\/image_1950.webp\" src=\"https:\/\/hepsicdn.com.tr\/static\/product_detail\/hbnet58026387_5168614.webp\"><\/p>\n<p><img decoding=\"async\" data-cke-saved-src=\"https:\/\/cdn.myikas.com\/images\/4b0890c4-46f7-49c5-9b0d-d8f3dae632d6\/107270fe-4d29-4fc1-80a0-cf031d0af81e\/image_1950.webp\" src=\"https:\/\/hepsicdn.com.tr\/static\/product_detail\/hbnet58026387_5168615.webp\"><\/p>\n<p><strong>ALLY Cep Telefonu Tripod Ba&#287;lant&#305; Aparat&#305; Tutucu<\/strong><br \/>Cep telefonlar&#305;n&#305;z&#305; tripodta kullanmak i&ccedil;in tasarlanm&#305;st&#305;r<br \/>Aktif gergi sayesinde bir&ccedil;ok telefon ile uyumludur<br \/>5.5Cm Kapal&#305; , 8.2 Cm A&ccedil;&#305;k Uzunluk<\/p>\n","protected":false},"excerpt":{"rendered":"<p>ALLY Cep Telefonu Tripod Ba&#287;lant&#305; Aparat&#305; Tutucu ALLY Cep Telefonu Tripod Ba&#287;lant&#305; Aparat&#305; TutucuCep telefonlar&#305;n&#305;z&#305; tripodta kullanmak i&ccedil;in tasarlanm&#305;st&#305;rAktif gergi sayesinde bir&ccedil;ok telefon ile uyumludur5.5Cm Kapal&#305; , 8.2 Cm A&ccedil;&#305;k Uzunluk<\/p>\n","protected":false},"featured_media":106459,"comment_status":"open","ping_status":"closed","template":"","meta":{"_kad_post_transparent":"","_kad_post_title":"","_kad_post_layout":"","_kad_post_sidebar_id":"","_kad_post_content_style":"","_kad_post_vertical_padding":"","_kad_post_feature":"","_kad_post_feature_position":"","_kad_post_header":false,"_kad_post_footer":false,"_kad_post_classname":""},"product_brand":[],"product_cat":[14599],"product_tag":[],"class_list":{"0":"post-106460","1":"product","2":"type-product","3":"status-publish","4":"has-post-thumbnail","6":"product_cat-foto-kamera-aksesuarlari-foto-kamera-elektronik-foto-kamera-aksesuarlari","8":"first","9":"instock","10":"purchasable","11":"product-type-simple","12":"entry","13":"content-bg","14":"loop-entry"},"_links":{"self":[{"href":"https:\/\/www.hediyepazar.com\/index.php?rest_route=\/wp\/v2\/product\/106460","targetHints":{"allow":["GET"]}}],"collection":[{"href":"https:\/\/www.hediyepazar.com\/index.php?rest_route=\/wp\/v2\/product"}],"about":[{"href":"https:\/\/www.hediyepazar.com\/index.php?rest_route=\/wp\/v2\/types\/product"}],"replies":[{"embeddable":true,"href":"https:\/\/www.hediyepazar.com\/index.php?rest_route=%2Fwp%2Fv2%2Fcomments&post=106460"}],"wp:featuredmedia":[{"embeddable":true,"href":"https:\/\/www.hediyepazar.com\/index.php?rest_route=\/wp\/v2\/media\/106459"}],"wp:attachment":[{"href":"https:\/\/www.hediyepazar.com\/index.php?rest_route=%2Fwp%2Fv2%2Fmedia&parent=106460"}],"wp:term":[{"taxonomy":"product_brand","embeddable":true,"href":"https:\/\/www.hediyepazar.com\/index.php?rest_route=%2Fwp%2Fv2%2Fproduct_brand&post=106460"},{"taxonomy":"product_cat","embeddable":true,"href":"https:\/\/www.hediyepazar.com\/index.php?rest_route=%2Fwp%2Fv2%2Fproduct_cat&post=106460"},{"taxonomy":"product_tag","embeddable":true,"href":"https:\/\/www.hediyepazar.com\/index.php?rest_route=%2Fwp%2Fv2%2Fproduct_tag&post=106460"}],"curies":[{"name":"wp","href":"https:\/\/api.w.org\/{rel}","templated":true}]}}