{"id":106480,"date":"2026-05-04T16:42:57","date_gmt":"2026-05-04T19:42:57","guid":{"rendered":"https:\/\/www.hediyepazar.com\/?product=ally-arac-araba-manyetik-yan-cam-guneslik-golgelik-5775"},"modified":"2026-05-04T16:42:57","modified_gmt":"2026-05-04T19:42:57","slug":"ally-arac-araba-manyetik-yan-cam-guneslik-golgelik-5775","status":"publish","type":"product","link":"https:\/\/www.hediyepazar.com\/?product=ally-arac-araba-manyetik-yan-cam-guneslik-golgelik-5775","title":{"rendered":"Ally Ara\u00e7-Araba Manyetik Yan Cam G\u00fcne\u015flik -G\u00f6lgelik-(5775)"},"content":{"rendered":"<p><strong>Ally Ara&ccedil;-Araba Manyetik Yan Cam G&uuml;ne&#351;lik -G&ouml;lgelik<\/strong><\/p>\n<p><img decoding=\"async\" data-cke-saved-src=\"https:\/\/cdn.myikas.com\/images\/4b0890c4-46f7-49c5-9b0d-d8f3dae632d6\/c74e7358-8a8d-40cf-81be-c983df3fd36f\/image_1950.webp\" src=\"https:\/\/hepsicdn.com.tr\/static\/product_detail\/hbnet0bd73bec_5172211.webp\"><\/p>\n<p><img decoding=\"async\" data-cke-saved-src=\"https:\/\/cdn.myikas.com\/images\/4b0890c4-46f7-49c5-9b0d-d8f3dae632d6\/55c1b16a-6d09-45ef-bc3c-12fcfdca00bf\/image_1950.webp\" src=\"https:\/\/hepsicdn.com.tr\/static\/product_detail\/hbnet0bd73bec_5172212.webp\"><\/p>\n<p><\/p>\n<p><img decoding=\"async\" data-cke-saved-src=\"https:\/\/cdn.myikas.com\/images\/4b0890c4-46f7-49c5-9b0d-d8f3dae632d6\/1785e9a6-2ba0-4537-a35f-79d4c681d552\/image_1950.webp\" src=\"https:\/\/hepsicdn.com.tr\/static\/product_detail\/hbnet0bd73bec_5172213.webp\"><\/p>\n<p><img decoding=\"async\" data-cke-saved-src=\"https:\/\/cdn.myikas.com\/images\/4b0890c4-46f7-49c5-9b0d-d8f3dae632d6\/10a859c9-c605-4989-ad37-07bfce04d155\/image_1950.webp\" src=\"https:\/\/hepsicdn.com.tr\/static\/product_detail\/hbnet0bd73bec_5172214.webp\"><\/p>\n<p><img decoding=\"async\" data-cke-saved-src=\"https:\/\/cdn.myikas.com\/images\/4b0890c4-46f7-49c5-9b0d-d8f3dae632d6\/e92305d6-13e5-4dbe-9047-7b418ac527cc\/image_1950.webp\" src=\"https:\/\/hepsicdn.com.tr\/static\/product_detail\/hbnet0bd73bec_5172215.webp\"><\/p>\n<p><img decoding=\"async\" data-cke-saved-src=\"https:\/\/cdn.myikas.com\/images\/4b0890c4-46f7-49c5-9b0d-d8f3dae632d6\/cebd200b-29da-4ea1-a297-b3a1f81bea50\/image_1950.webp\" src=\"https:\/\/hepsicdn.com.tr\/static\/product_detail\/hbnet0bd73bec_5172216.webp\"><\/p>\n<p><img decoding=\"async\" data-cke-saved-src=\"https:\/\/cdn.myikas.com\/images\/4b0890c4-46f7-49c5-9b0d-d8f3dae632d6\/20121978-4217-40ee-a6de-8d4782c218cb\/image_1950.webp\" src=\"https:\/\/hepsicdn.com.tr\/static\/product_detail\/hbnet0bd73bec_5172217.webp\"><\/p>\n<p><img decoding=\"async\" data-cke-saved-src=\"https:\/\/cdn.myikas.com\/images\/4b0890c4-46f7-49c5-9b0d-d8f3dae632d6\/87a05544-5f11-46b6-88f9-aee4e99f4e96\/image_1950.webp\" src=\"https:\/\/hepsicdn.com.tr\/static\/product_detail\/hbnet0bd73bec_5172218.webp\"><\/p>\n<p><img decoding=\"async\" data-cke-saved-src=\"https:\/\/cdn.myikas.com\/images\/4b0890c4-46f7-49c5-9b0d-d8f3dae632d6\/19bf4c84-912f-4a30-8ac5-bf0fd0a211e3\/image_1950.webp\" src=\"https:\/\/hepsicdn.com.tr\/static\/product_detail\/hbnet0bd73bec_5172219.webp\"><\/p>\n<p><strong>Ally Ara&ccedil;-Araba Manyetik Yan Cam G&uuml;ne&#351;lik -G&ouml;lgelik<\/strong><br \/>Yan cam g&uuml;ne&#351;li&#287;i sayesinde g&uuml;ne&#351; &#305;&#351;&#305;&#287;&#305;ndan etki &#351;ekilde korunabilirsiniz.<br \/>Dikiz aynas&#305;n&#305; engellemeyan katlanabilir tasar&#305;m&#305; sayesinde g&uuml;venli s&uuml;r&uuml;&#351; sa&#287;lar.<br \/>&Uuml;r&uuml;n geni&#351;li&#287;i 80cm&#8217;dir.<br \/>En k&#305;sa y&uuml;kseklik: 20cm<br \/>En uzun y&uuml;kseklik: 50cm<br \/>Sevimli desenlere sahiptir.<br \/>&Ccedil;ocuklar&#305;n&#305;z&#305;n arka koltukta konforla seyahat edebilmesini sa&#287;layabilirsiniz.<\/p>\n<p><\/p>\n","protected":false},"excerpt":{"rendered":"<p>Ally Ara&ccedil;-Araba Manyetik Yan Cam G&uuml;ne&#351;lik -G&ouml;lgelik Ally Ara&ccedil;-Araba Manyetik Yan Cam G&uuml;ne&#351;lik -G&ouml;lgelikYan cam g&uuml;ne&#351;li&#287;i sayesinde g&uuml;ne&#351; &#305;&#351;&#305;&#287;&#305;ndan etki &#351;ekilde korunabilirsiniz.Dikiz aynas&#305;n&#305; engellemeyan katlanabilir tasar&#305;m&#305; sayesinde g&uuml;venli s&uuml;r&uuml;&#351; sa&#287;lar.&Uuml;r&uuml;n geni&#351;li&#287;i 80cm&#8217;dir.En k&#305;sa y&uuml;kseklik: 20cmEn uzun y&uuml;kseklik: 50cmSevimli desenlere sahiptir.&Ccedil;ocuklar&#305;n&#305;z&#305;n arka koltukta konforla seyahat edebilmesini sa&#287;layabilirsiniz.<\/p>\n","protected":false},"featured_media":106479,"comment_status":"open","ping_status":"closed","template":"","meta":{"_kad_post_transparent":"","_kad_post_title":"","_kad_post_layout":"","_kad_post_sidebar_id":"","_kad_post_content_style":"","_kad_post_vertical_padding":"","_kad_post_feature":"","_kad_post_feature_position":"","_kad_post_header":false,"_kad_post_footer":false,"_kad_post_classname":""},"product_brand":[],"product_cat":[14510],"product_tag":[],"class_list":{"0":"post-106480","1":"product","2":"type-product","3":"status-publish","4":"has-post-thumbnail","6":"product_cat-oto-guneslik-perde-oto-aksesuarlari-cep-telefonu-elektronik-oto-guneslik-perde","8":"first","9":"instock","10":"purchasable","11":"product-type-simple","12":"entry","13":"content-bg","14":"loop-entry"},"_links":{"self":[{"href":"https:\/\/www.hediyepazar.com\/index.php?rest_route=\/wp\/v2\/product\/106480","targetHints":{"allow":["GET"]}}],"collection":[{"href":"https:\/\/www.hediyepazar.com\/index.php?rest_route=\/wp\/v2\/product"}],"about":[{"href":"https:\/\/www.hediyepazar.com\/index.php?rest_route=\/wp\/v2\/types\/product"}],"replies":[{"embeddable":true,"href":"https:\/\/www.hediyepazar.com\/index.php?rest_route=%2Fwp%2Fv2%2Fcomments&post=106480"}],"wp:featuredmedia":[{"embeddable":true,"href":"https:\/\/www.hediyepazar.com\/index.php?rest_route=\/wp\/v2\/media\/106479"}],"wp:attachment":[{"href":"https:\/\/www.hediyepazar.com\/index.php?rest_route=%2Fwp%2Fv2%2Fmedia&parent=106480"}],"wp:term":[{"taxonomy":"product_brand","embeddable":true,"href":"https:\/\/www.hediyepazar.com\/index.php?rest_route=%2Fwp%2Fv2%2Fproduct_brand&post=106480"},{"taxonomy":"product_cat","embeddable":true,"href":"https:\/\/www.hediyepazar.com\/index.php?rest_route=%2Fwp%2Fv2%2Fproduct_cat&post=106480"},{"taxonomy":"product_tag","embeddable":true,"href":"https:\/\/www.hediyepazar.com\/index.php?rest_route=%2Fwp%2Fv2%2Fproduct_tag&post=106480"}],"curies":[{"name":"wp","href":"https:\/\/api.w.org\/{rel}","templated":true}]}}