{"id":106494,"date":"2026-05-04T16:45:15","date_gmt":"2026-05-04T19:45:15","guid":{"rendered":"https:\/\/www.hediyepazar.com\/?product=ally-miknatisli-arac-telefon-tutucu-cam-ve-torpido-ustu-5775"},"modified":"2026-05-04T16:45:15","modified_gmt":"2026-05-04T19:45:15","slug":"ally-miknatisli-arac-telefon-tutucu-cam-ve-torpido-ustu-5775","status":"publish","type":"product","link":"https:\/\/www.hediyepazar.com\/?product=ally-miknatisli-arac-telefon-tutucu-cam-ve-torpido-ustu-5775","title":{"rendered":"ALLY M\u0131knat\u0131sl\u0131 Ara\u00e7 Telefon Tutucu Cam ve Torpido \u00dcst\u00fc-(5775)"},"content":{"rendered":"<p><iframe allow=\"accelerometer; autoplay; encrypted-media; gyroscope; picture-in-picture\" allowfullscreen=\"\" frameborder=\"0\" height=\"315\" src=\"https:\/\/www.youtube.com\/embed\/AVEg7AZJRUI\" width=\"560\"><\/iframe><\/p>\n<p><strong>ALLY M&#305;knat&#305;sl&#305; Ara&ccedil; Telefon Tutucu Cam ve Torpido &Uuml;st&uuml;<\/strong><\/p>\n<p><img decoding=\"async\" data-cke-saved-src=\"https:\/\/cdn.myikas.com\/images\/4b0890c4-46f7-49c5-9b0d-d8f3dae632d6\/7f743d58-f521-44a5-aeda-81ae9ebc4273\/image_1950.webp\" src=\"https:\/\/hepsicdn.com.tr\/static\/product_detail\/hbnet1bff7a33_5173911.webp\"><\/p>\n<p><img decoding=\"async\" data-cke-saved-src=\"https:\/\/cdn.myikas.com\/images\/4b0890c4-46f7-49c5-9b0d-d8f3dae632d6\/6163a1e6-3e4a-477d-8de3-174edfde6cc6\/image_1950.webp\" src=\"https:\/\/hepsicdn.com.tr\/static\/product_detail\/hbnet1bff7a33_5173912.webp\"><\/p>\n<p><img decoding=\"async\" data-cke-saved-src=\"https:\/\/cdn.myikas.com\/images\/4b0890c4-46f7-49c5-9b0d-d8f3dae632d6\/1a9c1d51-7de6-491a-89be-dd7f731fa3c9\/image_1950.webp\" src=\"https:\/\/hepsicdn.com.tr\/static\/product_detail\/hbnet1bff7a33_5173913.webp\"><\/p>\n<p><img decoding=\"async\" data-cke-saved-src=\"https:\/\/cdn.myikas.com\/images\/4b0890c4-46f7-49c5-9b0d-d8f3dae632d6\/c599023e-f0ea-43be-9cc9-8780340f56e6\/image_1950.webp\" src=\"https:\/\/hepsicdn.com.tr\/static\/product_detail\/hbnet1bff7a33_5173914.webp\"><\/p>\n<p><img decoding=\"async\" data-cke-saved-src=\"https:\/\/cdn.myikas.com\/images\/4b0890c4-46f7-49c5-9b0d-d8f3dae632d6\/c24cdd8a-dfda-41b0-8bad-d02ffa5dc764\/image_1950.webp\" src=\"https:\/\/hepsicdn.com.tr\/static\/product_detail\/hbnet1bff7a33_5173915.webp\"><\/p>\n<p><img decoding=\"async\" data-cke-saved-src=\"https:\/\/cdn.myikas.com\/images\/4b0890c4-46f7-49c5-9b0d-d8f3dae632d6\/88310b29-e620-498e-bba3-7de03f708b73\/image_1950.webp\" src=\"https:\/\/hepsicdn.com.tr\/static\/product_detail\/hbnet1bff7a33_5173916.webp\"><\/p>\n<p><img decoding=\"async\" data-cke-saved-src=\"https:\/\/cdn.myikas.com\/images\/4b0890c4-46f7-49c5-9b0d-d8f3dae632d6\/e4a52a74-d0a8-4185-867d-874a618f3e5e\/image_1950.webp\" src=\"https:\/\/hepsicdn.com.tr\/static\/product_detail\/hbnet1bff7a33_5173917.webp\"><\/p>\n<p><img decoding=\"async\" data-cke-saved-src=\"https:\/\/cdn.myikas.com\/images\/4b0890c4-46f7-49c5-9b0d-d8f3dae632d6\/2d058390-672a-49fc-9767-6631a949ba06\/image_1950.webp\" src=\"https:\/\/hepsicdn.com.tr\/static\/product_detail\/hbnet1bff7a33_5173918.webp\"><\/p>\n<p><img decoding=\"async\" data-cke-saved-src=\"https:\/\/cdn.myikas.com\/images\/4b0890c4-46f7-49c5-9b0d-d8f3dae632d6\/f566fa96-c5e5-4e89-86a1-4c44a9716bc3\/image_1950.webp\" src=\"https:\/\/hepsicdn.com.tr\/static\/product_detail\/hbnet1bff7a33_5173919.webp\"><\/p>\n<p><img decoding=\"async\" data-cke-saved-src=\"https:\/\/cdn.myikas.com\/images\/4b0890c4-46f7-49c5-9b0d-d8f3dae632d6\/8c5cb6da-8614-4205-bd10-12975185866a\/image_1950.webp\" src=\"https:\/\/hepsicdn.com.tr\/static\/product_detail\/hbnet1bff7a33_5173920.webp\"><\/p>\n<p><strong>ALLY M&#305;knat&#305;sl&#305; Ara&ccedil; Telefon Tutucu Cam ve Torpido &Uuml;st&uuml;<\/strong><br \/>Alt k&#305;s&#305;mdaki vakumunu istedi&#287;iniz yere yap&#305;&#351;t&#305;rarak kullanabilirsiniz.<br \/>G&uuml;&ccedil;l&uuml; m&#305;knat&#305;slar&#305; sayesinde telefonunuzu s&#305;k&#305;ca tutar.<br \/>K&#305;zak sayesinde ileri veya geri ayarlayabilirsiniz.<br \/>Kolay kurulum , &#350;&#305;k g&ouml;r&uuml;n&uuml;&#351;<\/p>\n","protected":false},"excerpt":{"rendered":"<p>ALLY M&#305;knat&#305;sl&#305; Ara&ccedil; Telefon Tutucu Cam ve Torpido &Uuml;st&uuml; ALLY M&#305;knat&#305;sl&#305; Ara&ccedil; Telefon Tutucu Cam ve Torpido &Uuml;st&uuml;Alt k&#305;s&#305;mdaki vakumunu istedi&#287;iniz yere yap&#305;&#351;t&#305;rarak kullanabilirsiniz.G&uuml;&ccedil;l&uuml; m&#305;knat&#305;slar&#305; sayesinde telefonunuzu s&#305;k&#305;ca tutar.K&#305;zak sayesinde ileri veya geri ayarlayabilirsiniz.Kolay kurulum , &#350;&#305;k g&ouml;r&uuml;n&uuml;&#351;<\/p>\n","protected":false},"featured_media":106493,"comment_status":"open","ping_status":"closed","template":"","meta":{"_kad_post_transparent":"","_kad_post_title":"","_kad_post_layout":"","_kad_post_sidebar_id":"","_kad_post_content_style":"","_kad_post_vertical_padding":"","_kad_post_feature":"","_kad_post_feature_position":"","_kad_post_header":false,"_kad_post_footer":false,"_kad_post_classname":""},"product_brand":[],"product_cat":[14532],"product_tag":[],"class_list":{"0":"post-106494","1":"product","2":"type-product","3":"status-publish","4":"has-post-thumbnail","6":"product_cat-oto-aksesuarlari-cep-telefonu-elektronik-oto-aksesuarlari","8":"first","9":"instock","10":"purchasable","11":"product-type-simple","12":"entry","13":"content-bg","14":"loop-entry"},"_links":{"self":[{"href":"https:\/\/www.hediyepazar.com\/index.php?rest_route=\/wp\/v2\/product\/106494","targetHints":{"allow":["GET"]}}],"collection":[{"href":"https:\/\/www.hediyepazar.com\/index.php?rest_route=\/wp\/v2\/product"}],"about":[{"href":"https:\/\/www.hediyepazar.com\/index.php?rest_route=\/wp\/v2\/types\/product"}],"replies":[{"embeddable":true,"href":"https:\/\/www.hediyepazar.com\/index.php?rest_route=%2Fwp%2Fv2%2Fcomments&post=106494"}],"wp:featuredmedia":[{"embeddable":true,"href":"https:\/\/www.hediyepazar.com\/index.php?rest_route=\/wp\/v2\/media\/106493"}],"wp:attachment":[{"href":"https:\/\/www.hediyepazar.com\/index.php?rest_route=%2Fwp%2Fv2%2Fmedia&parent=106494"}],"wp:term":[{"taxonomy":"product_brand","embeddable":true,"href":"https:\/\/www.hediyepazar.com\/index.php?rest_route=%2Fwp%2Fv2%2Fproduct_brand&post=106494"},{"taxonomy":"product_cat","embeddable":true,"href":"https:\/\/www.hediyepazar.com\/index.php?rest_route=%2Fwp%2Fv2%2Fproduct_cat&post=106494"},{"taxonomy":"product_tag","embeddable":true,"href":"https:\/\/www.hediyepazar.com\/index.php?rest_route=%2Fwp%2Fv2%2Fproduct_tag&post=106494"}],"curies":[{"name":"wp","href":"https:\/\/api.w.org\/{rel}","templated":true}]}}