{"id":106496,"date":"2026-05-04T16:45:23","date_gmt":"2026-05-04T19:45:23","guid":{"rendered":"https:\/\/www.hediyepazar.com\/?product=ally-epartifact-el-dogrudan-temasi-onlemek-antimikrobiyal-5775"},"modified":"2026-05-04T16:45:23","modified_gmt":"2026-05-04T19:45:23","slug":"ally-epartifact-el-dogrudan-temasi-onlemek-antimikrobiyal-5775","status":"publish","type":"product","link":"https:\/\/www.hediyepazar.com\/?product=ally-epartifact-el-dogrudan-temasi-onlemek-antimikrobiyal-5775","title":{"rendered":"ALLY Epartifact El Do\u011frudan Temas\u0131 \u00f6nlemek Antimikrobiyal-(5775)"},"content":{"rendered":"<p><strong><span style=\"font-size: 13px;\">ALLY Epartifact El Do&#287;rudan Temas&#305; &ouml;nlemek Anti-&#304;leti&#351;im &Ccedil;ubuk&nbsp;<\/span><\/strong><\/p>\n<div><\/div>\n<div><\/div>\n<div><img decoding=\"async\" data-cke-saved-src=\"https:\/\/cdn.myikas.com\/images\/4b0890c4-46f7-49c5-9b0d-d8f3dae632d6\/1f64338a-49e5-4eec-8d34-2d8c3ac93652\/image_1950.webp\" src=\"https:\/\/hepsicdn.com.tr\/static\/product_detail\/hbnet859be432_5174211.webp\"><img decoding=\"async\" data-cke-saved-src=\"https:\/\/cdn.myikas.com\/images\/4b0890c4-46f7-49c5-9b0d-d8f3dae632d6\/151841d5-fd52-482c-af9e-eef989bc033b\/image_1950.webp\" src=\"https:\/\/hepsicdn.com.tr\/static\/product_detail\/hbnet859be432_5174212.webp\"><img decoding=\"async\" data-cke-saved-src=\"https:\/\/cdn.myikas.com\/images\/4b0890c4-46f7-49c5-9b0d-d8f3dae632d6\/91f3c8aa-f808-470d-9f2b-6e9581f8ae32\/image_1950.webp\" src=\"https:\/\/hepsicdn.com.tr\/static\/product_detail\/hbnet859be432_5174213.webp\"><\/div>\n<div><img decoding=\"async\" data-cke-saved-src=\"https:\/\/cdn.myikas.com\/images\/4b0890c4-46f7-49c5-9b0d-d8f3dae632d6\/11e16181-440a-46f2-8013-20f4b92d5a1d\/image_1950.webp\" src=\"https:\/\/hepsicdn.com.tr\/static\/product_detail\/hbnet859be432_5174214.webp\"><\/div>\n<div>\n<p><strong>ALLY Epartifact El Do&#287;rudan Temas&#305; &ouml;nlemek Anti-&#304;leti&#351;im &Ccedil;ubuk ,<\/strong><\/p>\n<div>Her g&uuml;n d&#305;&#351;ar&#305; &ccedil;&#305;kmadan &ouml;nce yan&#305;n&#305;za al&#305;p insanlarla do&#287;rudan temas&#305; etkili bir &#351;ekilde azaltabilir<\/div>\n<div>iPhone, iPad ve baz&#305; dokunmatik elektronik cihazlarda kullan&#305;labilen temas ekran&#305; i&#351;levine sahiptir<\/div>\n<div>Anti-temas kap&#305; a&ccedil;aca&#287;&#305; asans&ouml;r, kap&#305; kolu, &ccedil;ekmece kolu ve di&#287;er halka a&ccedil;&#305;k yerlerde g&uuml;venle kullan&#305;labilir<\/div>\n<div>K&uuml;&ccedil;&uuml;k ve ta&#351;&#305;mas&#305; kolayd&#305;r<\/div>\n<div>Renk: Siyah<\/div>\n<div>Malzeme: ABS<\/div>\n<\/div>\n","protected":false},"excerpt":{"rendered":"<p>ALLY Epartifact El Do&#287;rudan Temas&#305; &ouml;nlemek Anti-&#304;leti&#351;im &Ccedil;ubuk&nbsp; ALLY Epartifact El Do&#287;rudan Temas&#305; &ouml;nlemek Anti-&#304;leti&#351;im &Ccedil;ubuk , Her g&uuml;n d&#305;&#351;ar&#305; &ccedil;&#305;kmadan &ouml;nce yan&#305;n&#305;za al&#305;p insanlarla do&#287;rudan temas&#305; etkili bir &#351;ekilde azaltabilir iPhone, iPad ve baz&#305; dokunmatik elektronik cihazlarda kullan&#305;labilen temas ekran&#305; i&#351;levine sahiptir Anti-temas kap&#305; a&ccedil;aca&#287;&#305; asans&ouml;r, kap&#305; kolu, &ccedil;ekmece kolu ve di&#287;er halka a&ccedil;&#305;k&#8230;<\/p>\n","protected":false},"featured_media":106495,"comment_status":"open","ping_status":"closed","template":"","meta":{"_kad_post_transparent":"","_kad_post_title":"","_kad_post_layout":"","_kad_post_sidebar_id":"","_kad_post_content_style":"","_kad_post_vertical_padding":"","_kad_post_feature":"","_kad_post_feature_position":"","_kad_post_header":false,"_kad_post_footer":false,"_kad_post_classname":""},"product_brand":[],"product_cat":[14289],"product_tag":[],"class_list":{"0":"post-106496","1":"product","2":"type-product","3":"status-publish","4":"has-post-thumbnail","6":"product_cat-diger-saglik-urunleri-genel-saglik-saglik-supermarket-diger-saglik-urunleri","8":"first","9":"instock","10":"purchasable","11":"product-type-simple","12":"entry","13":"content-bg","14":"loop-entry"},"_links":{"self":[{"href":"https:\/\/www.hediyepazar.com\/index.php?rest_route=\/wp\/v2\/product\/106496","targetHints":{"allow":["GET"]}}],"collection":[{"href":"https:\/\/www.hediyepazar.com\/index.php?rest_route=\/wp\/v2\/product"}],"about":[{"href":"https:\/\/www.hediyepazar.com\/index.php?rest_route=\/wp\/v2\/types\/product"}],"replies":[{"embeddable":true,"href":"https:\/\/www.hediyepazar.com\/index.php?rest_route=%2Fwp%2Fv2%2Fcomments&post=106496"}],"wp:featuredmedia":[{"embeddable":true,"href":"https:\/\/www.hediyepazar.com\/index.php?rest_route=\/wp\/v2\/media\/106495"}],"wp:attachment":[{"href":"https:\/\/www.hediyepazar.com\/index.php?rest_route=%2Fwp%2Fv2%2Fmedia&parent=106496"}],"wp:term":[{"taxonomy":"product_brand","embeddable":true,"href":"https:\/\/www.hediyepazar.com\/index.php?rest_route=%2Fwp%2Fv2%2Fproduct_brand&post=106496"},{"taxonomy":"product_cat","embeddable":true,"href":"https:\/\/www.hediyepazar.com\/index.php?rest_route=%2Fwp%2Fv2%2Fproduct_cat&post=106496"},{"taxonomy":"product_tag","embeddable":true,"href":"https:\/\/www.hediyepazar.com\/index.php?rest_route=%2Fwp%2Fv2%2Fproduct_tag&post=106496"}],"curies":[{"name":"wp","href":"https:\/\/api.w.org\/{rel}","templated":true}]}}