{"id":106502,"date":"2026-05-04T16:45:40","date_gmt":"2026-05-04T19:45:40","guid":{"rendered":"https:\/\/www.hediyepazar.com\/?product=ally-huawei-gt2-46mm-diamond-tas-islemeli-bumper-kilif-5775"},"modified":"2026-05-04T16:45:40","modified_gmt":"2026-05-04T19:45:40","slug":"ally-huawei-gt2-46mm-diamond-tas-islemeli-bumper-kilif-5775","status":"publish","type":"product","link":"https:\/\/www.hediyepazar.com\/?product=ally-huawei-gt2-46mm-diamond-tas-islemeli-bumper-kilif-5775","title":{"rendered":"ALLY Huawei GT2 46mm Diamond Ta\u015f \u0130\u015flemeli Bumper K\u0131l\u0131f-(5775)"},"content":{"rendered":"<p><strong>ALLY Huawei GT2 46mm Diamond Ta&#351; &#304;&#351;lemeli Bumper K&#305;l&#305;f<\/strong><\/p>\n<\/p>\n<\/p>\n<\/p>\n<\/p>\n<\/p>\n<p><strong>ALLY Huawei GT2 46mm Diamond Ta&#351; &#304;&#351;lemeli Bumper K&#305;l&#305;f<\/strong><br \/>Etkileyici tasar&#305;m&#305;yla g&ouml;z al&#305;c&#305;<br \/>Her zevke uyum sa&#287;layacak renk se&ccedil;enekleri mevcuttur<br \/>Saatinize fit uyarak tarz&#305;n&#305;z&#305;n bir par&ccedil;as&#305; olacak<\/p>\n","protected":false},"excerpt":{"rendered":"<p>ALLY Huawei GT2 46mm Diamond Ta&#351; &#304;&#351;lemeli Bumper K&#305;l&#305;f ALLY Huawei GT2 46mm Diamond Ta&#351; &#304;&#351;lemeli Bumper K&#305;l&#305;fEtkileyici tasar&#305;m&#305;yla g&ouml;z al&#305;c&#305;Her zevke uyum sa&#287;layacak renk se&ccedil;enekleri mevcutturSaatinize fit uyarak tarz&#305;n&#305;z&#305;n bir par&ccedil;as&#305; olacak<\/p>\n","protected":false},"featured_media":106501,"comment_status":"open","ping_status":"closed","template":"","meta":{"_kad_post_transparent":"","_kad_post_title":"","_kad_post_layout":"","_kad_post_sidebar_id":"","_kad_post_content_style":"","_kad_post_vertical_padding":"","_kad_post_feature":"","_kad_post_feature_position":"","_kad_post_header":false,"_kad_post_footer":false,"_kad_post_classname":""},"product_brand":[],"product_cat":[14524],"product_tag":[],"class_list":{"0":"post-106502","1":"product","2":"type-product","3":"status-publish","4":"has-post-thumbnail","6":"product_cat-akilli-saat-kordon-giyilebilir-teknoloji-elektronik-akilli-saat-kordon","8":"first","9":"instock","10":"purchasable","11":"product-type-simple","12":"entry","13":"content-bg","14":"loop-entry"},"_links":{"self":[{"href":"https:\/\/www.hediyepazar.com\/index.php?rest_route=\/wp\/v2\/product\/106502","targetHints":{"allow":["GET"]}}],"collection":[{"href":"https:\/\/www.hediyepazar.com\/index.php?rest_route=\/wp\/v2\/product"}],"about":[{"href":"https:\/\/www.hediyepazar.com\/index.php?rest_route=\/wp\/v2\/types\/product"}],"replies":[{"embeddable":true,"href":"https:\/\/www.hediyepazar.com\/index.php?rest_route=%2Fwp%2Fv2%2Fcomments&post=106502"}],"wp:featuredmedia":[{"embeddable":true,"href":"https:\/\/www.hediyepazar.com\/index.php?rest_route=\/wp\/v2\/media\/106501"}],"wp:attachment":[{"href":"https:\/\/www.hediyepazar.com\/index.php?rest_route=%2Fwp%2Fv2%2Fmedia&parent=106502"}],"wp:term":[{"taxonomy":"product_brand","embeddable":true,"href":"https:\/\/www.hediyepazar.com\/index.php?rest_route=%2Fwp%2Fv2%2Fproduct_brand&post=106502"},{"taxonomy":"product_cat","embeddable":true,"href":"https:\/\/www.hediyepazar.com\/index.php?rest_route=%2Fwp%2Fv2%2Fproduct_cat&post=106502"},{"taxonomy":"product_tag","embeddable":true,"href":"https:\/\/www.hediyepazar.com\/index.php?rest_route=%2Fwp%2Fv2%2Fproduct_tag&post=106502"}],"curies":[{"name":"wp","href":"https:\/\/api.w.org\/{rel}","templated":true}]}}