{"id":106566,"date":"2026-05-04T16:52:24","date_gmt":"2026-05-04T19:52:24","guid":{"rendered":"https:\/\/www.hediyepazar.com\/?product=sikai-xiaomi-mi-box-s-uzaktan-kumanda-silikon-kilif-5775"},"modified":"2026-05-04T16:52:24","modified_gmt":"2026-05-04T19:52:24","slug":"sikai-xiaomi-mi-box-s-uzaktan-kumanda-silikon-kilif-5775","status":"publish","type":"product","link":"https:\/\/www.hediyepazar.com\/?product=sikai-xiaomi-mi-box-s-uzaktan-kumanda-silikon-kilif-5775","title":{"rendered":"SIKAI X\u0130AOM\u0130 M\u0130 Box S Uzaktan Kumanda Silikon k\u0131l\u0131f-(5775)"},"content":{"rendered":"<p><strong>SIKAI X&#304;AOM&#304; M&#304; Box S Uzaktan Kumanda Silikon k&#305;l&#305;f<\/strong><\/p>\n<p><b>Kumanda de&#287;ildir!<\/b><\/p>\n<p><img decoding=\"async\" data-cke-saved-src=\"https:\/\/cdn.myikas.com\/images\/4b0890c4-46f7-49c5-9b0d-d8f3dae632d6\/75e59a3d-3db1-40a2-b937-1c2578faf990\/image_1950.webp\" src=\"https:\/\/hepsicdn.com.tr\/static\/product_detail\/hbnetcf4510e7_5180711.webp\"><\/p>\n<p><img decoding=\"async\" data-cke-saved-src=\"https:\/\/cdn.myikas.com\/images\/4b0890c4-46f7-49c5-9b0d-d8f3dae632d6\/cf1cad7a-ab07-49ea-9915-92d868721ec6\/image_1950.webp\" src=\"https:\/\/hepsicdn.com.tr\/static\/product_detail\/hbnetcf4510e7_5180712.webp\"><\/p>\n<p><img decoding=\"async\" data-cke-saved-src=\"https:\/\/cdn.myikas.com\/images\/4b0890c4-46f7-49c5-9b0d-d8f3dae632d6\/56b4ab51-3ede-45ad-9699-50a56269244b\/image_1950.webp\" src=\"https:\/\/hepsicdn.com.tr\/static\/product_detail\/hbnetcf4510e7_5180713.webp\"><\/p>\n<p><img decoding=\"async\" data-cke-saved-src=\"https:\/\/cdn.myikas.com\/images\/4b0890c4-46f7-49c5-9b0d-d8f3dae632d6\/61cd2aa0-113c-4698-a3fb-3c40f88ab31e\/image_1950.webp\" src=\"https:\/\/hepsicdn.com.tr\/static\/product_detail\/hbnetcf4510e7_5180714.webp\"><\/p>\n<p><img decoding=\"async\" data-cke-saved-src=\"https:\/\/cdn.myikas.com\/images\/4b0890c4-46f7-49c5-9b0d-d8f3dae632d6\/9a810b80-9f87-400e-81f0-63f29268a9bf\/image_1950.webp\" src=\"https:\/\/hepsicdn.com.tr\/static\/product_detail\/hbnetcf4510e7_5180715.webp\"><\/p>\n<p><img decoding=\"async\" data-cke-saved-src=\"https:\/\/cdn.myikas.com\/images\/4b0890c4-46f7-49c5-9b0d-d8f3dae632d6\/06b9d99b-0c53-45f1-bded-b49b3323500f\/image_1950.webp\" src=\"https:\/\/hepsicdn.com.tr\/static\/product_detail\/hbnetcf4510e7_5180716.webp\"><\/p>\n<p><img decoding=\"async\" data-cke-saved-src=\"https:\/\/cdn.myikas.com\/images\/4b0890c4-46f7-49c5-9b0d-d8f3dae632d6\/80aefe62-29e3-4785-b74e-3748ea13fc1a\/image_1950.webp\" src=\"https:\/\/hepsicdn.com.tr\/static\/product_detail\/hbnetcf4510e7_5180717.webp\"><\/p>\n<p><strong>SIKAI X&#304;AOM&#304; M&#304; Box S Uzaktan Kumanda Silikon k&#305;l&#305;f<\/strong><\/p>\n<p>Xiaomi Mi Box S uzaktan kumandas&#305; i&ccedil;in &ouml;zel olarak tasarlanm&#305;&#351; SIKAI silikon k&#305;l&#305;f<br \/>Mi Box&#8217;&#305;n&#305;z&#305; g&uuml;nl&uuml;k darbeden etkili bir &#351;ekilde koruyabilir<br \/>&Ccedil;ocuklar&#305;n&#305;za ve ailelerinize zarar vermeyen RoHS testli &ccedil;evre dostu silikondan &uuml;retilmi&#351;tir<\/p>\n<p><\/p>\n","protected":false},"excerpt":{"rendered":"<p>SIKAI X&#304;AOM&#304; M&#304; Box S Uzaktan Kumanda Silikon k&#305;l&#305;f Kumanda de&#287;ildir! SIKAI X&#304;AOM&#304; M&#304; Box S Uzaktan Kumanda Silikon k&#305;l&#305;f Xiaomi Mi Box S uzaktan kumandas&#305; i&ccedil;in &ouml;zel olarak tasarlanm&#305;&#351; SIKAI silikon k&#305;l&#305;fMi Box&#8217;&#305;n&#305;z&#305; g&uuml;nl&uuml;k darbeden etkili bir &#351;ekilde koruyabilir&Ccedil;ocuklar&#305;n&#305;za ve ailelerinize zarar vermeyen RoHS testli &ccedil;evre dostu silikondan &uuml;retilmi&#351;tir<\/p>\n","protected":false},"featured_media":106565,"comment_status":"open","ping_status":"closed","template":"","meta":{"_kad_post_transparent":"","_kad_post_title":"","_kad_post_layout":"","_kad_post_sidebar_id":"","_kad_post_content_style":"","_kad_post_vertical_padding":"","_kad_post_feature":"","_kad_post_feature_position":"","_kad_post_header":false,"_kad_post_footer":false,"_kad_post_classname":""},"product_brand":[],"product_cat":[14520],"product_tag":[],"class_list":{"0":"post-106566","1":"product","2":"type-product","3":"status-publish","4":"has-post-thumbnail","6":"product_cat-telefon-kilifi-cep-telefonu-aksesuarlari-cep-telefonu-elektronik-telefon-kilifi","8":"first","9":"instock","10":"purchasable","11":"product-type-simple","12":"entry","13":"content-bg","14":"loop-entry"},"_links":{"self":[{"href":"https:\/\/www.hediyepazar.com\/index.php?rest_route=\/wp\/v2\/product\/106566","targetHints":{"allow":["GET"]}}],"collection":[{"href":"https:\/\/www.hediyepazar.com\/index.php?rest_route=\/wp\/v2\/product"}],"about":[{"href":"https:\/\/www.hediyepazar.com\/index.php?rest_route=\/wp\/v2\/types\/product"}],"replies":[{"embeddable":true,"href":"https:\/\/www.hediyepazar.com\/index.php?rest_route=%2Fwp%2Fv2%2Fcomments&post=106566"}],"wp:featuredmedia":[{"embeddable":true,"href":"https:\/\/www.hediyepazar.com\/index.php?rest_route=\/wp\/v2\/media\/106565"}],"wp:attachment":[{"href":"https:\/\/www.hediyepazar.com\/index.php?rest_route=%2Fwp%2Fv2%2Fmedia&parent=106566"}],"wp:term":[{"taxonomy":"product_brand","embeddable":true,"href":"https:\/\/www.hediyepazar.com\/index.php?rest_route=%2Fwp%2Fv2%2Fproduct_brand&post=106566"},{"taxonomy":"product_cat","embeddable":true,"href":"https:\/\/www.hediyepazar.com\/index.php?rest_route=%2Fwp%2Fv2%2Fproduct_cat&post=106566"},{"taxonomy":"product_tag","embeddable":true,"href":"https:\/\/www.hediyepazar.com\/index.php?rest_route=%2Fwp%2Fv2%2Fproduct_tag&post=106566"}],"curies":[{"name":"wp","href":"https:\/\/api.w.org\/{rel}","templated":true}]}}