{"id":106570,"date":"2026-05-04T16:52:36","date_gmt":"2026-05-04T19:52:36","guid":{"rendered":"https:\/\/www.hediyepazar.com\/?product=ally-torpido-ustu-teleskopik-arac-telefon-tutucu-5775"},"modified":"2026-05-04T16:52:36","modified_gmt":"2026-05-04T19:52:36","slug":"ally-torpido-ustu-teleskopik-arac-telefon-tutucu-5775","status":"publish","type":"product","link":"https:\/\/www.hediyepazar.com\/?product=ally-torpido-ustu-teleskopik-arac-telefon-tutucu-5775","title":{"rendered":"ALLY Torpido \u00dcst\u00fc Teleskopik Ara\u00e7 Telefon Tutucu-(5775)"},"content":{"rendered":"<p><\/p>\n<p><strong>ALLY Karbon Fiber Torpido &Uuml;st&uuml; Teleskopik Ara&ccedil; Telefon Tutucu<\/strong><\/p>\n<p><img decoding=\"async\" data-cke-saved-src=\"https:\/\/cdn.myikas.com\/images\/4b0890c4-46f7-49c5-9b0d-d8f3dae632d6\/a758dd4a-eccd-4f9c-8175-a1f230a1996e\/image_1950.webp\" src=\"https:\/\/hepsicdn.com.tr\/static\/product_detail\/hbnetd94620fc_5181111.webp\"><\/p>\n<p><img decoding=\"async\" data-cke-saved-src=\"https:\/\/cdn.myikas.com\/images\/4b0890c4-46f7-49c5-9b0d-d8f3dae632d6\/15c1a736-12cb-4f04-a9d9-a71c18749f90\/image_1950.webp\" src=\"https:\/\/hepsicdn.com.tr\/static\/product_detail\/hbnetd94620fc_5181112.webp\"><\/p>\n<p><img decoding=\"async\" data-cke-saved-src=\"https:\/\/cdn.myikas.com\/images\/4b0890c4-46f7-49c5-9b0d-d8f3dae632d6\/e92f6b86-fe21-4b2a-9809-f251adc0a881\/image_1950.webp\" src=\"https:\/\/hepsicdn.com.tr\/static\/product_detail\/hbnetd94620fc_5181113.webp\"><\/p>\n<p><img decoding=\"async\" data-cke-saved-src=\"https:\/\/cdn.myikas.com\/images\/4b0890c4-46f7-49c5-9b0d-d8f3dae632d6\/69810ca5-46ab-41d9-ab70-9b65e7aeebeb\/image_1950.webp\" src=\"https:\/\/hepsicdn.com.tr\/static\/product_detail\/hbnetd94620fc_5181114.webp\"><\/p>\n<p><img decoding=\"async\" data-cke-saved-src=\"https:\/\/cdn.myikas.com\/images\/4b0890c4-46f7-49c5-9b0d-d8f3dae632d6\/04d16793-1f68-48f4-99b8-5598f44ef761\/image_1950.webp\" src=\"https:\/\/hepsicdn.com.tr\/static\/product_detail\/hbnetd94620fc_5181115.webp\"><\/p>\n<p><img decoding=\"async\" data-cke-saved-src=\"https:\/\/cdn.myikas.com\/images\/4b0890c4-46f7-49c5-9b0d-d8f3dae632d6\/238db6de-d1c2-4e32-9bf0-88256a73fae5\/image_1950.webp\" src=\"https:\/\/hepsicdn.com.tr\/static\/product_detail\/hbnetd94620fc_5181116.webp\"><\/p>\n<p><img decoding=\"async\" data-cke-saved-src=\"https:\/\/cdn.myikas.com\/images\/4b0890c4-46f7-49c5-9b0d-d8f3dae632d6\/bfb95ecc-9038-472e-9883-52443849c890\/image_1950.webp\" src=\"https:\/\/hepsicdn.com.tr\/static\/product_detail\/hbnetd94620fc_5181117.webp\">&#8203;<\/p>\n<p><strong>ALLY Karbon Fiber Torpido &Uuml;st&uuml; Teleskopik Ara&ccedil; Telefon Tutucu<\/strong><\/p>\n<p><span font-size:=\"\" helvetica=\"\" style=\"color: rgb(73, 83, 94); font-family: \" text-align:=\"\">&Uuml;&ccedil;gen sabitleme tasar&#305;m&#305; cep telefonunuzu sabit bir &#351;ekide tutar<\/span><br font-size:=\"\" helvetica=\"\" style=\"box-sizing: border-box; color: rgb(73, 83, 94); font-family: \" text-align:=\"\"\/><span font-size:=\"\" helvetica=\"\" style=\"color: rgb(73, 83, 94); font-family: \" text-align:=\"\">G&uuml;&ccedil;l&uuml; vantuzlu olup &ouml;n cama veya konsola yap&#305;&#351;r&#305;labilir<\/span><br font-size:=\"\" helvetica=\"\" style=\"box-sizing: border-box; color: rgb(73, 83, 94); font-family: \" text-align:=\"\"\/><span font-size:=\"\" helvetica=\"\" style=\"color: rgb(73, 83, 94); font-family: \" text-align:=\"\">Tek elle al ve yerle&#351;tir, s&uuml;r&uuml;&#351; s&#305;ras&#305;nda daha kolay kullan&#305;m sa&#287;lar<\/span><br font-size:=\"\" helvetica=\"\" style=\"box-sizing: border-box; color: rgb(73, 83, 94); font-family: \" text-align:=\"\"\/><span font-size:=\"\" helvetica=\"\" style=\"color: rgb(73, 83, 94); font-family: \" text-align:=\"\">Vantuz tutucu kolu 270 derecede serbest&ccedil;e d&ouml;nebilir<\/span><br font-size:=\"\" helvetica=\"\" style=\"box-sizing: border-box; color: rgb(73, 83, 94); font-family: \" text-align:=\"\"\/><span font-size:=\"\" helvetica=\"\" style=\"color: rgb(73, 83, 94); font-family: \" text-align:=\"\">Farkl&#305; kullan&#305;m gereksinimlerini kar&#351;&#305;lamak i&ccedil;in serbest&ccedil;e ayarlanabilir<\/span><br font-size:=\"\" helvetica=\"\" style=\"box-sizing: border-box; color: rgb(73, 83, 94); font-family: \" text-align:=\"\"\/><span font-size:=\"\" helvetica=\"\" style=\"color: rgb(73, 83, 94); font-family: \" text-align:=\"\">&Ccedil;ok a&ccedil;&#305;l&#305; g&ouml;r&uuml;nt&uuml;leme i&ccedil;in 360 derece d&ouml;nen ba&#351;l&#305;k<\/span><br font-size:=\"\" helvetica=\"\" style=\"box-sizing: border-box; color: rgb(73, 83, 94); font-family: \" text-align:=\"\"\/><\/p>\n","protected":false},"excerpt":{"rendered":"<p>ALLY Karbon Fiber Torpido &Uuml;st&uuml; Teleskopik Ara&ccedil; Telefon Tutucu &#8203; ALLY Karbon Fiber Torpido &Uuml;st&uuml; Teleskopik Ara&ccedil; Telefon Tutucu &Uuml;&ccedil;gen sabitleme tasar&#305;m&#305; cep telefonunuzu sabit bir &#351;ekide tutarG&uuml;&ccedil;l&uuml; vantuzlu olup &ouml;n cama veya konsola yap&#305;&#351;r&#305;labilirTek elle al ve yerle&#351;tir, s&uuml;r&uuml;&#351; s&#305;ras&#305;nda daha kolay kullan&#305;m sa&#287;larVantuz tutucu kolu 270 derecede serbest&ccedil;e d&ouml;nebilirFarkl&#305; kullan&#305;m gereksinimlerini kar&#351;&#305;lamak i&ccedil;in&#8230;<\/p>\n","protected":false},"featured_media":106569,"comment_status":"open","ping_status":"closed","template":"","meta":{"_kad_post_transparent":"","_kad_post_title":"","_kad_post_layout":"","_kad_post_sidebar_id":"","_kad_post_content_style":"","_kad_post_vertical_padding":"","_kad_post_feature":"","_kad_post_feature_position":"","_kad_post_header":false,"_kad_post_footer":false,"_kad_post_classname":""},"product_brand":[],"product_cat":[14532],"product_tag":[],"class_list":{"0":"post-106570","1":"product","2":"type-product","3":"status-publish","4":"has-post-thumbnail","6":"product_cat-oto-aksesuarlari-cep-telefonu-elektronik-oto-aksesuarlari","8":"first","9":"instock","10":"purchasable","11":"product-type-simple","12":"entry","13":"content-bg","14":"loop-entry"},"_links":{"self":[{"href":"https:\/\/www.hediyepazar.com\/index.php?rest_route=\/wp\/v2\/product\/106570","targetHints":{"allow":["GET"]}}],"collection":[{"href":"https:\/\/www.hediyepazar.com\/index.php?rest_route=\/wp\/v2\/product"}],"about":[{"href":"https:\/\/www.hediyepazar.com\/index.php?rest_route=\/wp\/v2\/types\/product"}],"replies":[{"embeddable":true,"href":"https:\/\/www.hediyepazar.com\/index.php?rest_route=%2Fwp%2Fv2%2Fcomments&post=106570"}],"wp:featuredmedia":[{"embeddable":true,"href":"https:\/\/www.hediyepazar.com\/index.php?rest_route=\/wp\/v2\/media\/106569"}],"wp:attachment":[{"href":"https:\/\/www.hediyepazar.com\/index.php?rest_route=%2Fwp%2Fv2%2Fmedia&parent=106570"}],"wp:term":[{"taxonomy":"product_brand","embeddable":true,"href":"https:\/\/www.hediyepazar.com\/index.php?rest_route=%2Fwp%2Fv2%2Fproduct_brand&post=106570"},{"taxonomy":"product_cat","embeddable":true,"href":"https:\/\/www.hediyepazar.com\/index.php?rest_route=%2Fwp%2Fv2%2Fproduct_cat&post=106570"},{"taxonomy":"product_tag","embeddable":true,"href":"https:\/\/www.hediyepazar.com\/index.php?rest_route=%2Fwp%2Fv2%2Fproduct_tag&post=106570"}],"curies":[{"name":"wp","href":"https:\/\/api.w.org\/{rel}","templated":true}]}}