{"id":106576,"date":"2026-05-04T16:54:02","date_gmt":"2026-05-04T19:54:02","guid":{"rendered":"https:\/\/www.hediyepazar.com\/?product=plextone-g800-3-5mm-teleskopik-kablolu-gaming-oyuncu-kulakligi-5775"},"modified":"2026-05-04T16:54:02","modified_gmt":"2026-05-04T19:54:02","slug":"plextone-g800-3-5mm-teleskopik-kablolu-gaming-oyuncu-kulakligi-5775","status":"publish","type":"product","link":"https:\/\/www.hediyepazar.com\/?product=plextone-g800-3-5mm-teleskopik-kablolu-gaming-oyuncu-kulakligi-5775","title":{"rendered":"Plextone G800 3.5mm Teleskopik Kablolu Gaming Oyuncu Kulakl\u0131\u011f\u0131-(5775)"},"content":{"rendered":"<p><strong>Plextone G800 3.5mm Teleskopik Kablolu Gaming Oyuncu Kulakl&#305;&#287;&#305;<\/strong><\/p>\n<p><img decoding=\"async\" alt=\"\" data-cke-saved-src=\"https:\/\/cdn.myikas.com\/images\/4b0890c4-46f7-49c5-9b0d-d8f3dae632d6\/3023d1bd-47aa-4d17-97ae-97cb7a0104a8\/image_1950.webp\" src=\"https:\/\/cdn.myikas.com\/images\/4b0890c4-46f7-49c5-9b0d-d8f3dae632d6\/3023d1bd-47aa-4d17-97ae-97cb7a0104a8\/image_1950.webp\"\/><\/p>\n<p><img decoding=\"async\" data-cke-saved-src=\"https:\/\/cdn.myikas.com\/images\/4b0890c4-46f7-49c5-9b0d-d8f3dae632d6\/f6ef7908-7ab2-4679-a237-fdba8b3dee0e\/image_1950.webp\" src=\"https:\/\/hepsicdn.com.tr\/static\/product_detail\/hbnet546bc86c_5181611.webp\"><\/p>\n<p><img decoding=\"async\" data-cke-saved-src=\"https:\/\/cdn.myikas.com\/images\/4b0890c4-46f7-49c5-9b0d-d8f3dae632d6\/9cf4c010-7bc7-4670-9fe5-a4fcbd025e8c\/image_1950.webp\" src=\"https:\/\/hepsicdn.com.tr\/static\/product_detail\/hbnet546bc86c_5181612.webp\"><\/p>\n<p><img decoding=\"async\" data-cke-saved-src=\"https:\/\/cdn.myikas.com\/images\/4b0890c4-46f7-49c5-9b0d-d8f3dae632d6\/8ef8f243-19d4-4f8d-b94d-897ad4acdf66\/image_1950.webp\" src=\"https:\/\/hepsicdn.com.tr\/static\/product_detail\/hbnet546bc86c_5181613.webp\"><\/p>\n<p><img decoding=\"async\" data-cke-saved-src=\"https:\/\/cdn.myikas.com\/images\/4b0890c4-46f7-49c5-9b0d-d8f3dae632d6\/812d7f07-733b-4baa-9f14-825512f08036\/image_1950.webp\" src=\"https:\/\/hepsicdn.com.tr\/static\/product_detail\/hbnet546bc86c_5181614.webp\"><\/p>\n<p><img decoding=\"async\" data-cke-saved-src=\"https:\/\/cdn.myikas.com\/images\/4b0890c4-46f7-49c5-9b0d-d8f3dae632d6\/63a98200-cb08-445f-aa30-3902a973783f\/image_1950.webp\" src=\"https:\/\/hepsicdn.com.tr\/static\/product_detail\/hbnet546bc86c_5181615.webp\"><\/p>\n<p><img decoding=\"async\" data-cke-saved-src=\"https:\/\/cdn.myikas.com\/images\/4b0890c4-46f7-49c5-9b0d-d8f3dae632d6\/84c6d86b-83c8-42ce-8bf6-3d34cce3897e\/image_1950.webp\" src=\"https:\/\/hepsicdn.com.tr\/static\/product_detail\/hbnet546bc86c_5181616.webp\"><\/p>\n<p><img decoding=\"async\" data-cke-saved-src=\"https:\/\/cdn.myikas.com\/images\/4b0890c4-46f7-49c5-9b0d-d8f3dae632d6\/61ffb6f8-64ca-49ea-90f6-51923f8139d4\/image_1950.webp\" src=\"https:\/\/hepsicdn.com.tr\/static\/product_detail\/hbnet546bc86c_5181617.webp\"><\/p>\n<\/p>\n<\/p>\n<p>&#8203;<\/p>\n<p><strong>Plextone G800 3.5mm Teleskopik Kablolu Gaming Oyuncu Kulakl&#305;&#287;&#305;<\/strong><br \/>190 mm uzunlu&#287;unda, y&uuml;ksek hassasiyet performans&#305;na sahip &ccedil;ok y&ouml;nl&uuml; mikrofon esnek ve sabit a&ccedil;&#305;l&#305;<br \/>&Ouml;l&ccedil;ekli ayarlanabilir metal kol, &ouml;l&ccedil;ek pozisyonu i&ccedil;in yedi b&ouml;l&uuml;me ayr&#305;lm&#305;&#351;t&#305;r, bu da kendi konumuna do&#287;ru bir &#351;ekilde ayarlanabilir.<br \/>Y&uuml;ksek hassasiyetli 50mm manyetik neodimyum s&uuml;r&uuml;c&uuml;, hoparl&ouml;r &uuml;nitesinin hassasiyetini art&#305;r&#305;r, y&uuml;ksek hassasiyetli ses alabilir, missies, ayak sesleri ve t&uuml;m oyundaki t&uuml;m &ouml;zel ses efektlerini alabilir.<br \/>Gizli volan kar&#305;&#351;t&#305;r&#305;c&#305;, tek dokunu&#351;la mikrofon sessiz.<br \/>269g a&#287;&#305;rl&#305;&#287;&#305;ndaki oyuncular i&ccedil;in en hafif kulak &uuml;st&uuml; kulakl&#305;klardan biri<br \/>Y&uuml;ksek hassas ses alabilen, f&uuml;zeleri, ayak izlerini ve t&uuml;m &ouml;zel ses efektlerini yakalayan 50mm rubidyum, demir ve bor hoparl&ouml;rler ile donat&#305;lm&#305;&#351; bir oyun kaynatmak i&ccedil;in tasarlanm&#305;&#351;t&#305;r.<br \/>Daha iyi oyun deneyimi i&ccedil;in 90cm ses yama kablosu uzatma ile Ultra uzun 190mm kordon.<br \/>Mobil cihazlar\/PC\/ PS4\/ Switch\/ Bilgisayarlar ile uyumlu 3.5mm cep telefonu jack giri&#351;i ile ba&#287;lan&#305;r.<br \/>Marka: Plextone<br \/>Model: G800<br \/>Renk: Siyah, Gri<br \/>Kulakl&#305;k kablo uzunlu&#287;u: 1.2m<br \/>PC ses yama uzunlu&#287;u: 90cm<br \/>Net a&#287;&#305;rl&#305;k (g): 269g<br \/>Mikrofon: Var<br \/>Ses kontrol&uuml;: Var<br \/>Bir anahtar sessiz d&uuml;&#287;mesi: Var<br \/>Metal kol ayar&#305;: 7 b&ouml;l&uuml;m<br \/>Jack: 3.5mm<br \/>Hoparl&ouml;r &ccedil;ap&#305;: 50mm<br \/>Hassasiyet almak: 101dB<br \/>Empedans: 32&Omega;<br \/>Frekans yan&#305;t&#305;: 20-20kHz<\/p>\n<p>&#8203;<\/p>\n","protected":false},"excerpt":{"rendered":"<p>Plextone G800 3.5mm Teleskopik Kablolu Gaming Oyuncu Kulakl&#305;&#287;&#305; &#8203; Plextone G800 3.5mm Teleskopik Kablolu Gaming Oyuncu Kulakl&#305;&#287;&#305;190 mm uzunlu&#287;unda, y&uuml;ksek hassasiyet performans&#305;na sahip &ccedil;ok y&ouml;nl&uuml; mikrofon esnek ve sabit a&ccedil;&#305;l&#305;&Ouml;l&ccedil;ekli ayarlanabilir metal kol, &ouml;l&ccedil;ek pozisyonu i&ccedil;in yedi b&ouml;l&uuml;me ayr&#305;lm&#305;&#351;t&#305;r, bu da kendi konumuna do&#287;ru bir &#351;ekilde ayarlanabilir.Y&uuml;ksek hassasiyetli 50mm manyetik neodimyum s&uuml;r&uuml;c&uuml;, hoparl&ouml;r &uuml;nitesinin hassasiyetini&#8230;<\/p>\n","protected":false},"featured_media":106575,"comment_status":"open","ping_status":"closed","template":"","meta":{"_kad_post_transparent":"","_kad_post_title":"","_kad_post_layout":"","_kad_post_sidebar_id":"","_kad_post_content_style":"","_kad_post_vertical_padding":"","_kad_post_feature":"","_kad_post_feature_position":"","_kad_post_header":false,"_kad_post_footer":false,"_kad_post_classname":""},"product_brand":[],"product_cat":[14634],"product_tag":[],"class_list":{"0":"post-106576","1":"product","2":"type-product","3":"status-publish","4":"has-post-thumbnail","6":"product_cat-kulaklik-elektronik-kulaklik-elektronik","8":"first","9":"instock","10":"purchasable","11":"product-type-simple","12":"entry","13":"content-bg","14":"loop-entry"},"_links":{"self":[{"href":"https:\/\/www.hediyepazar.com\/index.php?rest_route=\/wp\/v2\/product\/106576","targetHints":{"allow":["GET"]}}],"collection":[{"href":"https:\/\/www.hediyepazar.com\/index.php?rest_route=\/wp\/v2\/product"}],"about":[{"href":"https:\/\/www.hediyepazar.com\/index.php?rest_route=\/wp\/v2\/types\/product"}],"replies":[{"embeddable":true,"href":"https:\/\/www.hediyepazar.com\/index.php?rest_route=%2Fwp%2Fv2%2Fcomments&post=106576"}],"wp:featuredmedia":[{"embeddable":true,"href":"https:\/\/www.hediyepazar.com\/index.php?rest_route=\/wp\/v2\/media\/106575"}],"wp:attachment":[{"href":"https:\/\/www.hediyepazar.com\/index.php?rest_route=%2Fwp%2Fv2%2Fmedia&parent=106576"}],"wp:term":[{"taxonomy":"product_brand","embeddable":true,"href":"https:\/\/www.hediyepazar.com\/index.php?rest_route=%2Fwp%2Fv2%2Fproduct_brand&post=106576"},{"taxonomy":"product_cat","embeddable":true,"href":"https:\/\/www.hediyepazar.com\/index.php?rest_route=%2Fwp%2Fv2%2Fproduct_cat&post=106576"},{"taxonomy":"product_tag","embeddable":true,"href":"https:\/\/www.hediyepazar.com\/index.php?rest_route=%2Fwp%2Fv2%2Fproduct_tag&post=106576"}],"curies":[{"name":"wp","href":"https:\/\/api.w.org\/{rel}","templated":true}]}}