{"id":106578,"date":"2026-05-04T16:54:08","date_gmt":"2026-05-04T19:54:08","guid":{"rendered":"https:\/\/www.hediyepazar.com\/?product=ally-guclu-miknatisli-karbon-fiber-arac-havalandirma-telefon-tutucu-5775"},"modified":"2026-05-04T16:54:08","modified_gmt":"2026-05-04T19:54:08","slug":"ally-guclu-miknatisli-karbon-fiber-arac-havalandirma-telefon-tutucu-5775","status":"publish","type":"product","link":"https:\/\/www.hediyepazar.com\/?product=ally-guclu-miknatisli-karbon-fiber-arac-havalandirma-telefon-tutucu-5775","title":{"rendered":"Ally G\u00fc\u00e7l\u00fc M\u0131knat\u0131sl\u0131 Karbon Fiber Ara\u00e7 Havaland\u0131rma Telefon Tutucu-(5775)"},"content":{"rendered":"<p><strong>Ally G&uuml;&ccedil;l&uuml; M&#305;knat&#305;sl&#305; Karbon Fiber Ara&ccedil; Havaland&#305;rma Telefon Tutucu<\/strong><\/p>\n<p><img decoding=\"async\" data-cke-saved-src=\"https:\/\/cdn.myikas.com\/images\/4b0890c4-46f7-49c5-9b0d-d8f3dae632d6\/e218ef35-6283-4bc1-a360-ed82f9166cb6\/image_1950.webp\" src=\"https:\/\/hepsicdn.com.tr\/static\/product_detail\/hbnet8ef89959_5181911.webp\"><\/p>\n<p><img decoding=\"async\" data-cke-saved-src=\"https:\/\/cdn.myikas.com\/images\/4b0890c4-46f7-49c5-9b0d-d8f3dae632d6\/28dc3f9d-9905-4a8d-a383-a5be1b51c19f\/image_1950.webp\" src=\"https:\/\/hepsicdn.com.tr\/static\/product_detail\/hbnet8ef89959_5181912.webp\"><\/p>\n<p><img decoding=\"async\" data-cke-saved-src=\"https:\/\/cdn.myikas.com\/images\/4b0890c4-46f7-49c5-9b0d-d8f3dae632d6\/b8ed26cd-433a-49af-a502-87f726c6ce1b\/image_1950.webp\" src=\"https:\/\/hepsicdn.com.tr\/static\/product_detail\/hbnet8ef89959_5181913.webp\"><\/p>\n<p><img decoding=\"async\" data-cke-saved-src=\"https:\/\/cdn.myikas.com\/images\/4b0890c4-46f7-49c5-9b0d-d8f3dae632d6\/6d46b614-6c4e-44ab-a0a6-f02e75abbf78\/image_1950.webp\" src=\"https:\/\/hepsicdn.com.tr\/static\/product_detail\/hbnet8ef89959_5181914.webp\"><\/p>\n<p><img decoding=\"async\" data-cke-saved-src=\"https:\/\/cdn.myikas.com\/images\/4b0890c4-46f7-49c5-9b0d-d8f3dae632d6\/2431a3e5-b952-43eb-8dd5-f8615445f7f9\/image_1950.webp\" src=\"https:\/\/hepsicdn.com.tr\/static\/product_detail\/hbnet8ef89959_5181915.webp\"><\/p>\n<p><img decoding=\"async\" data-cke-saved-src=\"https:\/\/cdn.myikas.com\/images\/4b0890c4-46f7-49c5-9b0d-d8f3dae632d6\/e6902042-0bcc-4c7a-a4c1-3bc11a0fcec8\/image_1950.webp\" src=\"https:\/\/hepsicdn.com.tr\/static\/product_detail\/hbnet8ef89959_5181916.webp\"><\/p>\n<p><img decoding=\"async\" data-cke-saved-src=\"https:\/\/cdn.myikas.com\/images\/4b0890c4-46f7-49c5-9b0d-d8f3dae632d6\/a4453255-bd74-48cc-ad74-f37ac6edfb9c\/image_1950.webp\" src=\"https:\/\/hepsicdn.com.tr\/static\/product_detail\/hbnet8ef89959_5181917.webp\"><\/p>\n<p><strong>Ally G&uuml;&ccedil;l&uuml; M&#305;knat&#305;sl&#305; Karbon Fiber Ara&ccedil; Havaland&#305;rma Telefon Tutucu<\/strong><\/p>\n<p><span font-size:=\"\" helvetica=\"\" style=\"color: rgb(73, 83, 94); font-family: \" text-align:=\"\">Oynar ba&#351;l&#305;k sayesinde cihaz&#305;n&#305;z&#305; hem yatay hem dikey ayarlayabilirsiniz<\/span><br font-size:=\"\" helvetica=\"\" style=\"box-sizing: border-box; color: rgb(73, 83, 94); font-family: \" text-align:=\"\"\/><span font-size:=\"\" helvetica=\"\" style=\"color: rgb(73, 83, 94); font-family: \" text-align:=\"\">Arka k&#305;s&#305;mdaki kanca sayesinde&nbsp;kalorifere&nbsp;yere takarak kullanabilirsiniz.<\/span><br font-size:=\"\" helvetica=\"\" style=\"box-sizing: border-box; color: rgb(73, 83, 94); font-family: \" text-align:=\"\"\/><span font-size:=\"\" helvetica=\"\" style=\"color: rgb(73, 83, 94); font-family: \" text-align:=\"\">Telefonunuzu s&#305;k&#305; bir &#351;ekilde tutar.<\/span><\/p>\n","protected":false},"excerpt":{"rendered":"<p>Ally G&uuml;&ccedil;l&uuml; M&#305;knat&#305;sl&#305; Karbon Fiber Ara&ccedil; Havaland&#305;rma Telefon Tutucu Ally G&uuml;&ccedil;l&uuml; M&#305;knat&#305;sl&#305; Karbon Fiber Ara&ccedil; Havaland&#305;rma Telefon Tutucu Oynar ba&#351;l&#305;k sayesinde cihaz&#305;n&#305;z&#305; hem yatay hem dikey ayarlayabilirsinizArka k&#305;s&#305;mdaki kanca sayesinde&nbsp;kalorifere&nbsp;yere takarak kullanabilirsiniz.Telefonunuzu s&#305;k&#305; bir &#351;ekilde tutar.<\/p>\n","protected":false},"featured_media":106577,"comment_status":"open","ping_status":"closed","template":"","meta":{"_kad_post_transparent":"","_kad_post_title":"","_kad_post_layout":"","_kad_post_sidebar_id":"","_kad_post_content_style":"","_kad_post_vertical_padding":"","_kad_post_feature":"","_kad_post_feature_position":"","_kad_post_header":false,"_kad_post_footer":false,"_kad_post_classname":""},"product_brand":[],"product_cat":[14532],"product_tag":[],"class_list":{"0":"post-106578","1":"product","2":"type-product","3":"status-publish","4":"has-post-thumbnail","6":"product_cat-oto-aksesuarlari-cep-telefonu-elektronik-oto-aksesuarlari","8":"first","9":"instock","10":"purchasable","11":"product-type-simple","12":"entry","13":"content-bg","14":"loop-entry"},"_links":{"self":[{"href":"https:\/\/www.hediyepazar.com\/index.php?rest_route=\/wp\/v2\/product\/106578","targetHints":{"allow":["GET"]}}],"collection":[{"href":"https:\/\/www.hediyepazar.com\/index.php?rest_route=\/wp\/v2\/product"}],"about":[{"href":"https:\/\/www.hediyepazar.com\/index.php?rest_route=\/wp\/v2\/types\/product"}],"replies":[{"embeddable":true,"href":"https:\/\/www.hediyepazar.com\/index.php?rest_route=%2Fwp%2Fv2%2Fcomments&post=106578"}],"wp:featuredmedia":[{"embeddable":true,"href":"https:\/\/www.hediyepazar.com\/index.php?rest_route=\/wp\/v2\/media\/106577"}],"wp:attachment":[{"href":"https:\/\/www.hediyepazar.com\/index.php?rest_route=%2Fwp%2Fv2%2Fmedia&parent=106578"}],"wp:term":[{"taxonomy":"product_brand","embeddable":true,"href":"https:\/\/www.hediyepazar.com\/index.php?rest_route=%2Fwp%2Fv2%2Fproduct_brand&post=106578"},{"taxonomy":"product_cat","embeddable":true,"href":"https:\/\/www.hediyepazar.com\/index.php?rest_route=%2Fwp%2Fv2%2Fproduct_cat&post=106578"},{"taxonomy":"product_tag","embeddable":true,"href":"https:\/\/www.hediyepazar.com\/index.php?rest_route=%2Fwp%2Fv2%2Fproduct_tag&post=106578"}],"curies":[{"name":"wp","href":"https:\/\/api.w.org\/{rel}","templated":true}]}}