{"id":106580,"date":"2026-05-04T16:54:14","date_gmt":"2026-05-04T19:54:14","guid":{"rendered":"https:\/\/www.hediyepazar.com\/?product=kuulaa-1m-mfi-sertifikali-iphone-usb-sarj-kablosu-5775"},"modified":"2026-05-04T16:54:14","modified_gmt":"2026-05-04T19:54:14","slug":"kuulaa-1m-mfi-sertifikali-iphone-usb-sarj-kablosu-5775","status":"publish","type":"product","link":"https:\/\/www.hediyepazar.com\/?product=kuulaa-1m-mfi-sertifikali-iphone-usb-sarj-kablosu-5775","title":{"rendered":"KUULAA 1M MFI Sertifikal\u0131 \u0130Phone Usb \u015earj kablosu-(5775)"},"content":{"rendered":"<p><strong>KUULAA 1M MFI Sertifikal&#305; 2.4A &#304;Phone 11,11Pro XS XR-8 Usb kablo<\/strong><\/p>\n<p><img decoding=\"async\" alt=\"\" data-cke-saved-src=\"https:\/\/cdn.myikas.com\/images\/4b0890c4-46f7-49c5-9b0d-d8f3dae632d6\/1f2105cb-b78e-471c-965b-ac8724d92484\/image_1950.webp\" src=\"https:\/\/cdn.myikas.com\/images\/4b0890c4-46f7-49c5-9b0d-d8f3dae632d6\/1f2105cb-b78e-471c-965b-ac8724d92484\/image_1950.webp\"\/><\/p>\n<p><img decoding=\"async\" data-cke-saved-src=\"https:\/\/cdn.myikas.com\/images\/4b0890c4-46f7-49c5-9b0d-d8f3dae632d6\/243f8f8a-d818-4e86-a0e7-fbdfeffc9559\/image_1950.webp\" src=\"https:\/\/hepsicdn.com.tr\/static\/product_detail\/hbnet2d14104c_5182111.webp\"><\/p>\n<p><img decoding=\"async\" data-cke-saved-src=\"https:\/\/cdn.myikas.com\/images\/4b0890c4-46f7-49c5-9b0d-d8f3dae632d6\/5cd69cbb-07e8-499e-b3c7-fb23ae506199\/image_1950.webp\" src=\"https:\/\/hepsicdn.com.tr\/static\/product_detail\/hbnet2d14104c_5182112.webp\"><\/p>\n<p><img decoding=\"async\" data-cke-saved-src=\"https:\/\/cdn.myikas.com\/images\/4b0890c4-46f7-49c5-9b0d-d8f3dae632d6\/1bbffd15-92c5-403a-8adc-8c070b7e8da1\/image_1950.webp\" src=\"https:\/\/hepsicdn.com.tr\/static\/product_detail\/hbnet2d14104c_5182113.webp\"><\/p>\n<p><img decoding=\"async\" data-cke-saved-src=\"https:\/\/cdn.myikas.com\/images\/4b0890c4-46f7-49c5-9b0d-d8f3dae632d6\/1d2f2b2b-4e78-4f85-8a82-febfb25ca267\/image_1950.webp\" src=\"https:\/\/hepsicdn.com.tr\/static\/product_detail\/hbnet2d14104c_5182114.webp\"><\/p>\n<p><img decoding=\"async\" data-cke-saved-src=\"https:\/\/cdn.myikas.com\/images\/4b0890c4-46f7-49c5-9b0d-d8f3dae632d6\/d57de3ae-b60a-4ae9-a70a-2c3ae5fda29a\/image_1950.webp\" src=\"https:\/\/hepsicdn.com.tr\/static\/product_detail\/hbnet2d14104c_5182115.webp\"><\/p>\n<p><img decoding=\"async\" data-cke-saved-src=\"https:\/\/cdn.myikas.com\/images\/4b0890c4-46f7-49c5-9b0d-d8f3dae632d6\/12c49906-e46c-4b58-9398-a4eb702b91ec\/image_1950.webp\" src=\"https:\/\/hepsicdn.com.tr\/static\/product_detail\/hbnet2d14104c_5182116.webp\"><\/p>\n<p><img decoding=\"async\" data-cke-saved-src=\"https:\/\/cdn.myikas.com\/images\/4b0890c4-46f7-49c5-9b0d-d8f3dae632d6\/d24bb213-bea5-447c-b42c-d03be46ffc62\/image_1950.webp\" src=\"https:\/\/hepsicdn.com.tr\/static\/product_detail\/hbnet2d14104c_5182117.webp\"><\/p>\n<\/p>\n<\/p>\n<p><strong>KUULAA 1M MFI Sertifikal&#305; 2.4A &#304;Phone 11,11Pro XS XR-8 Usb kablo<\/strong><br \/>2.4A ak&#305;m &ccedil;&#305;k&#305;&#351;&#305;, ayn&#305; anda g&uuml;&ccedil; &#351;arj&#305;n&#305; ve veri iletimini destekler<br \/>Apple MFI sertifikal&#305; Lightning 8Pin kablosu, g&uuml;&ccedil;l&uuml; uyumluluk<br \/>Bak&#305;r tel, kararl&#305; ak&#305;m ve y&uuml;ksek verimli iletim sa&#287;lar<br \/>Y&uuml;ksek mukavemetli TPE kablosu, sarg&#305; &ouml;nleyici ve dayan&#305;kl&#305;<br \/>Kablonun uzunlu&#287;u yakla&#351;&#305;k 1M<br \/>&#304;le uyumlu:<br \/>Lightning 8Pin USB &#351;arj portlu iPhone iPad iPod<\/p>\n","protected":false},"excerpt":{"rendered":"<p>KUULAA 1M MFI Sertifikal&#305; 2.4A &#304;Phone 11,11Pro XS XR-8 Usb kablo KUULAA 1M MFI Sertifikal&#305; 2.4A &#304;Phone 11,11Pro XS XR-8 Usb kablo2.4A ak&#305;m &ccedil;&#305;k&#305;&#351;&#305;, ayn&#305; anda g&uuml;&ccedil; &#351;arj&#305;n&#305; ve veri iletimini desteklerApple MFI sertifikal&#305; Lightning 8Pin kablosu, g&uuml;&ccedil;l&uuml; uyumlulukBak&#305;r tel, kararl&#305; ak&#305;m ve y&uuml;ksek verimli iletim sa&#287;larY&uuml;ksek mukavemetli TPE kablosu, sarg&#305; &ouml;nleyici ve dayan&#305;kl&#305;Kablonun uzunlu&#287;u&#8230;<\/p>\n","protected":false},"featured_media":106579,"comment_status":"open","ping_status":"closed","template":"","meta":{"_kad_post_transparent":"","_kad_post_title":"","_kad_post_layout":"","_kad_post_sidebar_id":"","_kad_post_content_style":"","_kad_post_vertical_padding":"","_kad_post_feature":"","_kad_post_feature_position":"","_kad_post_header":false,"_kad_post_footer":false,"_kad_post_classname":""},"product_brand":[],"product_cat":[14496],"product_tag":[],"class_list":{"0":"post-106580","1":"product","2":"type-product","3":"status-publish","4":"has-post-thumbnail","6":"product_cat-sarj-cihazlarikablolari-cep-telefonu-aksesuarlari-cep-telefonu-elektronik-sarj-cihazlarikablolari","8":"first","9":"instock","10":"purchasable","11":"product-type-simple","12":"entry","13":"content-bg","14":"loop-entry"},"_links":{"self":[{"href":"https:\/\/www.hediyepazar.com\/index.php?rest_route=\/wp\/v2\/product\/106580","targetHints":{"allow":["GET"]}}],"collection":[{"href":"https:\/\/www.hediyepazar.com\/index.php?rest_route=\/wp\/v2\/product"}],"about":[{"href":"https:\/\/www.hediyepazar.com\/index.php?rest_route=\/wp\/v2\/types\/product"}],"replies":[{"embeddable":true,"href":"https:\/\/www.hediyepazar.com\/index.php?rest_route=%2Fwp%2Fv2%2Fcomments&post=106580"}],"wp:featuredmedia":[{"embeddable":true,"href":"https:\/\/www.hediyepazar.com\/index.php?rest_route=\/wp\/v2\/media\/106579"}],"wp:attachment":[{"href":"https:\/\/www.hediyepazar.com\/index.php?rest_route=%2Fwp%2Fv2%2Fmedia&parent=106580"}],"wp:term":[{"taxonomy":"product_brand","embeddable":true,"href":"https:\/\/www.hediyepazar.com\/index.php?rest_route=%2Fwp%2Fv2%2Fproduct_brand&post=106580"},{"taxonomy":"product_cat","embeddable":true,"href":"https:\/\/www.hediyepazar.com\/index.php?rest_route=%2Fwp%2Fv2%2Fproduct_cat&post=106580"},{"taxonomy":"product_tag","embeddable":true,"href":"https:\/\/www.hediyepazar.com\/index.php?rest_route=%2Fwp%2Fv2%2Fproduct_tag&post=106580"}],"curies":[{"name":"wp","href":"https:\/\/api.w.org\/{rel}","templated":true}]}}