{"id":106598,"date":"2026-05-04T16:56:08","date_gmt":"2026-05-04T19:56:08","guid":{"rendered":"https:\/\/www.hediyepazar.com\/?product=kuulaa-360-donebilen-miknatisli-arac-havalandirma-telefon-tutucu-5775"},"modified":"2026-05-04T16:56:08","modified_gmt":"2026-05-04T19:56:08","slug":"kuulaa-360-donebilen-miknatisli-arac-havalandirma-telefon-tutucu-5775","status":"publish","type":"product","link":"https:\/\/www.hediyepazar.com\/?product=kuulaa-360-donebilen-miknatisli-arac-havalandirma-telefon-tutucu-5775","title":{"rendered":"Kuulaa 360 D\u00f6nebilen M\u0131knat\u0131sl\u0131 Ara\u00e7 Havaland\u0131rma Telefon Tutucu-(5775)"},"content":{"rendered":"<p><strong>KUULAA 360 &deg; M\u0131knat\u0131sl\u0131 Ara&ccedil; Havaland\u0131rma Telefon Tutucu<\/strong><\/p>\n<p>\u200b<img decoding=\"async\" src=\"https:\/\/cdn.myikas.com\/images\/4b0890c4-46f7-49c5-9b0d-d8f3dae632d6\/8c499825-5a1c-471e-93b6-1a80a5a7a59a\/image_1950.webp\" \/><\/p>\n<p><img decoding=\"async\" src=\"https:\/\/cdn.myikas.com\/images\/4b0890c4-46f7-49c5-9b0d-d8f3dae632d6\/7a9ee1f6-0bec-4a96-a69e-669806069f8d\/image_1950.webp\" \/><\/p>\n<p><img decoding=\"async\" src=\"https:\/\/cdn.myikas.com\/images\/4b0890c4-46f7-49c5-9b0d-d8f3dae632d6\/b82a5762-004e-4049-9773-c3ef4e67db14\/image_1950.webp\" \/><\/p>\n<p><img decoding=\"async\" src=\"https:\/\/cdn.myikas.com\/images\/4b0890c4-46f7-49c5-9b0d-d8f3dae632d6\/3234ea36-2f2d-4518-940e-1e3fd3b90a7f\/image_1950.webp\" \/><\/p>\n<p><img decoding=\"async\" src=\"https:\/\/cdn.myikas.com\/images\/4b0890c4-46f7-49c5-9b0d-d8f3dae632d6\/2f2d312a-e95e-452c-9687-ee6e6e0494f3\/image_1950.webp\" \/><\/p>\n<p><img decoding=\"async\" src=\"https:\/\/cdn.myikas.com\/images\/4b0890c4-46f7-49c5-9b0d-d8f3dae632d6\/8780db66-3c44-42f4-879b-f03b67a593b4\/image_1950.webp\" \/><\/p>\n<p><img decoding=\"async\" src=\"https:\/\/cdn.myikas.com\/images\/4b0890c4-46f7-49c5-9b0d-d8f3dae632d6\/d6aeee18-8068-49fd-8074-b17b855634a9\/image_1950.webp\" \/>\u200b<\/p>\n<p><strong>KUULAA 360 &deg; M\u0131knat\u0131sl\u0131 Ara&ccedil; Havaland\u0131rma Telefon Tutucu<\/strong><\/p>\n<p>Al&uuml;minyum ala\u015f\u0131ml\u0131 malzemeler, silikon + y&uuml;ksek kaliteli karakteristik g&ouml;r&uuml;n&uuml;m&nbsp;<\/p>\n<p>G&uuml;&ccedil;l&uuml; m\u0131knat\u0131s adsorpsiyon tutma sistemi, telefonu s\u0131k\u0131ca tutar<\/p>\n<p>Telefonunuzla telefon k\u0131l\u0131f\u0131 aras\u0131na ince bir kare metal levha koyulabilir veya&nbsp;yap\u0131\u015ft\u0131rarak kullanabilirsiniz.<\/p>\n<p>Ak\u0131ll\u0131 telefonunuzun&nbsp;GPS ne zarar vermez&nbsp;<\/p>\n<p>&nbsp;<\/p>\n","protected":false},"excerpt":{"rendered":"<p>KUULAA 360 &deg; M\u0131knat\u0131sl\u0131 Ara&ccedil; Havaland\u0131rma Telefon Tutucu \u200b \u200b KUULAA 360 &deg; M\u0131knat\u0131sl\u0131 Ara&ccedil; Havaland\u0131rma Telefon Tutucu Al&uuml;minyum ala\u015f\u0131ml\u0131 malzemeler, silikon + y&uuml;ksek kaliteli karakteristik g&ouml;r&uuml;n&uuml;m&nbsp; G&uuml;&ccedil;l&uuml; m\u0131knat\u0131s adsorpsiyon tutma sistemi, telefonu s\u0131k\u0131ca tutar Telefonunuzla telefon k\u0131l\u0131f\u0131 aras\u0131na ince bir kare metal levha koyulabilir veya&nbsp;yap\u0131\u015ft\u0131rarak kullanabilirsiniz. Ak\u0131ll\u0131 telefonunuzun&nbsp;GPS ne zarar vermez&nbsp; &nbsp;<\/p>\n","protected":false},"featured_media":106597,"comment_status":"open","ping_status":"closed","template":"","meta":{"_kad_post_transparent":"","_kad_post_title":"","_kad_post_layout":"","_kad_post_sidebar_id":"","_kad_post_content_style":"","_kad_post_vertical_padding":"","_kad_post_feature":"","_kad_post_feature_position":"","_kad_post_header":false,"_kad_post_footer":false,"_kad_post_classname":""},"product_brand":[],"product_cat":[14532],"product_tag":[],"class_list":{"0":"post-106598","1":"product","2":"type-product","3":"status-publish","4":"has-post-thumbnail","6":"product_cat-oto-aksesuarlari-cep-telefonu-elektronik-oto-aksesuarlari","8":"first","9":"instock","10":"purchasable","11":"product-type-simple","12":"entry","13":"content-bg","14":"loop-entry"},"_links":{"self":[{"href":"https:\/\/www.hediyepazar.com\/index.php?rest_route=\/wp\/v2\/product\/106598","targetHints":{"allow":["GET"]}}],"collection":[{"href":"https:\/\/www.hediyepazar.com\/index.php?rest_route=\/wp\/v2\/product"}],"about":[{"href":"https:\/\/www.hediyepazar.com\/index.php?rest_route=\/wp\/v2\/types\/product"}],"replies":[{"embeddable":true,"href":"https:\/\/www.hediyepazar.com\/index.php?rest_route=%2Fwp%2Fv2%2Fcomments&post=106598"}],"wp:featuredmedia":[{"embeddable":true,"href":"https:\/\/www.hediyepazar.com\/index.php?rest_route=\/wp\/v2\/media\/106597"}],"wp:attachment":[{"href":"https:\/\/www.hediyepazar.com\/index.php?rest_route=%2Fwp%2Fv2%2Fmedia&parent=106598"}],"wp:term":[{"taxonomy":"product_brand","embeddable":true,"href":"https:\/\/www.hediyepazar.com\/index.php?rest_route=%2Fwp%2Fv2%2Fproduct_brand&post=106598"},{"taxonomy":"product_cat","embeddable":true,"href":"https:\/\/www.hediyepazar.com\/index.php?rest_route=%2Fwp%2Fv2%2Fproduct_cat&post=106598"},{"taxonomy":"product_tag","embeddable":true,"href":"https:\/\/www.hediyepazar.com\/index.php?rest_route=%2Fwp%2Fv2%2Fproduct_tag&post=106598"}],"curies":[{"name":"wp","href":"https:\/\/api.w.org\/{rel}","templated":true}]}}