{"id":106620,"date":"2026-05-04T16:59:15","date_gmt":"2026-05-04T19:59:15","guid":{"rendered":"https:\/\/www.hediyepazar.com\/?product=baseus-simple-case-samsung-galaxy-s20ultra-seffaf-silikon-kilif-5775"},"modified":"2026-05-04T16:59:15","modified_gmt":"2026-05-04T19:59:15","slug":"baseus-simple-case-samsung-galaxy-s20ultra-seffaf-silikon-kilif-5775","status":"publish","type":"product","link":"https:\/\/www.hediyepazar.com\/?product=baseus-simple-case-samsung-galaxy-s20ultra-seffaf-silikon-kilif-5775","title":{"rendered":"Baseus Simple Case Samsung Galaxy S20Ultra \u015eeffaf Silikon K\u0131l\u0131f-(5775)"},"content":{"rendered":"<p><strong>Baseus Simple Case Samsung Galaxy S20Ultra &#350;effaf Silikon K&#305;l&#305;f<\/strong><\/p>\n<p><img decoding=\"async\" alt=\"\" data-cke-saved-src=\"https:\/\/cdn.myikas.com\/images\/4b0890c4-46f7-49c5-9b0d-d8f3dae632d6\/e86f38b1-c5b6-443b-95ff-4092ab715f68\/image_1950.webp\" src=\"https:\/\/cdn.myikas.com\/images\/4b0890c4-46f7-49c5-9b0d-d8f3dae632d6\/e86f38b1-c5b6-443b-95ff-4092ab715f68\/image_1950.webp\"\/><\/p>\n<p><img decoding=\"async\" data-cke-saved-src=\"https:\/\/cdn.myikas.com\/images\/4b0890c4-46f7-49c5-9b0d-d8f3dae632d6\/10790270-3bc9-4177-bcb6-4bf8d4ab5234\/image_1950.webp\" src=\"https:\/\/hepsicdn.com.tr\/static\/product_detail\/hbnete89b7d38_5185511.webp\"><\/p>\n<p><img decoding=\"async\" data-cke-saved-src=\"https:\/\/cdn.myikas.com\/images\/4b0890c4-46f7-49c5-9b0d-d8f3dae632d6\/c15d03fa-6ce4-4f02-9813-a9386b2221f2\/image_1950.webp\" src=\"https:\/\/hepsicdn.com.tr\/static\/product_detail\/hbnete89b7d38_5185512.webp\"><\/p>\n<p><img decoding=\"async\" data-cke-saved-src=\"https:\/\/cdn.myikas.com\/images\/4b0890c4-46f7-49c5-9b0d-d8f3dae632d6\/1d4cd508-c420-48f4-a7b0-d47fe1451a9d\/image_1950.webp\" src=\"https:\/\/hepsicdn.com.tr\/static\/product_detail\/hbnete89b7d38_5185513.webp\"><\/p>\n<p><img decoding=\"async\" data-cke-saved-src=\"https:\/\/cdn.myikas.com\/images\/4b0890c4-46f7-49c5-9b0d-d8f3dae632d6\/b327cbe2-ef36-4a06-8667-1ba494c13963\/image_1950.webp\" src=\"https:\/\/hepsicdn.com.tr\/static\/product_detail\/hbnete89b7d38_5185514.webp\"><\/p>\n<p><img decoding=\"async\" data-cke-saved-src=\"https:\/\/cdn.myikas.com\/images\/4b0890c4-46f7-49c5-9b0d-d8f3dae632d6\/18b64496-8a64-470c-a75b-a0523d256067\/image_1950.webp\" src=\"https:\/\/hepsicdn.com.tr\/static\/product_detail\/hbnete89b7d38_5185515.webp\"><\/p>\n<p><img decoding=\"async\" data-cke-saved-src=\"https:\/\/cdn.myikas.com\/images\/4b0890c4-46f7-49c5-9b0d-d8f3dae632d6\/4e84a615-ac99-41ee-b4ed-28ab582a708f\/image_1950.webp\" src=\"https:\/\/hepsicdn.com.tr\/static\/product_detail\/hbnete89b7d38_5185516.webp\"><\/p>\n<p><img decoding=\"async\" data-cke-saved-src=\"https:\/\/cdn.myikas.com\/images\/4b0890c4-46f7-49c5-9b0d-d8f3dae632d6\/a65e1eff-6190-4577-9cda-d116ecad5a62\/image_1950.webp\" src=\"https:\/\/hepsicdn.com.tr\/static\/product_detail\/hbnete89b7d38_5185517.webp\"><\/p>\n<\/p>\n<\/p>\n<p>&#8203;<\/p>\n<p><strong>Baseus Simple Case Samsung Galaxy S20Ultra &#350;effaf Silikon K&#305;l&#305;f<\/strong><\/p>\n<p>Orjinal Baseus &Uuml;r&uuml;n&uuml;d&uuml;r<\/p>\n<p style=\"padding: 0px; margin: 5px 0px; color: rgb(85, 85, 85); font-family: Arial, Helvetica, sans-serif; font-size: 12px;\"><font style=\"vertical-align: inherit;\"><font style=\"vertical-align: inherit;\">Net, parlak, ince, yumu&#351;ak ve hafif &#8211; t&uuml;m bu &ouml;zellikler bir araya gelerek telefonunuz i&ccedil;in benzersiz bir koruma k&#305;l&#305;f&#305; olu&#351;turur.&nbsp;<\/font><font style=\"vertical-align: inherit;\">Orijinal g&uuml;zelli&#287;ini de m&uuml;kemmel bir &#351;ekilde korurken telefonunuzu ince bir tarzda korur.<\/font><\/font><\/p>\n<p style=\"list-style: inherit; padding: 0px; margin: 5px 0px;\"><font style=\"vertical-align: inherit;\">Premium Almanya Bayer TPU malzemeden &uuml;retilmi&#351;tir<\/font><\/p>\n<p style=\"list-style: inherit; padding: 0px; margin: 5px 0px;\"><font style=\"vertical-align: inherit;\">Kapal&#305; yan d&uuml;&#287;meler, toz &ouml;nleyici, kir tutmaz<\/font><\/p>\n<p style=\"list-style: inherit; padding: 0px; margin: 5px 0px;\">Renk: &#350;effaf&nbsp;ARSAS20U-02<\/p>\n","protected":false},"excerpt":{"rendered":"<p>Baseus Simple Case Samsung Galaxy S20Ultra &#350;effaf Silikon K&#305;l&#305;f &#8203; Baseus Simple Case Samsung Galaxy S20Ultra &#350;effaf Silikon K&#305;l&#305;f Orjinal Baseus &Uuml;r&uuml;n&uuml;d&uuml;r Net, parlak, ince, yumu&#351;ak ve hafif &#8211; t&uuml;m bu &ouml;zellikler bir araya gelerek telefonunuz i&ccedil;in benzersiz bir koruma k&#305;l&#305;f&#305; olu&#351;turur.&nbsp;Orijinal g&uuml;zelli&#287;ini de m&uuml;kemmel bir &#351;ekilde korurken telefonunuzu ince bir tarzda korur. Premium Almanya&#8230;<\/p>\n","protected":false},"featured_media":106619,"comment_status":"open","ping_status":"closed","template":"","meta":{"_kad_post_transparent":"","_kad_post_title":"","_kad_post_layout":"","_kad_post_sidebar_id":"","_kad_post_content_style":"","_kad_post_vertical_padding":"","_kad_post_feature":"","_kad_post_feature_position":"","_kad_post_header":false,"_kad_post_footer":false,"_kad_post_classname":""},"product_brand":[],"product_cat":[14520],"product_tag":[],"class_list":{"0":"post-106620","1":"product","2":"type-product","3":"status-publish","4":"has-post-thumbnail","6":"product_cat-telefon-kilifi-cep-telefonu-aksesuarlari-cep-telefonu-elektronik-telefon-kilifi","8":"first","9":"instock","10":"purchasable","11":"product-type-simple","12":"entry","13":"content-bg","14":"loop-entry"},"_links":{"self":[{"href":"https:\/\/www.hediyepazar.com\/index.php?rest_route=\/wp\/v2\/product\/106620","targetHints":{"allow":["GET"]}}],"collection":[{"href":"https:\/\/www.hediyepazar.com\/index.php?rest_route=\/wp\/v2\/product"}],"about":[{"href":"https:\/\/www.hediyepazar.com\/index.php?rest_route=\/wp\/v2\/types\/product"}],"replies":[{"embeddable":true,"href":"https:\/\/www.hediyepazar.com\/index.php?rest_route=%2Fwp%2Fv2%2Fcomments&post=106620"}],"wp:featuredmedia":[{"embeddable":true,"href":"https:\/\/www.hediyepazar.com\/index.php?rest_route=\/wp\/v2\/media\/106619"}],"wp:attachment":[{"href":"https:\/\/www.hediyepazar.com\/index.php?rest_route=%2Fwp%2Fv2%2Fmedia&parent=106620"}],"wp:term":[{"taxonomy":"product_brand","embeddable":true,"href":"https:\/\/www.hediyepazar.com\/index.php?rest_route=%2Fwp%2Fv2%2Fproduct_brand&post=106620"},{"taxonomy":"product_cat","embeddable":true,"href":"https:\/\/www.hediyepazar.com\/index.php?rest_route=%2Fwp%2Fv2%2Fproduct_cat&post=106620"},{"taxonomy":"product_tag","embeddable":true,"href":"https:\/\/www.hediyepazar.com\/index.php?rest_route=%2Fwp%2Fv2%2Fproduct_tag&post=106620"}],"curies":[{"name":"wp","href":"https:\/\/api.w.org\/{rel}","templated":true}]}}