{"id":106642,"date":"2026-05-04T17:01:57","date_gmt":"2026-05-04T20:01:57","guid":{"rendered":"https:\/\/www.hediyepazar.com\/?product=huawei-mediapad-t510-1-seffaf-tpu-soft-silikon-kilif-5775"},"modified":"2026-05-04T17:01:57","modified_gmt":"2026-05-04T20:01:57","slug":"huawei-mediapad-t510-1-seffaf-tpu-soft-silikon-kilif-5775","status":"publish","type":"product","link":"https:\/\/www.hediyepazar.com\/?product=huawei-mediapad-t510-1-seffaf-tpu-soft-silikon-kilif-5775","title":{"rendered":"Huawei Mediapad T510.1 \u015eeffaf Tpu Soft Silikon K\u0131l\u0131f-(5775)"},"content":{"rendered":"<p><strong>Huawei Mediapad T5,10.1 &#350;effaf Tpu Soft Silikon K&#305;l&#305;f<\/strong><\/p>\n<p><img decoding=\"async\" data-cke-saved-src=\"https:\/\/cdn.myikas.com\/images\/4b0890c4-46f7-49c5-9b0d-d8f3dae632d6\/5b95b096-64e1-4dff-a09d-05b4ae1b18c1\/image_1950.webp\" src=\"https:\/\/hepsicdn.com.tr\/static\/product_detail\/hbnete6c081b7_5187211.webp\"><\/p>\n<p><img decoding=\"async\" data-cke-saved-src=\"https:\/\/cdn.myikas.com\/images\/4b0890c4-46f7-49c5-9b0d-d8f3dae632d6\/018bd00a-75f5-43ac-82e7-5f34ad4e935a\/image_1950.webp\" src=\"https:\/\/hepsicdn.com.tr\/static\/product_detail\/hbnete6c081b7_5187212.webp\"><\/p>\n<p><img decoding=\"async\" data-cke-saved-src=\"https:\/\/cdn.myikas.com\/images\/4b0890c4-46f7-49c5-9b0d-d8f3dae632d6\/440fe61d-89a5-4ca5-8713-efa3013505d6\/image_1950.webp\" src=\"https:\/\/hepsicdn.com.tr\/static\/product_detail\/hbnete6c081b7_5187213.webp\"><\/p>\n<p><img decoding=\"async\" data-cke-saved-src=\"https:\/\/cdn.myikas.com\/images\/4b0890c4-46f7-49c5-9b0d-d8f3dae632d6\/440fe61d-89a5-4ca5-8713-efa3013505d6\/image_1950.webp\" src=\"https:\/\/hepsicdn.com.tr\/static\/product_detail\/hbnete6c081b7_5187213.webp\"><\/p>\n<p><img decoding=\"async\" data-cke-saved-src=\"https:\/\/cdn.myikas.com\/images\/4b0890c4-46f7-49c5-9b0d-d8f3dae632d6\/cc6fe6b9-414b-4b0c-8a82-800fed909b40\/image_1950.webp\" src=\"https:\/\/hepsicdn.com.tr\/static\/product_detail\/hbnete6c081b7_5187215.webp\">&#8203;<\/p>\n<p helvetica=\"\" style=\"box-sizing: border-box; margin: 0px 0px 10px; font-size: 11px; color: rgb(73, 83, 94); text-align: center; font-family: \"><strong>Huawei Mediapad T5,10.1 &#350;effaf Tpu Soft Silikon K&#305;l&#305;f<\/strong><\/p>\n<p helvetica=\"\" style=\"box-sizing: border-box; margin: 0px 0px 10px; font-size: 11px; color: rgb(73, 83, 94); text-align: center; font-family: \"><span style=\"box-sizing: border-box; font-weight: 700;\">Kaliteli i&#351;&ccedil;ili&#287;e sahip olan silikon k&#305;l&#305;f cihaz&#305; sadece korumakla kalmaz, zarif tasar&#305;m&#305; sayesinde de daha g&uuml;zel bir g&ouml;r&uuml;n&uuml;m kazand&#305;r&#305;r.<\/span><\/p>\n<p helvetica=\"\" style=\"box-sizing: border-box; margin: 0px 0px 10px; font-size: 11px; color: rgb(73, 83, 94); text-align: center; font-family: \"><span style=\"box-sizing: border-box; font-weight: 700;\">&Ouml;zellikler<br style=\"box-sizing: border-box;\"\/>Y&uuml;ksek kalite silikon materyalden &uuml;retilmi&#351;tir.<br style=\"box-sizing: border-box;\"\/>Cihaz&#305;n&#305;z&#305;n arka, yan taraflar&#305;n&#305; ve &ouml;n &ccedil;er&ccedil;evesini &ccedil;iziklerden, kirden, darbelerden korur.<br style=\"box-sizing: border-box;\"\/>K&#305;l&#305;f cihaz &uuml;zerindeyken &#351;arj, kulakl&#305;k, kamera veya ses kontrol tu&#351;lar&#305; kullan&#305;labilir.<br style=\"box-sizing: border-box;\"\/>Harika kal&#305;p kesimi ve esnekli&#287;i sayesinde cihaza m&uuml;kemmel uyar.<br style=\"box-sizing: border-box;\"\/>Kolayca tak&#305;l&#305;p &ccedil;&#305;kart&#305;labilir<\/span><\/p>\n","protected":false},"excerpt":{"rendered":"<p>Huawei Mediapad T5,10.1 &#350;effaf Tpu Soft Silikon K&#305;l&#305;f &#8203; Huawei Mediapad T5,10.1 &#350;effaf Tpu Soft Silikon K&#305;l&#305;f Kaliteli i&#351;&ccedil;ili&#287;e sahip olan silikon k&#305;l&#305;f cihaz&#305; sadece korumakla kalmaz, zarif tasar&#305;m&#305; sayesinde de daha g&uuml;zel bir g&ouml;r&uuml;n&uuml;m kazand&#305;r&#305;r. &Ouml;zelliklerY&uuml;ksek kalite silikon materyalden &uuml;retilmi&#351;tir.Cihaz&#305;n&#305;z&#305;n arka, yan taraflar&#305;n&#305; ve &ouml;n &ccedil;er&ccedil;evesini &ccedil;iziklerden, kirden, darbelerden korur.K&#305;l&#305;f cihaz &uuml;zerindeyken &#351;arj, kulakl&#305;k,&#8230;<\/p>\n","protected":false},"featured_media":106641,"comment_status":"open","ping_status":"closed","template":"","meta":{"_kad_post_transparent":"","_kad_post_title":"","_kad_post_layout":"","_kad_post_sidebar_id":"","_kad_post_content_style":"","_kad_post_vertical_padding":"","_kad_post_feature":"","_kad_post_feature_position":"","_kad_post_header":false,"_kad_post_footer":false,"_kad_post_classname":""},"product_brand":[],"product_cat":[14546],"product_tag":[],"class_list":{"0":"post-106642","1":"product","2":"type-product","3":"status-publish","4":"has-post-thumbnail","6":"product_cat-tablet-kilifi-bilgisayar-tablet-aksesuar-bilgisayar-tablet-elektronik-tablet-kilifi","8":"first","9":"instock","10":"purchasable","11":"product-type-simple","12":"entry","13":"content-bg","14":"loop-entry"},"_links":{"self":[{"href":"https:\/\/www.hediyepazar.com\/index.php?rest_route=\/wp\/v2\/product\/106642","targetHints":{"allow":["GET"]}}],"collection":[{"href":"https:\/\/www.hediyepazar.com\/index.php?rest_route=\/wp\/v2\/product"}],"about":[{"href":"https:\/\/www.hediyepazar.com\/index.php?rest_route=\/wp\/v2\/types\/product"}],"replies":[{"embeddable":true,"href":"https:\/\/www.hediyepazar.com\/index.php?rest_route=%2Fwp%2Fv2%2Fcomments&post=106642"}],"wp:featuredmedia":[{"embeddable":true,"href":"https:\/\/www.hediyepazar.com\/index.php?rest_route=\/wp\/v2\/media\/106641"}],"wp:attachment":[{"href":"https:\/\/www.hediyepazar.com\/index.php?rest_route=%2Fwp%2Fv2%2Fmedia&parent=106642"}],"wp:term":[{"taxonomy":"product_brand","embeddable":true,"href":"https:\/\/www.hediyepazar.com\/index.php?rest_route=%2Fwp%2Fv2%2Fproduct_brand&post=106642"},{"taxonomy":"product_cat","embeddable":true,"href":"https:\/\/www.hediyepazar.com\/index.php?rest_route=%2Fwp%2Fv2%2Fproduct_cat&post=106642"},{"taxonomy":"product_tag","embeddable":true,"href":"https:\/\/www.hediyepazar.com\/index.php?rest_route=%2Fwp%2Fv2%2Fproduct_tag&post=106642"}],"curies":[{"name":"wp","href":"https:\/\/api.w.org\/{rel}","templated":true}]}}