{"id":106682,"date":"2026-05-04T17:06:26","date_gmt":"2026-05-04T20:06:26","guid":{"rendered":"https:\/\/www.hediyepazar.com\/?product=ally-apple-airpods-pro-ince-slim-silikon-kilifanahtarlik-5775"},"modified":"2026-05-04T17:06:26","modified_gmt":"2026-05-04T20:06:26","slug":"ally-apple-airpods-pro-ince-slim-silikon-kilifanahtarlik-5775","status":"publish","type":"product","link":"https:\/\/www.hediyepazar.com\/?product=ally-apple-airpods-pro-ince-slim-silikon-kilifanahtarlik-5775","title":{"rendered":"Ally Apple Airpods Pro \u0130nce Slim Silikon K\u0131l\u0131f+Anahtarl\u0131k-(5775)"},"content":{"rendered":"<p><strong>Ally Apple Airpods Pro &#304;nce Slim Silikon K&#305;l&#305;f+Anahtarl&#305;k<\/strong><\/p>\n<p>&#8203;<img decoding=\"async\" data-cke-saved-src=\"https:\/\/cdn.myikas.com\/images\/4b0890c4-46f7-49c5-9b0d-d8f3dae632d6\/233d3d95-6985-4973-9db0-ddd8889629e7\/image_1950.webp\" src=\"https:\/\/hepsicdn.com.tr\/static\/product_detail\/hbnet0f756eeb_5191311.webp\"><\/p>\n<p><img decoding=\"async\" data-cke-saved-src=\"https:\/\/cdn.myikas.com\/images\/4b0890c4-46f7-49c5-9b0d-d8f3dae632d6\/41e4c989-c726-4477-be4a-1d34a4fc675f\/image_1950.webp\" src=\"https:\/\/hepsicdn.com.tr\/static\/product_detail\/hbnet0f756eeb_5191312.webp\"><\/p>\n<p><img decoding=\"async\" data-cke-saved-src=\"https:\/\/cdn.myikas.com\/images\/4b0890c4-46f7-49c5-9b0d-d8f3dae632d6\/c5d46c92-31b3-458d-ad6f-34871c6c9486\/image_1950.webp\" src=\"https:\/\/hepsicdn.com.tr\/static\/product_detail\/hbnet0f756eeb_5191313.webp\"><\/p>\n<p><img decoding=\"async\" data-cke-saved-src=\"https:\/\/cdn.myikas.com\/images\/4b0890c4-46f7-49c5-9b0d-d8f3dae632d6\/38e3c81c-fdb1-4126-9763-7ad0093663cc\/image_1950.webp\" src=\"https:\/\/hepsicdn.com.tr\/static\/product_detail\/hbnet0f756eeb_5191314.webp\"><\/p>\n<p><img decoding=\"async\" data-cke-saved-src=\"https:\/\/cdn.myikas.com\/images\/4b0890c4-46f7-49c5-9b0d-d8f3dae632d6\/e322e52f-4687-46a3-9227-bbebc45af8ac\/image_1950.webp\" src=\"https:\/\/hepsicdn.com.tr\/static\/product_detail\/hbnet0f756eeb_5191315.webp\"><\/p>\n<p><img decoding=\"async\" data-cke-saved-src=\"https:\/\/cdn.myikas.com\/images\/4b0890c4-46f7-49c5-9b0d-d8f3dae632d6\/4300db10-7ae2-4037-b28c-e0cd851bd6a4\/image_1950.webp\" src=\"https:\/\/hepsicdn.com.tr\/static\/product_detail\/hbnet0f756eeb_5191316.webp\"><\/p>\n<p><img decoding=\"async\" data-cke-saved-src=\"https:\/\/cdn.myikas.com\/images\/4b0890c4-46f7-49c5-9b0d-d8f3dae632d6\/a1928c1b-0d6e-4dc8-b813-d19ee2e051ea\/image_1950.webp\" src=\"https:\/\/hepsicdn.com.tr\/static\/product_detail\/hbnet0f756eeb_5191317.webp\"><\/p>\n<p><img decoding=\"async\" data-cke-saved-src=\"https:\/\/cdn.myikas.com\/images\/4b0890c4-46f7-49c5-9b0d-d8f3dae632d6\/cdd7f53a-a381-4c11-bd92-8c85dd315ae2\/image_1950.webp\" src=\"https:\/\/hepsicdn.com.tr\/static\/product_detail\/hbnet0f756eeb_5191318.webp\"><\/p>\n<p><img decoding=\"async\" data-cke-saved-src=\"https:\/\/cdn.myikas.com\/images\/4b0890c4-46f7-49c5-9b0d-d8f3dae632d6\/6d1dd2de-3d4d-4642-a08d-400cad41f586\/image_1950.webp\" src=\"https:\/\/hepsicdn.com.tr\/static\/product_detail\/hbnet0f756eeb_5191319.webp\">&#8203;<\/p>\n<p><strong>Ally Apple Airpods Pro &#304;nce Slim Silikon K&#305;l&#305;f+Anahtarl&#305;k<\/strong><\/p>\n<p><strong><span style=\"color: rgb(73, 83, 94); font-size: 11px; text-align: center;\">Kaliteli i&#351;&ccedil;ili&#287;e sahip olan silikon k&#305;l&#305;f cihaz&#305; sadece korumakla kalmaz, zarif tasar&#305;m&#305; sayesinde de daha g&uuml;zel bir g&ouml;r&uuml;n&uuml;m kazand&#305;r&#305;r.<\/span><\/strong><\/p>\n<p><strong><span style=\"color: rgb(73, 83, 94); font-size: 11px; text-align: center;\">Harika kal&#305;p kesimi ve esnekli&#287;i sayesinde cihaza m&uuml;kemmel uyar.<\/span><\/strong><\/p>\n<p><strong><span style=\"color: rgb(73, 83, 94); font-size: 11px; text-align: center;\">Kolayca tak&#305;l&#305;p &ccedil;&#305;kart&#305;labilir<\/span><\/strong><\/p>\n<p style=\"box-sizing: border-box; margin: 0px 0px 10px; font-size: 11px; color: rgb(73, 83, 94); text-align: center;\"><\/p>\n","protected":false},"excerpt":{"rendered":"<p>Ally Apple Airpods Pro &#304;nce Slim Silikon K&#305;l&#305;f+Anahtarl&#305;k &#8203; &#8203; Ally Apple Airpods Pro &#304;nce Slim Silikon K&#305;l&#305;f+Anahtarl&#305;k Kaliteli i&#351;&ccedil;ili&#287;e sahip olan silikon k&#305;l&#305;f cihaz&#305; sadece korumakla kalmaz, zarif tasar&#305;m&#305; sayesinde de daha g&uuml;zel bir g&ouml;r&uuml;n&uuml;m kazand&#305;r&#305;r. Harika kal&#305;p kesimi ve esnekli&#287;i sayesinde cihaza m&uuml;kemmel uyar. Kolayca tak&#305;l&#305;p &ccedil;&#305;kart&#305;labilir<\/p>\n","protected":false},"featured_media":106681,"comment_status":"open","ping_status":"closed","template":"","meta":{"_kad_post_transparent":"","_kad_post_title":"","_kad_post_layout":"","_kad_post_sidebar_id":"","_kad_post_content_style":"","_kad_post_vertical_padding":"","_kad_post_feature":"","_kad_post_feature_position":"","_kad_post_header":false,"_kad_post_footer":false,"_kad_post_classname":""},"product_brand":[],"product_cat":[14565],"product_tag":[],"class_list":{"0":"post-106682","1":"product","2":"type-product","3":"status-publish","4":"has-post-thumbnail","6":"product_cat-airpods-aksesuarlar-giyilebilir-teknoloji-elektronik-airpods-aksesuarlar","8":"first","9":"instock","10":"purchasable","11":"product-type-simple","12":"entry","13":"content-bg","14":"loop-entry"},"_links":{"self":[{"href":"https:\/\/www.hediyepazar.com\/index.php?rest_route=\/wp\/v2\/product\/106682","targetHints":{"allow":["GET"]}}],"collection":[{"href":"https:\/\/www.hediyepazar.com\/index.php?rest_route=\/wp\/v2\/product"}],"about":[{"href":"https:\/\/www.hediyepazar.com\/index.php?rest_route=\/wp\/v2\/types\/product"}],"replies":[{"embeddable":true,"href":"https:\/\/www.hediyepazar.com\/index.php?rest_route=%2Fwp%2Fv2%2Fcomments&post=106682"}],"wp:featuredmedia":[{"embeddable":true,"href":"https:\/\/www.hediyepazar.com\/index.php?rest_route=\/wp\/v2\/media\/106681"}],"wp:attachment":[{"href":"https:\/\/www.hediyepazar.com\/index.php?rest_route=%2Fwp%2Fv2%2Fmedia&parent=106682"}],"wp:term":[{"taxonomy":"product_brand","embeddable":true,"href":"https:\/\/www.hediyepazar.com\/index.php?rest_route=%2Fwp%2Fv2%2Fproduct_brand&post=106682"},{"taxonomy":"product_cat","embeddable":true,"href":"https:\/\/www.hediyepazar.com\/index.php?rest_route=%2Fwp%2Fv2%2Fproduct_cat&post=106682"},{"taxonomy":"product_tag","embeddable":true,"href":"https:\/\/www.hediyepazar.com\/index.php?rest_route=%2Fwp%2Fv2%2Fproduct_tag&post=106682"}],"curies":[{"name":"wp","href":"https:\/\/api.w.org\/{rel}","templated":true}]}}