{"id":106686,"date":"2026-05-04T17:06:36","date_gmt":"2026-05-04T20:06:36","guid":{"rendered":"https:\/\/www.hediyepazar.com\/?product=ally-xiaomi-redmi-airdots-silikon-kilifanahtarlik-5775"},"modified":"2026-05-04T17:06:36","modified_gmt":"2026-05-04T20:06:36","slug":"ally-xiaomi-redmi-airdots-silikon-kilifanahtarlik-5775","status":"publish","type":"product","link":"https:\/\/www.hediyepazar.com\/?product=ally-xiaomi-redmi-airdots-silikon-kilifanahtarlik-5775","title":{"rendered":"Ally Xiaomi Redmi Airdots Silikon K\u0131l\u0131f+Anahtarl\u0131k-(5775)"},"content":{"rendered":"<p><strong>Ally Xiaomi Redmi Airdots Silikon K&#305;l&#305;f+Anahtarl&#305;k<\/strong><\/p>\n<p>&#8203;<img decoding=\"async\" data-cke-saved-src=\"https:\/\/cdn.myikas.com\/images\/4b0890c4-46f7-49c5-9b0d-d8f3dae632d6\/51989acf-f849-488b-9dee-9012466079f7\/image_1950.webp\" src=\"https:\/\/hepsicdn.com.tr\/static\/product_detail\/hbnet427a406c_5191511.webp\"><\/p>\n<p><img decoding=\"async\" data-cke-saved-src=\"https:\/\/cdn.myikas.com\/images\/4b0890c4-46f7-49c5-9b0d-d8f3dae632d6\/f37af0ab-ae4d-4f3d-a5a7-cc7d6c7f3482\/image_1950.webp\" src=\"https:\/\/hepsicdn.com.tr\/static\/product_detail\/hbnet427a406c_5191512.webp\"><\/p>\n<p><img decoding=\"async\" data-cke-saved-src=\"https:\/\/cdn.myikas.com\/images\/4b0890c4-46f7-49c5-9b0d-d8f3dae632d6\/c888ff46-9fb3-48b8-96eb-4f868150b0f1\/image_1950.webp\" src=\"https:\/\/hepsicdn.com.tr\/static\/product_detail\/hbnet427a406c_5191513.webp\"><\/p>\n<p><img decoding=\"async\" data-cke-saved-src=\"https:\/\/cdn.myikas.com\/images\/4b0890c4-46f7-49c5-9b0d-d8f3dae632d6\/fa365fe6-550c-4191-9fca-3d5492d343e7\/image_1950.webp\" src=\"https:\/\/hepsicdn.com.tr\/static\/product_detail\/hbnet427a406c_5191514.webp\"><\/p>\n<p><img decoding=\"async\" data-cke-saved-src=\"https:\/\/cdn.myikas.com\/images\/4b0890c4-46f7-49c5-9b0d-d8f3dae632d6\/1b701ffc-3835-41e3-ab91-6485967745ad\/image_1950.webp\" src=\"https:\/\/hepsicdn.com.tr\/static\/product_detail\/hbnet427a406c_5191515.webp\"><\/p>\n<p><img decoding=\"async\" data-cke-saved-src=\"https:\/\/cdn.myikas.com\/images\/4b0890c4-46f7-49c5-9b0d-d8f3dae632d6\/7d50852e-5873-494f-9939-52a916ca85ba\/image_1950.webp\" src=\"https:\/\/hepsicdn.com.tr\/static\/product_detail\/hbnet427a406c_5191516.webp\"><\/p>\n<p><img decoding=\"async\" data-cke-saved-src=\"https:\/\/cdn.myikas.com\/images\/4b0890c4-46f7-49c5-9b0d-d8f3dae632d6\/f9cc16ea-87b5-4b42-b5b3-575c7338bd93\/image_1950.webp\" src=\"https:\/\/hepsicdn.com.tr\/static\/product_detail\/hbnet427a406c_5191517.webp\"><\/p>\n<p><img decoding=\"async\" data-cke-saved-src=\"https:\/\/cdn.myikas.com\/images\/4b0890c4-46f7-49c5-9b0d-d8f3dae632d6\/5d5f1457-ea47-47d7-9ade-d75557107fab\/image_1950.webp\" src=\"https:\/\/hepsicdn.com.tr\/static\/product_detail\/hbnet427a406c_5191518.webp\"><\/p>\n<p><img decoding=\"async\" data-cke-saved-src=\"https:\/\/cdn.myikas.com\/images\/4b0890c4-46f7-49c5-9b0d-d8f3dae632d6\/509f2fd6-df82-427a-9ac4-b64ce496e245\/image_1950.webp\" src=\"https:\/\/hepsicdn.com.tr\/static\/product_detail\/hbnet427a406c_5191519.webp\">&#8203;<\/p>\n<p><strong>Ally Xiaomi Redmi Airdots Silikon K&#305;l&#305;f+Anahtarl&#305;k<\/strong><\/p>\n<p><span style=\"font-weight: 700; color: rgb(73, 83, 94); font-size: 11px; text-align: center;\">Kaliteli i&#351;&ccedil;ili&#287;e sahip olan silikon k&#305;l&#305;f cihaz&#305; sadece korumakla kalmaz, zarif tasar&#305;m&#305; sayesinde de daha g&uuml;zel bir g&ouml;r&uuml;n&uuml;m kazand&#305;r&#305;r.<\/span><\/p>\n<p><span style=\"color: rgb(73, 83, 94); font-size: 11px; text-align: center;\">Harika kal&#305;p kesimi ve esnekli&#287;i sayesinde cihaza m&uuml;kemmel uyar.<\/span><\/p>\n<p><span style=\"color: rgb(73, 83, 94); font-size: 11px; text-align: center;\">Kolayca tak&#305;l&#305;p &ccedil;&#305;kart&#305;labilir<\/span><\/p>\n<p style=\"box-sizing: border-box; margin: 0px 0px 10px; font-size: 11px; color: rgb(73, 83, 94); text-align: center;\"><\/p>\n","protected":false},"excerpt":{"rendered":"<p>Ally Xiaomi Redmi Airdots Silikon K&#305;l&#305;f+Anahtarl&#305;k &#8203; &#8203; Ally Xiaomi Redmi Airdots Silikon K&#305;l&#305;f+Anahtarl&#305;k Kaliteli i&#351;&ccedil;ili&#287;e sahip olan silikon k&#305;l&#305;f cihaz&#305; sadece korumakla kalmaz, zarif tasar&#305;m&#305; sayesinde de daha g&uuml;zel bir g&ouml;r&uuml;n&uuml;m kazand&#305;r&#305;r. Harika kal&#305;p kesimi ve esnekli&#287;i sayesinde cihaza m&uuml;kemmel uyar. Kolayca tak&#305;l&#305;p &ccedil;&#305;kart&#305;labilir<\/p>\n","protected":false},"featured_media":106685,"comment_status":"open","ping_status":"closed","template":"","meta":{"_kad_post_transparent":"","_kad_post_title":"","_kad_post_layout":"","_kad_post_sidebar_id":"","_kad_post_content_style":"","_kad_post_vertical_padding":"","_kad_post_feature":"","_kad_post_feature_position":"","_kad_post_header":false,"_kad_post_footer":false,"_kad_post_classname":""},"product_brand":[],"product_cat":[14565],"product_tag":[],"class_list":{"0":"post-106686","1":"product","2":"type-product","3":"status-publish","4":"has-post-thumbnail","6":"product_cat-airpods-aksesuarlar-giyilebilir-teknoloji-elektronik-airpods-aksesuarlar","8":"first","9":"instock","10":"purchasable","11":"product-type-simple","12":"entry","13":"content-bg","14":"loop-entry"},"_links":{"self":[{"href":"https:\/\/www.hediyepazar.com\/index.php?rest_route=\/wp\/v2\/product\/106686","targetHints":{"allow":["GET"]}}],"collection":[{"href":"https:\/\/www.hediyepazar.com\/index.php?rest_route=\/wp\/v2\/product"}],"about":[{"href":"https:\/\/www.hediyepazar.com\/index.php?rest_route=\/wp\/v2\/types\/product"}],"replies":[{"embeddable":true,"href":"https:\/\/www.hediyepazar.com\/index.php?rest_route=%2Fwp%2Fv2%2Fcomments&post=106686"}],"wp:featuredmedia":[{"embeddable":true,"href":"https:\/\/www.hediyepazar.com\/index.php?rest_route=\/wp\/v2\/media\/106685"}],"wp:attachment":[{"href":"https:\/\/www.hediyepazar.com\/index.php?rest_route=%2Fwp%2Fv2%2Fmedia&parent=106686"}],"wp:term":[{"taxonomy":"product_brand","embeddable":true,"href":"https:\/\/www.hediyepazar.com\/index.php?rest_route=%2Fwp%2Fv2%2Fproduct_brand&post=106686"},{"taxonomy":"product_cat","embeddable":true,"href":"https:\/\/www.hediyepazar.com\/index.php?rest_route=%2Fwp%2Fv2%2Fproduct_cat&post=106686"},{"taxonomy":"product_tag","embeddable":true,"href":"https:\/\/www.hediyepazar.com\/index.php?rest_route=%2Fwp%2Fv2%2Fproduct_tag&post=106686"}],"curies":[{"name":"wp","href":"https:\/\/api.w.org\/{rel}","templated":true}]}}