{"id":106728,"date":"2026-05-04T17:10:15","date_gmt":"2026-05-04T20:10:15","guid":{"rendered":"https:\/\/www.hediyepazar.com\/?product=ally-k7-cep-telefonu-ve-tablet-masaustu-standi-5775"},"modified":"2026-05-04T17:10:15","modified_gmt":"2026-05-04T20:10:15","slug":"ally-k7-cep-telefonu-ve-tablet-masaustu-standi-5775","status":"publish","type":"product","link":"https:\/\/www.hediyepazar.com\/?product=ally-k7-cep-telefonu-ve-tablet-masaustu-standi-5775","title":{"rendered":"Ally K7 Cep Telefonu Ve Tablet Masa\u00fcst\u00fc Stand\u0131-(5775)"},"content":{"rendered":"<p><iframe allow=\"accelerometer; autoplay; encrypted-media; gyroscope; picture-in-picture\" allowfullscreen=\"\" frameborder=\"0\" height=\"315\" src=\"https:\/\/www.youtube.com\/embed\/o_Gp4sYKRiA\" width=\"560\"><\/iframe><\/p>\n<p><strong>Ally Metal Cep Telefonu Ve Tablet Masa&uuml;st&uuml; Stand&#305;<\/strong><\/p>\n<p><img decoding=\"async\" data-cke-saved-src=\"https:\/\/cdn.myikas.com\/images\/4b0890c4-46f7-49c5-9b0d-d8f3dae632d6\/d7e72730-e8dd-4b07-b7f8-eab062cfaac3\/image_1950.webp\" src=\"https:\/\/hepsicdn.com.tr\/static\/product_detail\/hbnete2bb1314_5196611.webp\"><\/p>\n<p><img decoding=\"async\" data-cke-saved-src=\"https:\/\/cdn.myikas.com\/images\/4b0890c4-46f7-49c5-9b0d-d8f3dae632d6\/91b7c203-5b52-4cae-bca0-7c1ac6f1cb8d\/image_1950.webp\" src=\"https:\/\/hepsicdn.com.tr\/static\/product_detail\/hbnete2bb1314_5196612.webp\"><\/p>\n<p><img decoding=\"async\" data-cke-saved-src=\"https:\/\/cdn.myikas.com\/images\/4b0890c4-46f7-49c5-9b0d-d8f3dae632d6\/cee4777c-08ba-41d6-8514-92b45b069a36\/image_1950.webp\" src=\"https:\/\/hepsicdn.com.tr\/static\/product_detail\/hbnete2bb1314_5196613.webp\"><\/p>\n<p><img decoding=\"async\" data-cke-saved-src=\"https:\/\/cdn.myikas.com\/images\/4b0890c4-46f7-49c5-9b0d-d8f3dae632d6\/13bd6a9f-b06f-4c73-827d-52147ecb781f\/image_1950.webp\" src=\"https:\/\/hepsicdn.com.tr\/static\/product_detail\/hbnete2bb1314_5196614.webp\"><\/p>\n<p><img decoding=\"async\" data-cke-saved-src=\"https:\/\/cdn.myikas.com\/images\/4b0890c4-46f7-49c5-9b0d-d8f3dae632d6\/6eae3775-c7e0-4780-a3f9-7762473a3f00\/image_1950.webp\" src=\"https:\/\/hepsicdn.com.tr\/static\/product_detail\/hbnete2bb1314_5196615.webp\"><\/p>\n<p><img decoding=\"async\" data-cke-saved-src=\"https:\/\/cdn.myikas.com\/images\/4b0890c4-46f7-49c5-9b0d-d8f3dae632d6\/2c91b6d5-085c-49f2-8021-eeb5f4012d12\/image_1950.webp\" src=\"https:\/\/hepsicdn.com.tr\/static\/product_detail\/hbnete2bb1314_5196616.webp\"><\/p>\n<p>TEK ELLE RAHAT KULLANIM<br \/>&#350;IK TASARIM<br \/>KIRILMAYA KAR&#350;I DAYANIKLI ALUM&#304;NYUM ALA&#350;IM VE S&#304;L&#304;KON MALZEME<br \/>HAF&#304;F VE RAHAT TA&#350;INAB&#304;L&#304;R<\/p>\n","protected":false},"excerpt":{"rendered":"<p>Ally Metal Cep Telefonu Ve Tablet Masa&uuml;st&uuml; Stand&#305; TEK ELLE RAHAT KULLANIM&#350;IK TASARIMKIRILMAYA KAR&#350;I DAYANIKLI ALUM&#304;NYUM ALA&#350;IM VE S&#304;L&#304;KON MALZEMEHAF&#304;F VE RAHAT TA&#350;INAB&#304;L&#304;R<\/p>\n","protected":false},"featured_media":106727,"comment_status":"open","ping_status":"closed","template":"","meta":{"_kad_post_transparent":"","_kad_post_title":"","_kad_post_layout":"","_kad_post_sidebar_id":"","_kad_post_content_style":"","_kad_post_vertical_padding":"","_kad_post_feature":"","_kad_post_feature_position":"","_kad_post_header":false,"_kad_post_footer":false,"_kad_post_classname":""},"product_brand":[],"product_cat":[14646],"product_tag":[],"class_list":{"0":"post-106728","1":"product","2":"type-product","3":"status-publish","4":"has-post-thumbnail","6":"product_cat-tablet-standi-bilgisayar-tablet-aksesuar-bilgisayar-tablet-elektronik-tablet-standi","8":"first","9":"instock","10":"purchasable","11":"product-type-simple","12":"entry","13":"content-bg","14":"loop-entry"},"_links":{"self":[{"href":"https:\/\/www.hediyepazar.com\/index.php?rest_route=\/wp\/v2\/product\/106728","targetHints":{"allow":["GET"]}}],"collection":[{"href":"https:\/\/www.hediyepazar.com\/index.php?rest_route=\/wp\/v2\/product"}],"about":[{"href":"https:\/\/www.hediyepazar.com\/index.php?rest_route=\/wp\/v2\/types\/product"}],"replies":[{"embeddable":true,"href":"https:\/\/www.hediyepazar.com\/index.php?rest_route=%2Fwp%2Fv2%2Fcomments&post=106728"}],"wp:featuredmedia":[{"embeddable":true,"href":"https:\/\/www.hediyepazar.com\/index.php?rest_route=\/wp\/v2\/media\/106727"}],"wp:attachment":[{"href":"https:\/\/www.hediyepazar.com\/index.php?rest_route=%2Fwp%2Fv2%2Fmedia&parent=106728"}],"wp:term":[{"taxonomy":"product_brand","embeddable":true,"href":"https:\/\/www.hediyepazar.com\/index.php?rest_route=%2Fwp%2Fv2%2Fproduct_brand&post=106728"},{"taxonomy":"product_cat","embeddable":true,"href":"https:\/\/www.hediyepazar.com\/index.php?rest_route=%2Fwp%2Fv2%2Fproduct_cat&post=106728"},{"taxonomy":"product_tag","embeddable":true,"href":"https:\/\/www.hediyepazar.com\/index.php?rest_route=%2Fwp%2Fv2%2Fproduct_tag&post=106728"}],"curies":[{"name":"wp","href":"https:\/\/api.w.org\/{rel}","templated":true}]}}