{"id":106738,"date":"2026-05-04T17:11:14","date_gmt":"2026-05-04T20:11:14","guid":{"rendered":"https:\/\/www.hediyepazar.com\/?product=meizu-16xs-kamera-korumali-fit-silikon-kilif-5775"},"modified":"2026-05-04T17:11:14","modified_gmt":"2026-05-04T20:11:14","slug":"meizu-16xs-kamera-korumali-fit-silikon-kilif-5775","status":"publish","type":"product","link":"https:\/\/www.hediyepazar.com\/?product=meizu-16xs-kamera-korumali-fit-silikon-kilif-5775","title":{"rendered":"Meizu 16XS Kamera Korumal\u0131 Fit Silikon K\u0131l\u0131f-(5775)"},"content":{"rendered":"<p align=\"center\" helvetica=\"\" style=\"box-sizing: border-box; margin: 0px 0px 10px; font-size: 11px; color: rgb(73, 83, 94); text-align: center; font-family: \"><strong>Meizu 16XS&nbsp; Kamera Korumal&#305; Fit Silikon K&#305;l&#305;f<\/strong><\/p>\n<p align=\"center\" helvetica=\"\" style=\"box-sizing: border-box; margin: 0px 0px 10px; font-size: 11px; color: rgb(73, 83, 94); text-align: center; font-family: \"><img decoding=\"async\" data-cke-saved-src=\"https:\/\/cdn.myikas.com\/images\/4b0890c4-46f7-49c5-9b0d-d8f3dae632d6\/c19bf60c-1f98-4944-ab76-a5bb600a0bbe\/image_1950.webp\" src=\"https:\/\/hepsicdn.com.tr\/static\/product_detail\/hbneta09eeec0_5197411.webp\"><\/p>\n<p align=\"center\" helvetica=\"\" style=\"box-sizing: border-box; margin: 0px 0px 10px; font-size: 11px; color: rgb(73, 83, 94); text-align: center; font-family: \"><img decoding=\"async\" data-cke-saved-src=\"https:\/\/cdn.myikas.com\/images\/4b0890c4-46f7-49c5-9b0d-d8f3dae632d6\/2a49aa66-386d-4c4d-b2c2-12e63dd9735c\/image_1950.webp\" src=\"https:\/\/hepsicdn.com.tr\/static\/product_detail\/hbneta09eeec0_5197412.webp\"><\/p>\n<p align=\"center\" helvetica=\"\" style=\"box-sizing: border-box; margin: 0px 0px 10px; font-size: 11px; color: rgb(73, 83, 94); text-align: center; font-family: \"><img decoding=\"async\" data-cke-saved-src=\"https:\/\/cdn.myikas.com\/images\/4b0890c4-46f7-49c5-9b0d-d8f3dae632d6\/c2a74d81-4b20-4c2f-9a9c-2517d7bc34b7\/image_1950.webp\" src=\"https:\/\/hepsicdn.com.tr\/static\/product_detail\/hbneta09eeec0_5197413.webp\"><\/p>\n<p align=\"center\" helvetica=\"\" style=\"box-sizing: border-box; margin: 0px 0px 10px; font-size: 11px; color: rgb(73, 83, 94); text-align: center; font-family: \"><img decoding=\"async\" data-cke-saved-src=\"https:\/\/cdn.myikas.com\/images\/4b0890c4-46f7-49c5-9b0d-d8f3dae632d6\/3fa9ce9b-d9e6-424e-b3e4-1a438b797625\/image_1950.webp\" src=\"https:\/\/hepsicdn.com.tr\/static\/product_detail\/hbneta09eeec0_5197414.webp\"><\/p>\n<p align=\"center\" helvetica=\"\" style=\"box-sizing: border-box; margin: 0px 0px 10px; font-size: 11px; color: rgb(73, 83, 94); text-align: center; font-family: \"><img decoding=\"async\" data-cke-saved-src=\"https:\/\/cdn.myikas.com\/images\/4b0890c4-46f7-49c5-9b0d-d8f3dae632d6\/e0a7eab3-938a-4b40-8df1-6a3c3323a762\/image_1950.webp\" src=\"https:\/\/hepsicdn.com.tr\/static\/product_detail\/hbneta09eeec0_5197415.webp\"><\/p>\n<p align=\"center\" helvetica=\"\" style=\"box-sizing: border-box; margin: 0px 0px 10px; font-size: 11px; color: rgb(73, 83, 94); text-align: center; font-family: \"><img decoding=\"async\" data-cke-saved-src=\"https:\/\/cdn.myikas.com\/images\/4b0890c4-46f7-49c5-9b0d-d8f3dae632d6\/f3f23d37-22d5-4555-bb6a-ceade5a32a65\/image_1950.webp\" src=\"https:\/\/hepsicdn.com.tr\/static\/product_detail\/hbneta09eeec0_5197416.webp\"><\/p>\n<p align=\"center\" helvetica=\"\" style=\"box-sizing: border-box; margin: 0px 0px 10px; font-size: 11px; color: rgb(73, 83, 94); text-align: center; font-family: \"><img decoding=\"async\" data-cke-saved-src=\"https:\/\/cdn.myikas.com\/images\/4b0890c4-46f7-49c5-9b0d-d8f3dae632d6\/8e996fec-e4bb-47d2-b2f6-369ee71e9924\/image_1950.webp\" src=\"https:\/\/hepsicdn.com.tr\/static\/product_detail\/hbneta09eeec0_5197417.webp\">&#8203;<\/p>\n<p align=\"center\" helvetica=\"\" style=\"box-sizing: border-box; margin: 0px 0px 10px; font-size: 11px; color: rgb(73, 83, 94); text-align: center; font-family: \"><strong>Meizu 16XS&nbsp; Kamera Korumal&#305; Fit Silikon K&#305;l&#305;f<\/strong><\/p>\n<p align=\"center\" helvetica=\"\" style=\"box-sizing: border-box; margin: 0px 0px 10px; font-size: 11px; color: rgb(73, 83, 94); text-align: center; font-family: \"><span style=\"box-sizing: border-box; font-weight: 700;\">&#8203;&#8203;<\/span><span font-weight:=\"\" helvetica=\"\" style=\"box-sizing: border-box;\">Kaliteli i&#351;&ccedil;ili&#287;e sahip ol<\/span><span box-sizing:=\"\" font-weight:=\"\" helvetica=\"\" style=\"box-sizing: border-box;\">an&nbsp;<\/span><span font-weight:=\"\" helvetica=\"\" style=\"box-sizing: border-box;\">silikon k&#305;l&#305;f cihaz&#305; sadece korumakla kalmaz, zarif tasar&#305;m&#305; sayesinde de daha g&uuml;zel bir g&ouml;r&uuml;n&uuml;m kazand&#305;r&#305;r.<\/span><\/p>\n<p helvetica=\"\" style=\"box-sizing: border-box; margin: 0px 0px 10px; font-size: 11px; color: rgb(73, 83, 94); text-align: center; font-family: \"><span style=\"box-sizing: border-box; font-weight: 700;\"><span style=\"box-sizing: border-box;\">&Ouml;zellikler<\/span><br style=\"box-sizing: border-box;\"\/>Y&uuml;ksek kalite silikon materyalden &uuml;retilmi&#351;tir.<br style=\"box-sizing: border-box;\"\/>Cihaz&#305;n&#305;z&#305;n arka, yan taraflar&#305;n&#305; ve &ouml;n &ccedil;er&ccedil;evesini &ccedil;iziklerden, kirden, darbelerden korur.<br style=\"box-sizing: border-box;\"\/>K&#305;l&#305;f cihaz &uuml;zerindeyken &#351;arj, kulakl&#305;k, kamera veya ses kontrol tu&#351;lar&#305; kullan&#305;labilir.<br style=\"box-sizing: border-box;\"\/>Harika kal&#305;p kesimi ve esnekli&#287;i sayesinde cihaza m&uuml;kemmel uyar.<br style=\"box-sizing: border-box;\"\/>Kolayca tak&#305;l&#305;p &ccedil;&#305;kart&#305;labilir.<br style=\"box-sizing: border-box;\"\/>Cihaz&#305;n &ouml;n y&uuml;z&uuml;n&uuml; kapatmaz<\/span><\/p>\n","protected":false},"excerpt":{"rendered":"<p>Meizu 16XS&nbsp; Kamera Korumal&#305; Fit Silikon K&#305;l&#305;f &#8203; Meizu 16XS&nbsp; Kamera Korumal&#305; Fit Silikon K&#305;l&#305;f &#8203;&#8203;Kaliteli i&#351;&ccedil;ili&#287;e sahip olan&nbsp;silikon k&#305;l&#305;f cihaz&#305; sadece korumakla kalmaz, zarif tasar&#305;m&#305; sayesinde de daha g&uuml;zel bir g&ouml;r&uuml;n&uuml;m kazand&#305;r&#305;r. &Ouml;zelliklerY&uuml;ksek kalite silikon materyalden &uuml;retilmi&#351;tir.Cihaz&#305;n&#305;z&#305;n arka, yan taraflar&#305;n&#305; ve &ouml;n &ccedil;er&ccedil;evesini &ccedil;iziklerden, kirden, darbelerden korur.K&#305;l&#305;f cihaz &uuml;zerindeyken &#351;arj, kulakl&#305;k, kamera veya ses&#8230;<\/p>\n","protected":false},"featured_media":106737,"comment_status":"open","ping_status":"closed","template":"","meta":{"_kad_post_transparent":"","_kad_post_title":"","_kad_post_layout":"","_kad_post_sidebar_id":"","_kad_post_content_style":"","_kad_post_vertical_padding":"","_kad_post_feature":"","_kad_post_feature_position":"","_kad_post_header":false,"_kad_post_footer":false,"_kad_post_classname":""},"product_brand":[],"product_cat":[14520],"product_tag":[],"class_list":{"0":"post-106738","1":"product","2":"type-product","3":"status-publish","4":"has-post-thumbnail","6":"product_cat-telefon-kilifi-cep-telefonu-aksesuarlari-cep-telefonu-elektronik-telefon-kilifi","8":"first","9":"instock","10":"purchasable","11":"product-type-simple","12":"entry","13":"content-bg","14":"loop-entry"},"_links":{"self":[{"href":"https:\/\/www.hediyepazar.com\/index.php?rest_route=\/wp\/v2\/product\/106738","targetHints":{"allow":["GET"]}}],"collection":[{"href":"https:\/\/www.hediyepazar.com\/index.php?rest_route=\/wp\/v2\/product"}],"about":[{"href":"https:\/\/www.hediyepazar.com\/index.php?rest_route=\/wp\/v2\/types\/product"}],"replies":[{"embeddable":true,"href":"https:\/\/www.hediyepazar.com\/index.php?rest_route=%2Fwp%2Fv2%2Fcomments&post=106738"}],"wp:featuredmedia":[{"embeddable":true,"href":"https:\/\/www.hediyepazar.com\/index.php?rest_route=\/wp\/v2\/media\/106737"}],"wp:attachment":[{"href":"https:\/\/www.hediyepazar.com\/index.php?rest_route=%2Fwp%2Fv2%2Fmedia&parent=106738"}],"wp:term":[{"taxonomy":"product_brand","embeddable":true,"href":"https:\/\/www.hediyepazar.com\/index.php?rest_route=%2Fwp%2Fv2%2Fproduct_brand&post=106738"},{"taxonomy":"product_cat","embeddable":true,"href":"https:\/\/www.hediyepazar.com\/index.php?rest_route=%2Fwp%2Fv2%2Fproduct_cat&post=106738"},{"taxonomy":"product_tag","embeddable":true,"href":"https:\/\/www.hediyepazar.com\/index.php?rest_route=%2Fwp%2Fv2%2Fproduct_tag&post=106738"}],"curies":[{"name":"wp","href":"https:\/\/api.w.org\/{rel}","templated":true}]}}