{"id":106804,"date":"2026-05-04T17:18:18","date_gmt":"2026-05-04T20:18:18","guid":{"rendered":"https:\/\/www.hediyepazar.com\/?product=baseus-cable-fixer-kit-kablo-organizator-tutucu-ve-ayristici-5775"},"modified":"2026-05-04T17:18:18","modified_gmt":"2026-05-04T20:18:18","slug":"baseus-cable-fixer-kit-kablo-organizator-tutucu-ve-ayristici-5775","status":"publish","type":"product","link":"https:\/\/www.hediyepazar.com\/?product=baseus-cable-fixer-kit-kablo-organizator-tutucu-ve-ayristici-5775","title":{"rendered":"Baseus Cable Fixer Kit Kablo Organizat\u00f6r Tutucu Ve Ayr\u0131\u015ft\u0131c\u0131-(5775)"},"content":{"rendered":"<p><strong>Baseus Cable Fixer Kit Kablo Organizat&ouml;r Tutucu Ve Ayr&#305;&#351;t&#305;c&#305;<\/strong><\/p>\n<p><img decoding=\"async\" alt=\"\" data-cke-saved-src=\"https:\/\/cdn.myikas.com\/images\/4b0890c4-46f7-49c5-9b0d-d8f3dae632d6\/0c1cfd9e-745c-478d-8d71-f5bfcfae7fd6\/image_1950.webp\" src=\"https:\/\/cdn.myikas.com\/images\/4b0890c4-46f7-49c5-9b0d-d8f3dae632d6\/0c1cfd9e-745c-478d-8d71-f5bfcfae7fd6\/image_1950.webp\"\/><\/p>\n<p><img decoding=\"async\" data-cke-saved-src=\"https:\/\/cdn.myikas.com\/images\/4b0890c4-46f7-49c5-9b0d-d8f3dae632d6\/0be76bf0-76cd-4b32-a795-b2f49f1a39c8\/image_1950.webp\" src=\"https:\/\/hepsicdn.com.tr\/static\/product_detail\/hbnet8dbb6587_5203611.webp\"><\/p>\n<p><img decoding=\"async\" data-cke-saved-src=\"https:\/\/cdn.myikas.com\/images\/4b0890c4-46f7-49c5-9b0d-d8f3dae632d6\/4f01ea2f-842d-4621-bdc8-080b66a9128e\/image_1950.webp\" src=\"https:\/\/hepsicdn.com.tr\/static\/product_detail\/hbnet8dbb6587_5203612.webp\"><\/p>\n<p><img decoding=\"async\" data-cke-saved-src=\"https:\/\/cdn.myikas.com\/images\/4b0890c4-46f7-49c5-9b0d-d8f3dae632d6\/392bd07a-a56e-4555-a39b-9d171dbfd17d\/image_1950.webp\" src=\"https:\/\/hepsicdn.com.tr\/static\/product_detail\/hbnet8dbb6587_5203613.webp\"><\/p>\n<p><img decoding=\"async\" data-cke-saved-src=\"https:\/\/cdn.myikas.com\/images\/4b0890c4-46f7-49c5-9b0d-d8f3dae632d6\/7369edf6-4fd8-49eb-926d-1e47fadf0aff\/image_1950.webp\" src=\"https:\/\/hepsicdn.com.tr\/static\/product_detail\/hbnet8dbb6587_5203614.webp\"><\/p>\n<p><img decoding=\"async\" data-cke-saved-src=\"https:\/\/cdn.myikas.com\/images\/4b0890c4-46f7-49c5-9b0d-d8f3dae632d6\/423126c5-3ec2-49bc-8bf9-c8fb9e725833\/image_1950.webp\" src=\"https:\/\/hepsicdn.com.tr\/static\/product_detail\/hbnet8dbb6587_5203615.webp\"><\/p>\n<p><img decoding=\"async\" data-cke-saved-src=\"https:\/\/cdn.myikas.com\/images\/4b0890c4-46f7-49c5-9b0d-d8f3dae632d6\/6b792d6a-0473-4867-bae1-67c67a627b55\/image_1950.webp\" src=\"https:\/\/hepsicdn.com.tr\/static\/product_detail\/hbnet8dbb6587_5203616.webp\"><\/p>\n<p><img decoding=\"async\" data-cke-saved-src=\"https:\/\/cdn.myikas.com\/images\/4b0890c4-46f7-49c5-9b0d-d8f3dae632d6\/65b4184e-c5bc-4089-b234-3935e861247c\/image_1950.webp\" src=\"https:\/\/hepsicdn.com.tr\/static\/product_detail\/hbnet8dbb6587_5203617.webp\"><\/p>\n<\/p>\n<\/p>\n<p>&#8203;<\/p>\n<p><strong>Baseus Cable Fixer Kit Kablo Organizat&ouml;r Tutucu Ve Ayr&#305;&#351;t&#305;c&#305;<\/strong><\/p>\n<p>Orijinal Baseus &Uuml;r&uuml;n&uuml;d&uuml;r.<\/p>\n<p>Kablolar&#305; yap&#305;&#351;t&#305;r&#305;n ve sabitleyin<\/p>\n<p>&#304;kili S&#305;kma Pozisyonu ile tasarland&#305;&nbsp;<\/p>\n<p>Strong 3M Yap&#305;&#351;t&#305;r&#305;c&#305; ile Sabitleme: &#304;zsiz s&#305;rt yap&#305;&#351;kan macunu, kayd&#305;r&#305;lmas&#305; kolay de&#287;ildir, bu sayede masa&uuml;st&uuml; ve duvara zarar gelmez<\/p>\n<p>15 adet Kablo Kay&#305;&#351;&#305;: &Uuml;&ccedil; renk mevcuttur, farkl&#305; kablolar&#305; ba&#287;lamak i&ccedil;in farkl&#305; renkler kullan&#305;labilir, bu da ay&#305;rt edilmesini kolayla&#351;t&#305;r&#305;r<\/p>\n<p>Kompakt ve zarif, yap&#305;&#351;t&#305;rma i&ccedil;in yerden tasarruf ve d&uuml;zenli tutma<\/p>\n<p>&Ccedil;o&#287;u veri kablosuyla geni&#351; &ccedil;apta uyumlu<\/p>\n<p>&Uuml;retici: Baseus<\/p>\n<p>Malzeme: ABS<\/p>\n<p><strong>Paket i&ccedil;eri&#287;i:<\/strong><\/p>\n<p>1 x Fixer Kit Kablo Organizat&ouml;r Tutucu ve Ayr&#305;&#351;r&#305;c&#305; (Siyah * 5 + K&#305;rm&#305;z&#305; * 5 + Sar&#305; * 5]<\/p>\n<p><strong>Renkler:<\/strong><\/p>\n<p>Siyah TZACGX-01<\/p>\n<p>Mavi TZACGX-03<\/p>\n","protected":false},"excerpt":{"rendered":"<p>Baseus Cable Fixer Kit Kablo Organizat&ouml;r Tutucu Ve Ayr&#305;&#351;t&#305;c&#305; &#8203; Baseus Cable Fixer Kit Kablo Organizat&ouml;r Tutucu Ve Ayr&#305;&#351;t&#305;c&#305; Orijinal Baseus &Uuml;r&uuml;n&uuml;d&uuml;r. Kablolar&#305; yap&#305;&#351;t&#305;r&#305;n ve sabitleyin &#304;kili S&#305;kma Pozisyonu ile tasarland&#305;&nbsp; Strong 3M Yap&#305;&#351;t&#305;r&#305;c&#305; ile Sabitleme: &#304;zsiz s&#305;rt yap&#305;&#351;kan macunu, kayd&#305;r&#305;lmas&#305; kolay de&#287;ildir, bu sayede masa&uuml;st&uuml; ve duvara zarar gelmez 15 adet Kablo Kay&#305;&#351;&#305;: &Uuml;&ccedil;&#8230;<\/p>\n","protected":false},"featured_media":106803,"comment_status":"open","ping_status":"closed","template":"","meta":{"_kad_post_transparent":"","_kad_post_title":"","_kad_post_layout":"","_kad_post_sidebar_id":"","_kad_post_content_style":"","_kad_post_vertical_padding":"","_kad_post_feature":"","_kad_post_feature_position":"","_kad_post_header":false,"_kad_post_footer":false,"_kad_post_classname":""},"product_brand":[],"product_cat":[14496],"product_tag":[],"class_list":{"0":"post-106804","1":"product","2":"type-product","3":"status-publish","4":"has-post-thumbnail","6":"product_cat-sarj-cihazlarikablolari-cep-telefonu-aksesuarlari-cep-telefonu-elektronik-sarj-cihazlarikablolari","8":"first","9":"instock","10":"purchasable","11":"product-type-simple","12":"entry","13":"content-bg","14":"loop-entry"},"_links":{"self":[{"href":"https:\/\/www.hediyepazar.com\/index.php?rest_route=\/wp\/v2\/product\/106804","targetHints":{"allow":["GET"]}}],"collection":[{"href":"https:\/\/www.hediyepazar.com\/index.php?rest_route=\/wp\/v2\/product"}],"about":[{"href":"https:\/\/www.hediyepazar.com\/index.php?rest_route=\/wp\/v2\/types\/product"}],"replies":[{"embeddable":true,"href":"https:\/\/www.hediyepazar.com\/index.php?rest_route=%2Fwp%2Fv2%2Fcomments&post=106804"}],"wp:featuredmedia":[{"embeddable":true,"href":"https:\/\/www.hediyepazar.com\/index.php?rest_route=\/wp\/v2\/media\/106803"}],"wp:attachment":[{"href":"https:\/\/www.hediyepazar.com\/index.php?rest_route=%2Fwp%2Fv2%2Fmedia&parent=106804"}],"wp:term":[{"taxonomy":"product_brand","embeddable":true,"href":"https:\/\/www.hediyepazar.com\/index.php?rest_route=%2Fwp%2Fv2%2Fproduct_brand&post=106804"},{"taxonomy":"product_cat","embeddable":true,"href":"https:\/\/www.hediyepazar.com\/index.php?rest_route=%2Fwp%2Fv2%2Fproduct_cat&post=106804"},{"taxonomy":"product_tag","embeddable":true,"href":"https:\/\/www.hediyepazar.com\/index.php?rest_route=%2Fwp%2Fv2%2Fproduct_tag&post=106804"}],"curies":[{"name":"wp","href":"https:\/\/api.w.org\/{rel}","templated":true}]}}