{"id":106878,"date":"2026-05-04T17:29:12","date_gmt":"2026-05-04T20:29:12","guid":{"rendered":"https:\/\/www.hediyepazar.com\/?product=ally-vantuzlu-torpido-ustu-teleskopik-arac-tablet-telefon-tutucu-5775"},"modified":"2026-05-04T17:29:12","modified_gmt":"2026-05-04T20:29:12","slug":"ally-vantuzlu-torpido-ustu-teleskopik-arac-tablet-telefon-tutucu-5775","status":"publish","type":"product","link":"https:\/\/www.hediyepazar.com\/?product=ally-vantuzlu-torpido-ustu-teleskopik-arac-tablet-telefon-tutucu-5775","title":{"rendered":"ALLY Vantuzlu Torpido \u00dcst\u00fc Teleskopik Ara\u00e7 Tablet Telefon Tutucu-(5775)"},"content":{"rendered":"<h3><strong>Universal Vantuzlu Torpido &Uuml;st&uuml; Teleskopik Ara&ccedil; Tablet Telefon Tutucu<\/strong><\/h3>\n<p><img decoding=\"async\" data-cke-saved-src=\"https:\/\/cdn.myikas.com\/images\/4b0890c4-46f7-49c5-9b0d-d8f3dae632d6\/4f9f1eeb-04bf-4e5b-840a-e17086584394\/image_1950.webp\" src=\"https:\/\/hepsicdn.com.tr\/static\/product_detail\/hbnet5d919c1a_5214411.webp\"><\/p>\n<p><img decoding=\"async\" data-cke-saved-src=\"https:\/\/cdn.myikas.com\/images\/4b0890c4-46f7-49c5-9b0d-d8f3dae632d6\/de90a943-8c37-4709-bd46-b44abb690961\/image_1950.webp\" src=\"https:\/\/hepsicdn.com.tr\/static\/product_detail\/hbnet5d919c1a_5214412.webp\"><\/p>\n<p><img decoding=\"async\" data-cke-saved-src=\"https:\/\/cdn.myikas.com\/images\/4b0890c4-46f7-49c5-9b0d-d8f3dae632d6\/9b0c032e-e461-4ce9-9287-fd6af5d5949e\/image_1950.webp\" src=\"https:\/\/hepsicdn.com.tr\/static\/product_detail\/hbnet5d919c1a_5214413.webp\"><\/p>\n<p><img decoding=\"async\" data-cke-saved-src=\"https:\/\/cdn.myikas.com\/images\/4b0890c4-46f7-49c5-9b0d-d8f3dae632d6\/cb007e6d-de6f-4791-adad-7b58e2360afb\/image_1950.webp\" src=\"https:\/\/hepsicdn.com.tr\/static\/product_detail\/hbnet5d919c1a_5214414.webp\"><\/p>\n<p><img decoding=\"async\" data-cke-saved-src=\"https:\/\/cdn.myikas.com\/images\/4b0890c4-46f7-49c5-9b0d-d8f3dae632d6\/077b56c1-b948-4055-9025-2ece293f58c3\/image_1950.webp\" src=\"https:\/\/hepsicdn.com.tr\/static\/product_detail\/hbnet5d919c1a_5214415.webp\"><\/p>\n<p><img decoding=\"async\" data-cke-saved-src=\"https:\/\/cdn.myikas.com\/images\/4b0890c4-46f7-49c5-9b0d-d8f3dae632d6\/16bedd40-e3ab-411c-a013-9ddd91c6d963\/image_1950.webp\" src=\"https:\/\/hepsicdn.com.tr\/static\/product_detail\/hbnet5d919c1a_5214416.webp\"><\/p>\n<p><img decoding=\"async\" data-cke-saved-src=\"https:\/\/cdn.myikas.com\/images\/4b0890c4-46f7-49c5-9b0d-d8f3dae632d6\/2c8f8bcb-b2c0-474a-a3e7-e262f5ab9949\/image_1950.webp\" src=\"https:\/\/hepsicdn.com.tr\/static\/product_detail\/hbnet5d919c1a_5214417.webp\"><\/p>\n<p><\/p>\n<p><strong>Universal Vantuzlu Torpido &Uuml;st&uuml; Teleskopik Ara&ccedil; Tablet Telefon Tutucu<\/strong><br \/>Bu &uuml;r&uuml;n&uuml; ister cama iste torpido &uuml;st&uuml;ne yap&#305;&#351;t&#305;rabilirsiniz.<br \/>Kolay kurulum , &#351;&#305;k g&ouml;r&uuml;n&uuml;&#351;e sahiptir.<br \/>Telefon ve tablet i&ccedil;in g&uuml;venle kullan&#305;labilir.<br \/>Malzeme: ABS<br \/>Cep telefonu\/tablet\/GPS\/PDA i&ccedil;in uygundur.<br \/>360&deg; ayarlanabilir tasar&#305;ma sahiptir.<\/p>\n","protected":false},"excerpt":{"rendered":"<p>Universal Vantuzlu Torpido &Uuml;st&uuml; Teleskopik Ara&ccedil; Tablet Telefon Tutucu Universal Vantuzlu Torpido &Uuml;st&uuml; Teleskopik Ara&ccedil; Tablet Telefon TutucuBu &uuml;r&uuml;n&uuml; ister cama iste torpido &uuml;st&uuml;ne yap&#305;&#351;t&#305;rabilirsiniz.Kolay kurulum , &#351;&#305;k g&ouml;r&uuml;n&uuml;&#351;e sahiptir.Telefon ve tablet i&ccedil;in g&uuml;venle kullan&#305;labilir.Malzeme: ABSCep telefonu\/tablet\/GPS\/PDA i&ccedil;in uygundur.360&deg; ayarlanabilir tasar&#305;ma sahiptir.<\/p>\n","protected":false},"featured_media":106877,"comment_status":"open","ping_status":"closed","template":"","meta":{"_kad_post_transparent":"","_kad_post_title":"","_kad_post_layout":"","_kad_post_sidebar_id":"","_kad_post_content_style":"","_kad_post_vertical_padding":"","_kad_post_feature":"","_kad_post_feature_position":"","_kad_post_header":false,"_kad_post_footer":false,"_kad_post_classname":""},"product_brand":[],"product_cat":[14532],"product_tag":[],"class_list":{"0":"post-106878","1":"product","2":"type-product","3":"status-publish","4":"has-post-thumbnail","6":"product_cat-oto-aksesuarlari-cep-telefonu-elektronik-oto-aksesuarlari","8":"first","9":"instock","10":"purchasable","11":"product-type-simple","12":"entry","13":"content-bg","14":"loop-entry"},"_links":{"self":[{"href":"https:\/\/www.hediyepazar.com\/index.php?rest_route=\/wp\/v2\/product\/106878","targetHints":{"allow":["GET"]}}],"collection":[{"href":"https:\/\/www.hediyepazar.com\/index.php?rest_route=\/wp\/v2\/product"}],"about":[{"href":"https:\/\/www.hediyepazar.com\/index.php?rest_route=\/wp\/v2\/types\/product"}],"replies":[{"embeddable":true,"href":"https:\/\/www.hediyepazar.com\/index.php?rest_route=%2Fwp%2Fv2%2Fcomments&post=106878"}],"wp:featuredmedia":[{"embeddable":true,"href":"https:\/\/www.hediyepazar.com\/index.php?rest_route=\/wp\/v2\/media\/106877"}],"wp:attachment":[{"href":"https:\/\/www.hediyepazar.com\/index.php?rest_route=%2Fwp%2Fv2%2Fmedia&parent=106878"}],"wp:term":[{"taxonomy":"product_brand","embeddable":true,"href":"https:\/\/www.hediyepazar.com\/index.php?rest_route=%2Fwp%2Fv2%2Fproduct_brand&post=106878"},{"taxonomy":"product_cat","embeddable":true,"href":"https:\/\/www.hediyepazar.com\/index.php?rest_route=%2Fwp%2Fv2%2Fproduct_cat&post=106878"},{"taxonomy":"product_tag","embeddable":true,"href":"https:\/\/www.hediyepazar.com\/index.php?rest_route=%2Fwp%2Fv2%2Fproduct_tag&post=106878"}],"curies":[{"name":"wp","href":"https:\/\/api.w.org\/{rel}","templated":true}]}}