{"id":106886,"date":"2026-05-04T17:30:09","date_gmt":"2026-05-04T20:30:09","guid":{"rendered":"https:\/\/www.hediyepazar.com\/?product=iphone-ipad-lightning-to-ethernet-rj45-adaptoru-nk107a1-5775"},"modified":"2026-05-04T17:30:09","modified_gmt":"2026-05-04T20:30:09","slug":"iphone-ipad-lightning-to-ethernet-rj45-adaptoru-nk107a1-5775","status":"publish","type":"product","link":"https:\/\/www.hediyepazar.com\/?product=iphone-ipad-lightning-to-ethernet-rj45-adaptoru-nk107a1-5775","title":{"rendered":"\u0130Phone\/\u0130Pad Lightning To Ethernet RJ45 Adapt\u00f6r\u00fc NK107A1-(5775)"},"content":{"rendered":"<h2><strong>&#304;Phone\/&#304;Pad Lightning To Ethernet RJ45 Adapt&ouml;r&uuml; NK107A1<\/strong><\/h2>\n<p><img decoding=\"async\" data-cke-saved-src=\"https:\/\/cdn.myikas.com\/images\/4b0890c4-46f7-49c5-9b0d-d8f3dae632d6\/de667dcb-b33e-49fa-802b-246fd933d6a6\/image_1950.webp\" src=\"https:\/\/hepsicdn.com.tr\/static\/product_detail\/hbnet686e3a5d_5215511.webp\"><\/p>\n<p><img decoding=\"async\" data-cke-saved-src=\"https:\/\/cdn.myikas.com\/images\/4b0890c4-46f7-49c5-9b0d-d8f3dae632d6\/b0e0345b-bc2c-44c9-b141-63dffd138668\/image_1950.webp\" src=\"https:\/\/hepsicdn.com.tr\/static\/product_detail\/hbnet686e3a5d_5215512.webp\"><\/p>\n<p><img decoding=\"async\" data-cke-saved-src=\"https:\/\/cdn.myikas.com\/images\/4b0890c4-46f7-49c5-9b0d-d8f3dae632d6\/95203e99-97c0-44ae-8832-7aab094a2028\/image_1950.webp\" src=\"https:\/\/hepsicdn.com.tr\/static\/product_detail\/hbnet686e3a5d_5215513.webp\"><\/p>\n<p><img decoding=\"async\" data-cke-saved-src=\"https:\/\/cdn.myikas.com\/images\/4b0890c4-46f7-49c5-9b0d-d8f3dae632d6\/07d5eb40-0f30-4978-8537-a7d0051d6d0f\/image_1950.webp\" src=\"https:\/\/hepsicdn.com.tr\/static\/product_detail\/hbnet686e3a5d_5215514.webp\"><\/p>\n<p><img decoding=\"async\" data-cke-saved-src=\"https:\/\/cdn.myikas.com\/images\/4b0890c4-46f7-49c5-9b0d-d8f3dae632d6\/1f888468-4a63-4017-ade0-835dd7a5edce\/image_1950.webp\" src=\"https:\/\/hepsicdn.com.tr\/static\/product_detail\/hbnet686e3a5d_5215515.webp\"><\/p>\n<p><img decoding=\"async\" data-cke-saved-src=\"https:\/\/cdn.myikas.com\/images\/4b0890c4-46f7-49c5-9b0d-d8f3dae632d6\/168709dc-bc5f-4bc5-bf02-fc4455df7062\/image_1950.webp\" src=\"https:\/\/hepsicdn.com.tr\/static\/product_detail\/hbnet686e3a5d_5215516.webp\">&#8203;<\/p>\n<p><\/p>\n<h2><strong>&#304;Phone\/&#304;Pad Lightning To Ethernet RJ45 Adapt&ouml;r&uuml; NK107A1<\/strong><\/h2>\n<p><strong>Ethernet adapt&ouml;r&uuml; kolayca iPhone \/ iPad&#8217;inizi y&uuml;ksek performansl&#305; bir Gigabit Ethernet a&#287;&#305;na ba&#287;laman&#305;za izin verir&nbsp;<\/strong><\/p>\n<p><strong>iPhone \/ iPad&#8217;inizdeki 8pin ba&#287;lant&#305; noktas&#305;na ba&#287;lan&#305;r ve 10\/100 BASE-T a&#287;lar&#305;n&#305; destekleyen bir RJ45 ba&#287;lant&#305; noktas&#305; sa&#287;lar&nbsp;<br \/>K&uuml;&ccedil;&uuml;k ve kompakt tasar&#305;m, gidebilece&#287;iniz her yere yan&#305;n&#305;zda g&ouml;t&uuml;rmeyi kolayla&#351;t&#305;r&#305;r<\/strong><\/p>\n","protected":false},"excerpt":{"rendered":"<p>&#304;Phone\/&#304;Pad Lightning To Ethernet RJ45 Adapt&ouml;r&uuml; NK107A1 &#8203; &#304;Phone\/&#304;Pad Lightning To Ethernet RJ45 Adapt&ouml;r&uuml; NK107A1 Ethernet adapt&ouml;r&uuml; kolayca iPhone \/ iPad&#8217;inizi y&uuml;ksek performansl&#305; bir Gigabit Ethernet a&#287;&#305;na ba&#287;laman&#305;za izin verir&nbsp; iPhone \/ iPad&#8217;inizdeki 8pin ba&#287;lant&#305; noktas&#305;na ba&#287;lan&#305;r ve 10\/100 BASE-T a&#287;lar&#305;n&#305; destekleyen bir RJ45 ba&#287;lant&#305; noktas&#305; sa&#287;lar&nbsp;K&uuml;&ccedil;&uuml;k ve kompakt tasar&#305;m, gidebilece&#287;iniz her yere yan&#305;n&#305;zda g&ouml;t&uuml;rmeyi&#8230;<\/p>\n","protected":false},"featured_media":106885,"comment_status":"open","ping_status":"closed","template":"","meta":{"_kad_post_transparent":"","_kad_post_title":"","_kad_post_layout":"","_kad_post_sidebar_id":"","_kad_post_content_style":"","_kad_post_vertical_padding":"","_kad_post_feature":"","_kad_post_feature_position":"","_kad_post_header":false,"_kad_post_footer":false,"_kad_post_classname":""},"product_brand":[],"product_cat":[14459],"product_tag":[],"class_list":{"0":"post-106886","1":"product","2":"type-product","3":"status-publish","4":"has-post-thumbnail","6":"product_cat-cevirici-donusturucu-cep-telefonu-aksesuarlari-cep-telefonu-elektronik-cevirici-donusturucu","8":"first","9":"instock","10":"purchasable","11":"product-type-simple","12":"entry","13":"content-bg","14":"loop-entry"},"_links":{"self":[{"href":"https:\/\/www.hediyepazar.com\/index.php?rest_route=\/wp\/v2\/product\/106886","targetHints":{"allow":["GET"]}}],"collection":[{"href":"https:\/\/www.hediyepazar.com\/index.php?rest_route=\/wp\/v2\/product"}],"about":[{"href":"https:\/\/www.hediyepazar.com\/index.php?rest_route=\/wp\/v2\/types\/product"}],"replies":[{"embeddable":true,"href":"https:\/\/www.hediyepazar.com\/index.php?rest_route=%2Fwp%2Fv2%2Fcomments&post=106886"}],"wp:featuredmedia":[{"embeddable":true,"href":"https:\/\/www.hediyepazar.com\/index.php?rest_route=\/wp\/v2\/media\/106885"}],"wp:attachment":[{"href":"https:\/\/www.hediyepazar.com\/index.php?rest_route=%2Fwp%2Fv2%2Fmedia&parent=106886"}],"wp:term":[{"taxonomy":"product_brand","embeddable":true,"href":"https:\/\/www.hediyepazar.com\/index.php?rest_route=%2Fwp%2Fv2%2Fproduct_brand&post=106886"},{"taxonomy":"product_cat","embeddable":true,"href":"https:\/\/www.hediyepazar.com\/index.php?rest_route=%2Fwp%2Fv2%2Fproduct_cat&post=106886"},{"taxonomy":"product_tag","embeddable":true,"href":"https:\/\/www.hediyepazar.com\/index.php?rest_route=%2Fwp%2Fv2%2Fproduct_tag&post=106886"}],"curies":[{"name":"wp","href":"https:\/\/api.w.org\/{rel}","templated":true}]}}