{"id":106896,"date":"2026-05-04T17:31:14","date_gmt":"2026-05-04T20:31:14","guid":{"rendered":"https:\/\/www.hediyepazar.com\/?product=baseus-back-stick-universal-telefon-arkasi-kart-yuvasi-cuzdan-5775"},"modified":"2026-05-04T17:31:14","modified_gmt":"2026-05-04T20:31:14","slug":"baseus-back-stick-universal-telefon-arkasi-kart-yuvasi-cuzdan-5775","status":"publish","type":"product","link":"https:\/\/www.hediyepazar.com\/?product=baseus-back-stick-universal-telefon-arkasi-kart-yuvasi-cuzdan-5775","title":{"rendered":"Baseus back stick Universal Telefon Arkas\u0131 Kart Yuvas\u0131 C\u00fczdan-(5775)"},"content":{"rendered":"<p><strong>Baseus back stick Universal Telefon Arkas&#305; Kart Yuvas&#305; C&uuml;zdan<\/strong><\/p>\n<p><img decoding=\"async\" alt=\"\" data-cke-saved-src=\"https:\/\/cdn.myikas.com\/images\/4b0890c4-46f7-49c5-9b0d-d8f3dae632d6\/e722bccc-7de0-404a-9444-2fc60d624701\/image_1950.webp\" src=\"https:\/\/cdn.myikas.com\/images\/4b0890c4-46f7-49c5-9b0d-d8f3dae632d6\/e722bccc-7de0-404a-9444-2fc60d624701\/image_1950.webp\"\/><\/p>\n<p><img decoding=\"async\" data-cke-saved-src=\"https:\/\/cdn.myikas.com\/images\/4b0890c4-46f7-49c5-9b0d-d8f3dae632d6\/8d9185f2-d410-4e6f-b869-567744858dac\/image_1950.webp\" src=\"https:\/\/hepsicdn.com.tr\/static\/product_detail\/hbnet8383acfd_5216311.webp\"><\/p>\n<p><img decoding=\"async\" data-cke-saved-src=\"https:\/\/cdn.myikas.com\/images\/4b0890c4-46f7-49c5-9b0d-d8f3dae632d6\/c27616d7-3744-4998-875e-5ba2d87151ca\/image_1950.webp\" src=\"https:\/\/hepsicdn.com.tr\/static\/product_detail\/hbnet8383acfd_5216312.webp\"><\/p>\n<p><img decoding=\"async\" data-cke-saved-src=\"https:\/\/cdn.myikas.com\/images\/4b0890c4-46f7-49c5-9b0d-d8f3dae632d6\/12ee6e1a-54f3-422e-b469-1a0fc287b727\/image_1950.webp\" src=\"https:\/\/hepsicdn.com.tr\/static\/product_detail\/hbnet8383acfd_5216313.webp\"><\/p>\n<p><img decoding=\"async\" data-cke-saved-src=\"https:\/\/cdn.myikas.com\/images\/4b0890c4-46f7-49c5-9b0d-d8f3dae632d6\/8d0831c2-fdb6-4654-af80-22ba699b0e0f\/image_1950.webp\" src=\"https:\/\/hepsicdn.com.tr\/static\/product_detail\/hbnet8383acfd_5216314.webp\"><\/p>\n<p><img decoding=\"async\" data-cke-saved-src=\"https:\/\/cdn.myikas.com\/images\/4b0890c4-46f7-49c5-9b0d-d8f3dae632d6\/60200679-30a2-438b-b9a0-f792e34169e2\/image_1950.webp\" src=\"https:\/\/hepsicdn.com.tr\/static\/product_detail\/hbnet8383acfd_5216315.webp\"><\/p>\n<p><img decoding=\"async\" data-cke-saved-src=\"https:\/\/cdn.myikas.com\/images\/4b0890c4-46f7-49c5-9b0d-d8f3dae632d6\/2dd987bd-2830-45fc-9ab9-762ca219c595\/image_1950.webp\" src=\"https:\/\/hepsicdn.com.tr\/static\/product_detail\/hbnet8383acfd_5216316.webp\"><\/p>\n<p><img decoding=\"async\" data-cke-saved-src=\"https:\/\/cdn.myikas.com\/images\/4b0890c4-46f7-49c5-9b0d-d8f3dae632d6\/b19c8012-e406-4c98-85d3-05135351295d\/image_1950.webp\" src=\"https:\/\/hepsicdn.com.tr\/static\/product_detail\/hbnet8383acfd_5216317.webp\"><\/p>\n<\/p>\n<\/p>\n<p><strong>Baseus back stick Universal Telefon Arkas&#305; Kart Yuvas&#305; C&uuml;zdan<\/strong><\/p>\n<p><strong>Orijinal Baseus &uuml;r&uuml;n&uuml;d&uuml;r.<\/strong><\/p>\n<p><strong>Renkler<\/strong><\/p>\n<p><strong>Gri&nbsp; <\/strong>ACKD-B0G<\/p>\n<p><strong>F&uuml;me &nbsp;<\/strong>ACKD-A0G<\/p>\n<p>Her p&uuml;r&uuml;zs&uuml;z y&uuml;ze kolay yap&#305;&#351;&#305;r (Miorrow, Seramik, Plastik par&ccedil;a, Telefon K&#305;l&#305;f&#305;)<\/p>\n<p>Kurulumu kolay: kart tutucu yuvas&#305;n&#305; cep telefonunuzun veya cep telefonunuzun arkas&#305;na yap&#305;&#351;t&#305;rman&#305;z yeterli<\/p>\n<p>Cep telefonunuzun arkas&#305;ndaki y&uuml;ksek kaliteli g&uuml;&ccedil;l&uuml; yap&#305;&#351;t&#305;r&#305;c&#305;d&#305;r, ancak &ccedil;&#305;kart&#305;ld&#305;&#287;&#305;nda yap&#305;&#351;kan kal&#305;nt&#305; kalmaz<\/p>\n<p>Kimlik Kart&#305;, Kredi Kart&#305;, &Ccedil;anta Kart&#305;, &#304;ndirim Kart&#305; vb.<\/p>\n<p>Gitmeye haz&#305;r oldu&#287;unuzda c&uuml;zdan&#305;n&#305;z&#305; bir telefon kart&#305; tutucu ile de&#287;i&#351;tirin.<\/p>\n<p>Pare down: cebinizde veya &ccedil;antan&#305;zda yer kazan&#305;n ve gerekli t&uuml;m &#351;eyleri ak&#305;ll&#305; telefonunuzun arkas&#305;nda ta&#351;&#305;y&#305;n<\/p>\n","protected":false},"excerpt":{"rendered":"<p>Baseus back stick Universal Telefon Arkas&#305; Kart Yuvas&#305; C&uuml;zdan Baseus back stick Universal Telefon Arkas&#305; Kart Yuvas&#305; C&uuml;zdan Orijinal Baseus &uuml;r&uuml;n&uuml;d&uuml;r. Renkler Gri&nbsp; ACKD-B0G F&uuml;me &nbsp;ACKD-A0G Her p&uuml;r&uuml;zs&uuml;z y&uuml;ze kolay yap&#305;&#351;&#305;r (Miorrow, Seramik, Plastik par&ccedil;a, Telefon K&#305;l&#305;f&#305;) Kurulumu kolay: kart tutucu yuvas&#305;n&#305; cep telefonunuzun veya cep telefonunuzun arkas&#305;na yap&#305;&#351;t&#305;rman&#305;z yeterli Cep telefonunuzun arkas&#305;ndaki y&uuml;ksek kaliteli&#8230;<\/p>\n","protected":false},"featured_media":106895,"comment_status":"open","ping_status":"closed","template":"","meta":{"_kad_post_transparent":"","_kad_post_title":"","_kad_post_layout":"","_kad_post_sidebar_id":"","_kad_post_content_style":"","_kad_post_vertical_padding":"","_kad_post_feature":"","_kad_post_feature_position":"","_kad_post_header":false,"_kad_post_footer":false,"_kad_post_classname":""},"product_brand":[],"product_cat":[14520],"product_tag":[],"class_list":{"0":"post-106896","1":"product","2":"type-product","3":"status-publish","4":"has-post-thumbnail","6":"product_cat-telefon-kilifi-cep-telefonu-aksesuarlari-cep-telefonu-elektronik-telefon-kilifi","8":"first","9":"instock","10":"purchasable","11":"product-type-simple","12":"entry","13":"content-bg","14":"loop-entry"},"_links":{"self":[{"href":"https:\/\/www.hediyepazar.com\/index.php?rest_route=\/wp\/v2\/product\/106896","targetHints":{"allow":["GET"]}}],"collection":[{"href":"https:\/\/www.hediyepazar.com\/index.php?rest_route=\/wp\/v2\/product"}],"about":[{"href":"https:\/\/www.hediyepazar.com\/index.php?rest_route=\/wp\/v2\/types\/product"}],"replies":[{"embeddable":true,"href":"https:\/\/www.hediyepazar.com\/index.php?rest_route=%2Fwp%2Fv2%2Fcomments&post=106896"}],"wp:featuredmedia":[{"embeddable":true,"href":"https:\/\/www.hediyepazar.com\/index.php?rest_route=\/wp\/v2\/media\/106895"}],"wp:attachment":[{"href":"https:\/\/www.hediyepazar.com\/index.php?rest_route=%2Fwp%2Fv2%2Fmedia&parent=106896"}],"wp:term":[{"taxonomy":"product_brand","embeddable":true,"href":"https:\/\/www.hediyepazar.com\/index.php?rest_route=%2Fwp%2Fv2%2Fproduct_brand&post=106896"},{"taxonomy":"product_cat","embeddable":true,"href":"https:\/\/www.hediyepazar.com\/index.php?rest_route=%2Fwp%2Fv2%2Fproduct_cat&post=106896"},{"taxonomy":"product_tag","embeddable":true,"href":"https:\/\/www.hediyepazar.com\/index.php?rest_route=%2Fwp%2Fv2%2Fproduct_tag&post=106896"}],"curies":[{"name":"wp","href":"https:\/\/api.w.org\/{rel}","templated":true}]}}