{"id":106926,"date":"2026-05-04T17:35:18","date_gmt":"2026-05-04T20:35:18","guid":{"rendered":"https:\/\/www.hediyepazar.com\/?product=iphone-3-5mm-kulaklik-ve-sarj-donusturucu-baslik-adaptor-5775"},"modified":"2026-05-04T17:35:18","modified_gmt":"2026-05-04T20:35:18","slug":"iphone-3-5mm-kulaklik-ve-sarj-donusturucu-baslik-adaptor-5775","status":"publish","type":"product","link":"https:\/\/www.hediyepazar.com\/?product=iphone-3-5mm-kulaklik-ve-sarj-donusturucu-baslik-adaptor-5775","title":{"rendered":"\u0130Phone 3.5mm Kulakl\u0131k Ve \u015earj D\u00f6n\u00fc\u015ft\u00fcr\u00fcc\u00fc Ba\u015fl\u0131k Adapt\u00f6r-(5775)"},"content":{"rendered":"<p><strong>&#304;PHONE 3.5MM KULAKLIK VE &#350;ARJ D&Ouml;N&Uuml;&#350;T&Uuml;R&Uuml;C&Uuml; BA&#350;LIK ADAPT&Ouml;R<\/strong><\/p>\n<p><img decoding=\"async\" data-cke-saved-src=\"https:\/\/cdn.myikas.com\/images\/4b0890c4-46f7-49c5-9b0d-d8f3dae632d6\/113c5fc8-d662-45fd-a184-3d1c5f1ddc11\/image_1950.webp\" src=\"https:\/\/hepsicdn.com.tr\/static\/product_detail\/hbnet4f38668b_5224911.webp\"><\/p>\n<p><img decoding=\"async\" data-cke-saved-src=\"https:\/\/cdn.myikas.com\/images\/4b0890c4-46f7-49c5-9b0d-d8f3dae632d6\/7f6773ea-1a4b-418f-bf60-55a1b632356b\/image_1950.webp\" src=\"https:\/\/hepsicdn.com.tr\/static\/product_detail\/hbnet4f38668b_5224912.webp\"><\/p>\n<p><img decoding=\"async\" data-cke-saved-src=\"https:\/\/cdn.myikas.com\/images\/4b0890c4-46f7-49c5-9b0d-d8f3dae632d6\/813eb7e4-98e7-422c-ad88-6baa92f9218b\/image_1950.webp\" src=\"https:\/\/hepsicdn.com.tr\/static\/product_detail\/hbnet4f38668b_5224913.webp\"><\/p>\n<p><img decoding=\"async\" data-cke-saved-src=\"https:\/\/cdn.myikas.com\/images\/4b0890c4-46f7-49c5-9b0d-d8f3dae632d6\/2a959a8c-fb8f-4309-a232-faff33f3a8a5\/image_1950.webp\" src=\"https:\/\/hepsicdn.com.tr\/static\/product_detail\/hbnet4f38668b_5224914.webp\"><\/p>\n<p><img decoding=\"async\" data-cke-saved-src=\"https:\/\/cdn.myikas.com\/images\/4b0890c4-46f7-49c5-9b0d-d8f3dae632d6\/f0787aa4-e3b4-45d2-bf6f-797f8c0032bc\/image_1950.webp\" src=\"https:\/\/hepsicdn.com.tr\/static\/product_detail\/hbnet4f38668b_5224915.webp\"><\/p>\n<p align=\"center\" class=\"MsoNormal\" style=\"margin-bottom: 0.0001pt; text-align: center; line-height: normal; background-image: initial; background-position: initial; background-size: initial; background-repeat: initial; background-attachment: initial; background-origin: initial; background-clip: initial;\"><strong>NOT: GOLD VE PEMBE ADAPT&Ouml;RLERDE ANAHTARLIK YOKTUR<\/strong><\/p>\n<p align=\"center\" class=\"MsoNormal\" style=\"margin-bottom: 0.0001pt; text-align: center; line-height: normal; background-image: initial; background-position: initial; background-size: initial; background-repeat: initial; background-attachment: initial; background-origin: initial; background-clip: initial;\"><b><span border:none=\"\" mso-border-alt:=\"\" mso-fareast-font-family:=\"\" new=\"\" none=\"\" style=\"font-size:9.0pt;font-family:\" times=\"\" windowtext=\"\">&#304;PHONE 3.5MM KULAKLIK VE &#350;ARJ D&Ouml;N&Uuml;&#350;T&Uuml;R&Uuml;C&Uuml; BA&#350;LIK ADAPT&Ouml;R<o:p><\/o:p><\/span><\/b><\/p>\n<p align=\"center\" class=\"MsoNormal\" style=\"margin-bottom: 0.0001pt; text-align: center; line-height: normal; background-image: initial; background-position: initial; background-size: initial; background-repeat: initial; background-attachment: initial; background-origin: initial; background-clip: initial;\"><b><span border:none=\"\" mso-border-alt:=\"\" mso-fareast-font-family:=\"\" new=\"\" none=\"\" style=\"font-size:9.0pt;font-family:\" times=\"\" windowtext=\"\">TPE VE AL&#304;M&#304;NYUM ALA&#350;IM MALZEME<\/span><\/b><span mso-fareast-language:=\"\" new=\"\" style=\"font-size:9.0pt;font-family:\" times=\"\"><o:p><\/o:p><\/span><\/p>\n<p align=\"center\" class=\"MsoNormal\" style=\"margin-bottom: 0.0001pt; text-align: center; line-height: normal; background-image: initial; background-position: initial; background-size: initial; background-repeat: initial; background-attachment: initial; background-origin: initial; background-clip: initial;\"><b><span border:none=\"\" mso-border-alt:=\"\" mso-fareast-font-family:=\"\" new=\"\" none=\"\" style=\"font-size:9.0pt;font-family:\" times=\"\" windowtext=\"\">L&#304;GHTN&#304;NG &#350;ARJ G&#304;R&#304;&#350;L&#304; KABLOYU 3.5MM AUX VE L&#304;GHTN&#304;NG G&#304;R&#304;&#350; &#304;LE B&#304;RL&#304;KTE KULLANILMASINI SA&#286;LAYAN ADAPT&Ouml;RD&Uuml;R<\/span><\/b><span mso-fareast-language:=\"\" new=\"\" style=\"font-size:9.0pt;font-family:\" times=\"\"><o:p><\/o:p><\/span><\/p>\n<p align=\"center\" class=\"MsoNormal\" style=\"margin-bottom: 0.0001pt; text-align: center; line-height: normal; background-image: initial; background-position: initial; background-size: initial; background-repeat: initial; background-attachment: initial; background-origin: initial; background-clip: initial;\"><b><span border:none=\"\" mso-border-alt:=\"\" mso-fareast-font-family:=\"\" new=\"\" none=\"\" style=\"font-size:9.0pt;font-family:\" times=\"\" windowtext=\"\">AYNI ANDA HEM &#350;ARJ HEMDE 3.5MM G&#304;R&#304;&#350;E KULAKLIK TAKARAK M&Uuml;Z&#304;K D&#304;NLEYEB&#304;L&#304;RS&#304;N&#304;Z.<\/span><\/b><span mso-fareast-font-family:=\"\" new=\"\" style=\"font-size:9.0pt;font-family:\" times=\"\"><o:p><\/o:p><\/span><\/p>\n<p align=\"center\" class=\"MsoNormal\" style=\"margin-bottom: 0.0001pt; text-align: center; line-height: normal; background-image: initial; background-position: initial; background-size: initial; background-repeat: initial; background-attachment: initial; background-origin: initial; background-clip: initial;\"><b><span border:none=\"\" mso-border-alt:=\"\" mso-fareast-font-family:=\"\" new=\"\" none=\"\" style=\"font-size:9.0pt;font-family:\" times=\"\" windowtext=\"\">KAL&#304;TEL&#304; SES SEV&#304;YES&#304;<\/span><\/b><span mso-fareast-font-family:=\"\" new=\"\" style=\"font-size:9.0pt;font-family:\" times=\"\"><o:p><\/o:p><\/span><\/p>\n<p align=\"center\" class=\"MsoNormal\" style=\"margin-bottom: 0.0001pt; text-align: center; line-height: normal; background-image: initial; background-position: initial; background-size: initial; background-repeat: initial; background-attachment: initial; background-origin: initial; background-clip: initial;\"><b><span border:none=\"\" mso-border-alt:=\"\" mso-fareast-font-family:=\"\" new=\"\" none=\"\" style=\"font-size:9.0pt;font-family:\" times=\"\" windowtext=\"\">L&#304;GHTN&#304;NG G&#304;R&#304;&#350;E SAH&#304;P T&Uuml;M C&#304;HAZLAR KULLANAB&#304;L&#304;R.<\/span><\/b><span new=\"\" style=\"font-size:9.0pt;font-family:\" times=\"\"><o:p><\/o:p><\/span><\/p>\n<p align=\"center\" class=\"MsoNormal\" style=\"margin-bottom: 0.0001pt; text-align: center; line-height: normal; background-image: initial; background-position: initial; background-size: initial; background-repeat: initial; background-attachment: initial; background-origin: initial; background-clip: initial;\"><b><span border:none=\"\" mso-border-alt:=\"\" mso-fareast-font-family:=\"\" new=\"\" none=\"\" style=\"font-size:9.0pt;font-family:\" times=\"\" windowtext=\"\">KULLANIM KOLAYLI&#286;I SA&#286;LAR.<\/span><\/b><span mso-fareast-language:=\"\" new=\"\" style=\"font-size:9.0pt;font-family:\" times=\"\"><o:p><\/o:p><\/span><\/p>\n<p align=\"center\" class=\"MsoNormal\" style=\"margin-bottom: 0.0001pt; text-align: center; line-height: normal; background-image: initial; background-position: initial; background-size: initial; background-repeat: initial; background-attachment: initial; background-origin: initial; background-clip: initial;\"><b><span border:none=\"\" mso-border-alt:=\"\" mso-fareast-font-family:=\"\" new=\"\" none=\"\" style=\"font-size:9.0pt;font-family:\" times=\"\" windowtext=\"\">ESNEK VE KIRILMAYA DAYANIKLI TPE KABLO YAPISI<\/span><\/b><\/p>\n<p align=\"center\" class=\"MsoNormal\" style=\"margin-bottom: 0.0001pt; text-align: center; line-height: normal; background-image: initial; background-position: initial; background-size: initial; background-repeat: initial; background-attachment: initial; background-origin: initial; background-clip: initial;\"><b><span border:none=\"\" mso-border-alt:=\"\" mso-fareast-font-family:=\"\" new=\"\" none=\"\" style=\"font-size:9.0pt;font-family:\" times=\"\" windowtext=\"\">MAX 2A G&Uuml;&Ccedil;<\/span><\/b><span mso-fareast-font-family:=\"\" new=\"\" style=\"font-size:9.0pt;font-family:\" times=\"\"><o:p><\/o:p><\/span><\/p>\n","protected":false},"excerpt":{"rendered":"<p>&#304;PHONE 3.5MM KULAKLIK VE &#350;ARJ D&Ouml;N&Uuml;&#350;T&Uuml;R&Uuml;C&Uuml; BA&#350;LIK ADAPT&Ouml;R NOT: GOLD VE PEMBE ADAPT&Ouml;RLERDE ANAHTARLIK YOKTUR &#304;PHONE 3.5MM KULAKLIK VE &#350;ARJ D&Ouml;N&Uuml;&#350;T&Uuml;R&Uuml;C&Uuml; BA&#350;LIK ADAPT&Ouml;R TPE VE AL&#304;M&#304;NYUM ALA&#350;IM MALZEME L&#304;GHTN&#304;NG &#350;ARJ G&#304;R&#304;&#350;L&#304; KABLOYU 3.5MM AUX VE L&#304;GHTN&#304;NG G&#304;R&#304;&#350; &#304;LE B&#304;RL&#304;KTE KULLANILMASINI SA&#286;LAYAN ADAPT&Ouml;RD&Uuml;R AYNI ANDA HEM &#350;ARJ HEMDE 3.5MM G&#304;R&#304;&#350;E KULAKLIK TAKARAK M&Uuml;Z&#304;K D&#304;NLEYEB&#304;L&#304;RS&#304;N&#304;Z. KAL&#304;TEL&#304; SES&#8230;<\/p>\n","protected":false},"featured_media":106925,"comment_status":"open","ping_status":"closed","template":"","meta":{"_kad_post_transparent":"","_kad_post_title":"","_kad_post_layout":"","_kad_post_sidebar_id":"","_kad_post_content_style":"","_kad_post_vertical_padding":"","_kad_post_feature":"","_kad_post_feature_position":"","_kad_post_header":false,"_kad_post_footer":false,"_kad_post_classname":""},"product_brand":[],"product_cat":[14459],"product_tag":[],"class_list":{"0":"post-106926","1":"product","2":"type-product","3":"status-publish","4":"has-post-thumbnail","6":"product_cat-cevirici-donusturucu-cep-telefonu-aksesuarlari-cep-telefonu-elektronik-cevirici-donusturucu","8":"first","9":"instock","10":"purchasable","11":"product-type-simple","12":"entry","13":"content-bg","14":"loop-entry"},"_links":{"self":[{"href":"https:\/\/www.hediyepazar.com\/index.php?rest_route=\/wp\/v2\/product\/106926","targetHints":{"allow":["GET"]}}],"collection":[{"href":"https:\/\/www.hediyepazar.com\/index.php?rest_route=\/wp\/v2\/product"}],"about":[{"href":"https:\/\/www.hediyepazar.com\/index.php?rest_route=\/wp\/v2\/types\/product"}],"replies":[{"embeddable":true,"href":"https:\/\/www.hediyepazar.com\/index.php?rest_route=%2Fwp%2Fv2%2Fcomments&post=106926"}],"wp:featuredmedia":[{"embeddable":true,"href":"https:\/\/www.hediyepazar.com\/index.php?rest_route=\/wp\/v2\/media\/106925"}],"wp:attachment":[{"href":"https:\/\/www.hediyepazar.com\/index.php?rest_route=%2Fwp%2Fv2%2Fmedia&parent=106926"}],"wp:term":[{"taxonomy":"product_brand","embeddable":true,"href":"https:\/\/www.hediyepazar.com\/index.php?rest_route=%2Fwp%2Fv2%2Fproduct_brand&post=106926"},{"taxonomy":"product_cat","embeddable":true,"href":"https:\/\/www.hediyepazar.com\/index.php?rest_route=%2Fwp%2Fv2%2Fproduct_cat&post=106926"},{"taxonomy":"product_tag","embeddable":true,"href":"https:\/\/www.hediyepazar.com\/index.php?rest_route=%2Fwp%2Fv2%2Fproduct_tag&post=106926"}],"curies":[{"name":"wp","href":"https:\/\/api.w.org\/{rel}","templated":true}]}}