{"id":106928,"date":"2026-05-04T17:35:57","date_gmt":"2026-05-04T20:35:57","guid":{"rendered":"https:\/\/www.hediyepazar.com\/?product=huawei-watch-2-watch-2-pro-sarj-cihazikablosu-adaptoru-5775"},"modified":"2026-05-04T17:35:57","modified_gmt":"2026-05-04T20:35:57","slug":"huawei-watch-2-watch-2-pro-sarj-cihazikablosu-adaptoru-5775","status":"publish","type":"product","link":"https:\/\/www.hediyepazar.com\/?product=huawei-watch-2-watch-2-pro-sarj-cihazikablosu-adaptoru-5775","title":{"rendered":"Huawei Watch 2 Watch 2 Pro \u015earj Cihaz\u0131+kablosu Adapt\u00f6r\u00fc-(5775)"},"content":{"rendered":"<p><strong>HUAWEI WATCH 2 AKILLI SAAT &#350;ARJ C&#304;HAZI+KABLOSU ADAPT&Ouml;R&Uuml;<\/strong><\/p>\n<p><img decoding=\"async\" data-cke-saved-src=\"https:\/\/cdn.myikas.com\/images\/4b0890c4-46f7-49c5-9b0d-d8f3dae632d6\/e78d5c53-ba88-464c-b49b-e1b337bce31f\/image_1950.webp\" src=\"https:\/\/hepsicdn.com.tr\/static\/product_detail\/hbnet6e7d0480_5225111.webp\"><\/p>\n<p><img decoding=\"async\" data-cke-saved-src=\"https:\/\/cdn.myikas.com\/images\/4b0890c4-46f7-49c5-9b0d-d8f3dae632d6\/340c1cc1-21b1-4d54-9e34-4f8426e287f9\/image_1950.webp\" src=\"https:\/\/hepsicdn.com.tr\/static\/product_detail\/hbnet6e7d0480_5225112.webp\"><\/p>\n<p><img decoding=\"async\" data-cke-saved-src=\"https:\/\/cdn.myikas.com\/images\/4b0890c4-46f7-49c5-9b0d-d8f3dae632d6\/f58fe2e3-407b-4868-96d6-708de34995f3\/image_1950.webp\" src=\"https:\/\/hepsicdn.com.tr\/static\/product_detail\/hbnet6e7d0480_5225113.webp\"><\/p>\n<p><img decoding=\"async\" data-cke-saved-src=\"https:\/\/cdn.myikas.com\/images\/4b0890c4-46f7-49c5-9b0d-d8f3dae632d6\/7be6356b-62f9-45c5-9e31-aa9ac72e20f5\/image_1950.webp\" src=\"https:\/\/hepsicdn.com.tr\/static\/product_detail\/hbnet6e7d0480_5225114.webp\"><\/p>\n<p><img decoding=\"async\" data-cke-saved-src=\"https:\/\/cdn.myikas.com\/images\/4b0890c4-46f7-49c5-9b0d-d8f3dae632d6\/00e04f86-3cbe-4f83-adbb-49669a0203e0\/image_1950.webp\" src=\"https:\/\/hepsicdn.com.tr\/static\/product_detail\/hbnet6e7d0480_5225115.webp\"><\/p>\n<p><img decoding=\"async\" data-cke-saved-src=\"https:\/\/cdn.myikas.com\/images\/4b0890c4-46f7-49c5-9b0d-d8f3dae632d6\/3385323d-ea5b-423d-8291-f208c53a704b\/image_1950.webp\" src=\"https:\/\/hepsicdn.com.tr\/static\/product_detail\/hbnet6e7d0480_5225116.webp\"><\/p>\n<p><img decoding=\"async\" data-cke-saved-src=\"https:\/\/cdn.myikas.com\/images\/4b0890c4-46f7-49c5-9b0d-d8f3dae632d6\/1e39b96b-7f6a-42dd-b671-a528804f6e46\/image_1950.webp\" src=\"https:\/\/hepsicdn.com.tr\/static\/product_detail\/hbnet6e7d0480_5225117.webp\"><\/p>\n<p><img decoding=\"async\" data-cke-saved-src=\"https:\/\/cdn.myikas.com\/images\/4b0890c4-46f7-49c5-9b0d-d8f3dae632d6\/72a998a5-3c90-4fbf-9ed6-ecc9aca3cadb\/image_1950.webp\" src=\"https:\/\/hepsicdn.com.tr\/static\/product_detail\/hbnet6e7d0480_5225118.webp\"><\/p>\n<p><strong>HUAWEI WATCH 2 AKILLI SAAT &#350;ARJ C&#304;HAZI+KABLOSU ADAPT&Ouml;R&Uuml;<\/strong><\/p>\n<p><strong>A&#351;&#305;r&#305; gerilim koruyucu, a&#351;&#305;r&#305; y&uuml;k koruyucu.<\/strong><\/p>\n<p><strong>Dayan&#305;kl&#305; giri&#351;im.<\/strong><\/p>\n<p><strong>Y&uuml;ksek i&#351; verimlili&#287;i ve h&#305;zl&#305; &#351;arj h&#305;z&#305;.<\/strong><\/p>\n<p><strong>Iyi anti-parazit performans&#305;.<\/strong><\/p>\n<p><strong>D&uuml;&#351;&uuml;k &ccedil;al&#305;&#351;ma s&#305;cakl&#305;&#287;&#305; ve uzun hizmet &ouml;mr&uuml;.<\/strong><\/p>\n<p><strong>Kompakt ve hafif, ta&#351;&#305;ma i&ccedil;in uygun.<\/strong><\/p>\n<p><strong>Yedek USB &#351;arj kablosu.<\/strong><\/p>\n<p><strong>Dayan&#305;kl&#305; ve esnek kablo ile uzun &ouml;m&uuml;rl&uuml;.<\/strong><\/p>\n<p><\/p>\n","protected":false},"excerpt":{"rendered":"<p>HUAWEI WATCH 2 AKILLI SAAT &#350;ARJ C&#304;HAZI+KABLOSU ADAPT&Ouml;R&Uuml; HUAWEI WATCH 2 AKILLI SAAT &#350;ARJ C&#304;HAZI+KABLOSU ADAPT&Ouml;R&Uuml; A&#351;&#305;r&#305; gerilim koruyucu, a&#351;&#305;r&#305; y&uuml;k koruyucu. Dayan&#305;kl&#305; giri&#351;im. Y&uuml;ksek i&#351; verimlili&#287;i ve h&#305;zl&#305; &#351;arj h&#305;z&#305;. Iyi anti-parazit performans&#305;. D&uuml;&#351;&uuml;k &ccedil;al&#305;&#351;ma s&#305;cakl&#305;&#287;&#305; ve uzun hizmet &ouml;mr&uuml;. Kompakt ve hafif, ta&#351;&#305;ma i&ccedil;in uygun. Yedek USB &#351;arj kablosu. Dayan&#305;kl&#305; ve esnek kablo&#8230;<\/p>\n","protected":false},"featured_media":106927,"comment_status":"open","ping_status":"closed","template":"","meta":{"_kad_post_transparent":"","_kad_post_title":"","_kad_post_layout":"","_kad_post_sidebar_id":"","_kad_post_content_style":"","_kad_post_vertical_padding":"","_kad_post_feature":"","_kad_post_feature_position":"","_kad_post_header":false,"_kad_post_footer":false,"_kad_post_classname":""},"product_brand":[],"product_cat":[14583],"product_tag":[],"class_list":{"0":"post-106928","1":"product","2":"type-product","3":"status-publish","4":"has-post-thumbnail","6":"product_cat-akilli-saat-sarj-kablosu-giyilebilir-teknoloji-elektronik-akilli-saat-sarj-kablosu","8":"first","9":"instock","10":"purchasable","11":"product-type-simple","12":"entry","13":"content-bg","14":"loop-entry"},"_links":{"self":[{"href":"https:\/\/www.hediyepazar.com\/index.php?rest_route=\/wp\/v2\/product\/106928","targetHints":{"allow":["GET"]}}],"collection":[{"href":"https:\/\/www.hediyepazar.com\/index.php?rest_route=\/wp\/v2\/product"}],"about":[{"href":"https:\/\/www.hediyepazar.com\/index.php?rest_route=\/wp\/v2\/types\/product"}],"replies":[{"embeddable":true,"href":"https:\/\/www.hediyepazar.com\/index.php?rest_route=%2Fwp%2Fv2%2Fcomments&post=106928"}],"wp:featuredmedia":[{"embeddable":true,"href":"https:\/\/www.hediyepazar.com\/index.php?rest_route=\/wp\/v2\/media\/106927"}],"wp:attachment":[{"href":"https:\/\/www.hediyepazar.com\/index.php?rest_route=%2Fwp%2Fv2%2Fmedia&parent=106928"}],"wp:term":[{"taxonomy":"product_brand","embeddable":true,"href":"https:\/\/www.hediyepazar.com\/index.php?rest_route=%2Fwp%2Fv2%2Fproduct_brand&post=106928"},{"taxonomy":"product_cat","embeddable":true,"href":"https:\/\/www.hediyepazar.com\/index.php?rest_route=%2Fwp%2Fv2%2Fproduct_cat&post=106928"},{"taxonomy":"product_tag","embeddable":true,"href":"https:\/\/www.hediyepazar.com\/index.php?rest_route=%2Fwp%2Fv2%2Fproduct_tag&post=106928"}],"curies":[{"name":"wp","href":"https:\/\/api.w.org\/{rel}","templated":true}]}}