{"id":106990,"date":"2026-05-04T17:42:01","date_gmt":"2026-05-04T20:42:01","guid":{"rendered":"https:\/\/www.hediyepazar.com\/?product=baseus-macbook-pro-15-inch-universal-laptop-kilif-cantasi-5775"},"modified":"2026-05-04T17:42:01","modified_gmt":"2026-05-04T20:42:01","slug":"baseus-macbook-pro-15-inch-universal-laptop-kilif-cantasi-5775","status":"publish","type":"product","link":"https:\/\/www.hediyepazar.com\/?product=baseus-macbook-pro-15-inch-universal-laptop-kilif-cantasi-5775","title":{"rendered":"Baseus Macbook Pro 15 \u0130nch Universal Laptop K\u0131l\u0131f \u00c7antas\u0131-(5775)"},"content":{"rendered":"<p helvetica=\"\" style=\"box-sizing: border-box; margin: 0px 0px 10px; font-size: 11px; color: rgb(73, 83, 94); text-align: center; font-family: \"><strong>BASEUS MACBOOK PRO 15 &#304;NCH UN&#304;VERSAL LAPTOP KILIF &Ccedil;ANTASI<\/strong><\/p>\n<p helvetica=\"\" style=\"box-sizing: border-box; margin: 0px 0px 10px; font-size: 11px; color: rgb(73, 83, 94); text-align: center; font-family: \"><img decoding=\"async\" alt=\"\" data-cke-saved-src=\"https:\/\/cdn.myikas.com\/images\/4b0890c4-46f7-49c5-9b0d-d8f3dae632d6\/bea90258-6d06-416d-a9bf-51e6a4f65971\/image_1950.webp\" src=\"https:\/\/cdn.myikas.com\/images\/4b0890c4-46f7-49c5-9b0d-d8f3dae632d6\/bea90258-6d06-416d-a9bf-51e6a4f65971\/image_1950.webp\"\/><\/p>\n<p helvetica=\"\" style=\"box-sizing: border-box; margin: 0px 0px 10px; font-size: 11px; color: rgb(73, 83, 94); text-align: center; font-family: \"><img decoding=\"async\" data-cke-saved-src=\"https:\/\/cdn.myikas.com\/images\/4b0890c4-46f7-49c5-9b0d-d8f3dae632d6\/5f2157d0-35be-46ed-9761-31ad30dc35cc\/image_1950.webp\" src=\"https:\/\/hepsicdn.com.tr\/static\/product_detail\/hbnetbc7392e6_5231311.webp\"><\/p>\n<p helvetica=\"\" style=\"box-sizing: border-box; margin: 0px 0px 10px; font-size: 11px; color: rgb(73, 83, 94); text-align: center; font-family: \"><span style=\"box-sizing: border-box; font-weight: 700;\"><img decoding=\"async\" data-cke-saved-src=\"https:\/\/cdn.myikas.com\/images\/4b0890c4-46f7-49c5-9b0d-d8f3dae632d6\/e722c8b9-6ce6-437c-94a9-8c5e5a79715b\/image_1950.webp\" src=\"https:\/\/hepsicdn.com.tr\/static\/product_detail\/hbnetbc7392e6_5231312.webp\"><\/span><\/p>\n<p helvetica=\"\" style=\"box-sizing: border-box; margin: 0px 0px 10px; font-size: 11px; color: rgb(73, 83, 94); text-align: center; font-family: \"><span style=\"box-sizing: border-box; font-weight: 700;\"><img decoding=\"async\" data-cke-saved-src=\"https:\/\/cdn.myikas.com\/images\/4b0890c4-46f7-49c5-9b0d-d8f3dae632d6\/81ff1e67-75e4-4d9c-8b0b-aadfb252cd92\/image_1950.webp\" src=\"https:\/\/hepsicdn.com.tr\/static\/product_detail\/hbnetbc7392e6_5231313.webp\"><\/span><\/p>\n<p helvetica=\"\" style=\"box-sizing: border-box; margin: 0px 0px 10px; font-size: 11px; color: rgb(73, 83, 94); text-align: center; font-family: \"><span style=\"box-sizing: border-box; font-weight: 700;\"><img decoding=\"async\" data-cke-saved-src=\"https:\/\/cdn.myikas.com\/images\/4b0890c4-46f7-49c5-9b0d-d8f3dae632d6\/93345b9e-46b3-42aa-af69-e4e404c298e7\/image_1950.webp\" src=\"https:\/\/hepsicdn.com.tr\/static\/product_detail\/hbnetbc7392e6_5231314.webp\"><\/span><\/p>\n<p helvetica=\"\" style=\"box-sizing: border-box; margin: 0px 0px 10px; font-size: 11px; color: rgb(73, 83, 94); text-align: center; font-family: \"><span style=\"box-sizing: border-box; font-weight: 700;\"><img decoding=\"async\" data-cke-saved-src=\"https:\/\/cdn.myikas.com\/images\/4b0890c4-46f7-49c5-9b0d-d8f3dae632d6\/d202fbef-82f4-4aa5-94b3-d6ebf70c0798\/image_1950.webp\" src=\"https:\/\/hepsicdn.com.tr\/static\/product_detail\/hbnetbc7392e6_5231315.webp\"><\/span><\/p>\n<p helvetica=\"\" style=\"box-sizing: border-box; margin: 0px 0px 10px; font-size: 11px; color: rgb(73, 83, 94); text-align: center; font-family: \"><span style=\"box-sizing: border-box; font-weight: 700;\"><img decoding=\"async\" data-cke-saved-src=\"https:\/\/cdn.myikas.com\/images\/4b0890c4-46f7-49c5-9b0d-d8f3dae632d6\/04622866-4310-44e0-8017-434654e45a69\/image_1950.webp\" src=\"https:\/\/hepsicdn.com.tr\/static\/product_detail\/hbnetbc7392e6_5231316.webp\"><\/span><\/p>\n<p helvetica=\"\" style=\"box-sizing: border-box; margin: 0px 0px 10px; font-size: 11px; color: rgb(73, 83, 94); text-align: center; font-family: \"><span style=\"box-sizing: border-box; font-weight: 700;\"><img decoding=\"async\" data-cke-saved-src=\"https:\/\/cdn.myikas.com\/images\/4b0890c4-46f7-49c5-9b0d-d8f3dae632d6\/91224a46-09a1-40a8-8917-fe33a3a8226e\/image_1950.webp\" src=\"https:\/\/hepsicdn.com.tr\/static\/product_detail\/hbnetbc7392e6_5231317.webp\"><\/span><\/p>\n<p helvetica=\"\" style=\"box-sizing: border-box; margin: 0px 0px 10px; font-size: 11px; color: rgb(73, 83, 94); text-align: center; font-family: \"><span style=\"box-sizing: border-box; font-weight: 700;\"><\/span><\/p>\n<p helvetica=\"\" style=\"box-sizing: border-box; margin: 0px 0px 10px; font-size: 11px; color: rgb(73, 83, 94); text-align: center; font-family: \"><span style=\"box-sizing: border-box; font-weight: 700;\"><\/span><\/p>\n<p helvetica=\"\" style=\"box-sizing: border-box; margin: 0px 0px 10px; font-size: 11px; color: rgb(73, 83, 94); text-align: center; font-family: \"><span style=\"box-sizing: border-box; font-weight: 700;\"><\/span><\/p>\n<p helvetica=\"\" style=\"box-sizing: border-box; margin: 0px 0px 10px; font-size: 11px; color: rgb(73, 83, 94); text-align: center; font-family: \"><span style=\"box-sizing: border-box; font-weight: 700;\">&#8203;<\/span><\/p>\n<p helvetica=\"\" style=\"box-sizing: border-box; margin: 0px 0px 10px; font-size: 11px; color: rgb(73, 83, 94); text-align: center; font-family: \"><strong>BASEUS MACBOOK PRO 15 &#304;NCH UN&#304;VERSAL LAPTOP KILIF &Ccedil;ANTASI<\/strong><\/p>\n<p helvetica=\"\" style=\"box-sizing: border-box; margin: 0px 0px 10px; font-size: 11px; color: rgb(73, 83, 94); text-align: center; font-family: \">&#8203;<strong><span style=\"color: rgb(102, 102, 102); font-family: OpenSans, Arial; font-size: 14px;\">&#8211; ORJ&#304;NAL BASEUS &Uuml;R&Uuml;N&Uuml;D&Uuml;R<\/span><\/strong><\/p>\n<p helvetica=\"\" style=\"box-sizing: border-box; margin: 0px 0px 10px; font-size: 11px; color: rgb(73, 83, 94); text-align: center; font-family: \"><span style=\"box-sizing: border-box; font-weight: 700;\"><span style=\"box-sizing: border-box; color: rgb(102, 102, 102); font-family: OpenSans, Arial; font-size: 14px;\">&#8211; Basit ve ince tasar&#305;m, ultra koruyucu.<\/span><br style=\"box-sizing: border-box; margin: 0px; padding: 0px; color: rgb(102, 102, 102); font-family: OpenSans, Arial; font-size: 14px;\"\/><span style=\"box-sizing: border-box; color: rgb(102, 102, 102); font-family: OpenSans, Arial; font-size: 14px;\">&#8211; D&#305;&#351; tabaka, ellendirilebilir polyester kuma&#351;tan yap&#305;lm&#305;&#351;t&#305;r, su iticilik ve t&uuml;m paket korumas&#305; ile.<\/span><br style=\"box-sizing: border-box; margin: 0px; padding: 0px; color: rgb(102, 102, 102); font-family: OpenSans, Arial; font-size: 14px;\"\/><span style=\"box-sizing: border-box; color: rgb(102, 102, 102); font-family: OpenSans, Arial; font-size: 14px;\">&#8211; Cilde dost&ccedil;a, rahat, narin ve yumu&#351;ak bir &#351;ekilde y&uuml;kselen t&uuml;y d&ouml;k&uuml;m&uuml; astar&#305; ile diz&uuml;st&uuml; bilgisayar&#305;n&#305;z&#305; daha iyi koruyun.<\/span><br style=\"box-sizing: border-box; margin: 0px; padding: 0px; color: rgb(102, 102, 102); font-family: OpenSans, Arial; font-size: 14px;\"\/><span style=\"box-sizing: border-box; color: rgb(102, 102, 102); font-family: OpenSans, Arial; font-size: 14px;\">&#8211; Y&uuml;ksek kaliteli fermuar, sorunsuz, paslanmaya kar&#351;&#305; dayan&#305;kl&#305;d&#305;r.<\/span><br style=\"box-sizing: border-box; margin: 0px; padding: 0px; color: rgb(102, 102, 102); font-family: OpenSans, Arial; font-size: 14px;\"\/><span style=\"box-sizing: border-box; color: rgb(102, 102, 102); font-family: OpenSans, Arial; font-size: 14px;\">&#8211; &#304;nce i&#351;&ccedil;ilik, m&uuml;kemmel kalite.<\/span><\/span><\/p>\n","protected":false},"excerpt":{"rendered":"<p>BASEUS MACBOOK PRO 15 &#304;NCH UN&#304;VERSAL LAPTOP KILIF &Ccedil;ANTASI &#8203; BASEUS MACBOOK PRO 15 &#304;NCH UN&#304;VERSAL LAPTOP KILIF &Ccedil;ANTASI &#8203;&#8211; ORJ&#304;NAL BASEUS &Uuml;R&Uuml;N&Uuml;D&Uuml;R &#8211; Basit ve ince tasar&#305;m, ultra koruyucu.&#8211; D&#305;&#351; tabaka, ellendirilebilir polyester kuma&#351;tan yap&#305;lm&#305;&#351;t&#305;r, su iticilik ve t&uuml;m paket korumas&#305; ile.&#8211; Cilde dost&ccedil;a, rahat, narin ve yumu&#351;ak bir &#351;ekilde y&uuml;kselen t&uuml;y d&ouml;k&uuml;m&uuml; astar&#305;&#8230;<\/p>\n","protected":false},"featured_media":106989,"comment_status":"open","ping_status":"closed","template":"","meta":{"_kad_post_transparent":"","_kad_post_title":"","_kad_post_layout":"","_kad_post_sidebar_id":"","_kad_post_content_style":"","_kad_post_vertical_padding":"","_kad_post_feature":"","_kad_post_feature_position":"","_kad_post_header":false,"_kad_post_footer":false,"_kad_post_classname":""},"product_brand":[],"product_cat":[14481],"product_tag":[],"class_list":{"0":"post-106990","1":"product","2":"type-product","3":"status-publish","4":"has-post-thumbnail","6":"product_cat-bilgisayar-tablet-aksesuar-bilgisayar-tablet-elektronik-bilgisayar-tablet-aksesuar-bilgisayar-tablet-elektronik","8":"first","9":"instock","10":"purchasable","11":"product-type-simple","12":"entry","13":"content-bg","14":"loop-entry"},"_links":{"self":[{"href":"https:\/\/www.hediyepazar.com\/index.php?rest_route=\/wp\/v2\/product\/106990","targetHints":{"allow":["GET"]}}],"collection":[{"href":"https:\/\/www.hediyepazar.com\/index.php?rest_route=\/wp\/v2\/product"}],"about":[{"href":"https:\/\/www.hediyepazar.com\/index.php?rest_route=\/wp\/v2\/types\/product"}],"replies":[{"embeddable":true,"href":"https:\/\/www.hediyepazar.com\/index.php?rest_route=%2Fwp%2Fv2%2Fcomments&post=106990"}],"wp:featuredmedia":[{"embeddable":true,"href":"https:\/\/www.hediyepazar.com\/index.php?rest_route=\/wp\/v2\/media\/106989"}],"wp:attachment":[{"href":"https:\/\/www.hediyepazar.com\/index.php?rest_route=%2Fwp%2Fv2%2Fmedia&parent=106990"}],"wp:term":[{"taxonomy":"product_brand","embeddable":true,"href":"https:\/\/www.hediyepazar.com\/index.php?rest_route=%2Fwp%2Fv2%2Fproduct_brand&post=106990"},{"taxonomy":"product_cat","embeddable":true,"href":"https:\/\/www.hediyepazar.com\/index.php?rest_route=%2Fwp%2Fv2%2Fproduct_cat&post=106990"},{"taxonomy":"product_tag","embeddable":true,"href":"https:\/\/www.hediyepazar.com\/index.php?rest_route=%2Fwp%2Fv2%2Fproduct_tag&post=106990"}],"curies":[{"name":"wp","href":"https:\/\/api.w.org\/{rel}","templated":true}]}}