{"id":107002,"date":"2026-05-04T17:43:07","date_gmt":"2026-05-04T20:43:07","guid":{"rendered":"https:\/\/www.hediyepazar.com\/?product=galaxy-tab-s410-5t830t8353-katmanli-standli-zirh-kilif-5775"},"modified":"2026-05-04T17:43:07","modified_gmt":"2026-05-04T20:43:07","slug":"galaxy-tab-s410-5t830t8353-katmanli-standli-zirh-kilif-5775","status":"publish","type":"product","link":"https:\/\/www.hediyepazar.com\/?product=galaxy-tab-s410-5t830t8353-katmanli-standli-zirh-kilif-5775","title":{"rendered":"Galaxy Tab S410.5T830T8353 Katmanl\u0131 Standl\u0131 Z\u0131rh K\u0131l\u0131f-(5775)"},"content":{"rendered":"<p><strong>GALAXY TAB S4, 10.5, T830, T835, 3 KATMANLI STANDLI ZIRH KILIF<\/strong><\/p>\n<p><iframe allow=\"accelerometer; autoplay; encrypted-media; gyroscope; picture-in-picture\" allowfullscreen=\"\" frameborder=\"0\" height=\"315\" src=\"https:\/\/www.youtube.com\/embed\/RFAY9uKSkPI\" width=\"560\"><\/iframe><\/p>\n<p><img decoding=\"async\" alt=\"\" data-cke-saved-src=\"https:\/\/cdn.myikas.com\/images\/4b0890c4-46f7-49c5-9b0d-d8f3dae632d6\/dd6884ab-2365-4e3a-8953-e0f9c0a80146\/image_1950.webp\" src=\"https:\/\/cdn.myikas.com\/images\/4b0890c4-46f7-49c5-9b0d-d8f3dae632d6\/dd6884ab-2365-4e3a-8953-e0f9c0a80146\/image_1950.webp\"\/><\/p>\n<p><img decoding=\"async\" data-cke-saved-src=\"https:\/\/cdn.myikas.com\/images\/4b0890c4-46f7-49c5-9b0d-d8f3dae632d6\/9414ad87-6529-4fab-abfe-e6777a62be8e\/image_1950.webp\" src=\"https:\/\/hepsicdn.com.tr\/static\/product_detail\/hbnet91feeec4_5233811.webp\"><\/p>\n<p><img decoding=\"async\" data-cke-saved-src=\"https:\/\/cdn.myikas.com\/images\/4b0890c4-46f7-49c5-9b0d-d8f3dae632d6\/99f09b42-bf55-499c-92e1-c76549c8aad6\/image_1950.webp\" src=\"https:\/\/hepsicdn.com.tr\/static\/product_detail\/hbnet91feeec4_5233812.webp\"><\/p>\n<p><img decoding=\"async\" data-cke-saved-src=\"https:\/\/cdn.myikas.com\/images\/4b0890c4-46f7-49c5-9b0d-d8f3dae632d6\/b992592a-082c-4405-ad5d-13465b319502\/image_1950.webp\" src=\"https:\/\/hepsicdn.com.tr\/static\/product_detail\/hbnet91feeec4_5233813.webp\"><\/p>\n<p><img decoding=\"async\" data-cke-saved-src=\"https:\/\/cdn.myikas.com\/images\/4b0890c4-46f7-49c5-9b0d-d8f3dae632d6\/67fe8794-e83b-4372-a585-7d5de887a386\/image_1950.webp\" src=\"https:\/\/hepsicdn.com.tr\/static\/product_detail\/hbnet91feeec4_5233814.webp\"><\/p>\n<p><img decoding=\"async\" data-cke-saved-src=\"https:\/\/cdn.myikas.com\/images\/4b0890c4-46f7-49c5-9b0d-d8f3dae632d6\/2a7996d1-b68a-463a-b1e9-aba67ff4910a\/image_1950.webp\" src=\"https:\/\/hepsicdn.com.tr\/static\/product_detail\/hbnet91feeec4_5233815.webp\"><\/p>\n<p><img decoding=\"async\" data-cke-saved-src=\"https:\/\/cdn.myikas.com\/images\/4b0890c4-46f7-49c5-9b0d-d8f3dae632d6\/1515d94e-3ced-4f5e-aeec-98784eaa5703\/image_1950.webp\" src=\"https:\/\/hepsicdn.com.tr\/static\/product_detail\/hbnet91feeec4_5233816.webp\"><\/p>\n<p><img decoding=\"async\" data-cke-saved-src=\"https:\/\/cdn.myikas.com\/images\/4b0890c4-46f7-49c5-9b0d-d8f3dae632d6\/5bed46fc-4b5b-407a-8828-bf3333c2c603\/image_1950.webp\" src=\"https:\/\/hepsicdn.com.tr\/static\/product_detail\/hbnet91feeec4_5233817.webp\"><\/p>\n<\/p>\n<p>&#8203;<\/p>\n<p><\/p>\n<p helvetica=\"\" style=\"box-sizing: border-box; margin: 0px 0px 10px; font-size: 11px; color: rgb(73, 83, 94); text-align: center; font-family: \"><strong>GALAXY TAB S4, 10.5, T830, T835, 3 KATMANLI STANDLI ZIRH KILIF<\/strong><\/p>\n<p><\/p>\n<p helvetica=\"\" style=\"box-sizing: border-box; margin: 0px 0px 10px; font-size: 11px; color: rgb(73, 83, 94); text-align: center; font-family: \"><span font-size:=\"\" helvetica=\"\" style=\"box-sizing: border-box; font-weight: 700;\" text-align:=\"\">Tabletinizi &ccedil;iziklerden, kirden, darbe ve &#351;oktan tamamen korur.<br style=\"box-sizing: border-box;\"\/>K&#305;l&#305;f&#305; &ccedil;&#305;karmadan b&uuml;t&uuml;n slotlara eri&#351;ilebilir.<br style=\"box-sizing: border-box;\"\/>Stand &ouml;zelli&#287;i sayesinde dizinizin &uuml;st&uuml;nde veya masa &uuml;zerinde kullanabilme.<br style=\"box-sizing: border-box;\"\/>Harika kal&#305;p kesimi sayesinde tabletinize m&uuml;kemmel uyar.<br style=\"box-sizing: border-box;\"\/>Uzun &ouml;m&uuml;rl&uuml;d&uuml;r, darbelere kar&#351;&#305; maksimum korur.&nbsp;<\/span><\/p>\n","protected":false},"excerpt":{"rendered":"<p>GALAXY TAB S4, 10.5, T830, T835, 3 KATMANLI STANDLI ZIRH KILIF &#8203; GALAXY TAB S4, 10.5, T830, T835, 3 KATMANLI STANDLI ZIRH KILIF Tabletinizi &ccedil;iziklerden, kirden, darbe ve &#351;oktan tamamen korur.K&#305;l&#305;f&#305; &ccedil;&#305;karmadan b&uuml;t&uuml;n slotlara eri&#351;ilebilir.Stand &ouml;zelli&#287;i sayesinde dizinizin &uuml;st&uuml;nde veya masa &uuml;zerinde kullanabilme.Harika kal&#305;p kesimi sayesinde tabletinize m&uuml;kemmel uyar.Uzun &ouml;m&uuml;rl&uuml;d&uuml;r, darbelere kar&#351;&#305; maksimum korur.&nbsp;<\/p>\n","protected":false},"featured_media":107001,"comment_status":"open","ping_status":"closed","template":"","meta":{"_kad_post_transparent":"","_kad_post_title":"","_kad_post_layout":"","_kad_post_sidebar_id":"","_kad_post_content_style":"","_kad_post_vertical_padding":"","_kad_post_feature":"","_kad_post_feature_position":"","_kad_post_header":false,"_kad_post_footer":false,"_kad_post_classname":""},"product_brand":[],"product_cat":[14546],"product_tag":[],"class_list":{"0":"post-107002","1":"product","2":"type-product","3":"status-publish","4":"has-post-thumbnail","6":"product_cat-tablet-kilifi-bilgisayar-tablet-aksesuar-bilgisayar-tablet-elektronik-tablet-kilifi","8":"first","9":"instock","10":"purchasable","11":"product-type-simple","12":"entry","13":"content-bg","14":"loop-entry"},"_links":{"self":[{"href":"https:\/\/www.hediyepazar.com\/index.php?rest_route=\/wp\/v2\/product\/107002","targetHints":{"allow":["GET"]}}],"collection":[{"href":"https:\/\/www.hediyepazar.com\/index.php?rest_route=\/wp\/v2\/product"}],"about":[{"href":"https:\/\/www.hediyepazar.com\/index.php?rest_route=\/wp\/v2\/types\/product"}],"replies":[{"embeddable":true,"href":"https:\/\/www.hediyepazar.com\/index.php?rest_route=%2Fwp%2Fv2%2Fcomments&post=107002"}],"wp:featuredmedia":[{"embeddable":true,"href":"https:\/\/www.hediyepazar.com\/index.php?rest_route=\/wp\/v2\/media\/107001"}],"wp:attachment":[{"href":"https:\/\/www.hediyepazar.com\/index.php?rest_route=%2Fwp%2Fv2%2Fmedia&parent=107002"}],"wp:term":[{"taxonomy":"product_brand","embeddable":true,"href":"https:\/\/www.hediyepazar.com\/index.php?rest_route=%2Fwp%2Fv2%2Fproduct_brand&post=107002"},{"taxonomy":"product_cat","embeddable":true,"href":"https:\/\/www.hediyepazar.com\/index.php?rest_route=%2Fwp%2Fv2%2Fproduct_cat&post=107002"},{"taxonomy":"product_tag","embeddable":true,"href":"https:\/\/www.hediyepazar.com\/index.php?rest_route=%2Fwp%2Fv2%2Fproduct_tag&post=107002"}],"curies":[{"name":"wp","href":"https:\/\/api.w.org\/{rel}","templated":true}]}}