{"id":107010,"date":"2026-05-04T17:44:03","date_gmt":"2026-05-04T20:44:03","guid":{"rendered":"https:\/\/www.hediyepazar.com\/?product=ally-torpido-tutuculu-miknatisli-arac-tutucu-5775"},"modified":"2026-05-04T17:44:03","modified_gmt":"2026-05-04T20:44:03","slug":"ally-torpido-tutuculu-miknatisli-arac-tutucu-5775","status":"publish","type":"product","link":"https:\/\/www.hediyepazar.com\/?product=ally-torpido-tutuculu-miknatisli-arac-tutucu-5775","title":{"rendered":"Ally Torpido Tutuculu M\u0131knat\u0131sl\u0131 Ara\u00e7 Tutucu-(5775)"},"content":{"rendered":"<p><strong>ALLY TORP&#304;DO TUTUCULU MIKNATISLI ARA&Ccedil; TUTUCU<\/strong><\/p>\n<p><img decoding=\"async\" data-cke-saved-src=\"https:\/\/cdn.myikas.com\/images\/4b0890c4-46f7-49c5-9b0d-d8f3dae632d6\/45f3b738-661d-4324-8b02-f72ed89400b1\/image_1950.webp\" src=\"https:\/\/hepsicdn.com.tr\/static\/product_detail\/hbnet815403c2_5234911.webp\"><\/p>\n<p><img decoding=\"async\" data-cke-saved-src=\"https:\/\/cdn.myikas.com\/images\/4b0890c4-46f7-49c5-9b0d-d8f3dae632d6\/204621f1-986c-4a3d-87f8-cbc9c1beb915\/image_1950.webp\" src=\"https:\/\/hepsicdn.com.tr\/static\/product_detail\/hbnet815403c2_5234912.webp\"><\/p>\n<p><img decoding=\"async\" data-cke-saved-src=\"https:\/\/cdn.myikas.com\/images\/4b0890c4-46f7-49c5-9b0d-d8f3dae632d6\/56122efc-5ebe-476f-a8a4-d58db8a44b87\/image_1950.webp\" src=\"https:\/\/hepsicdn.com.tr\/static\/product_detail\/hbnet815403c2_5234913.webp\"><\/p>\n<p><img decoding=\"async\" data-cke-saved-src=\"https:\/\/cdn.myikas.com\/images\/4b0890c4-46f7-49c5-9b0d-d8f3dae632d6\/c10eb165-addc-426a-ad09-a309bb0f02f9\/image_1950.webp\" src=\"https:\/\/hepsicdn.com.tr\/static\/product_detail\/hbnet815403c2_5234914.webp\"><\/p>\n<p><img decoding=\"async\" data-cke-saved-src=\"https:\/\/cdn.myikas.com\/images\/4b0890c4-46f7-49c5-9b0d-d8f3dae632d6\/555e809f-fd67-48ed-9f09-ed972f11421b\/image_1950.webp\" src=\"https:\/\/hepsicdn.com.tr\/static\/product_detail\/hbnet815403c2_5234915.webp\">&#8203;<\/p>\n<p helvetica=\"\" style=\"box-sizing: border-box; margin: 0px 0px 10px; font-size: 11px; color: rgb(73, 83, 94); text-align: center; font-family: \"><strong>ALLY TORP&#304;DO TUTUCULU MIKNATISLI ARA&Ccedil; TUTUCU<\/strong><\/p>\n<p><\/p>\n<p helvetica=\"\" style=\"box-sizing: border-box; margin: 0px 0px 10px; font-size: 11px; color: rgb(73, 83, 94); text-align: center; font-family: \"><span font-size:=\"\" helvetica=\"\" style=\"box-sizing: border-box;\" text-align:=\"\">Y&uuml;ksek kaliteli 360 derece top bi&ccedil;imli tasar&#305;m, herhangi bir g&ouml;r&uuml;&#351; a&ccedil;&#305;s&#305;nda telefonunuzu ayarlaman&#305;z&#305; ve tutman&#305;z&#305; sa&#287;lar<\/span><br font-size:=\"\" helvetica=\"\" style=\"box-sizing: border-box;\" text-align:=\"\"\/><span font-size:=\"\" helvetica=\"\" style=\"box-sizing: border-box;\" text-align:=\"\">G&uuml;&ccedil;l&uuml; manyetik. G&uuml;&ccedil;l&uuml; 3M yap&#305;&#351;t&#305;r&#305;c&#305; B&uuml;y&uuml;k montajl&#305; metal plaka ile GPS ve tabletleri sabit tutar Telefonunuza&nbsp; zarar vermez<\/span><br font-size:=\"\" helvetica=\"\" style=\"box-sizing: border-box;\" text-align:=\"\"\/><span font-size:=\"\" helvetica=\"\" style=\"box-sizing: border-box;\" text-align:=\"\">Kolay kurulum ve kullan&#305;m Araban&#305;za&nbsp; ofisinize&nbsp; mutfak tezgah&#305;na banyoya&nbsp; yatak odas&#305;na vb dahil olmak &uuml;zere istedi&#287;iniz y&uuml;zeyie&nbsp;yap&#305;&#351;t&#305;r&#305;n<\/span><\/p>\n","protected":false},"excerpt":{"rendered":"<p>ALLY TORP&#304;DO TUTUCULU MIKNATISLI ARA&Ccedil; TUTUCU &#8203; ALLY TORP&#304;DO TUTUCULU MIKNATISLI ARA&Ccedil; TUTUCU Y&uuml;ksek kaliteli 360 derece top bi&ccedil;imli tasar&#305;m, herhangi bir g&ouml;r&uuml;&#351; a&ccedil;&#305;s&#305;nda telefonunuzu ayarlaman&#305;z&#305; ve tutman&#305;z&#305; sa&#287;larG&uuml;&ccedil;l&uuml; manyetik. G&uuml;&ccedil;l&uuml; 3M yap&#305;&#351;t&#305;r&#305;c&#305; B&uuml;y&uuml;k montajl&#305; metal plaka ile GPS ve tabletleri sabit tutar Telefonunuza&nbsp; zarar vermezKolay kurulum ve kullan&#305;m Araban&#305;za&nbsp; ofisinize&nbsp; mutfak tezgah&#305;na banyoya&nbsp; yatak&#8230;<\/p>\n","protected":false},"featured_media":107009,"comment_status":"open","ping_status":"closed","template":"","meta":{"_kad_post_transparent":"","_kad_post_title":"","_kad_post_layout":"","_kad_post_sidebar_id":"","_kad_post_content_style":"","_kad_post_vertical_padding":"","_kad_post_feature":"","_kad_post_feature_position":"","_kad_post_header":false,"_kad_post_footer":false,"_kad_post_classname":""},"product_brand":[],"product_cat":[14532],"product_tag":[],"class_list":{"0":"post-107010","1":"product","2":"type-product","3":"status-publish","4":"has-post-thumbnail","6":"product_cat-oto-aksesuarlari-cep-telefonu-elektronik-oto-aksesuarlari","8":"first","9":"instock","10":"purchasable","11":"product-type-simple","12":"entry","13":"content-bg","14":"loop-entry"},"_links":{"self":[{"href":"https:\/\/www.hediyepazar.com\/index.php?rest_route=\/wp\/v2\/product\/107010","targetHints":{"allow":["GET"]}}],"collection":[{"href":"https:\/\/www.hediyepazar.com\/index.php?rest_route=\/wp\/v2\/product"}],"about":[{"href":"https:\/\/www.hediyepazar.com\/index.php?rest_route=\/wp\/v2\/types\/product"}],"replies":[{"embeddable":true,"href":"https:\/\/www.hediyepazar.com\/index.php?rest_route=%2Fwp%2Fv2%2Fcomments&post=107010"}],"wp:featuredmedia":[{"embeddable":true,"href":"https:\/\/www.hediyepazar.com\/index.php?rest_route=\/wp\/v2\/media\/107009"}],"wp:attachment":[{"href":"https:\/\/www.hediyepazar.com\/index.php?rest_route=%2Fwp%2Fv2%2Fmedia&parent=107010"}],"wp:term":[{"taxonomy":"product_brand","embeddable":true,"href":"https:\/\/www.hediyepazar.com\/index.php?rest_route=%2Fwp%2Fv2%2Fproduct_brand&post=107010"},{"taxonomy":"product_cat","embeddable":true,"href":"https:\/\/www.hediyepazar.com\/index.php?rest_route=%2Fwp%2Fv2%2Fproduct_cat&post=107010"},{"taxonomy":"product_tag","embeddable":true,"href":"https:\/\/www.hediyepazar.com\/index.php?rest_route=%2Fwp%2Fv2%2Fproduct_tag&post=107010"}],"curies":[{"name":"wp","href":"https:\/\/api.w.org\/{rel}","templated":true}]}}