{"id":107020,"date":"2026-05-04T17:45:03","date_gmt":"2026-05-04T20:45:03","guid":{"rendered":"https:\/\/www.hediyepazar.com\/?product=iphone-66s-5d-full-tempered-kirilmaz-cam-ekran-koruyucu-5775"},"modified":"2026-05-04T17:45:03","modified_gmt":"2026-05-04T20:45:03","slug":"iphone-66s-5d-full-tempered-kirilmaz-cam-ekran-koruyucu-5775","status":"publish","type":"product","link":"https:\/\/www.hediyepazar.com\/?product=iphone-66s-5d-full-tempered-kirilmaz-cam-ekran-koruyucu-5775","title":{"rendered":"\u0130Phone 66s 5D Full Tempered K\u0131r\u0131lmaz Cam Ekran Koruyucu-(5775)"},"content":{"rendered":"<p><strong>ALLY &#304;PHONE 6,6S 5D KAV&#304;SL&#304; FULL KIRILMAZ CAM EKRAN KORUYUCU<\/strong><\/p>\n<p><img decoding=\"async\" data-cke-saved-src=\"https:\/\/cdn.myikas.com\/images\/4b0890c4-46f7-49c5-9b0d-d8f3dae632d6\/64cf5d46-6788-443a-86ed-1bd57a9b04c7\/image_1950.webp\" src=\"https:\/\/hepsicdn.com.tr\/static\/product_detail\/hbnetb777046c_5240511.webp\"><\/p>\n<p><img decoding=\"async\" data-cke-saved-src=\"https:\/\/cdn.myikas.com\/images\/4b0890c4-46f7-49c5-9b0d-d8f3dae632d6\/887a1127-71f3-42e6-b12a-f8d50d44f694\/image_1950.webp\" src=\"https:\/\/hepsicdn.com.tr\/static\/product_detail\/hbnetb777046c_5240512.webp\">&#8203;<\/p>\n<p><img decoding=\"async\" data-cke-saved-src=\"https:\/\/cdn.myikas.com\/images\/4b0890c4-46f7-49c5-9b0d-d8f3dae632d6\/bbb109e9-3972-42c6-bdec-713b80214137\/image_1950.webp\" src=\"https:\/\/hepsicdn.com.tr\/static\/product_detail\/hbnetb777046c_5240513.webp\"><\/p>\n<p><img decoding=\"async\" data-cke-saved-src=\"https:\/\/cdn.myikas.com\/images\/4b0890c4-46f7-49c5-9b0d-d8f3dae632d6\/085c823c-1f7c-488e-a16d-140b5bc646e8\/image_1950.webp\" src=\"https:\/\/hepsicdn.com.tr\/static\/product_detail\/hbnetb777046c_5240514.webp\"><\/p>\n<p><img decoding=\"async\" data-cke-saved-src=\"https:\/\/cdn.myikas.com\/images\/4b0890c4-46f7-49c5-9b0d-d8f3dae632d6\/3e25a766-79f2-4a2e-a387-8a4c26d648d1\/image_1950.webp\" src=\"https:\/\/hepsicdn.com.tr\/static\/product_detail\/hbnetb777046c_5240515.webp\"><\/p>\n<p><img decoding=\"async\" data-cke-saved-src=\"https:\/\/cdn.myikas.com\/images\/4b0890c4-46f7-49c5-9b0d-d8f3dae632d6\/59700940-3100-4882-85f9-9590defb346e\/image_1950.webp\" src=\"https:\/\/hepsicdn.com.tr\/static\/product_detail\/hbnetb777046c_5240516.webp\"><\/p>\n<p><img decoding=\"async\" data-cke-saved-src=\"https:\/\/cdn.myikas.com\/images\/4b0890c4-46f7-49c5-9b0d-d8f3dae632d6\/f780473e-9be1-4212-b553-8ae6cfd6f3af\/image_1950.webp\" src=\"https:\/\/hepsicdn.com.tr\/static\/product_detail\/hbnetb777046c_5240517.webp\"><\/p>\n<p><img decoding=\"async\" data-cke-saved-src=\"https:\/\/cdn.myikas.com\/images\/4b0890c4-46f7-49c5-9b0d-d8f3dae632d6\/d15cca71-348d-4874-8833-7055e6d0e8ba\/image_1950.webp\" src=\"https:\/\/hepsicdn.com.tr\/static\/product_detail\/hbnetb777046c_5240518.webp\"><\/p>\n<p style=\"box-sizing: border-box; margin: 0px 0px 24px; font-size: 12px; color: rgb(102, 102, 102); text-align: center; padding: 0px; border: 0px; outline: 0px; font-family: Tahoma, Geneva, sans-serif;\"><span style=\"box-sizing: border-box; font-weight: 700;\">&Uuml;r&uuml;n A&ccedil;&#305;klamas&#305;<\/span><\/p>\n<p style=\"box-sizing: border-box; margin: 0px 0px 24px; font-size: 12px; color: rgb(102, 102, 102); text-align: center; padding: 0px; border: 0px; outline: 0px; font-family: Tahoma, Geneva, sans-serif;\"><strong>ALLY &#304;PHONE 6,6S 5D KAV&#304;SL&#304; FULL KIRILMAZ CAM EKRAN KORUYUCU<\/strong><\/p>\n<p style=\"box-sizing: border-box; margin: 0px 0px 24px; font-size: 12px; color: rgb(102, 102, 102); text-align: center; padding: 0px; border: 0px; outline: 0px; font-family: Tahoma, Geneva, sans-serif;\">Kalite<\/p>\n<p style=\"box-sizing: border-box; margin: 0px 0px 24px; font-size: 12px; color: rgb(102, 102, 102); text-align: center; padding: 0px; border: 0px; outline: 0px; font-family: Tahoma, Geneva, sans-serif;\">Ally&nbsp;Magic Glass &Ouml;zel malzemeden Titanium Metal ve Cam&#305;n birle&#351;mesiyle&nbsp; yap&#305;lm&#305;&#351; &ouml;zel koruyucu,&nbsp;&nbsp; Ekran&#305;nda film &nbsp;yokmu&#351; gibi ekran&#305; kullanabilirsiniz.&nbsp;&nbsp; Y&uuml;ksek kalite materyalden &uuml;retilmi&#351;tir.&nbsp;&nbsp; Ekran&#305;n&#305; kir ve darbeden korur, &ccedil;izilmesini &ouml;nler,&nbsp; Kolayca tak&#305;p &ccedil;&#305;kart&#305;labilir,&nbsp;&nbsp; Hi&ccedil;bir etki b&#305;rakmaz.&nbsp;&nbsp; Harika kal&#305;p kesimi sayesinde ekrana m&uuml;kemmel uyar ,&nbsp; Uzun &ouml;m&uuml;rl&uuml;d&uuml;r,&nbsp; B&uuml;t&uuml;n darbelere kar&#351;&#305; maximum korur.&nbsp;&nbsp; &Ouml;zel malzemeden cam &#351;eklinde yap&#305;lm&#305;&#351; &ouml;zel koruyucu<\/p>\n<p style=\"box-sizing: border-box; margin: 0px 0px 24px; font-size: 12px; color: rgb(102, 102, 102); text-align: center; padding: 0px; border: 0px; outline: 0px; font-family: Tahoma, Geneva, sans-serif;\"><span style=\"box-sizing: border-box; margin: 0px; padding: 0px; border: 0px; outline: 0px; font-weight: 700;\">Yuvarlat&#305;lm&#305;&#351; kenarlar<\/span><br style=\"box-sizing: border-box;\"\/>Kenarlar&#305; elmas kesicilerle yuvarlat&#305;lm&#305;&#351; oldu&#287;u i&ccedil;in darbeleri daha iyi da&#287;&#305;t&#305;p, direnci artt&#305;rmaktad&#305;r.<\/p>\n<p style=\"box-sizing: border-box; margin: 0px 0px 24px; font-size: 12px; color: rgb(102, 102, 102); text-align: center; padding: 0px; border: 0px; outline: 0px; font-family: Tahoma, Geneva, sans-serif;\"><span style=\"box-sizing: border-box; margin: 0px; padding: 0px; border: 0px; outline: 0px; font-weight: 700;\">% 35 Daha &#304;nce<\/span><br style=\"box-sizing: border-box;\"\/>Magic Glass kal&#305;nl&#305;&#287;&#305; sadece 0.2.5mm&acute; dir ve kimyasal i&#351;lem g&ouml;rm&uuml;&#351;, &#351;effaf temperli cam ile &uuml;retilmi&#351;tir.<\/p>\n<p style=\"box-sizing: border-box; margin: 0px 0px 24px; font-size: 12px; color: rgb(102, 102, 102); text-align: center; padding: 0px; border: 0px; outline: 0px; font-family: Tahoma, Geneva, sans-serif;\"><span style=\"box-sizing: border-box; margin: 0px; padding: 0px; border: 0px; outline: 0px; font-weight: 700;\">Y&uuml;zey Sertli&#287;i<\/span><br style=\"box-sizing: border-box;\"\/>Magic Glass y&uuml;zeyi d&uuml;zenli PET film daha g&uuml;&ccedil;l&uuml; 8-9H, &uuml;&ccedil; kat g&uuml;&ccedil;lendirilmi&#351; bir sertlik vard&#305;r. Bu &ouml;zellik ile b&#305;&ccedil;ak ve anahtarlar gibi keskin nesneler ile bile Magic Glass &ccedil;izilmez<\/p>\n<p style=\"box-sizing: border-box; margin: 0px 0px 24px; font-size: 12px; color: rgb(102, 102, 102); text-align: center; padding: 0px; border: 0px; outline: 0px; font-family: Tahoma, Geneva, sans-serif;\"><span style=\"box-sizing: border-box; margin: 0px; padding: 0px; border: 0px; outline: 0px; font-weight: 700;\">Oleophobic Kaplama<\/span><br style=\"box-sizing: border-box;\"\/>Magic Glass parmak izi ve di&#287;er kirleticileri engeller, temizlemeyi kolayla&#351;t&#305;ran ya&#287; ge&ccedil;irmeyen bir kaplama vard&#305;r.<\/p>\n<p style=\"box-sizing: border-box; margin: 0px 0px 24px; font-size: 12px; color: rgb(102, 102, 102); text-align: center; padding: 0px; border: 0px; outline: 0px; font-family: Tahoma, Geneva, sans-serif;\"><span style=\"box-sizing: border-box; margin: 0px; padding: 0px; border: 0px; outline: 0px; font-weight: 700;\">Hassas Dokunmatik<\/span><br style=\"box-sizing: border-box;\"\/>Magic Glass kurulumu kolayca yap&#305;labilir. Dokunmatik ekran hassasiyetini etkilemez<\/p>\n<p style=\"box-sizing: border-box; margin: 0px 0px 24px; font-size: 12px; color: rgb(102, 102, 102); text-align: center; padding: 0px; border: 0px; outline: 0px; font-family: Tahoma, Geneva, sans-serif;\"><span style=\"box-sizing: border-box; margin: 0px; padding: 0px; border: 0px; outline: 0px; font-weight: 700;\"><a data-cke-saved-href=\"https:\/\/www.akilliphone.com\/incele\/iphone-7-iphone-8-anti-blue-light-renkli-full-kaplame-cam-ekran-koruyucuu-97462#\" href=\"https:\/\/www.akilliphone.com\/incele\/iphone-7-iphone-8-anti-blue-light-renkli-full-kaplame-cam-ekran-koruyucuu-97462#\" style=\"box-sizing: border-box; background-color: transparent; color: rgb(102, 102, 102); text-decoration-line: none; margin: 0px; padding: 0px; border: 0px; outline: 0px;\">Par&ccedil;a<\/a>lanmayan Film<\/span><br style=\"box-sizing: border-box;\"\/>Magic Glass di&#287;er cam &uuml;r&uuml;nlere g&ouml;re daha g&uuml;venlidir.K&#305;r&#305;lmas&#305; halinde&nbsp;<a data-cke-saved-href=\"https:\/\/www.akilliphone.com\/incele\/iphone-7-iphone-8-anti-blue-light-renkli-full-kaplame-cam-ekran-koruyucuu-97462#\" href=\"https:\/\/www.akilliphone.com\/incele\/iphone-7-iphone-8-anti-blue-light-renkli-full-kaplame-cam-ekran-koruyucuu-97462#\" style=\"box-sizing: border-box; background-color: transparent; color: rgb(102, 102, 102); text-decoration-line: none; outline: 0px; margin: 0px; padding: 0px; border: 0px;\">par&ccedil;a<\/a>lanmaz ve keskin olmayan k&uuml;&ccedil;&uuml;k&nbsp;<a data-cke-saved-href=\"https:\/\/www.akilliphone.com\/incele\/iphone-7-iphone-8-anti-blue-light-renkli-full-kaplame-cam-ekran-koruyucuu-97462#\" href=\"https:\/\/www.akilliphone.com\/incele\/iphone-7-iphone-8-anti-blue-light-renkli-full-kaplame-cam-ekran-koruyucuu-97462#\" style=\"box-sizing: border-box; background-color: transparent; color: rgb(102, 102, 102); text-decoration-line: none; margin: 0px; padding: 0px; border: 0px; outline: 0px;\">par&ccedil;a<\/a>lar halinde etraf&#305;na zarar vermez.<\/p>\n<p style=\"box-sizing: border-box; margin: 0px 0px 24px; font-size: 12px; color: rgb(102, 102, 102); text-align: center; padding: 0px; border: 0px; outline: 0px; font-family: Tahoma, Geneva, sans-serif;\"><span style=\"box-sizing: border-box; margin: 0px; padding: 0px; border: 0px; outline: 0px; font-weight: 700;\">Paket &#304;&ccedil;eri&#287;i<\/span><br style=\"box-sizing: border-box;\"\/>1 x Magic Glass Premium Cam ve metal Ekran Koruyucu Temperli<\/p>\n<p><\/p>\n<p style=\"box-sizing: border-box; margin: 0px 0px 24px; font-size: 12px; color: rgb(102, 102, 102); text-align: center; padding: 0px; border: 0px; outline: 0px; font-family: Tahoma, Geneva, sans-serif;\">1 x Mikrofiber Bez<br style=\"box-sizing: border-box;\"\/>1 x Alkol Swab<\/p>\n","protected":false},"excerpt":{"rendered":"<p>ALLY &#304;PHONE 6,6S 5D KAV&#304;SL&#304; FULL KIRILMAZ CAM EKRAN KORUYUCU &#8203; &Uuml;r&uuml;n A&ccedil;&#305;klamas&#305; ALLY &#304;PHONE 6,6S 5D KAV&#304;SL&#304; FULL KIRILMAZ CAM EKRAN KORUYUCU Kalite Ally&nbsp;Magic Glass &Ouml;zel malzemeden Titanium Metal ve Cam&#305;n birle&#351;mesiyle&nbsp; yap&#305;lm&#305;&#351; &ouml;zel koruyucu,&nbsp;&nbsp; Ekran&#305;nda film &nbsp;yokmu&#351; gibi ekran&#305; kullanabilirsiniz.&nbsp;&nbsp; Y&uuml;ksek kalite materyalden &uuml;retilmi&#351;tir.&nbsp;&nbsp; Ekran&#305;n&#305; kir ve darbeden korur, &ccedil;izilmesini &ouml;nler,&nbsp; Kolayca tak&#305;p&#8230;<\/p>\n","protected":false},"featured_media":107019,"comment_status":"open","ping_status":"closed","template":"","meta":{"_kad_post_transparent":"","_kad_post_title":"","_kad_post_layout":"","_kad_post_sidebar_id":"","_kad_post_content_style":"","_kad_post_vertical_padding":"","_kad_post_feature":"","_kad_post_feature_position":"","_kad_post_header":false,"_kad_post_footer":false,"_kad_post_classname":""},"product_brand":[],"product_cat":[14515],"product_tag":[],"class_list":{"0":"post-107020","1":"product","2":"type-product","3":"status-publish","4":"has-post-thumbnail","6":"product_cat-ekran-koruyucu-cep-telefonu-aksesuarlari-cep-telefonu-elektronik-ekran-koruyucu","8":"first","9":"instock","10":"purchasable","11":"product-type-simple","12":"entry","13":"content-bg","14":"loop-entry"},"_links":{"self":[{"href":"https:\/\/www.hediyepazar.com\/index.php?rest_route=\/wp\/v2\/product\/107020","targetHints":{"allow":["GET"]}}],"collection":[{"href":"https:\/\/www.hediyepazar.com\/index.php?rest_route=\/wp\/v2\/product"}],"about":[{"href":"https:\/\/www.hediyepazar.com\/index.php?rest_route=\/wp\/v2\/types\/product"}],"replies":[{"embeddable":true,"href":"https:\/\/www.hediyepazar.com\/index.php?rest_route=%2Fwp%2Fv2%2Fcomments&post=107020"}],"wp:featuredmedia":[{"embeddable":true,"href":"https:\/\/www.hediyepazar.com\/index.php?rest_route=\/wp\/v2\/media\/107019"}],"wp:attachment":[{"href":"https:\/\/www.hediyepazar.com\/index.php?rest_route=%2Fwp%2Fv2%2Fmedia&parent=107020"}],"wp:term":[{"taxonomy":"product_brand","embeddable":true,"href":"https:\/\/www.hediyepazar.com\/index.php?rest_route=%2Fwp%2Fv2%2Fproduct_brand&post=107020"},{"taxonomy":"product_cat","embeddable":true,"href":"https:\/\/www.hediyepazar.com\/index.php?rest_route=%2Fwp%2Fv2%2Fproduct_cat&post=107020"},{"taxonomy":"product_tag","embeddable":true,"href":"https:\/\/www.hediyepazar.com\/index.php?rest_route=%2Fwp%2Fv2%2Fproduct_tag&post=107020"}],"curies":[{"name":"wp","href":"https:\/\/api.w.org\/{rel}","templated":true}]}}