{"id":107054,"date":"2026-05-04T17:48:35","date_gmt":"2026-05-04T20:48:35","guid":{"rendered":"https:\/\/www.hediyepazar.com\/?product=meizu-16-plus-kamera-korumali-ultra-koruma-silikon-kilif-5775"},"modified":"2026-05-04T17:48:35","modified_gmt":"2026-05-04T20:48:35","slug":"meizu-16-plus-kamera-korumali-ultra-koruma-silikon-kilif-5775","status":"publish","type":"product","link":"https:\/\/www.hediyepazar.com\/?product=meizu-16-plus-kamera-korumali-ultra-koruma-silikon-kilif-5775","title":{"rendered":"Meizu 16 Plus Kamera Korumal\u0131 Ultra Koruma Silikon K\u0131l\u0131f-(5775)"},"content":{"rendered":"<p><iframe allow=\"accelerometer; autoplay; encrypted-media; gyroscope; picture-in-picture\" allowfullscreen=\"\" frameborder=\"0\" height=\"315\" src=\"https:\/\/www.youtube.com\/embed\/9sIj7WNR3CQ\" width=\"560\"><\/iframe><\/p>\n<p helvetica=\"\" style=\"box-sizing: border-box; margin: 0px 0px 10px; font-size: 11px; color: rgb(73, 83, 94); text-align: center; font-family: \">Kaliteli i&#351;&ccedil;ili&#287;e sahip olan silikon k&#305;l&#305;f cihaz&#305; sadece korumakla kalmaz, zarif tasar&#305;m&#305; sayesinde de daha g&uuml;zel bir g&ouml;r&uuml;n&uuml;m kazand&#305;r&#305;r.<\/p>\n<p helvetica=\"\" style=\"box-sizing: border-box; margin: 0px 0px 10px; font-size: 11px; color: rgb(73, 83, 94); text-align: center; font-family: \"><span style=\"box-sizing: border-box; font-weight: 700;\">&Ouml;zellikler<\/span><br style=\"box-sizing: border-box;\"\/>Y&uuml;ksek kalite silikon materyalden &uuml;retilmi&#351;tir.<br style=\"box-sizing: border-box;\"\/>Cihaz&#305;n&#305;z&#305;n arka, yan taraflar&#305;n&#305; ve &ouml;n &ccedil;er&ccedil;evesini &ccedil;iziklerden, kirden, darbelerden korur.<br style=\"box-sizing: border-box;\"\/>K&#305;l&#305;f cihaz &uuml;zerindeyken &#351;arj, kulakl&#305;k, kamera veya ses kontrol tu&#351;lar&#305; kullan&#305;labilir.<br style=\"box-sizing: border-box;\"\/>Harika kal&#305;p kesimi ve esnekli&#287;i sayesinde cihaza m&uuml;kemmel uyar.<br style=\"box-sizing: border-box;\"\/>Kolayca tak&#305;l&#305;p &ccedil;&#305;kart&#305;labilir.<br style=\"box-sizing: border-box;\"\/>Cihaz&#305;n &ouml;n y&uuml;z&uuml;n&uuml; kapatmaz<\/p>\n<p helvetica=\"\" style=\"box-sizing: border-box; margin: 0px 0px 10px; font-size: 11px; color: rgb(73, 83, 94); text-align: center; font-family: \"><img decoding=\"async\" data-cke-saved-src=\"https:\/\/cdn.myikas.com\/images\/4b0890c4-46f7-49c5-9b0d-d8f3dae632d6\/3555207a-1699-4f90-bcef-2ac01bbbe3ae\/image_1950.webp\" src=\"https:\/\/hepsicdn.com.tr\/static\/product_detail\/hbnet09a40424_5244311.webp\"><\/p>\n<p helvetica=\"\" style=\"box-sizing: border-box; margin: 0px 0px 10px; font-size: 11px; color: rgb(73, 83, 94); text-align: center; font-family: \"><img decoding=\"async\" data-cke-saved-src=\"https:\/\/cdn.myikas.com\/images\/4b0890c4-46f7-49c5-9b0d-d8f3dae632d6\/77431bcf-f24c-474a-abbc-a016ca7bf761\/image_1950.webp\" src=\"https:\/\/hepsicdn.com.tr\/static\/product_detail\/hbnet09a40424_5244312.webp\"><\/p>\n<p helvetica=\"\" style=\"box-sizing: border-box; margin: 0px 0px 10px; font-size: 11px; color: rgb(73, 83, 94); text-align: center; font-family: \"><img decoding=\"async\" data-cke-saved-src=\"https:\/\/cdn.myikas.com\/images\/4b0890c4-46f7-49c5-9b0d-d8f3dae632d6\/5154015c-e5f3-4ecd-a641-8241fbbeaa48\/image_1950.webp\" src=\"https:\/\/hepsicdn.com.tr\/static\/product_detail\/hbnet09a40424_5244313.webp\"><\/p>\n<p helvetica=\"\" style=\"box-sizing: border-box; margin: 0px 0px 10px; font-size: 11px; color: rgb(73, 83, 94); text-align: center; font-family: \"><img decoding=\"async\" data-cke-saved-src=\"https:\/\/cdn.myikas.com\/images\/4b0890c4-46f7-49c5-9b0d-d8f3dae632d6\/4ac3e894-fb47-42ca-9d7b-25ed9fc749b8\/image_1950.webp\" src=\"https:\/\/hepsicdn.com.tr\/static\/product_detail\/hbnet09a40424_5244314.webp\"><\/p>\n<p helvetica=\"\" style=\"box-sizing: border-box; margin: 0px 0px 10px; font-size: 11px; color: rgb(73, 83, 94); text-align: center; font-family: \"><img decoding=\"async\" data-cke-saved-src=\"https:\/\/cdn.myikas.com\/images\/4b0890c4-46f7-49c5-9b0d-d8f3dae632d6\/e46591e1-534b-4adb-9501-c9c0ece73397\/image_1950.webp\" src=\"https:\/\/hepsicdn.com.tr\/static\/product_detail\/hbnet09a40424_5244315.webp\"><\/p>\n<p helvetica=\"\" style=\"box-sizing: border-box; margin: 0px 0px 10px; font-size: 11px; color: rgb(73, 83, 94); text-align: center; font-family: \"><img decoding=\"async\" data-cke-saved-src=\"https:\/\/cdn.myikas.com\/images\/4b0890c4-46f7-49c5-9b0d-d8f3dae632d6\/1d35b313-5a35-4090-9c7c-f0394ee89289\/image_1950.webp\" src=\"https:\/\/hepsicdn.com.tr\/static\/product_detail\/hbnet09a40424_5244316.webp\">&#8203;<\/p>\n","protected":false},"excerpt":{"rendered":"<p>Kaliteli i&#351;&ccedil;ili&#287;e sahip olan silikon k&#305;l&#305;f cihaz&#305; sadece korumakla kalmaz, zarif tasar&#305;m&#305; sayesinde de daha g&uuml;zel bir g&ouml;r&uuml;n&uuml;m kazand&#305;r&#305;r. &Ouml;zelliklerY&uuml;ksek kalite silikon materyalden &uuml;retilmi&#351;tir.Cihaz&#305;n&#305;z&#305;n arka, yan taraflar&#305;n&#305; ve &ouml;n &ccedil;er&ccedil;evesini &ccedil;iziklerden, kirden, darbelerden korur.K&#305;l&#305;f cihaz &uuml;zerindeyken &#351;arj, kulakl&#305;k, kamera veya ses kontrol tu&#351;lar&#305; kullan&#305;labilir.Harika kal&#305;p kesimi ve esnekli&#287;i sayesinde cihaza m&uuml;kemmel uyar.Kolayca tak&#305;l&#305;p &ccedil;&#305;kart&#305;labilir.Cihaz&#305;n &ouml;n&#8230;<\/p>\n","protected":false},"featured_media":107053,"comment_status":"open","ping_status":"closed","template":"","meta":{"_kad_post_transparent":"","_kad_post_title":"","_kad_post_layout":"","_kad_post_sidebar_id":"","_kad_post_content_style":"","_kad_post_vertical_padding":"","_kad_post_feature":"","_kad_post_feature_position":"","_kad_post_header":false,"_kad_post_footer":false,"_kad_post_classname":""},"product_brand":[],"product_cat":[14520],"product_tag":[],"class_list":{"0":"post-107054","1":"product","2":"type-product","3":"status-publish","4":"has-post-thumbnail","6":"product_cat-telefon-kilifi-cep-telefonu-aksesuarlari-cep-telefonu-elektronik-telefon-kilifi","8":"first","9":"instock","10":"purchasable","11":"product-type-simple","12":"entry","13":"content-bg","14":"loop-entry"},"_links":{"self":[{"href":"https:\/\/www.hediyepazar.com\/index.php?rest_route=\/wp\/v2\/product\/107054","targetHints":{"allow":["GET"]}}],"collection":[{"href":"https:\/\/www.hediyepazar.com\/index.php?rest_route=\/wp\/v2\/product"}],"about":[{"href":"https:\/\/www.hediyepazar.com\/index.php?rest_route=\/wp\/v2\/types\/product"}],"replies":[{"embeddable":true,"href":"https:\/\/www.hediyepazar.com\/index.php?rest_route=%2Fwp%2Fv2%2Fcomments&post=107054"}],"wp:featuredmedia":[{"embeddable":true,"href":"https:\/\/www.hediyepazar.com\/index.php?rest_route=\/wp\/v2\/media\/107053"}],"wp:attachment":[{"href":"https:\/\/www.hediyepazar.com\/index.php?rest_route=%2Fwp%2Fv2%2Fmedia&parent=107054"}],"wp:term":[{"taxonomy":"product_brand","embeddable":true,"href":"https:\/\/www.hediyepazar.com\/index.php?rest_route=%2Fwp%2Fv2%2Fproduct_brand&post=107054"},{"taxonomy":"product_cat","embeddable":true,"href":"https:\/\/www.hediyepazar.com\/index.php?rest_route=%2Fwp%2Fv2%2Fproduct_cat&post=107054"},{"taxonomy":"product_tag","embeddable":true,"href":"https:\/\/www.hediyepazar.com\/index.php?rest_route=%2Fwp%2Fv2%2Fproduct_tag&post=107054"}],"curies":[{"name":"wp","href":"https:\/\/api.w.org\/{rel}","templated":true}]}}