{"id":107058,"date":"2026-05-04T17:48:43","date_gmt":"2026-05-04T20:48:43","guid":{"rendered":"https:\/\/www.hediyepazar.com\/?product=iphone-ipad-p32-hdmi-vga-av-audio-donusturucu-adaptor-5775"},"modified":"2026-05-04T17:48:43","modified_gmt":"2026-05-04T20:48:43","slug":"iphone-ipad-p32-hdmi-vga-av-audio-donusturucu-adaptor-5775","status":"publish","type":"product","link":"https:\/\/www.hediyepazar.com\/?product=iphone-ipad-p32-hdmi-vga-av-audio-donusturucu-adaptor-5775","title":{"rendered":"\u0130Phone \u0130Pad P32 Hdmi Vga Av Audio D\u00f6n\u00fc\u015ft\u00fcr\u00fcc\u00fc Adapt\u00f6r-(5775)"},"content":{"rendered":"<p style=\"margin: 0px; padding: 0px; border: 0px; font-size: 12px; position: relative; color: rgb(32, 32, 32); font-family: Arial, Helvetica, sans-serif;\">Apple Lightning to HDMI + VGA + Audio d&ouml;n&uuml;&#351;t&uuml;r&uuml;c&uuml; adapt&ouml;r 1080p full hd &ccedil;&ouml;z&uuml;n&uuml;rl&uuml;k destekler.<\/p>\n<p style=\"margin: 0px; padding: 0px; border: 0px; font-size: 12px; position: relative; color: rgb(32, 32, 32); font-family: Arial, Helvetica, sans-serif;\"><\/p>\n<p style=\"margin: 0px; padding: 0px; border: 0px; font-size: 12px; position: relative; color: rgb(32, 32, 32); font-family: Arial, Helvetica, sans-serif;\">iPhone ve iPad cihazlar&#305;n&#305;zdan, monit&ouml;r, tv ve projeksiyon cihazlar&#305;na g&ouml;r&uuml;nt&uuml; aktarman&#305;z&#305; sa&#287;lar. Hdmi + vga portuna e&#351;zamanl&#305; olarak g&ouml;r&uuml;nt&uuml; aktarabilirsiniz.<\/p>\n<p style=\"margin: 0px; padding: 0px; border: 0px; font-size: 12px; position: relative; color: rgb(32, 32, 32); font-family: Arial, Helvetica, sans-serif;\"><\/p>\n<p style=\"margin: 0px; padding: 0px; border: 0px; font-size: 12px; position: relative; color: rgb(32, 32, 32); font-family: Arial, Helvetica, sans-serif;\"><span style=\"margin: 0px; padding: 0px; border: 0px; position: relative; color: rgb(255, 0, 0);\"><strong style=\"margin: 0px; padding: 0px; border: 0px; position: relative;\">Digit&uuml;rk, Netflix gibi &uuml;cretli yay&#305;nlar&#305;n g&ouml;r&uuml;nt&uuml;s&uuml;n&uuml; aktarmaz!<\/strong><\/span><\/p>\n<p style=\"margin: 0px; padding: 0px; border: 0px; font-size: 12px; position: relative; color: rgb(32, 32, 32); font-family: Arial, Helvetica, sans-serif;\"><\/p>\n<p style=\"margin: 0px; padding: 0px; border: 0px; font-size: 12px; position: relative; color: rgb(32, 32, 32); font-family: Arial, Helvetica, sans-serif;\">iOS 8 ve &uuml;zerini destekler. Micro usb power kablosu kutu i&ccedil;eri&#287;inde bulunmaktad&#305;r. Cihaz&#305;n &ccedil;al&#305;&#351;mas&#305; i&ccedil;in usb &uuml;zerinden enerji verilmesi gereklidir.<\/p>\n<p style=\"margin: 0px; padding: 0px; border: 0px; font-size: 12px; position: relative; color: rgb(32, 32, 32); font-family: Arial, Helvetica, sans-serif;\"><\/p>\n<p>&#8203;<img decoding=\"async\" data-cke-saved-src=\"https:\/\/cdn.myikas.com\/images\/4b0890c4-46f7-49c5-9b0d-d8f3dae632d6\/b2068cc9-cdff-4482-8deb-41bb2b8b084d\/image_1950.webp\" src=\"https:\/\/hepsicdn.com.tr\/static\/product_detail\/hbneta3d451c1_5244611.webp\"><img decoding=\"async\" data-cke-saved-src=\"https:\/\/cdn.myikas.com\/images\/4b0890c4-46f7-49c5-9b0d-d8f3dae632d6\/89fabfd0-aef2-4513-acea-fb0d58c09e39\/image_1950.webp\" src=\"https:\/\/hepsicdn.com.tr\/static\/product_detail\/hbneta3d451c1_5244612.webp\"><img decoding=\"async\" data-cke-saved-src=\"https:\/\/cdn.myikas.com\/images\/4b0890c4-46f7-49c5-9b0d-d8f3dae632d6\/049cc3b7-3b7e-440d-97a1-4db3b8f31929\/image_1950.webp\" src=\"https:\/\/hepsicdn.com.tr\/static\/product_detail\/hbneta3d451c1_5244613.webp\"><img decoding=\"async\" data-cke-saved-src=\"https:\/\/cdn.myikas.com\/images\/4b0890c4-46f7-49c5-9b0d-d8f3dae632d6\/fc1d9029-71db-4423-b1bb-af36ad2aac54\/image_1950.webp\" src=\"https:\/\/hepsicdn.com.tr\/static\/product_detail\/hbneta3d451c1_5244614.webp\"><\/p>\n","protected":false},"excerpt":{"rendered":"<p>Apple Lightning to HDMI + VGA + Audio d&ouml;n&uuml;&#351;t&uuml;r&uuml;c&uuml; adapt&ouml;r 1080p full hd &ccedil;&ouml;z&uuml;n&uuml;rl&uuml;k destekler. iPhone ve iPad cihazlar&#305;n&#305;zdan, monit&ouml;r, tv ve projeksiyon cihazlar&#305;na g&ouml;r&uuml;nt&uuml; aktarman&#305;z&#305; sa&#287;lar. Hdmi + vga portuna e&#351;zamanl&#305; olarak g&ouml;r&uuml;nt&uuml; aktarabilirsiniz. Digit&uuml;rk, Netflix gibi &uuml;cretli yay&#305;nlar&#305;n g&ouml;r&uuml;nt&uuml;s&uuml;n&uuml; aktarmaz! iOS 8 ve &uuml;zerini destekler. Micro usb power kablosu kutu i&ccedil;eri&#287;inde bulunmaktad&#305;r. Cihaz&#305;n&#8230;<\/p>\n","protected":false},"featured_media":107057,"comment_status":"open","ping_status":"closed","template":"","meta":{"_kad_post_transparent":"","_kad_post_title":"","_kad_post_layout":"","_kad_post_sidebar_id":"","_kad_post_content_style":"","_kad_post_vertical_padding":"","_kad_post_feature":"","_kad_post_feature_position":"","_kad_post_header":false,"_kad_post_footer":false,"_kad_post_classname":""},"product_brand":[],"product_cat":[14459],"product_tag":[],"class_list":{"0":"post-107058","1":"product","2":"type-product","3":"status-publish","4":"has-post-thumbnail","6":"product_cat-cevirici-donusturucu-cep-telefonu-aksesuarlari-cep-telefonu-elektronik-cevirici-donusturucu","8":"first","9":"instock","10":"purchasable","11":"product-type-simple","12":"entry","13":"content-bg","14":"loop-entry"},"_links":{"self":[{"href":"https:\/\/www.hediyepazar.com\/index.php?rest_route=\/wp\/v2\/product\/107058","targetHints":{"allow":["GET"]}}],"collection":[{"href":"https:\/\/www.hediyepazar.com\/index.php?rest_route=\/wp\/v2\/product"}],"about":[{"href":"https:\/\/www.hediyepazar.com\/index.php?rest_route=\/wp\/v2\/types\/product"}],"replies":[{"embeddable":true,"href":"https:\/\/www.hediyepazar.com\/index.php?rest_route=%2Fwp%2Fv2%2Fcomments&post=107058"}],"wp:featuredmedia":[{"embeddable":true,"href":"https:\/\/www.hediyepazar.com\/index.php?rest_route=\/wp\/v2\/media\/107057"}],"wp:attachment":[{"href":"https:\/\/www.hediyepazar.com\/index.php?rest_route=%2Fwp%2Fv2%2Fmedia&parent=107058"}],"wp:term":[{"taxonomy":"product_brand","embeddable":true,"href":"https:\/\/www.hediyepazar.com\/index.php?rest_route=%2Fwp%2Fv2%2Fproduct_brand&post=107058"},{"taxonomy":"product_cat","embeddable":true,"href":"https:\/\/www.hediyepazar.com\/index.php?rest_route=%2Fwp%2Fv2%2Fproduct_cat&post=107058"},{"taxonomy":"product_tag","embeddable":true,"href":"https:\/\/www.hediyepazar.com\/index.php?rest_route=%2Fwp%2Fv2%2Fproduct_tag&post=107058"}],"curies":[{"name":"wp","href":"https:\/\/api.w.org\/{rel}","templated":true}]}}