{"id":107086,"date":"2026-05-04T17:53:16","date_gmt":"2026-05-04T20:53:16","guid":{"rendered":"https:\/\/www.hediyepazar.com\/?product=xiaomi-mi5mi5-prime-mi5s-ic-kulaklik-speaker-5775"},"modified":"2026-05-04T17:53:16","modified_gmt":"2026-05-04T20:53:16","slug":"xiaomi-mi5mi5-prime-mi5s-ic-kulaklik-speaker-5775","status":"publish","type":"product","link":"https:\/\/www.hediyepazar.com\/?product=xiaomi-mi5mi5-prime-mi5s-ic-kulaklik-speaker-5775","title":{"rendered":"Xiaomi Mi5Mi5 Prime Mi5S \u0130\u00e7 Kulakl\u0131k Speaker-(5775)"},"content":{"rendered":"<p style=\"box-sizing: border-box; margin: 0px 0px 24px; font-size: 12px; color: rgb(102, 102, 102); text-align: center; padding: 0px; border: 0px; outline: 0px; font-family: Tahoma, Geneva, sans-serif; line-height: 20px;\"><span style=\"box-sizing: border-box; margin: 0px; padding: 0px; border: 0px; outline: 0px; font-weight: 700;\">Marka<\/span>:&nbsp;X&#304;AOM&#304;<\/p>\n<p style=\"box-sizing: border-box; margin: 0px 0px 24px; font-size: 12px; color: rgb(102, 102, 102); text-align: center; padding: 0px; border: 0px; outline: 0px; font-family: Tahoma, Geneva, sans-serif; line-height: 20px;\"><span style=\"box-sizing: border-box; margin: 0px; padding: 0px; border: 0px; outline: 0px; font-weight: 700;\">Model:&nbsp;<\/span>X&#304;AOM&#304; M&#304;5, M&#304;5S&nbsp;<\/p>\n<p style=\"box-sizing: border-box; margin: 0px 0px 24px; font-size: 12px; color: rgb(102, 102, 102); text-align: center; padding: 0px; border: 0px; outline: 0px; font-family: Tahoma, Geneva, sans-serif; line-height: 20px;\"><span style=\"box-sizing: border-box; margin: 0px; padding: 0px; border: 0px; outline: 0px; font-weight: 700;\">&Uuml;r&uuml;n A&ccedil;&#305;klamas&#305;<\/span><\/p>\n<p style=\"box-sizing: border-box; margin: 0px 0px 24px; font-size: 12px; color: rgb(102, 102, 102); text-align: center; padding: 0px; border: 0px; outline: 0px; font-family: Tahoma, Geneva, sans-serif; line-height: 20px;\">X&#304;AOM&#304; M&#304;5, M&#304;5S &#304;&Ccedil; KULAKLIK SPEAKER<\/p>\n","protected":false},"excerpt":{"rendered":"<p>Marka:&nbsp;X&#304;AOM&#304; Model:&nbsp;X&#304;AOM&#304; M&#304;5, M&#304;5S&nbsp; &Uuml;r&uuml;n A&ccedil;&#305;klamas&#305; X&#304;AOM&#304; M&#304;5, M&#304;5S &#304;&Ccedil; KULAKLIK SPEAKER<\/p>\n","protected":false},"featured_media":107085,"comment_status":"open","ping_status":"closed","template":"","meta":{"_kad_post_transparent":"","_kad_post_title":"","_kad_post_layout":"","_kad_post_sidebar_id":"","_kad_post_content_style":"","_kad_post_vertical_padding":"","_kad_post_feature":"","_kad_post_feature_position":"","_kad_post_header":false,"_kad_post_footer":false,"_kad_post_classname":""},"product_brand":[],"product_cat":[14614],"product_tag":[],"class_list":{"0":"post-107086","1":"product","2":"type-product","3":"status-publish","4":"has-post-thumbnail","6":"product_cat-ic-kulaklik-speaker-cep-telefonu-yedek-parcalari-cep-telefonu-elektronik-ic-kulaklik-speaker","8":"first","9":"instock","10":"purchasable","11":"product-type-simple","12":"entry","13":"content-bg","14":"loop-entry"},"_links":{"self":[{"href":"https:\/\/www.hediyepazar.com\/index.php?rest_route=\/wp\/v2\/product\/107086","targetHints":{"allow":["GET"]}}],"collection":[{"href":"https:\/\/www.hediyepazar.com\/index.php?rest_route=\/wp\/v2\/product"}],"about":[{"href":"https:\/\/www.hediyepazar.com\/index.php?rest_route=\/wp\/v2\/types\/product"}],"replies":[{"embeddable":true,"href":"https:\/\/www.hediyepazar.com\/index.php?rest_route=%2Fwp%2Fv2%2Fcomments&post=107086"}],"wp:featuredmedia":[{"embeddable":true,"href":"https:\/\/www.hediyepazar.com\/index.php?rest_route=\/wp\/v2\/media\/107085"}],"wp:attachment":[{"href":"https:\/\/www.hediyepazar.com\/index.php?rest_route=%2Fwp%2Fv2%2Fmedia&parent=107086"}],"wp:term":[{"taxonomy":"product_brand","embeddable":true,"href":"https:\/\/www.hediyepazar.com\/index.php?rest_route=%2Fwp%2Fv2%2Fproduct_brand&post=107086"},{"taxonomy":"product_cat","embeddable":true,"href":"https:\/\/www.hediyepazar.com\/index.php?rest_route=%2Fwp%2Fv2%2Fproduct_cat&post=107086"},{"taxonomy":"product_tag","embeddable":true,"href":"https:\/\/www.hediyepazar.com\/index.php?rest_route=%2Fwp%2Fv2%2Fproduct_tag&post=107086"}],"curies":[{"name":"wp","href":"https:\/\/api.w.org\/{rel}","templated":true}]}}