{"id":107088,"date":"2026-05-04T17:53:21","date_gmt":"2026-05-04T20:53:21","guid":{"rendered":"https:\/\/www.hediyepazar.com\/?product=haweel-10l-su-gecirmez-hirsizlik-onleyici-sirt-cantasi-5775"},"modified":"2026-05-04T17:53:21","modified_gmt":"2026-05-04T20:53:21","slug":"haweel-10l-su-gecirmez-hirsizlik-onleyici-sirt-cantasi-5775","status":"publish","type":"product","link":"https:\/\/www.hediyepazar.com\/?product=haweel-10l-su-gecirmez-hirsizlik-onleyici-sirt-cantasi-5775","title":{"rendered":"Haweel 10l Su Ge\u00e7irmez H\u0131rs\u0131zl\u0131k \u00d6nleyici S\u0131rt \u00c7antas\u0131-(5775)"},"content":{"rendered":"<p><iframe allow=\"accelerometer; autoplay; encrypted-media; gyroscope; picture-in-picture\" allowfullscreen=\"\" frameborder=\"0\" height=\"315\" src=\"https:\/\/www.youtube.com\/embed\/f4RxNjDSHNI\" width=\"560\"><\/iframe><\/p>\n<p><strong>1. Suya dayan&#305;kl&#305; polyester malzemeden yap&#305;lm&#305;&#351;, hava de&#287;i&#351;imi konusunda endi&#351;elenmenize gerek yok.<br \/>2. K&uuml;&ccedil;&uuml;k boyutlu, b&uuml;y&uuml;k kapasiteli, 10L kapasiteli, k&uuml;&ccedil;&uuml;k d&uuml;nyan&#305;z&#305; depolamak i&ccedil;in yeterince b&uuml;y&uuml;k.<br \/>3. Cep telefonunuz, c&uuml;zdan&#305;n&#305;z, anahtarlar&#305;n&#305;z ve at&#305;&#351;t&#305;rmal&#305;klar&#305;n&#305;z gibi elinizin alt&#305;nda bulundurun.<br \/>4. Gizli d&#305;&#351; torba, h&#305;rs&#305;zl&#305;&#287;a kar&#351;&#305; destek.<br \/>5. Kompakt ve hafif, ta&#351;&#305;mas&#305; ve kullan&#305;m&#305; kolayd&#305;r.<br \/>6. Basit ve c&ouml;mert tasar&#305;m, &#305;s&#305; da&#287;&#305;l&#305;m&#305;, rahat ve nefes alabilir.<\/strong><\/p>\n<p><strong><img decoding=\"async\" data-cke-saved-src=\"https:\/\/cdn.myikas.com\/images\/4b0890c4-46f7-49c5-9b0d-d8f3dae632d6\/b12737e5-4853-472c-951b-fe3e56d96864\/image_1950.webp\" src=\"https:\/\/hepsicdn.com.tr\/static\/product_detail\/hbnetcabac89d_5249911.webp\"><\/strong><\/p>\n<p><strong><img decoding=\"async\" data-cke-saved-src=\"https:\/\/cdn.myikas.com\/images\/4b0890c4-46f7-49c5-9b0d-d8f3dae632d6\/dfa81951-983f-4b14-a509-0ab781490386\/image_1950.webp\" src=\"https:\/\/hepsicdn.com.tr\/static\/product_detail\/hbnetcabac89d_5249912.webp\"><\/strong><\/p>\n<p><strong><img decoding=\"async\" data-cke-saved-src=\"https:\/\/cdn.myikas.com\/images\/4b0890c4-46f7-49c5-9b0d-d8f3dae632d6\/ac3d5649-9ed8-465b-a46b-26aa82229ad2\/image_1950.webp\" src=\"https:\/\/hepsicdn.com.tr\/static\/product_detail\/hbnetcabac89d_5249913.webp\"><\/strong><\/p>\n<p><strong><img decoding=\"async\" data-cke-saved-src=\"https:\/\/cdn.myikas.com\/images\/4b0890c4-46f7-49c5-9b0d-d8f3dae632d6\/cf3f9d95-345e-4d47-95ba-dec7a3a2162b\/image_1950.webp\" src=\"https:\/\/hepsicdn.com.tr\/static\/product_detail\/hbnetcabac89d_5249914.webp\"><\/strong><\/p>\n<p><\/p>\n<p><strong><img decoding=\"async\" data-cke-saved-src=\"https:\/\/cdn.myikas.com\/images\/4b0890c4-46f7-49c5-9b0d-d8f3dae632d6\/6811f6ed-6291-4951-9c32-6f63e2be4589\/image_1950.webp\" src=\"https:\/\/hepsicdn.com.tr\/static\/product_detail\/hbnetcabac89d_5249915.webp\"><\/strong><\/p>\n<p><strong><img decoding=\"async\" data-cke-saved-src=\"https:\/\/cdn.myikas.com\/images\/4b0890c4-46f7-49c5-9b0d-d8f3dae632d6\/988d2140-526e-4a49-b292-997a69bb1007\/image_1950.webp\" src=\"https:\/\/hepsicdn.com.tr\/static\/product_detail\/hbnetcabac89d_5249916.webp\"><\/strong><\/p>\n<p><strong><img decoding=\"async\" data-cke-saved-src=\"https:\/\/cdn.myikas.com\/images\/4b0890c4-46f7-49c5-9b0d-d8f3dae632d6\/409a608b-4090-4ae5-a75b-63483c744254\/image_1950.webp\" src=\"https:\/\/hepsicdn.com.tr\/static\/product_detail\/hbnetcabac89d_5249917.webp\"><\/strong><\/p>\n<p><strong><img decoding=\"async\" data-cke-saved-src=\"https:\/\/cdn.myikas.com\/images\/4b0890c4-46f7-49c5-9b0d-d8f3dae632d6\/f3457f96-ce3d-4690-8ede-42192184b2ef\/image_1950.webp\" src=\"https:\/\/hepsicdn.com.tr\/static\/product_detail\/hbnetcabac89d_5249918.webp\"><\/strong><\/p>\n<p><strong><img decoding=\"async\" data-cke-saved-src=\"https:\/\/cdn.myikas.com\/images\/4b0890c4-46f7-49c5-9b0d-d8f3dae632d6\/aa0f2912-7c07-4d39-a43c-da50aad80d4a\/image_1950.webp\" src=\"https:\/\/hepsicdn.com.tr\/static\/product_detail\/hbnetcabac89d_5249919.webp\"><\/strong><\/p>\n<p><strong><img decoding=\"async\" data-cke-saved-src=\"https:\/\/cdn.myikas.com\/images\/4b0890c4-46f7-49c5-9b0d-d8f3dae632d6\/15f5e35b-53a6-4c82-bd35-5165c5af2652\/image_1950.webp\" src=\"https:\/\/hepsicdn.com.tr\/static\/product_detail\/hbnetcabac89d_5249920.webp\">&#8203;<\/strong><\/p>\n<p><strong>&#8203;<\/strong><\/p>\n<p><\/p>\n","protected":false},"excerpt":{"rendered":"<p>1. Suya dayan&#305;kl&#305; polyester malzemeden yap&#305;lm&#305;&#351;, hava de&#287;i&#351;imi konusunda endi&#351;elenmenize gerek yok.2. K&uuml;&ccedil;&uuml;k boyutlu, b&uuml;y&uuml;k kapasiteli, 10L kapasiteli, k&uuml;&ccedil;&uuml;k d&uuml;nyan&#305;z&#305; depolamak i&ccedil;in yeterince b&uuml;y&uuml;k.3. Cep telefonunuz, c&uuml;zdan&#305;n&#305;z, anahtarlar&#305;n&#305;z ve at&#305;&#351;t&#305;rmal&#305;klar&#305;n&#305;z gibi elinizin alt&#305;nda bulundurun.4. Gizli d&#305;&#351; torba, h&#305;rs&#305;zl&#305;&#287;a kar&#351;&#305; destek.5. Kompakt ve hafif, ta&#351;&#305;mas&#305; ve kullan&#305;m&#305; kolayd&#305;r.6. Basit ve c&ouml;mert tasar&#305;m, &#305;s&#305; da&#287;&#305;l&#305;m&#305;, rahat ve&#8230;<\/p>\n","protected":false},"featured_media":107087,"comment_status":"open","ping_status":"closed","template":"","meta":{"_kad_post_transparent":"","_kad_post_title":"","_kad_post_layout":"","_kad_post_sidebar_id":"","_kad_post_content_style":"","_kad_post_vertical_padding":"","_kad_post_feature":"","_kad_post_feature_position":"","_kad_post_header":false,"_kad_post_footer":false,"_kad_post_classname":""},"product_brand":[],"product_cat":[14481],"product_tag":[],"class_list":{"0":"post-107088","1":"product","2":"type-product","3":"status-publish","4":"has-post-thumbnail","6":"product_cat-bilgisayar-tablet-aksesuar-bilgisayar-tablet-elektronik-bilgisayar-tablet-aksesuar-bilgisayar-tablet-elektronik","8":"first","9":"instock","10":"purchasable","11":"product-type-simple","12":"entry","13":"content-bg","14":"loop-entry"},"_links":{"self":[{"href":"https:\/\/www.hediyepazar.com\/index.php?rest_route=\/wp\/v2\/product\/107088","targetHints":{"allow":["GET"]}}],"collection":[{"href":"https:\/\/www.hediyepazar.com\/index.php?rest_route=\/wp\/v2\/product"}],"about":[{"href":"https:\/\/www.hediyepazar.com\/index.php?rest_route=\/wp\/v2\/types\/product"}],"replies":[{"embeddable":true,"href":"https:\/\/www.hediyepazar.com\/index.php?rest_route=%2Fwp%2Fv2%2Fcomments&post=107088"}],"wp:featuredmedia":[{"embeddable":true,"href":"https:\/\/www.hediyepazar.com\/index.php?rest_route=\/wp\/v2\/media\/107087"}],"wp:attachment":[{"href":"https:\/\/www.hediyepazar.com\/index.php?rest_route=%2Fwp%2Fv2%2Fmedia&parent=107088"}],"wp:term":[{"taxonomy":"product_brand","embeddable":true,"href":"https:\/\/www.hediyepazar.com\/index.php?rest_route=%2Fwp%2Fv2%2Fproduct_brand&post=107088"},{"taxonomy":"product_cat","embeddable":true,"href":"https:\/\/www.hediyepazar.com\/index.php?rest_route=%2Fwp%2Fv2%2Fproduct_cat&post=107088"},{"taxonomy":"product_tag","embeddable":true,"href":"https:\/\/www.hediyepazar.com\/index.php?rest_route=%2Fwp%2Fv2%2Fproduct_tag&post=107088"}],"curies":[{"name":"wp","href":"https:\/\/api.w.org\/{rel}","templated":true}]}}