{"id":107094,"date":"2026-05-04T17:55:14","date_gmt":"2026-05-04T20:55:14","guid":{"rendered":"https:\/\/www.hediyepazar.com\/?product=meizu-m3-note-yuksek-cozunurluklu-kamera-lens-koruma-cami-5775"},"modified":"2026-05-04T17:55:14","modified_gmt":"2026-05-04T20:55:14","slug":"meizu-m3-note-yuksek-cozunurluklu-kamera-lens-koruma-cami-5775","status":"publish","type":"product","link":"https:\/\/www.hediyepazar.com\/?product=meizu-m3-note-yuksek-cozunurluklu-kamera-lens-koruma-cami-5775","title":{"rendered":"Meizu M3 Note Y\u00fcksek \u00c7\u00f6z\u00fcn\u00fcrl\u00fckl\u00fc Kamera Lens Koruma Cam\u0131-(5775)"},"content":{"rendered":"<p><strong>ME&#304;ZU M3 NOTE Y&Uuml;KSEK &Ccedil;&Ouml;Z&Uuml;N&Uuml;RL&Uuml;KL&Uuml; KAMERA LENS KORUMA CAMI<\/strong><\/p>\n<p><strong><img decoding=\"async\" data-cke-saved-src=\"https:\/\/cdn.myikas.com\/images\/4b0890c4-46f7-49c5-9b0d-d8f3dae632d6\/696f816a-a7b6-4716-b24a-08faa6b32c3c\/image_1950.webp\" src=\"https:\/\/hepsicdn.com.tr\/static\/product_detail\/hbnet550a6240_5254411.webp\">&#8203;<\/strong><\/p>\n<p><\/p>\n","protected":false},"excerpt":{"rendered":"<p>ME&#304;ZU M3 NOTE Y&Uuml;KSEK &Ccedil;&Ouml;Z&Uuml;N&Uuml;RL&Uuml;KL&Uuml; KAMERA LENS KORUMA CAMI &#8203;<\/p>\n","protected":false},"featured_media":107093,"comment_status":"open","ping_status":"closed","template":"","meta":{"_kad_post_transparent":"","_kad_post_title":"","_kad_post_layout":"","_kad_post_sidebar_id":"","_kad_post_content_style":"","_kad_post_vertical_padding":"","_kad_post_feature":"","_kad_post_feature_position":"","_kad_post_header":false,"_kad_post_footer":false,"_kad_post_classname":""},"product_brand":[],"product_cat":[14515],"product_tag":[],"class_list":{"0":"post-107094","1":"product","2":"type-product","3":"status-publish","4":"has-post-thumbnail","6":"product_cat-ekran-koruyucu-cep-telefonu-aksesuarlari-cep-telefonu-elektronik-ekran-koruyucu","8":"first","9":"instock","10":"purchasable","11":"product-type-simple","12":"entry","13":"content-bg","14":"loop-entry"},"_links":{"self":[{"href":"https:\/\/www.hediyepazar.com\/index.php?rest_route=\/wp\/v2\/product\/107094","targetHints":{"allow":["GET"]}}],"collection":[{"href":"https:\/\/www.hediyepazar.com\/index.php?rest_route=\/wp\/v2\/product"}],"about":[{"href":"https:\/\/www.hediyepazar.com\/index.php?rest_route=\/wp\/v2\/types\/product"}],"replies":[{"embeddable":true,"href":"https:\/\/www.hediyepazar.com\/index.php?rest_route=%2Fwp%2Fv2%2Fcomments&post=107094"}],"wp:featuredmedia":[{"embeddable":true,"href":"https:\/\/www.hediyepazar.com\/index.php?rest_route=\/wp\/v2\/media\/107093"}],"wp:attachment":[{"href":"https:\/\/www.hediyepazar.com\/index.php?rest_route=%2Fwp%2Fv2%2Fmedia&parent=107094"}],"wp:term":[{"taxonomy":"product_brand","embeddable":true,"href":"https:\/\/www.hediyepazar.com\/index.php?rest_route=%2Fwp%2Fv2%2Fproduct_brand&post=107094"},{"taxonomy":"product_cat","embeddable":true,"href":"https:\/\/www.hediyepazar.com\/index.php?rest_route=%2Fwp%2Fv2%2Fproduct_cat&post=107094"},{"taxonomy":"product_tag","embeddable":true,"href":"https:\/\/www.hediyepazar.com\/index.php?rest_route=%2Fwp%2Fv2%2Fproduct_tag&post=107094"}],"curies":[{"name":"wp","href":"https:\/\/api.w.org\/{rel}","templated":true}]}}