{"id":107152,"date":"2026-05-04T18:09:05","date_gmt":"2026-05-04T21:09:05","guid":{"rendered":"https:\/\/www.hediyepazar.com\/?product=fitbit-versa-ultra-ince-yumusak-tpu-silikon-kilif-5775"},"modified":"2026-05-04T18:09:05","modified_gmt":"2026-05-04T21:09:05","slug":"fitbit-versa-ultra-ince-yumusak-tpu-silikon-kilif-5775","status":"publish","type":"product","link":"https:\/\/www.hediyepazar.com\/?product=fitbit-versa-ultra-ince-yumusak-tpu-silikon-kilif-5775","title":{"rendered":"Fitbit Versa Ultra \u0130nce Yumu\u015fak Tpu Silikon K\u0131l\u0131f-(5775)"},"content":{"rendered":"<p align=\"left\" color:=\"\" open=\"\" style=\"box-sizing: content-box; margin: 0px 10px 0px 0px; padding: 0px; border: 0px; font-variant-numeric: inherit; font-variant-east-asian: inherit; font-stretch: inherit; line-height: inherit; font-family: \" vertical-align:=\"\"><span style=\"box-sizing: content-box; margin: 0px; padding: 0px; border: 0px; font-style: inherit; font-variant: inherit; font-weight: inherit; font-stretch: inherit; font-size: 20px; line-height: inherit; font-family: inherit; vertical-align: baseline;\"><span data-spm-anchor-id=\"a2g10.10010108.1000023.i13.7373185foQQF8j\" style=\"box-sizing: content-box; margin: 0px; padding: 0px; border: 0px; font: inherit; vertical-align: baseline;\">&ouml;zellikleri:<\/span><\/span><\/p>\n<ul color:=\"\" list-style-image:=\"\" list-style-position:=\"\" open=\"\" style=\"box-sizing: content-box; margin: 0px; padding-right: 0px; padding-left: 0px; border: 0px; font-variant-numeric: inherit; font-variant-east-asian: inherit; font-stretch: inherit; line-height: inherit; font-family: \" vertical-align:=\"\">\n<li style=\"box-sizing: content-box; margin: 0px 0px 0px 30px; padding: 0px; border: 0px; font: inherit; vertical-align: baseline;\">\n<p style=\"box-sizing: content-box; margin: 0px 10px 0px 0px; padding: 0px; border: 0px; font: inherit; vertical-align: baseline;\"><span style=\"box-sizing: content-box; margin: 0px; padding: 0px; border: 0px; font-style: inherit; font-variant: inherit; font-weight: inherit; font-stretch: inherit; font-size: 20px; line-height: inherit; font-family: inherit; vertical-align: baseline;\"><span style=\"box-sizing: content-box; margin: 0px; padding: 0px; border: 0px; font: inherit; vertical-align: baseline;\">Y&uuml;ksek Kalite.<\/span><\/span><\/p>\n<\/li>\n<li style=\"box-sizing: content-box; margin: 0px 0px 0px 30px; padding: 0px; border: 0px; font: inherit; vertical-align: baseline;\">\n<p style=\"box-sizing: content-box; margin: 0px 10px 0px 0px; padding: 0px; border: 0px; font: inherit; vertical-align: baseline;\"><span style=\"box-sizing: content-box; margin: 0px; padding: 0px; border: 0px; font-style: inherit; font-variant: inherit; font-weight: inherit; font-stretch: inherit; font-size: 20px; line-height: inherit; font-family: inherit; vertical-align: baseline;\"><span style=\"box-sizing: content-box; margin: 0px; padding: 0px; border: 0px; font: inherit; vertical-align: baseline;\">Malzeme: TPU.<\/span><\/span><\/p>\n<\/li>\n<li style=\"box-sizing: content-box; margin: 0px 0px 0px 30px; padding: 0px; border: 0px; font: inherit; vertical-align: baseline;\">\n<p style=\"box-sizing: content-box; margin: 0px 10px 0px 0px; padding: 0px; border: 0px; font: inherit; vertical-align: baseline;\"><span style=\"box-sizing: content-box; margin: 0px; padding: 0px; border: 0px; font-style: inherit; font-variant: inherit; font-weight: inherit; font-stretch: inherit; font-size: 20px; line-height: inherit; font-family: inherit; vertical-align: baseline;\"><span style=\"box-sizing: content-box; margin: 0px; padding: 0px; border: 0px; font: inherit; vertical-align: baseline;\">Y&uuml;ksek kaliteli&nbsp;dayan&#305;kl&#305; malzemeden olu&#351;mu&#351;tur.<\/span><\/span><\/p>\n<\/li>\n<li style=\"box-sizing: content-box; margin: 0px 0px 0px 30px; padding: 0px; border: 0px; font: inherit; vertical-align: baseline;\">\n<p style=\"box-sizing: content-box; margin: 0px 10px 0px 0px; padding: 0px; border: 0px; font: inherit; vertical-align: baseline;\"><span style=\"box-sizing: content-box; margin: 0px; padding: 0px; border: 0px; font-style: inherit; font-variant: inherit; font-weight: inherit; font-stretch: inherit; font-size: 20px; line-height: inherit; font-family: inherit; vertical-align: baseline;\"><span style=\"box-sizing: content-box; margin: 0px; padding: 0px; border: 0px; font: inherit; vertical-align: baseline;\">&Ccedil;atlaklar&#305; &ouml;nler, darbelere kar&#351;&#305; dayan&#305;kl&#305;d&#305;r.&nbsp;<\/span><\/span><\/p>\n<\/li>\n<li style=\"box-sizing: content-box; margin: 0px 0px 0px 30px; padding: 0px; border: 0px; font: inherit; vertical-align: baseline;\">\n<p style=\"box-sizing: content-box; margin: 0px 10px 0px 0px; padding: 0px; border: 0px; font: inherit; vertical-align: baseline;\"><span font-size:=\"\" open=\"\" style=\"color: rgb(0, 0, 0); font-family: \">Parmak izleri vb. &#304;zler b&#305;rakmaz.<\/span><\/p>\n<\/li>\n<li style=\"box-sizing: content-box; margin: 0px 0px 0px 30px; padding: 0px; border: 0px; font: inherit; vertical-align: baseline;\">\n<p style=\"box-sizing: content-box; margin: 0px 10px 0px 0px; padding: 0px; border: 0px; font: inherit; vertical-align: baseline;\"><span style=\"box-sizing: content-box; margin: 0px; padding: 0px; border: 0px; font-style: inherit; font-variant: inherit; font-weight: inherit; font-stretch: inherit; font-size: 20px; line-height: inherit; font-family: inherit; vertical-align: baseline;\"><span style=\"box-sizing: content-box; margin: 0px; padding: 0px; border: 0px; font: inherit; vertical-align: baseline;\">Saatiniz modaya daha uygun bir tarz al&#305;r.<span style=\"box-sizing: content-box; margin: 0px; padding: 0px; border: 0px; font-style: inherit; font-variant: inherit; font-weight: inherit; font-stretch: inherit; font-size: 20px; line-height: inherit; font-family: inherit; vertical-align: baseline;\"><span style=\"box-sizing: content-box; margin: 0px; padding: 0px; border: 0px; font: inherit; vertical-align: baseline;\"><img decoding=\"async\" alt=\"\" data-cke-saved-src=\"https:\/\/cdn.myikas.com\/images\/4b0890c4-46f7-49c5-9b0d-d8f3dae632d6\/0bac6f75-9295-44b9-b4c3-c2fad97c0c49\/image_1950.webp\" src=\"https:\/\/cdn.myikas.com\/images\/4b0890c4-46f7-49c5-9b0d-d8f3dae632d6\/0bac6f75-9295-44b9-b4c3-c2fad97c0c49\/image_1950.webp\"\/><img decoding=\"async\" data-cke-saved-src=\"https:\/\/cdn.myikas.com\/images\/4b0890c4-46f7-49c5-9b0d-d8f3dae632d6\/b0bbdd86-93c6-43f9-b95c-6285e59a3ba1\/image_1950.webp\" src=\"https:\/\/hepsicdn.com.tr\/static\/product_detail\/hbnetc171c4b9_5261811.webp\"><img decoding=\"async\" data-cke-saved-src=\"https:\/\/cdn.myikas.com\/images\/4b0890c4-46f7-49c5-9b0d-d8f3dae632d6\/92fa1e3f-e440-4bdd-b857-3b1bcde2bbc9\/image_1950.webp\" src=\"https:\/\/hepsicdn.com.tr\/static\/product_detail\/hbnetc171c4b9_5261812.webp\"><img decoding=\"async\" data-cke-saved-src=\"https:\/\/cdn.myikas.com\/images\/4b0890c4-46f7-49c5-9b0d-d8f3dae632d6\/5228045d-b7c2-4fa6-a630-db560ed6915d\/image_1950.webp\" src=\"https:\/\/hepsicdn.com.tr\/static\/product_detail\/hbnetc171c4b9_5261813.webp\"><img decoding=\"async\" data-cke-saved-src=\"https:\/\/cdn.myikas.com\/images\/4b0890c4-46f7-49c5-9b0d-d8f3dae632d6\/3765f51e-c925-4a07-a651-3c64b8767213\/image_1950.webp\" src=\"https:\/\/hepsicdn.com.tr\/static\/product_detail\/hbnetc171c4b9_5261814.webp\"><img decoding=\"async\" data-cke-saved-src=\"https:\/\/cdn.myikas.com\/images\/4b0890c4-46f7-49c5-9b0d-d8f3dae632d6\/a62408de-1d4c-410d-9264-d4b9052a3660\/image_1950.webp\" src=\"https:\/\/hepsicdn.com.tr\/static\/product_detail\/hbnetc171c4b9_5261815.webp\"><img decoding=\"async\" data-cke-saved-src=\"https:\/\/cdn.myikas.com\/images\/4b0890c4-46f7-49c5-9b0d-d8f3dae632d6\/9900f874-fa9e-489f-b967-f175ae5fd47a\/image_1950.webp\" src=\"https:\/\/hepsicdn.com.tr\/static\/product_detail\/hbnetc171c4b9_5261816.webp\"><img decoding=\"async\" data-cke-saved-src=\"https:\/\/cdn.myikas.com\/images\/4b0890c4-46f7-49c5-9b0d-d8f3dae632d6\/85be20bb-3347-499e-801d-c525d8f187eb\/image_1950.webp\" src=\"https:\/\/hepsicdn.com.tr\/static\/product_detail\/hbnetc171c4b9_5261817.webp\"><\/span><\/span><\/span><\/span><\/p>\n<\/li>\n<\/ul>\n","protected":false},"excerpt":{"rendered":"<p>&ouml;zellikleri: Y&uuml;ksek Kalite. Malzeme: TPU. Y&uuml;ksek kaliteli&nbsp;dayan&#305;kl&#305; malzemeden olu&#351;mu&#351;tur. &Ccedil;atlaklar&#305; &ouml;nler, darbelere kar&#351;&#305; dayan&#305;kl&#305;d&#305;r.&nbsp; Parmak izleri vb. &#304;zler b&#305;rakmaz. Saatiniz modaya daha uygun bir tarz al&#305;r.<\/p>\n","protected":false},"featured_media":107151,"comment_status":"open","ping_status":"closed","template":"","meta":{"_kad_post_transparent":"","_kad_post_title":"","_kad_post_layout":"","_kad_post_sidebar_id":"","_kad_post_content_style":"","_kad_post_vertical_padding":"","_kad_post_feature":"","_kad_post_feature_position":"","_kad_post_header":false,"_kad_post_footer":false,"_kad_post_classname":""},"product_brand":[],"product_cat":[14524],"product_tag":[],"class_list":{"0":"post-107152","1":"product","2":"type-product","3":"status-publish","4":"has-post-thumbnail","6":"product_cat-akilli-saat-kordon-giyilebilir-teknoloji-elektronik-akilli-saat-kordon","8":"first","9":"instock","10":"purchasable","11":"product-type-simple","12":"entry","13":"content-bg","14":"loop-entry"},"_links":{"self":[{"href":"https:\/\/www.hediyepazar.com\/index.php?rest_route=\/wp\/v2\/product\/107152","targetHints":{"allow":["GET"]}}],"collection":[{"href":"https:\/\/www.hediyepazar.com\/index.php?rest_route=\/wp\/v2\/product"}],"about":[{"href":"https:\/\/www.hediyepazar.com\/index.php?rest_route=\/wp\/v2\/types\/product"}],"replies":[{"embeddable":true,"href":"https:\/\/www.hediyepazar.com\/index.php?rest_route=%2Fwp%2Fv2%2Fcomments&post=107152"}],"wp:featuredmedia":[{"embeddable":true,"href":"https:\/\/www.hediyepazar.com\/index.php?rest_route=\/wp\/v2\/media\/107151"}],"wp:attachment":[{"href":"https:\/\/www.hediyepazar.com\/index.php?rest_route=%2Fwp%2Fv2%2Fmedia&parent=107152"}],"wp:term":[{"taxonomy":"product_brand","embeddable":true,"href":"https:\/\/www.hediyepazar.com\/index.php?rest_route=%2Fwp%2Fv2%2Fproduct_brand&post=107152"},{"taxonomy":"product_cat","embeddable":true,"href":"https:\/\/www.hediyepazar.com\/index.php?rest_route=%2Fwp%2Fv2%2Fproduct_cat&post=107152"},{"taxonomy":"product_tag","embeddable":true,"href":"https:\/\/www.hediyepazar.com\/index.php?rest_route=%2Fwp%2Fv2%2Fproduct_tag&post=107152"}],"curies":[{"name":"wp","href":"https:\/\/api.w.org\/{rel}","templated":true}]}}