{"id":107158,"date":"2026-05-04T18:11:11","date_gmt":"2026-05-04T21:11:11","guid":{"rendered":"https:\/\/www.hediyepazar.com\/?product=iphone-x-xs-kamuflaj-darbe-emici-silikon-kilif-5775"},"modified":"2026-05-04T18:11:11","modified_gmt":"2026-05-04T21:11:11","slug":"iphone-x-xs-kamuflaj-darbe-emici-silikon-kilif-5775","status":"publish","type":"product","link":"https:\/\/www.hediyepazar.com\/?product=iphone-x-xs-kamuflaj-darbe-emici-silikon-kilif-5775","title":{"rendered":"\u0130Phone X Xs Kamuflaj Darbe Emici Silikon K\u0131l\u0131f-(5775)"},"content":{"rendered":"<p>&#304;PHONE X KAMUFLAJ DARBE EM&#304;C&#304; S&#304;L&#304;KON KILIF<\/p>\n<p style=\"font-family: Arial, Helvetica, sans-serif; font-size: 14px; line-height: 1em; margin: 10px 0px 0px; padding: 0px; outline: 0px; color: rgb(57, 57, 57);\">Kaliteli i&#351;&ccedil;ili&#287;e sahip olan silikon k&#305;l&#305;f cihaz&#305; sadece korumakla kalmaz, zarif tasar&#305;m&#305; sayesinde de daha g&uuml;zel bir g&ouml;r&uuml;n&uuml;m kazand&#305;r&#305;r.<\/p>\n<p style=\"font-family: Arial, Helvetica, sans-serif; font-size: 14px; line-height: 1em; margin: 10px 0px 0px; padding: 0px; outline: 0px; color: rgb(57, 57, 57);\"><strong style=\"line-height: 1em; margin: 0px; padding: 0px; outline: 0px;\">&Ouml;zellikler<\/strong><br class=\"ubr\" style=\"font-size: 12px; line-height: 17px;\"\/>Y&uuml;ksek kalite silikon materyalden &uuml;retilmi&#351;tir.<br class=\"ubr\" style=\"font-size: 12px; line-height: 17px;\"\/>Cihaz&#305;n&#305;z&#305;n arka, yan taraflar&#305;n&#305; ve &ouml;n &ccedil;er&ccedil;evesini &ccedil;iziklerden, kirden, darbelerden korur.<br class=\"ubr\" style=\"font-size: 12px; line-height: 17px;\"\/>K&#305;l&#305;f cihaz &uuml;zerindeyken &#351;arj, kulakl&#305;k, kamera veya ses kontrol tu&#351;lar&#305; kullan&#305;labilir.<br class=\"ubr\" style=\"font-size: 12px; line-height: 17px;\"\/>Harika kal&#305;p kesimi ve esnekli&#287;i sayesinde cihaza m&uuml;kemmel uyar.<br class=\"ubr\" style=\"font-size: 12px; line-height: 17px;\"\/>Kolayca tak&#305;l&#305;p &ccedil;&#305;kart&#305;labilir.<br class=\"ubr\" style=\"font-size: 12px; line-height: 17px;\"\/>Cihaz&#305;n &ouml;n y&uuml;z&uuml;n&uuml; kapatmaz.<\/p>\n<p><img decoding=\"async\" data-cke-saved-src=\"https:\/\/cdn.myikas.com\/images\/4b0890c4-46f7-49c5-9b0d-d8f3dae632d6\/1c03890b-c6ef-4be9-a4c0-bb47adb9f647\/image_1950.webp\" src=\"https:\/\/hepsicdn.com.tr\/static\/product_detail\/hbnet7cc7ac1b_5264411.webp\"><img decoding=\"async\" data-cke-saved-src=\"https:\/\/cdn.myikas.com\/images\/4b0890c4-46f7-49c5-9b0d-d8f3dae632d6\/c491f2d0-974f-41ea-9fa7-70eb87696740\/image_1950.webp\" src=\"https:\/\/hepsicdn.com.tr\/static\/product_detail\/hbnet7cc7ac1b_5264412.webp\"><img decoding=\"async\" data-cke-saved-src=\"https:\/\/cdn.myikas.com\/images\/4b0890c4-46f7-49c5-9b0d-d8f3dae632d6\/977947ff-ce6d-4efe-abaa-a568d3ce09af\/image_1950.webp\" src=\"https:\/\/hepsicdn.com.tr\/static\/product_detail\/hbnet7cc7ac1b_5264413.webp\"><img decoding=\"async\" data-cke-saved-src=\"https:\/\/cdn.myikas.com\/images\/4b0890c4-46f7-49c5-9b0d-d8f3dae632d6\/df753516-8eda-430e-ab3c-7ac4c67cf017\/image_1950.webp\" src=\"https:\/\/hepsicdn.com.tr\/static\/product_detail\/hbnet7cc7ac1b_5264414.webp\"><\/p>\n<p><\/p>\n","protected":false},"excerpt":{"rendered":"<p>&#304;PHONE X KAMUFLAJ DARBE EM&#304;C&#304; S&#304;L&#304;KON KILIF Kaliteli i&#351;&ccedil;ili&#287;e sahip olan silikon k&#305;l&#305;f cihaz&#305; sadece korumakla kalmaz, zarif tasar&#305;m&#305; sayesinde de daha g&uuml;zel bir g&ouml;r&uuml;n&uuml;m kazand&#305;r&#305;r. &Ouml;zelliklerY&uuml;ksek kalite silikon materyalden &uuml;retilmi&#351;tir.Cihaz&#305;n&#305;z&#305;n arka, yan taraflar&#305;n&#305; ve &ouml;n &ccedil;er&ccedil;evesini &ccedil;iziklerden, kirden, darbelerden korur.K&#305;l&#305;f cihaz &uuml;zerindeyken &#351;arj, kulakl&#305;k, kamera veya ses kontrol tu&#351;lar&#305; kullan&#305;labilir.Harika kal&#305;p kesimi ve esnekli&#287;i&#8230;<\/p>\n","protected":false},"featured_media":107157,"comment_status":"open","ping_status":"closed","template":"","meta":{"_kad_post_transparent":"","_kad_post_title":"","_kad_post_layout":"","_kad_post_sidebar_id":"","_kad_post_content_style":"","_kad_post_vertical_padding":"","_kad_post_feature":"","_kad_post_feature_position":"","_kad_post_header":false,"_kad_post_footer":false,"_kad_post_classname":""},"product_brand":[],"product_cat":[14520],"product_tag":[],"class_list":{"0":"post-107158","1":"product","2":"type-product","3":"status-publish","4":"has-post-thumbnail","6":"product_cat-telefon-kilifi-cep-telefonu-aksesuarlari-cep-telefonu-elektronik-telefon-kilifi","8":"first","9":"instock","10":"purchasable","11":"product-type-simple","12":"entry","13":"content-bg","14":"loop-entry"},"_links":{"self":[{"href":"https:\/\/www.hediyepazar.com\/index.php?rest_route=\/wp\/v2\/product\/107158","targetHints":{"allow":["GET"]}}],"collection":[{"href":"https:\/\/www.hediyepazar.com\/index.php?rest_route=\/wp\/v2\/product"}],"about":[{"href":"https:\/\/www.hediyepazar.com\/index.php?rest_route=\/wp\/v2\/types\/product"}],"replies":[{"embeddable":true,"href":"https:\/\/www.hediyepazar.com\/index.php?rest_route=%2Fwp%2Fv2%2Fcomments&post=107158"}],"wp:featuredmedia":[{"embeddable":true,"href":"https:\/\/www.hediyepazar.com\/index.php?rest_route=\/wp\/v2\/media\/107157"}],"wp:attachment":[{"href":"https:\/\/www.hediyepazar.com\/index.php?rest_route=%2Fwp%2Fv2%2Fmedia&parent=107158"}],"wp:term":[{"taxonomy":"product_brand","embeddable":true,"href":"https:\/\/www.hediyepazar.com\/index.php?rest_route=%2Fwp%2Fv2%2Fproduct_brand&post=107158"},{"taxonomy":"product_cat","embeddable":true,"href":"https:\/\/www.hediyepazar.com\/index.php?rest_route=%2Fwp%2Fv2%2Fproduct_cat&post=107158"},{"taxonomy":"product_tag","embeddable":true,"href":"https:\/\/www.hediyepazar.com\/index.php?rest_route=%2Fwp%2Fv2%2Fproduct_tag&post=107158"}],"curies":[{"name":"wp","href":"https:\/\/api.w.org\/{rel}","templated":true}]}}